{"id":990,"date":"2021-08-09T04:57:36","date_gmt":"2021-08-09T11:57:36","guid":{"rendered":"https:\/\/coral.org\/?page_id=990"},"modified":"2024-06-25T04:10:12","modified_gmt":"2024-06-25T11:10:12","slug":"clean-water-for-reefs","status":"publish","type":"page","link":"https:\/\/coral.org\/en\/what-we-do\/local-engagement\/clean-water-for-reefs\/","title":{"rendered":"Clean Water for Reefs"},"content":{"rendered":"\n<div class=\"wp-block-columns is-layout-flex wp-container-core-columns-is-layout-9d6595d7 wp-block-columns-is-layout-flex\">\n<div class=\"wp-block-column is-layout-flow wp-block-column-is-layout-flow\" style=\"flex-basis:7.25%\"><\/div>\n\n\n\n<div class=\"wp-block-column is-layout-flow wp-block-column-is-layout-flow\">\n<h2 class=\"has-text-align-center wp-block-heading\">Clean water is vital for coral reefs and humans. Around the world, wastewater and polluted runoff cause severe damage to coral reefs, pose risks to human health, and threaten the tourism industry.<\/h2>\n<\/div>\n\n\n\n<div class=\"wp-block-column is-layout-flow wp-block-column-is-layout-flow\" style=\"flex-basis:7.25%\"><\/div>\n<\/div>\n\n\n\n<div style=\"height:100px\" aria-hidden=\"true\" class=\"wp-block-spacer is-style-medium\"><\/div>\n\n\n\n<h5 class=\"has-text-align-center is-style-separator wp-block-heading\">The Challenge<\/h5>\n\n\n\n<div style=\"height:100px\" aria-hidden=\"true\" class=\"wp-block-spacer is-style-medium\"><\/div>\n\n\n\n<div class=\"wp-block-columns is-layout-flex wp-container-core-columns-is-layout-9d6595d7 wp-block-columns-is-layout-flex\">\n<div class=\"wp-block-column is-layout-flow wp-block-column-is-layout-flow\" style=\"flex-basis:41.666%\">\n<figure class=\"wp-block-image size-large\"><img loading=\"lazy\" decoding=\"async\" width=\"1024\" height=\"683\" src=\"https:\/\/coral.org\/wp-content\/uploads\/2021\/09\/0215_2_LowRes_AlgaeCoral-1024x683.jpg\" alt=\"Honolua, Maui, Hawaii algae covering coral\" class=\"wp-image-3777\" srcset=\"https:\/\/static.coral.org\/uploads\/2021\/09\/0215_2_LowRes_AlgaeCoral-1024x683.jpg 1024w, https:\/\/static.coral.org\/uploads\/2021\/09\/0215_2_LowRes_AlgaeCoral-796x531.jpg 796w, https:\/\/static.coral.org\/uploads\/2021\/09\/0215_2_LowRes_AlgaeCoral-768x512.jpg 768w, https:\/\/static.coral.org\/uploads\/2021\/09\/0215_2_LowRes_AlgaeCoral-600x400.jpg 600w, https:\/\/static.coral.org\/uploads\/2021\/09\/0215_2_LowRes_AlgaeCoral.jpg 1080w\" sizes=\"auto, (max-width: 1024px) 100vw, 1024px\" \/><figcaption>Photo credit: Renee Capozzola<\/figcaption><\/figure>\n<\/div>\n\n\n\n<div class=\"wp-block-column is-layout-flow wp-block-column-is-layout-flow\">\n<h3 class=\"wp-block-heading\">Land-based sources of pollution can easily\u2014and often invisibly\u2014harm coral reefs.<\/h3>\n\n\n\n<p class=\"has-normal-font-size\">Directly discharged sewage and inadequately treated wastewater from cesspools and septic tanks carry high levels of nutrients, bacteria, chemicals, and pathogens into the marine environment. Activities like farming, logging, road construction, animal husbandry, and mining can produce pollutants such as sediments, fertilizers, and pesticides that run into the ocean when it rains.<\/p>\n\n\n\n<p class=\"has-normal-font-size\">An overabundance of either nutrients or sediment upsets coral reef ecosystems, promoting the growth of excess algae and bacteria and blocking the sunlight reefs need to survive.<\/p>\n<\/div>\n<\/div>\n\n\n\n<div style=\"height:100px\" aria-hidden=\"true\" class=\"wp-block-spacer is-style-medium\"><\/div>\n\n\n\n<h5 class=\"has-text-align-center is-style-separator wp-block-heading\">Our Solution<\/h5>\n\n\n\n<div style=\"height:100px\" aria-hidden=\"true\" class=\"wp-block-spacer is-style-medium\"><\/div>\n\n\n\n<div class=\"wp-block-columns is-layout-flex wp-container-core-columns-is-layout-9d6595d7 wp-block-columns-is-layout-flex\">\n<div class=\"wp-block-column is-layout-flow wp-block-column-is-layout-flow\" style=\"flex-basis:41.666%\">\n<figure class=\"wp-block-image size-full is-resized\"><img loading=\"lazy\" decoding=\"async\" src=\"https:\/\/coral.org\/wp-content\/uploads\/2021\/08\/clean-water-our-solution.jpg\" alt=\"\" class=\"wp-image-1419\" width=\"440\" height=\"440\" srcset=\"https:\/\/static.coral.org\/uploads\/2021\/08\/clean-water-our-solution.jpg 880w, https:\/\/static.coral.org\/uploads\/2021\/08\/clean-water-our-solution-796x796.jpg 796w, https:\/\/static.coral.org\/uploads\/2021\/08\/clean-water-our-solution-500x500.jpg 500w, https:\/\/static.coral.org\/uploads\/2021\/08\/clean-water-our-solution-768x768.jpg 768w\" sizes=\"auto, (max-width: 440px) 100vw, 440px\" \/><\/figure>\n<\/div>\n\n\n\n<div class=\"wp-block-column is-layout-flow wp-block-column-is-layout-flow\">\n<h3 class=\"wp-block-heading\">We utilize science-based conservation strategies to ensure coral reefs have the clean water they need and to protect our coastal environments for people and wildlife:<\/h3>\n\n\n\n<ol class=\"has-normal-font-size wp-block-list\"><li><strong>We scientifically monitor water quality<\/strong> to understand the nature of the problem (e.g., its source and magnitude) and identify solutions.<\/li><li><strong>We build and update sustainable wastewater treatment infrastructure<\/strong> by collaborating with governments and communities.<\/li><li><strong>We educate community members, local governments, and the tourism industry<\/strong> about the detrimental effects of poor water quality on human health, and coral reefs.<\/li><li><strong>We reduce sediment and nutrient delivery<\/strong> to coastal waters by motivating shoreline property owners to employ reef-friendly best practices.<\/li><li><strong>We restore and reforest streams and watersheds<\/strong> to create healthy landscapes that capture and stabilize nutrients and sediments before they reach the ocean.<\/li><\/ol>\n<\/div>\n<\/div>\n\n\n\n<div style=\"height:100px\" aria-hidden=\"true\" class=\"wp-block-spacer is-style-huge\"><\/div>\n\n\n\n<div class=\"wp-block-columns is-layout-flex wp-container-core-columns-is-layout-9d6595d7 wp-block-columns-is-layout-flex\">\n<div class=\"wp-block-column is-layout-flow wp-block-column-is-layout-flow\">\n<figure class=\"wp-block-embed is-type-video is-provider-youtube wp-block-embed-youtube wp-embed-aspect-16-9 wp-has-aspect-ratio\"><div class=\"wp-block-embed__wrapper\">\n<iframe loading=\"lazy\" title=\"Coral vs Seaweeds: maintaining balance on coral reefs\" width=\"500\" height=\"281\" src=\"https:\/\/www.youtube.com\/embed\/Lafi-LZzkaM?feature=oembed\" frameborder=\"0\" allow=\"accelerometer; autoplay; clipboard-write; encrypted-media; gyroscope; picture-in-picture; web-share\" referrerpolicy=\"strict-origin-when-cross-origin\" allowfullscreen><\/iframe>\n<\/div><\/figure>\n\n\n\n<h4 class=\"wp-block-heading\">Coral vs Seaweeds: Maintaining Balance <br>on Coral Reefs<\/h4>\n\n\n\n<p style=\"font-size:14px\">Corals need clean, clear water to thrive. But what happens on a coral reef with overfishing and poor water quality?<\/p>\n<\/div>\n\n\n\n<div class=\"wp-block-column is-layout-flow wp-block-column-is-layout-flow\">\n<figure class=\"wp-block-embed is-type-video is-provider-youtube wp-block-embed-youtube wp-embed-aspect-16-9 wp-has-aspect-ratio\"><div class=\"wp-block-embed__wrapper\">\n<iframe loading=\"lazy\" title=\"Clean Water for Reefs in Puako, Hawaii\" width=\"500\" height=\"281\" src=\"https:\/\/www.youtube.com\/embed\/sCA2YHOwX0U?feature=oembed\" frameborder=\"0\" allow=\"accelerometer; autoplay; clipboard-write; encrypted-media; gyroscope; picture-in-picture; web-share\" referrerpolicy=\"strict-origin-when-cross-origin\" allowfullscreen><\/iframe>\n<\/div><\/figure>\n\n\n\n<h4 class=\"wp-block-heading\">Clean Water for Reefs in Puako, Hawai\u2018i<\/h4>\n\n\n\n<p style=\"font-size:14px\">Clean Water for Reefs Puak\u014d is a community-driven project that seeks to address wastewater pollution on the Puak\u014d Reef on the north west Kohala coast of Hawaii Island. Wastewater pollution is found off the entire coast of Puak\u014d and causes serious damage to corals, negatively affects marine wildlife and poses human health risks.<\/p>\n<\/div>\n<\/div>\n\n\n\n<div style=\"height:100px\" aria-hidden=\"true\" class=\"wp-block-spacer is-style-medium\"><\/div>\n\n\n\n<h5 class=\"has-text-align-center is-style-separator wp-block-heading\">resources<\/h5>\n\n\n\n<div style=\"height:100px\" aria-hidden=\"true\" class=\"wp-block-spacer is-style-medium\"><\/div>\n\n\n\n<div class=\"wp-block-query is-layout-flow wp-block-query-is-layout-flow\" data-paged=\"1\" data-attrs=\"{&quot;blockName&quot;:&quot;core\\\/query&quot;,&quot;attrs&quot;:{&quot;queryId&quot;:33,&quot;query&quot;:{&quot;perPage&quot;:&quot;4&quot;,&quot;pages&quot;:0,&quot;offset&quot;:0,&quot;postType&quot;:&quot;resource&quot;,&quot;categoryIds&quot;:[],&quot;tagIds&quot;:[57],&quot;order&quot;:&quot;desc&quot;,&quot;orderBy&quot;:&quot;date&quot;,&quot;author&quot;:&quot;&quot;,&quot;search&quot;:&quot;&quot;,&quot;exclude&quot;:[],&quot;sticky&quot;:&quot;&quot;,&quot;inherit&quot;:false},&quot;displayLayout&quot;:{&quot;type&quot;:&quot;flex&quot;,&quot;columns&quot;:2}},&quot;innerBlocks&quot;:[{&quot;blockName&quot;:&quot;core\\\/post-template&quot;,&quot;attrs&quot;:{&quot;align&quot;:&quot;left&quot;},&quot;innerBlocks&quot;:[{&quot;blockName&quot;:&quot;wpbtp\\\/template-part&quot;,&quot;attrs&quot;:[],&quot;innerBlocks&quot;:[],&quot;innerHTML&quot;:&quot;&quot;,&quot;innerContent&quot;:[]}],&quot;innerHTML&quot;:&quot;\\n\\n&quot;,&quot;innerContent&quot;:[&quot;\\n&quot;,null,&quot;\\n&quot;]}],&quot;innerHTML&quot;:&quot;\\n&lt;div class=\\&quot;wp-block-query\\&quot;&gt;&lt;\\\/div&gt;\\n&quot;,&quot;innerContent&quot;:[&quot;\\n&lt;div class=\\&quot;wp-block-query\\&quot;&gt;&quot;,null,&quot;&lt;\\\/div&gt;\\n&quot;]}\"><div class=\"is-flex-container columns-2 alignleft wp-block-post-template is-layout-flow wp-block-post-template-is-layout-flow\"><div class=\"wp-block-post post-6505 resource type-resource status-publish has-post-thumbnail category-in-the-news tag-clean-water tag-mesoamerican tag-mesoamerican-region-program-staff tag-mexico entry\">\n<div class=\"wp-block-wpbtp-template-part is-layout-flow wp-block-post-template-is-layout-flow\">\n<article class=\"article article-resource post-6505 resource type-resource status-publish has-post-thumbnail category-in-the-news tag-clean-water tag-mesoamerican tag-mesoamerican-region-program-staff tag-mexico entry\">\n\t<div class=\"entry-image\">\n\t\t<a href=\"https:\/\/www.corporateknights.com\/leadership\/can-mexico-save-its-reefs-from-overtourism\/\">\n\t\t\t<span class=\"entry-icon entry-mime-type\">\n\t\t\t\t<i class=\"far fa-file\"><\/i>\n\t\t\t<\/span>\n\t\t\t<span class=\"entry-thumbnail-preview in-the-news\">In The News<\/span>\t\t<\/a>\n\t<\/div>\n\t<div class=\"entry-body\">\n\t\t<h4 class=\"entry-title\"><a href=\"https:\/\/www.corporateknights.com\/leadership\/can-mexico-save-its-reefs-from-overtourism\/\" class=\"entry-title-link\">Can Mexico save its reefs from overtourism?<\/a><\/h4>\t\t\t<\/div>\n<\/article>\n<\/div>\n<\/div><div class=\"wp-block-post post-3465 resource type-resource status-publish has-post-thumbnail category-infosheet tag-clean-water tag-hawaii tag-hawaii-island tag-puako entry\">\n<div class=\"wp-block-wpbtp-template-part is-layout-flow wp-block-post-template-is-layout-flow\">\n<article class=\"article article-resource post-3465 resource type-resource status-publish has-post-thumbnail category-infosheet tag-clean-water tag-hawaii tag-hawaii-island tag-puako entry\">\n\t<div class=\"entry-image\">\n\t\t<a href=\"https:\/\/static.coral.org\/uploads\/2021\/09\/Bathroom-Dos-Donts.pdf\">\n\t\t\t<span class=\"entry-icon entry-mime-type\">\n\t\t\t\t<i class=\"far fa-file-pdf\"><\/i>\n\t\t\t<\/span>\n\t\t\t<span class=\"entry-thumbnail-preview infosheet\">Infosheet<\/span>\t\t<\/a>\n\t<\/div>\n\t<div class=\"entry-body\">\n\t\t<h4 class=\"entry-title\"><a href=\"https:\/\/static.coral.org\/uploads\/2021\/09\/Bathroom-Dos-Donts.pdf\" class=\"entry-title-link\">Wastewater Do\u2019s and Don\u2019ts<\/a><\/h4>\t\t<p>While this was designed for the residents of Puak\u014d, Hawai&#8217;i, this infosheet is applicable to residents of or tourists visiting coastal communities where cesspools are in use around the world. Read through these best practices to make sure you\u2019re doing your part to protect coral reefs. <\/p>\n\t<\/div>\n<\/article>\n<\/div>\n<\/div><div class=\"wp-block-post post-3433 resource type-resource status-publish has-post-thumbnail category-coral-updates tag-clean-water tag-hawaii tag-hawaii-island tag-puako entry\">\n<div class=\"wp-block-wpbtp-template-part is-layout-flow wp-block-post-template-is-layout-flow\">\n<article class=\"article article-resource post-3433 resource type-resource status-publish has-post-thumbnail category-coral-updates tag-clean-water tag-hawaii tag-hawaii-island tag-puako entry\">\n\t<div class=\"entry-image\">\n\t\t<a href=\"https:\/\/static.coral.org\/uploads\/2021\/09\/Clean-Water-for-Reefs-Puako-Citizen-Science-Report_FINAL.pdf\">\n\t\t\t<span class=\"entry-icon entry-mime-type\">\n\t\t\t\t<i class=\"far fa-file-pdf\"><\/i>\n\t\t\t<\/span>\n\t\t\t<span class=\"entry-thumbnail-preview coral-updates\">CORAL Updates<\/span>\t\t<\/a>\n\t<\/div>\n\t<div class=\"entry-body\">\n\t\t<h4 class=\"entry-title\"><a href=\"https:\/\/static.coral.org\/uploads\/2021\/09\/Clean-Water-for-Reefs-Puako-Citizen-Science-Report_FINAL.pdf\" class=\"entry-title-link\">Clean Water for Reefs Puak\u014d Citizen Science Report<\/a><\/h4>\t\t<p>CORAL teamed up with The Nature Conservancy (TNC) and other experts to develop a monitoring plan designed to measure the impact of the wastewater infrastructure transition. Read the 2018 report water quality report to learn more about the program and its initial results. <\/p>\n\t<\/div>\n<\/article>\n<\/div>\n<\/div><div class=\"wp-block-post post-3399 resource type-resource status-publish has-post-thumbnail category-guide tag-clean-water tag-hawaii tag-maui tag-west-maui entry\">\n<div class=\"wp-block-wpbtp-template-part is-layout-flow wp-block-post-template-is-layout-flow\">\n<article class=\"article article-resource post-3399 resource type-resource status-publish has-post-thumbnail category-guide tag-clean-water tag-hawaii tag-maui tag-west-maui entry\">\n\t<div class=\"entry-image\">\n\t\t<a href=\"https:\/\/coral.org\/en\/resource\/hawaiiwater\/\">\n\t\t\t<span class=\"entry-icon entry-mime-type\">\n\t\t\t\t<i class=\"far fa-file-pdf\"><\/i>\n\t\t\t<\/span>\n\t\t\t<span class=\"entry-thumbnail-preview guide\">Guide<\/span>\t\t<\/a>\n\t<\/div>\n\t<div class=\"entry-body\">\n\t\t<h4 class=\"entry-title\"><a href=\"https:\/\/coral.org\/en\/resource\/hawaiiwater\/\" class=\"entry-title-link\">Recycled Water For Reefs<\/a><\/h4>\t\t<p>This resource guide was developed to assist West Maui\u2019s resort and condominium properties in transitioning to recycled water for irrigation. <\/p>\n\t<\/div>\n<\/article>\n<\/div>\n<\/div><\/div><\/div>\n\n\n\n<div style=\"height:100px\" aria-hidden=\"true\" class=\"wp-block-spacer is-style-huge\"><\/div>\n\n\n\n<div class=\"wp-block-columns is-layout-flex wp-container-core-columns-is-layout-9d6595d7 wp-block-columns-is-layout-flex\">\n<div class=\"wp-block-column is-layout-flow wp-block-column-is-layout-flow\" style=\"flex-basis:16.666%\"><\/div>\n\n\n\n<div class=\"wp-block-column is-layout-flow wp-block-column-is-layout-flow\">\n<h2 class=\"has-text-align-center wp-block-heading\">Support CORAL<\/h2>\n\n\n\n<p class=\"has-text-align-center has-medium-font-size\">Our work to ensure clean water for reefs couldn&#8217;t happen without your support. Give today to help coral reefs survive.<\/p>\n\n\n\n<div style=\"height:100px\" aria-hidden=\"true\" class=\"wp-block-spacer is-style-small\"><\/div>\n\n\n\n<div class=\"wp-block-buttons is-content-justification-center is-layout-flex wp-block-buttons-is-layout-flex\">\n<div class=\"wp-block-button\"><a class=\"wp-block-button__link\" href=\"https:\/\/coral.org\/donate\/\">Donate<\/a><\/div>\n<\/div>\n<\/div>\n\n\n\n<div class=\"wp-block-column is-layout-flow wp-block-column-is-layout-flow\" style=\"flex-basis:16.666%\"><\/div>\n<\/div>\n","protected":false},"excerpt":{"rendered":"<p>Clean water is vital for coral reefs and humans. Around the world, wastewater and polluted runoff cause severe damage to coral reefs, pose risks to human health, and threaten the tourism industry. The Challenge Land-based sources of pollution can easily\u2014and often invisibly\u2014harm coral reefs. Directly discharged sewage and inadequately treated wastewater from cesspools and septic&hellip; <a href=\"https:\/\/coral.org\/en\/what-we-do\/local-engagement\/clean-water-for-reefs\/\" class=\"more-link\">Continue Reading &#8594;<\/a><\/p>\n","protected":false},"author":1,"featured_media":1401,"parent":988,"menu_order":0,"comment_status":"closed","ping_status":"closed","template":"","meta":{"_acf_changed":false,"inline_featured_image":false,"_genesis_hide_title":false,"_genesis_hide_breadcrumbs":false,"_genesis_hide_singular_image":false,"_genesis_hide_footer_widgets":false,"_genesis_custom_body_class":"","_genesis_custom_post_class":"","_genesis_layout":"","_genesis_transparent_header":false,"_genesis_hide_siblings_nav":false,"_genesis_hide_flyout":false,"_genesis_subtitle":"","_genesis_subheading":"","footnotes":""},"class_list":{"0":"post-990","1":"page","2":"type-page","3":"status-publish","4":"has-post-thumbnail","6":"entry"},"acf":[],"template_part":"","featured_image_src":"https:\/\/static.coral.org\/uploads\/2021\/08\/coral-clean-water-for-reefs-hero.jpg","featured_image_src_square":"https:\/\/static.coral.org\/uploads\/2021\/08\/coral-clean-water-for-reefs-hero.jpg","_links":{"self":[{"href":"https:\/\/coral.org\/en\/wp-json\/wp\/v2\/pages\/990","targetHints":{"allow":["GET"]}}],"collection":[{"href":"https:\/\/coral.org\/en\/wp-json\/wp\/v2\/pages"}],"about":[{"href":"https:\/\/coral.org\/en\/wp-json\/wp\/v2\/types\/page"}],"author":[{"embeddable":true,"href":"https:\/\/coral.org\/en\/wp-json\/wp\/v2\/users\/1"}],"replies":[{"embeddable":true,"href":"https:\/\/coral.org\/en\/wp-json\/wp\/v2\/comments?post=990"}],"version-history":[{"count":0,"href":"https:\/\/coral.org\/en\/wp-json\/wp\/v2\/pages\/990\/revisions"}],"up":[{"embeddable":true,"href":"https:\/\/coral.org\/en\/wp-json\/wp\/v2\/pages\/988"}],"wp:featuredmedia":[{"embeddable":true,"href":"https:\/\/coral.org\/en\/wp-json\/wp\/v2\/media\/1401"}],"wp:attachment":[{"href":"https:\/\/coral.org\/en\/wp-json\/wp\/v2\/media?parent=990"}],"curies":[{"name":"wp","href":"https:\/\/api.w.org\/{rel}","templated":true}]}}