{"id":3731,"date":"2021-05-29T14:32:51","date_gmt":"2021-05-29T21:32:51","guid":{"rendered":"https:\/\/coral.org\/coral-reefs-101\/"},"modified":"2022-04-18T09:35:40","modified_gmt":"2022-04-18T16:35:40","slug":"coral-reefs-101","status":"publish","type":"page","link":"https:\/\/coral.org\/es\/coral-reefs-101\/","title":{"rendered":"Gu\u00eda B\u00e1sica sobre Arrecifes de Coral"},"content":{"rendered":"\n<h2 class=\"wp-block-heading\">Ecolog\u00eda de los Arrecifes de Coral &amp; Biodiversidad&nbsp;<\/h2>\n\n\n\n<div class=\"wp-block-image\"><figure class=\"alignright size-full is-resized\"><img loading=\"lazy\" decoding=\"async\" src=\"https:\/\/coral.org\/wp-content\/uploads\/2021\/08\/coral-reefs-101-1.png\" alt=\"\" class=\"wp-image-1527\" width=\"369\" height=\"369\" srcset=\"https:\/\/static.coral.org\/uploads\/2021\/08\/coral-reefs-101-1.png 738w, https:\/\/static.coral.org\/uploads\/2021\/08\/coral-reefs-101-1-500x500.png 500w\" sizes=\"auto, (max-width: 369px) 100vw, 369px\" \/><\/figure><\/div>\n\n\n\n<p class=\"has-medium-font-size\">Aunque cubren menos del 0,1% de la superficie terrestre, los arrecifes de coral son el ecosistema marino con mayor biodiversidad del mundo.<\/p>\n\n\n\n<p class=\"has-medium-font-size\">Los arrecifes albergan aproximadamente:<\/p>\n\n\n\n<ul class=\"has-medium-font-size wp-block-list\"><li><strong>4000 especies de peces de arrecife<\/strong><\/li><li><strong>840 especies de corales<\/strong><\/li><li><strong>M\u00e1s de 1 mill\u00f3n de especies de otros animales<\/strong><\/li><\/ul>\n\n\n\n<div style=\"height:100px\" aria-hidden=\"true\" class=\"wp-block-spacer is-style-large\"><\/div>\n\n\n\n<div class=\"wp-block-group has-white-color has-text-color has-background is-layout-flow wp-block-group-is-layout-flow\" style=\"background:linear-gradient(180deg,#00AFA4 0%,#BFDC5D 100%)\">\n<div style=\"padding-left:4%;padding-right:4%;padding-bottom:2%;padding-top:5%\" class=\"wp-block-genesis-blocks-gb-container gb-block-container\"><div class=\"gb-container-inside\"><div class=\"gb-container-content\">\n<h2 class=\"has-white-color has-text-color wp-block-heading\">\u00bfPor qu\u00e9 son tan importantes los arrecifes de coral?<\/h2>\n\n\n\n<ul class=\"has-medium-font-size wp-block-list\"><li><strong><strong>275 millones de personas<\/strong>&nbsp;<\/strong>viven a menos de 19 millas (30 km) de los arrecifes de coral.<\/li><li><strong><strong>M\u00e1s de 100 pa\u00edses<\/strong>&nbsp;<\/strong>se benefician del valor recreativo de los arrecifes de coral.<\/li><li><strong><strong>350 millones de personas<\/strong>&nbsp;<\/strong>viajan cada a\u00f1o a los arrecifes de coral.<\/li><\/ul>\n\n\n\n<div class=\"wp-block-media-text alignwide is-stacked-on-mobile is-style-small has-white-background-color has-background\" style=\"grid-template-columns:48% auto\"><figure class=\"wp-block-media-text__media\"><img loading=\"lazy\" decoding=\"async\" width=\"678\" height=\"630\" src=\"https:\/\/coral.org\/wp-content\/uploads\/2021\/08\/coral-reefs-graphic.png\" alt=\"\" class=\"wp-image-1534 size-full\"\/><\/figure><div class=\"wp-block-media-text__content\">\n<p class=\"has-dark-gray-color has-text-color\" style=\"font-size:14px\">Los arrecifes de coral son el centro de muchas culturas costeras e insulares de todo el mundo. Por ejemplo, en el&nbsp;<em>Kumulipo<\/em>, el canto hawaiano de la creaci\u00f3n, el p\u00f3lipo de coral fue el primer organismo creado, y de \u00e9l surgieron todas las dem\u00e1s formas de vida.<\/p>\n\n\n\n<p class=\"has-dark-gray-color has-text-color\" style=\"font-size:14px\"><strong><strong>Aunque los arrecifes de coral enfrentan numerosas amenazas, podemos salvarlos manteni\u00e9ndolos saludables.<\/strong><\/strong><\/p>\n\n\n\n<div class=\"wp-block-buttons is-layout-flex wp-block-buttons-is-layout-flex\">\n<div class=\"wp-block-button\"><a class=\"wp-block-button__link has-blue-background-color has-background\">Descubre C\u00f3mo<\/a><\/div>\n<\/div>\n<\/div><\/div>\n<\/div><\/div><\/div>\n<\/div>\n","protected":false},"excerpt":{"rendered":"<p>Ecolog\u00eda de los Arrecifes de Coral &amp; Biodiversidad&nbsp; Aunque cubren menos del 0,1% de la superficie terrestre, los arrecifes de coral son el ecosistema marino con mayor biodiversidad del mundo. Los arrecifes albergan aproximadamente: 4000 especies de peces de arrecife 840 especies de corales M\u00e1s de 1 mill\u00f3n de especies de otros animales&hellip; <a href=\"https:\/\/coral.org\/es\/coral-reefs-101\/\" class=\"more-link\">Sigue Leyendo &#8594;<\/a><\/p>\n","protected":false},"author":1,"featured_media":1525,"parent":0,"menu_order":0,"comment_status":"closed","ping_status":"closed","template":"","meta":{"_acf_changed":false,"inline_featured_image":false,"_genesis_hide_title":false,"_genesis_hide_breadcrumbs":false,"_genesis_hide_singular_image":false,"_genesis_hide_footer_widgets":false,"_genesis_custom_body_class":"","_genesis_custom_post_class":"","_genesis_layout":"sidebar-content","_genesis_transparent_header":false,"_genesis_hide_siblings_nav":true,"_genesis_hide_flyout":false,"_genesis_subtitle":"","_genesis_subheading":"","footnotes":""},"class_list":{"0":"post-3731","1":"page","2":"type-page","3":"status-publish","4":"has-post-thumbnail","6":"entry"},"acf":[],"template_part":"","featured_image_src":"https:\/\/static.coral.org\/uploads\/2021\/08\/coral-reefs-101-hero.jpg","featured_image_src_square":"https:\/\/static.coral.org\/uploads\/2021\/08\/coral-reefs-101-hero.jpg","_links":{"self":[{"href":"https:\/\/coral.org\/es\/wp-json\/wp\/v2\/pages\/3731","targetHints":{"allow":["GET"]}}],"collection":[{"href":"https:\/\/coral.org\/es\/wp-json\/wp\/v2\/pages"}],"about":[{"href":"https:\/\/coral.org\/es\/wp-json\/wp\/v2\/types\/page"}],"author":[{"embeddable":true,"href":"https:\/\/coral.org\/es\/wp-json\/wp\/v2\/users\/1"}],"replies":[{"embeddable":true,"href":"https:\/\/coral.org\/es\/wp-json\/wp\/v2\/comments?post=3731"}],"version-history":[{"count":0,"href":"https:\/\/coral.org\/es\/wp-json\/wp\/v2\/pages\/3731\/revisions"}],"wp:featuredmedia":[{"embeddable":true,"href":"https:\/\/coral.org\/es\/wp-json\/wp\/v2\/media\/1525"}],"wp:attachment":[{"href":"https:\/\/coral.org\/es\/wp-json\/wp\/v2\/media?parent=3731"}],"curies":[{"name":"wp","href":"https:\/\/api.w.org\/{rel}","templated":true}]}}