{"id":3792,"date":"2021-08-09T06:26:14","date_gmt":"2021-08-09T13:26:14","guid":{"rendered":"https:\/\/coral.org\/coral-reefs-101\/hard-corals\/"},"modified":"2021-09-11T16:26:59","modified_gmt":"2021-09-11T23:26:59","slug":"hard-corals","status":"publish","type":"page","link":"https:\/\/coral.org\/es\/coral-reefs-101\/hard-corals\/","title":{"rendered":"Corales Duros"},"content":{"rendered":"\n<h2 class=\"wp-block-heading\">Corales Duros<\/h2>\n\n\n\n<p class=\"has-medium-font-size\">Hay dos tipos principales de corales: corales duros y corales blandos.\u00a0<\/p>\n\n\n\n<p class=\"has-normal-font-size\">Los corales duros, como el coral cuerno de alce y el coral cerebro, crecen en colonias y suelen denominarse \u00abcorales constructores de arrecifes\u00bb. Los corales duros crean esqueletos de carbonato de calcio, una sustancia caliza dura. Con el tiempo, este mineral se acumula para formar los cimientos de un arrecife de coral y proporciona una estructura sobre la que pueden asentarse las cr\u00edas de coral. Los corales duros dependen de unas diminutas algas llamadas zooxantelas que viven en su interior. Juntos comparten una relaci\u00f3n simbi\u00f3tica: los corales proporcionan refugio a las zooxantelas y \u00e9stas, a su vez, proporcionan alimento a los corales.\u00a0<\/p>\n\n\n\n<div style=\"height:100px\" aria-hidden=\"true\" class=\"wp-block-spacer is-style-small\"><\/div>\n\n\n\n<figure class=\"wp-block-image size-full\"><img loading=\"lazy\" decoding=\"async\" width=\"540\" height=\"350\" src=\"https:\/\/coral.org\/wp-content\/uploads\/2021\/08\/page_images_hardcorals.jpg\" alt=\"\" class=\"wp-image-1562\"\/><figcaption>Coral cuerno de alce (Acropora cervicornus) en el Banco Cordelia, frente a la costa de Roat\u00e1n, Honduras.<em>\u00a0Foto del personal de CORAL<\/em><\/figcaption><\/figure>\n","protected":false},"excerpt":{"rendered":"<p>Corales Duros Hay dos tipos principales de corales: corales duros y corales blandos.\u00a0 Los corales duros, como el coral cuerno de alce y el coral cerebro, crecen en colonias y suelen denominarse \u00abcorales constructores de arrecifes\u00bb. Los corales duros crean esqueletos de carbonato de calcio, una sustancia caliza dura. Con el tiempo, este mineral se&hellip; <a href=\"https:\/\/coral.org\/es\/coral-reefs-101\/hard-corals\/\" class=\"more-link\">Sigue Leyendo &#8594;<\/a><\/p>\n","protected":false},"author":1,"featured_media":1525,"parent":3731,"menu_order":0,"comment_status":"closed","ping_status":"closed","template":"","meta":{"_acf_changed":false,"inline_featured_image":false,"_genesis_hide_title":false,"_genesis_hide_breadcrumbs":false,"_genesis_hide_singular_image":false,"_genesis_hide_footer_widgets":false,"_genesis_custom_body_class":"","_genesis_custom_post_class":"","_genesis_layout":"sidebar-content","_genesis_transparent_header":false,"_genesis_hide_siblings_nav":true,"_genesis_hide_flyout":false,"_genesis_subtitle":"","_genesis_subheading":"","footnotes":""},"class_list":{"0":"post-3792","1":"page","2":"type-page","3":"status-publish","4":"has-post-thumbnail","6":"entry"},"acf":[],"template_part":"","featured_image_src":"https:\/\/static.coral.org\/uploads\/2021\/08\/coral-reefs-101-hero.jpg","featured_image_src_square":"https:\/\/static.coral.org\/uploads\/2021\/08\/coral-reefs-101-hero.jpg","_links":{"self":[{"href":"https:\/\/coral.org\/es\/wp-json\/wp\/v2\/pages\/3792","targetHints":{"allow":["GET"]}}],"collection":[{"href":"https:\/\/coral.org\/es\/wp-json\/wp\/v2\/pages"}],"about":[{"href":"https:\/\/coral.org\/es\/wp-json\/wp\/v2\/types\/page"}],"author":[{"embeddable":true,"href":"https:\/\/coral.org\/es\/wp-json\/wp\/v2\/users\/1"}],"replies":[{"embeddable":true,"href":"https:\/\/coral.org\/es\/wp-json\/wp\/v2\/comments?post=3792"}],"version-history":[{"count":0,"href":"https:\/\/coral.org\/es\/wp-json\/wp\/v2\/pages\/3792\/revisions"}],"up":[{"embeddable":true,"href":"https:\/\/coral.org\/es\/wp-json\/wp\/v2\/pages\/3731"}],"wp:featuredmedia":[{"embeddable":true,"href":"https:\/\/coral.org\/es\/wp-json\/wp\/v2\/media\/1525"}],"wp:attachment":[{"href":"https:\/\/coral.org\/es\/wp-json\/wp\/v2\/media?parent=3792"}],"curies":[{"name":"wp","href":"https:\/\/api.w.org\/{rel}","templated":true}]}}