{"id":3799,"date":"2021-08-09T06:46:48","date_gmt":"2021-08-09T13:46:48","guid":{"rendered":"https:\/\/coral.org\/coral-reefs-101\/what-do-corals-reefs-need-to-survive\/"},"modified":"2021-09-11T17:04:30","modified_gmt":"2021-09-12T00:04:30","slug":"what-do-corals-reefs-need-to-survive","status":"publish","type":"page","link":"https:\/\/coral.org\/es\/coral-reefs-101\/what-do-corals-reefs-need-to-survive\/","title":{"rendered":"\u00bfQu\u00e9 necesitan los arrecifes de coral para sobrevivir?"},"content":{"rendered":"\n<p class=\"has-medium-font-size\">Los corales tienen una serie de condiciones que necesitan para sobrevivir. En definitiva, los arrecifes de coral son organismos bastante delicados: si no se cumplen estas condiciones, los corales pueden estresarse y enfermar, e incluso morir.\u00a0<\/p>\n\n\n\n<h4 class=\"wp-block-heading\">Agua Limpia<\/h4>\n\n\n\n<p class=\"has-normal-font-size\">Cuando la escorrent\u00eda y las aguas residuales contaminadas entran en el medio marino, transportan sustancias qu\u00edmicas, nutrientes y bacterias que pueden ser perjudiciales para los arrecifes de coral y estimular el crecimiento de algas que compiten con los corales por el espacio. La mayor\u00eda de los corales formadores de arrecifes dependen de las zooxantelas (peque\u00f1as algas que crecen dentro de ellos) para realizar la fotos\u00edntesis y proporcionar alimento. Si el agua se enturbia o se vuelve opaca, o si los corales est\u00e1n cubiertos de sedimentos, la luz solar no puede llegar a las zooxantelas y los corales pierden esa importante fuente de alimento.<\/p>\n\n\n\n<div class=\"wp-block-buttons is-layout-flex wp-block-buttons-is-layout-flex\">\n<div class=\"wp-block-button\"><a class=\"wp-block-button__link has-blue-background-color has-background\" href=\"https:\/\/coral.org\/es\/que-hacemos\/compromiso-local\/agua-limpia-para-los-arrecifes\/\">Asegurar Agua Limpia para los Arrecifes<\/a><\/div>\n<\/div>\n\n\n\n<div style=\"height:100px\" aria-hidden=\"true\" class=\"wp-block-spacer\"><\/div>\n\n\n\n<h4 class=\"wp-block-heading\">Agua Templada<\/h4>\n\n\n\n<p class=\"has-normal-font-size\">Aunque var\u00eda en gran medida seg\u00fan la geograf\u00eda y las especies de coral, muchos corales formadores de arrecifes tienen un estrecho rango de temperatura en el que pueden prosperar. La mayor\u00eda de los corales duros prefieren temperaturas del agua que oscilen entre los 73\u00b0\u00a0y los 84\u00b0\u00a0Fahrenheit (23\u00b0\u00a0y 29\u00b0\u00a0Celsius), aunque algunos pueden tolerar temperaturas tan bajas como los 68\u00b0 F (20\u00b0\u00a0C)\u00a0y tan altas como los 90\u00b0\u00a0F (32\u00b0 C). Dicho esto, la investigaci\u00f3n ha demostrado que los corales pueden adaptarse al aumento moderado de la temperatura del oc\u00e9ano si est\u00e1n saludables.<\/p>\n\n\n\n<div class=\"wp-block-buttons is-layout-flex wp-block-buttons-is-layout-flex\">\n<div class=\"wp-block-button\"><a class=\"wp-block-button__link has-blue-background-color has-background\" href=\"https:\/\/coral.org\/es\/que-hacemos\/compromiso-local\/proteccion-del-habitat\/\">Estimular la Adaptaci\u00f3n de los Corales\u00a0<\/a><\/div>\n<\/div>\n\n\n\n<div style=\"height:100px\" aria-hidden=\"true\" class=\"wp-block-spacer\"><\/div>\n\n\n\n<h4 class=\"wp-block-heading\">Poblaciones Saludables de Vida Silvestre<\/h4>\n\n\n\n<p class=\"has-normal-font-size\">Muchos animales de los arrecifes de coral juegan un papel importante dentro de los ecosistemas de los arrecifes de coral. Por ejemplo, los herb\u00edvoros como el pez loro y las tortugas marinas se alimentan de algas y ayudan a mantener las poblaciones de algas bajo control. Cuando las poblaciones de herb\u00edvoros disminuyen, los arrecifes de coral pueden verse r\u00e1pidamente superados por las algas.<\/p>\n\n\n\n<div class=\"wp-block-buttons is-layout-flex wp-block-buttons-is-layout-flex\">\n<div class=\"wp-block-button\"><a class=\"wp-block-button__link has-blue-background-color has-background\" href=\"https:\/\/coral.org\/es\/que-hacemos\/compromiso-local\/pesquerias-saludables\/\">Mantener Pesquer\u00edas Saludables<\/a><\/div>\n<\/div>\n\n\n\n<div style=\"height:100px\" aria-hidden=\"true\" class=\"wp-block-spacer\"><\/div>\n\n\n\n<figure class=\"wp-block-image size-full\"><img loading=\"lazy\" decoding=\"async\" width=\"540\" height=\"350\" src=\"https:\/\/coral.org\/wp-content\/uploads\/2021\/09\/page_images_29.jpg\" alt=\"\" class=\"wp-image-2209\"\/><figcaption>Gusanos de \u00e1rbol de Navidad en el coral.\u00a0<em>Fotograf\u00eda por personal de CORAL<\/em><\/figcaption><\/figure>\n","protected":false},"excerpt":{"rendered":"<p>Los corales tienen una serie de condiciones que necesitan para sobrevivir. En definitiva, los arrecifes de coral son organismos bastante delicados: si no se cumplen estas condiciones, los corales pueden estresarse y enfermar, e incluso morir.\u00a0 Agua Limpia Cuando la escorrent\u00eda y las aguas residuales contaminadas entran en el medio marino, transportan sustancias qu\u00edmicas, nutrientes&hellip; <a href=\"https:\/\/coral.org\/es\/coral-reefs-101\/what-do-corals-reefs-need-to-survive\/\" class=\"more-link\">Sigue Leyendo &#8594;<\/a><\/p>\n","protected":false},"author":1,"featured_media":3929,"parent":3731,"menu_order":0,"comment_status":"closed","ping_status":"closed","template":"","meta":{"_acf_changed":false,"inline_featured_image":false,"_genesis_hide_title":false,"_genesis_hide_breadcrumbs":false,"_genesis_hide_singular_image":false,"_genesis_hide_footer_widgets":false,"_genesis_custom_body_class":"","_genesis_custom_post_class":"","_genesis_layout":"sidebar-content","_genesis_transparent_header":false,"_genesis_hide_siblings_nav":true,"_genesis_hide_flyout":false,"_genesis_subtitle":"","_genesis_subheading":"","footnotes":""},"class_list":{"0":"post-3799","1":"page","2":"type-page","3":"status-publish","4":"has-post-thumbnail","6":"entry"},"acf":[],"template_part":"","featured_image_src":"https:\/\/static.coral.org\/uploads\/2021\/09\/coral-reef-alliance-placeholder-600x400.png","featured_image_src_square":"https:\/\/static.coral.org\/uploads\/2021\/09\/coral-reef-alliance-placeholder-600x600.png","_links":{"self":[{"href":"https:\/\/coral.org\/es\/wp-json\/wp\/v2\/pages\/3799","targetHints":{"allow":["GET"]}}],"collection":[{"href":"https:\/\/coral.org\/es\/wp-json\/wp\/v2\/pages"}],"about":[{"href":"https:\/\/coral.org\/es\/wp-json\/wp\/v2\/types\/page"}],"author":[{"embeddable":true,"href":"https:\/\/coral.org\/es\/wp-json\/wp\/v2\/users\/1"}],"replies":[{"embeddable":true,"href":"https:\/\/coral.org\/es\/wp-json\/wp\/v2\/comments?post=3799"}],"version-history":[{"count":0,"href":"https:\/\/coral.org\/es\/wp-json\/wp\/v2\/pages\/3799\/revisions"}],"up":[{"embeddable":true,"href":"https:\/\/coral.org\/es\/wp-json\/wp\/v2\/pages\/3731"}],"wp:featuredmedia":[{"embeddable":true,"href":"https:\/\/coral.org\/es\/wp-json\/wp\/v2\/media\/3929"}],"wp:attachment":[{"href":"https:\/\/coral.org\/es\/wp-json\/wp\/v2\/media?parent=3799"}],"curies":[{"name":"wp","href":"https:\/\/api.w.org\/{rel}","templated":true}]}}