{"id":3826,"date":"2021-08-09T06:47:18","date_gmt":"2021-08-09T13:47:18","guid":{"rendered":"https:\/\/coral.org\/coral-reefs-101\/how-coral-reefs-grow\/"},"modified":"2021-09-14T13:59:10","modified_gmt":"2021-09-14T20:59:10","slug":"how-coral-reefs-grow","status":"publish","type":"page","link":"https:\/\/coral.org\/es\/coral-reefs-101\/how-coral-reefs-grow\/","title":{"rendered":"C\u00f3mo Crecen los Arrecifes de Coral"},"content":{"rendered":"\n<p class=\"has-medium-font-size\">Los corales duros tienden a segregar carbonato de calcio bajo su cuerpo. Esto se convierte en una estructura dura, parecida a una roca, sobre la que pueden asentarse otras larvas de coral. Con el tiempo, a medida que el carbonato de calcio se acumula y los corales se reproducen, el tama\u00f1o de un arrecife de coral crece.<\/p>\n\n\n\n<p class=\"has-normal-font-size\">A medida que un arrecife de coral comienza a crecer, otros animales y especies tambi\u00e9n se ven atra\u00eddos por la diversidad del h\u00e1bitat y encuentran lugares donde establecerse y formar su hogar. M\u00e1s del 25% de toda la vida marina se puede encontrar en los arrecifes de coral. Cada uno juega un papel \u00fanico para ayudar a mantener el ecosistema sano e intacto.<\/p>\n","protected":false},"excerpt":{"rendered":"<p>Los corales duros tienden a segregar carbonato de calcio bajo su cuerpo. Esto se convierte en una estructura dura, parecida a una roca, sobre la que pueden asentarse otras larvas de coral. Con el tiempo, a medida que el carbonato de calcio se acumula y los corales se reproducen, el tama\u00f1o de un arrecife de&hellip; <a href=\"https:\/\/coral.org\/es\/coral-reefs-101\/how-coral-reefs-grow\/\" class=\"more-link\">Sigue Leyendo &#8594;<\/a><\/p>\n","protected":false},"author":1,"featured_media":1525,"parent":3731,"menu_order":0,"comment_status":"closed","ping_status":"closed","template":"","meta":{"_acf_changed":false,"inline_featured_image":false,"_genesis_hide_title":false,"_genesis_hide_breadcrumbs":false,"_genesis_hide_singular_image":false,"_genesis_hide_footer_widgets":false,"_genesis_custom_body_class":"","_genesis_custom_post_class":"","_genesis_layout":"sidebar-content","_genesis_transparent_header":false,"_genesis_hide_siblings_nav":true,"_genesis_hide_flyout":false,"_genesis_subtitle":"","_genesis_subheading":"","footnotes":""},"class_list":{"0":"post-3826","1":"page","2":"type-page","3":"status-publish","4":"has-post-thumbnail","6":"entry"},"acf":[],"template_part":"","featured_image_src":"https:\/\/static.coral.org\/uploads\/2021\/08\/coral-reefs-101-hero.jpg","featured_image_src_square":"https:\/\/static.coral.org\/uploads\/2021\/08\/coral-reefs-101-hero.jpg","_links":{"self":[{"href":"https:\/\/coral.org\/es\/wp-json\/wp\/v2\/pages\/3826","targetHints":{"allow":["GET"]}}],"collection":[{"href":"https:\/\/coral.org\/es\/wp-json\/wp\/v2\/pages"}],"about":[{"href":"https:\/\/coral.org\/es\/wp-json\/wp\/v2\/types\/page"}],"author":[{"embeddable":true,"href":"https:\/\/coral.org\/es\/wp-json\/wp\/v2\/users\/1"}],"replies":[{"embeddable":true,"href":"https:\/\/coral.org\/es\/wp-json\/wp\/v2\/comments?post=3826"}],"version-history":[{"count":0,"href":"https:\/\/coral.org\/es\/wp-json\/wp\/v2\/pages\/3826\/revisions"}],"up":[{"embeddable":true,"href":"https:\/\/coral.org\/es\/wp-json\/wp\/v2\/pages\/3731"}],"wp:featuredmedia":[{"embeddable":true,"href":"https:\/\/coral.org\/es\/wp-json\/wp\/v2\/media\/1525"}],"wp:attachment":[{"href":"https:\/\/coral.org\/es\/wp-json\/wp\/v2\/media?parent=3826"}],"curies":[{"name":"wp","href":"https:\/\/api.w.org\/{rel}","templated":true}]}}