{"id":3828,"date":"2021-08-09T06:47:33","date_gmt":"2021-08-09T13:47:33","guid":{"rendered":"https:\/\/coral.org\/coral-reefs-101\/how-corals-reproduce\/"},"modified":"2021-09-14T14:06:43","modified_gmt":"2021-09-14T21:06:43","slug":"how-corals-reproduce","status":"publish","type":"page","link":"https:\/\/coral.org\/es\/coral-reefs-101\/how-corals-reproduce\/","title":{"rendered":"C\u00f3mo se Reproducen los Corales"},"content":{"rendered":"\n<p class=\"has-medium-font-size\">Muchos corales duros desovan por transmisi\u00f3n, es decir, emiten un gran n\u00famero de huevos y esperma en el agua.\u00a0<\/p>\n\n\n\n<p class=\"has-normal-font-size\">Esto suele ocurrir en una fecha determinada, en un momento determinado, en un evento conocido como desove sincronizado de coral. Los \u00f3vulos y los espermatozoides se juntan en el agua para formar larvas de coral. Al principio, las larvas son atra\u00eddas por la luz, por lo que nadan hacia la superficie, donde pueden ser arrastradas por las corrientes marinas. Pueden viajar durante d\u00edas, o incluso semanas, antes de encontrar un arrecife en el que asentarse.\u00a0<\/p>\n\n\n\n<p class=\"has-normal-font-size\">Las larvas buscan estructuras duras parecidas a rocas en las que asentarse, y las investigaciones han demostrado que prefieren arrecifes saludables con condiciones favorables. Una vez que se asientan, las larvas se convierten en p\u00f3lipos y forman colonias de coral que contin\u00faan creciendo.<\/p>\n\n\n\n<p class=\"has-normal-font-size\">Los corales solo se reproducir\u00e1n si est\u00e1n sanos. Si son bombardeados por factores de estr\u00e9s como la mala calidad del agua, una ola de calor marina o la sobrepesca, su energ\u00eda se dirigir\u00e1 a la supervivencia en lugar de a la reproducci\u00f3n. Para garantizar el futuro de los arrecifes de coral, debemos mantenerlos saludables para que sigan reproduci\u00e9ndose.<\/p>\n","protected":false},"excerpt":{"rendered":"<p>Muchos corales duros desovan por transmisi\u00f3n, es decir, emiten un gran n\u00famero de huevos y esperma en el agua.\u00a0 Esto suele ocurrir en una fecha determinada, en un momento determinado, en un evento conocido como desove sincronizado de coral. Los \u00f3vulos y los espermatozoides se juntan en el agua para formar larvas de coral. Al&hellip; <a href=\"https:\/\/coral.org\/es\/coral-reefs-101\/how-corals-reproduce\/\" class=\"more-link\">Sigue Leyendo &#8594;<\/a><\/p>\n","protected":false},"author":1,"featured_media":3929,"parent":3731,"menu_order":0,"comment_status":"closed","ping_status":"closed","template":"","meta":{"_acf_changed":false,"inline_featured_image":false,"_genesis_hide_title":false,"_genesis_hide_breadcrumbs":false,"_genesis_hide_singular_image":false,"_genesis_hide_footer_widgets":false,"_genesis_custom_body_class":"","_genesis_custom_post_class":"","_genesis_layout":"sidebar-content","_genesis_transparent_header":false,"_genesis_hide_siblings_nav":true,"_genesis_hide_flyout":false,"_genesis_subtitle":"","_genesis_subheading":"","footnotes":""},"class_list":{"0":"post-3828","1":"page","2":"type-page","3":"status-publish","4":"has-post-thumbnail","6":"entry"},"acf":[],"template_part":"","featured_image_src":"https:\/\/static.coral.org\/uploads\/2021\/09\/coral-reef-alliance-placeholder-600x400.png","featured_image_src_square":"https:\/\/static.coral.org\/uploads\/2021\/09\/coral-reef-alliance-placeholder-600x600.png","_links":{"self":[{"href":"https:\/\/coral.org\/es\/wp-json\/wp\/v2\/pages\/3828","targetHints":{"allow":["GET"]}}],"collection":[{"href":"https:\/\/coral.org\/es\/wp-json\/wp\/v2\/pages"}],"about":[{"href":"https:\/\/coral.org\/es\/wp-json\/wp\/v2\/types\/page"}],"author":[{"embeddable":true,"href":"https:\/\/coral.org\/es\/wp-json\/wp\/v2\/users\/1"}],"replies":[{"embeddable":true,"href":"https:\/\/coral.org\/es\/wp-json\/wp\/v2\/comments?post=3828"}],"version-history":[{"count":0,"href":"https:\/\/coral.org\/es\/wp-json\/wp\/v2\/pages\/3828\/revisions"}],"up":[{"embeddable":true,"href":"https:\/\/coral.org\/es\/wp-json\/wp\/v2\/pages\/3731"}],"wp:featuredmedia":[{"embeddable":true,"href":"https:\/\/coral.org\/es\/wp-json\/wp\/v2\/media\/3929"}],"wp:attachment":[{"href":"https:\/\/coral.org\/es\/wp-json\/wp\/v2\/media?parent=3828"}],"curies":[{"name":"wp","href":"https:\/\/api.w.org\/{rel}","templated":true}]}}