{"id":3833,"date":"2021-08-09T06:51:55","date_gmt":"2021-08-09T13:51:55","guid":{"rendered":"https:\/\/coral.org\/coral-reefs-101\/types-of-coral-reef-formations\/"},"modified":"2021-09-14T14:20:15","modified_gmt":"2021-09-14T21:20:15","slug":"types-of-coral-reef-formations","status":"publish","type":"page","link":"https:\/\/coral.org\/es\/coral-reefs-101\/types-of-coral-reef-formations\/","title":{"rendered":"Tipos de Formaciones de Arrecifes de Coral"},"content":{"rendered":"\n<p class=\"has-medium-font-size\">Los cient\u00edficos generalmente est\u00e1n de acuerdo en cuatro clasificaciones diferentes de arrecifes de coral: arrecifes bordeantes o costeros, arrecifes de barrera, atolones y arrecifes de parche.\u00a0<\/p>\n\n\n\n<p class=\"has-normal-font-size\"><strong><strong>Los arrecifes costeros<\/strong><\/strong>\u00a0crecen cerca de la costa alrededor de islas y continentes. Est\u00e1n separados de la costa por lagunas estrechas y poco profundas. Los arrecifes costeros son el tipo de arrecife m\u00e1s com\u00fan.<\/p>\n\n\n\n<p class=\"has-normal-font-size\"><strong><strong>Los arrecifes de barrera\u00a0<\/strong><\/strong>tambi\u00e9n son paralelos a la costa, pero est\u00e1n separados por lagunas m\u00e1s profundas y anchas. En sus puntos m\u00e1s someros, pueden llegar a la superficie del agua formando una \u00abbarrera\u00bb para la navegaci\u00f3n.<\/p>\n\n\n\n<p class=\"has-normal-font-size\"><strong><strong>Los atolon<\/strong><\/strong>es\u00a0son anillos de coral que crean lagunas protegidas y suelen ubicarse en medio del mar. Los atolones generalmente se forman cuando las islas rodeadas de arrecifes marginales se hunden en el mar o cuando el nivel del mar sube a su alrededor.\u00a0<\/p>\n\n\n\n<p class=\"has-normal-font-size\"><strong><strong>Los arrecifes de parche\u00a0<\/strong><\/strong>son peque\u00f1os arrecifes aislados que crecen desde el fondo abierto de la plataforma insular o continental. Por lo general, ocurren entre arrecifes costeros y arrecifes de barrera. Var\u00edan mucho en tama\u00f1o y rara vez llegan a la superficie del agua.<\/p>\n\n\n\n<div style=\"height:100px\" aria-hidden=\"true\" class=\"wp-block-spacer is-style-small\"><\/div>\n\n\n\n<figure class=\"wp-block-image size-large\"><img loading=\"lazy\" decoding=\"async\" width=\"1024\" height=\"681\" src=\"https:\/\/coral.org\/wp-content\/uploads\/2021\/09\/CoralReef_FrenchPolynesia-1024x681.jpg\" alt=\"\" class=\"wp-image-2191\" srcset=\"https:\/\/static.coral.org\/uploads\/2021\/09\/CoralReef_FrenchPolynesia-1024x681.jpg 1024w, https:\/\/static.coral.org\/uploads\/2021\/09\/CoralReef_FrenchPolynesia-796x530.jpg 796w, https:\/\/static.coral.org\/uploads\/2021\/09\/CoralReef_FrenchPolynesia-768x511.jpg 768w, https:\/\/static.coral.org\/uploads\/2021\/09\/CoralReef_FrenchPolynesia.jpg 1028w\" sizes=\"auto, (max-width: 1024px) 100vw, 1024px\" \/><\/figure>\n","protected":false},"excerpt":{"rendered":"<p>Los cient\u00edficos generalmente est\u00e1n de acuerdo en cuatro clasificaciones diferentes de arrecifes de coral: arrecifes bordeantes o costeros, arrecifes de barrera, atolones y arrecifes de parche.\u00a0 Los arrecifes costeros\u00a0crecen cerca de la costa alrededor de islas y continentes. Est\u00e1n separados de la costa por lagunas estrechas y poco profundas. Los arrecifes costeros son el tipo&hellip; <a href=\"https:\/\/coral.org\/es\/coral-reefs-101\/types-of-coral-reef-formations\/\" class=\"more-link\">Sigue Leyendo &#8594;<\/a><\/p>\n","protected":false},"author":1,"featured_media":3929,"parent":3731,"menu_order":0,"comment_status":"closed","ping_status":"closed","template":"","meta":{"_acf_changed":false,"inline_featured_image":false,"_genesis_hide_title":false,"_genesis_hide_breadcrumbs":false,"_genesis_hide_singular_image":false,"_genesis_hide_footer_widgets":false,"_genesis_custom_body_class":"","_genesis_custom_post_class":"","_genesis_layout":"sidebar-content","_genesis_transparent_header":false,"_genesis_hide_siblings_nav":true,"_genesis_hide_flyout":false,"_genesis_subtitle":"","_genesis_subheading":"","footnotes":""},"class_list":{"0":"post-3833","1":"page","2":"type-page","3":"status-publish","4":"has-post-thumbnail","6":"entry"},"acf":[],"template_part":"","featured_image_src":"https:\/\/static.coral.org\/uploads\/2021\/09\/coral-reef-alliance-placeholder-600x400.png","featured_image_src_square":"https:\/\/static.coral.org\/uploads\/2021\/09\/coral-reef-alliance-placeholder-600x600.png","_links":{"self":[{"href":"https:\/\/coral.org\/es\/wp-json\/wp\/v2\/pages\/3833","targetHints":{"allow":["GET"]}}],"collection":[{"href":"https:\/\/coral.org\/es\/wp-json\/wp\/v2\/pages"}],"about":[{"href":"https:\/\/coral.org\/es\/wp-json\/wp\/v2\/types\/page"}],"author":[{"embeddable":true,"href":"https:\/\/coral.org\/es\/wp-json\/wp\/v2\/users\/1"}],"replies":[{"embeddable":true,"href":"https:\/\/coral.org\/es\/wp-json\/wp\/v2\/comments?post=3833"}],"version-history":[{"count":0,"href":"https:\/\/coral.org\/es\/wp-json\/wp\/v2\/pages\/3833\/revisions"}],"up":[{"embeddable":true,"href":"https:\/\/coral.org\/es\/wp-json\/wp\/v2\/pages\/3731"}],"wp:featuredmedia":[{"embeddable":true,"href":"https:\/\/coral.org\/es\/wp-json\/wp\/v2\/media\/3929"}],"wp:attachment":[{"href":"https:\/\/coral.org\/es\/wp-json\/wp\/v2\/media?parent=3833"}],"curies":[{"name":"wp","href":"https:\/\/api.w.org\/{rel}","templated":true}]}}