{"id":3838,"date":"2021-08-09T06:52:08","date_gmt":"2021-08-09T13:52:08","guid":{"rendered":"https:\/\/coral.org\/coral-reefs-101\/global-threats\/"},"modified":"2021-09-14T14:33:14","modified_gmt":"2021-09-14T21:33:14","slug":"global-threats","status":"publish","type":"page","link":"https:\/\/coral.org\/es\/coral-reefs-101\/global-threats\/","title":{"rendered":"Amenazas Globales"},"content":{"rendered":"\n<h4 class=\"wp-block-heading\">Temperaturas C\u00e1lidas y el Blanqueamiento del Coral<\/h4>\n\n\n\n<p class=\"has-normal-font-size\">Algunos cient\u00edficos predicen que el 90% de los arrecifes del mundo experimentar\u00e1n un grave blanqueamiento anual en 2055.<\/p>\n\n\n\n<p class=\"has-normal-font-size\">La mayor\u00eda de los corales tienen una tolerancia limitada a la temperatura. Cuando las temperaturas se vuelven demasiado c\u00e1lidas, los corales expulsan las algas simbi\u00f3ticas (zooxantelas) que viven dentro de ellos, lo que hace que se pongan blancos y pierdan una importante fuente de alimento. Aunque los corales pueden sobrevivir a un evento de blanqueamiento, son m\u00e1s vulnerables a las enfermedades y eventualmente morir\u00e1n si la ola de calor marina se prolonga demasiado.\u00a0<\/p>\n\n\n\n<div class=\"wp-block-buttons is-layout-flex wp-block-buttons-is-layout-flex\">\n<div class=\"wp-block-button\"><a class=\"wp-block-button__link has-blue-background-color has-background\" href=\"#\">Pero Hay Esperanza\u00a0<\/a><\/div>\n<\/div>\n\n\n\n<div style=\"height:100px\" aria-hidden=\"true\" class=\"wp-block-spacer\"><\/div>\n\n\n\n<h4 class=\"wp-block-heading\">Aumento del Nivel del Mar<\/h4>\n\n\n\n<p class=\"has-normal-font-size\">200 millones de personas en las comunidades costeras podr\u00edan verse desplazadas si el crecimiento de los corales no sigue el ritmo del aumento del nivel del mar.<\/p>\n\n\n\n<p class=\"has-normal-font-size\">Se prev\u00e9 que los corales queden en aguas m\u00e1s profundas, lo que significa que recibir\u00e1n menos luz solar (vital para su fuente de alimento) y crecer\u00e1n m\u00e1s lentamente. A medida que se erosionan las costas, los corales tambi\u00e9n pueden verse m\u00e1s afectados por la escorrent\u00eda contaminada y la sedimentaci\u00f3n.<\/p>\n\n\n\n<h4 class=\"wp-block-heading\">Tormentas M\u00e1s Fuertes<\/h4>\n\n\n\n<p class=\"has-normal-font-size\">200 millones de personas dependen de los arrecifes de coral para protegerse de las marejadas cicl\u00f3nicas y las olas.<\/p>\n\n\n\n<p class=\"has-normal-font-size\">A medida que aumentan las temperaturas de la superficie del mar, los huracanes, ciclones y tifones que da\u00f1an los arrecifes de coral se vuelven m\u00e1s fuertes. Las fuertes lluvias de las tormentas tambi\u00e9n pueden erosionar las tierras costeras y traer m\u00e1s escorrent\u00edas contaminadas al oc\u00e9ano.\u00a0<\/p>\n\n\n\n<h4 class=\"wp-block-heading\">Acidificaci\u00f3n de los Oc\u00e9anos<\/h4>\n\n\n\n<p class=\"has-normal-font-size\">El oc\u00e9ano absorbe el 48% de las emisiones de combustibles f\u00f3siles. A medida que los oc\u00e9anos absorben di\u00f3xido de carbono (CO2), se vuelven m\u00e1s \u00e1cidos. Esto afecta la capacidad de los corales formadores de arrecifes para hacer crecer sus esqueletos y formar la base de los arrecifes de coral. Los esqueletos m\u00e1s d\u00e9biles tambi\u00e9n hacen que los corales sean m\u00e1s vulnerables a las enfermedades y la destrucci\u00f3n por las tormentas. De hecho, la investigaci\u00f3n muestra que cuando se exponen a altos niveles de CO2, los corales dejan de ser productivos y su riesgo de decoloraci\u00f3n aumenta hasta en un 50%.\u00a0<\/p>\n\n\n\n<div style=\"height:100px\" aria-hidden=\"true\" class=\"wp-block-spacer\"><\/div>\n\n\n\n<figure class=\"wp-block-image size-full\"><img loading=\"lazy\" decoding=\"async\" width=\"768\" height=\"498\" src=\"https:\/\/coral.org\/wp-content\/uploads\/2021\/09\/Website_CoralThreats_Header_Global-768x498-1.jpg\" alt=\"\" class=\"wp-image-2213\"\/><figcaption>Una imagen panor\u00e1mica de corales fluorescentes en Nueva Caledonia; fotograf\u00eda de The Ocean Agency \/ XL Catlin Seaview Survey.<\/figcaption><\/figure>\n","protected":false},"excerpt":{"rendered":"<p>Temperaturas C\u00e1lidas y el Blanqueamiento del Coral Algunos cient\u00edficos predicen que el 90% de los arrecifes del mundo experimentar\u00e1n un grave blanqueamiento anual en 2055. La mayor\u00eda de los corales tienen una tolerancia limitada a la temperatura. Cuando las temperaturas se vuelven demasiado c\u00e1lidas, los corales expulsan las algas simbi\u00f3ticas (zooxantelas) que viven dentro de&hellip; <a href=\"https:\/\/coral.org\/es\/coral-reefs-101\/global-threats\/\" class=\"more-link\">Sigue Leyendo &#8594;<\/a><\/p>\n","protected":false},"author":1,"featured_media":3929,"parent":3731,"menu_order":0,"comment_status":"closed","ping_status":"closed","template":"","meta":{"_acf_changed":false,"inline_featured_image":false,"_genesis_hide_title":false,"_genesis_hide_breadcrumbs":false,"_genesis_hide_singular_image":false,"_genesis_hide_footer_widgets":false,"_genesis_custom_body_class":"","_genesis_custom_post_class":"","_genesis_layout":"sidebar-content","_genesis_transparent_header":false,"_genesis_hide_siblings_nav":true,"_genesis_hide_flyout":false,"_genesis_subtitle":"","_genesis_subheading":"","footnotes":""},"class_list":{"0":"post-3838","1":"page","2":"type-page","3":"status-publish","4":"has-post-thumbnail","6":"entry"},"acf":[],"template_part":"","featured_image_src":"https:\/\/static.coral.org\/uploads\/2021\/09\/coral-reef-alliance-placeholder-600x400.png","featured_image_src_square":"https:\/\/static.coral.org\/uploads\/2021\/09\/coral-reef-alliance-placeholder-600x600.png","_links":{"self":[{"href":"https:\/\/coral.org\/es\/wp-json\/wp\/v2\/pages\/3838","targetHints":{"allow":["GET"]}}],"collection":[{"href":"https:\/\/coral.org\/es\/wp-json\/wp\/v2\/pages"}],"about":[{"href":"https:\/\/coral.org\/es\/wp-json\/wp\/v2\/types\/page"}],"author":[{"embeddable":true,"href":"https:\/\/coral.org\/es\/wp-json\/wp\/v2\/users\/1"}],"replies":[{"embeddable":true,"href":"https:\/\/coral.org\/es\/wp-json\/wp\/v2\/comments?post=3838"}],"version-history":[{"count":0,"href":"https:\/\/coral.org\/es\/wp-json\/wp\/v2\/pages\/3838\/revisions"}],"up":[{"embeddable":true,"href":"https:\/\/coral.org\/es\/wp-json\/wp\/v2\/pages\/3731"}],"wp:featuredmedia":[{"embeddable":true,"href":"https:\/\/coral.org\/es\/wp-json\/wp\/v2\/media\/3929"}],"wp:attachment":[{"href":"https:\/\/coral.org\/es\/wp-json\/wp\/v2\/media?parent=3838"}],"curies":[{"name":"wp","href":"https:\/\/api.w.org\/{rel}","templated":true}]}}