{"id":3840,"date":"2021-08-09T06:52:19","date_gmt":"2021-08-09T13:52:19","guid":{"rendered":"https:\/\/coral.org\/coral-reefs-101\/direct-threats\/"},"modified":"2021-09-15T14:31:16","modified_gmt":"2021-09-15T21:31:16","slug":"direct-threats","status":"publish","type":"page","link":"https:\/\/coral.org\/es\/coral-reefs-101\/direct-threats\/","title":{"rendered":"Amenazas Directas"},"content":{"rendered":"\n<h4 class=\"wp-block-heading\">Pesca Insostenible<\/h4>\n\n\n\n<p class=\"has-normal-font-size\">El 55% de los arrecifes de coral del mundo est\u00e1n afectados por la sobrepesca.&nbsp;<\/p>\n\n\n\n<p class=\"has-normal-font-size\">Cuando las poblaciones de peces disminuyen, sobre todo las que se alimentan de algas, \u00e9stas pueden crecer sin control y acabar asfixiando a los corales. Otras pr\u00e1cticas de pesca insostenibles pueden destruir f\u00edsicamente secciones enteras de los arrecifes de coral; por ejemplo, la pesca con explosivos destruye 64 pies cuadrados (5.9 metros cuadrados) de arrecife con una sola explosi\u00f3n.&nbsp;<\/p>\n\n\n\n<div class=\"wp-block-buttons is-layout-flex wp-block-buttons-is-layout-flex\">\n<div class=\"wp-block-button\"><a class=\"wp-block-button__link has-blue-background-color has-background\" href=\"https:\/\/coral.org\/es\/que-hacemos\/compromiso-local\/pesquerias-saludables\/\">Protecci\u00f3n de Pesquer\u00edas<\/a><\/div>\n<\/div>\n\n\n\n<div style=\"height:100px\" aria-hidden=\"true\" class=\"wp-block-spacer\"><\/div>\n\n\n\n<h4 class=\"wp-block-heading\">Contaminaci\u00f3n de Origen Terrestre<\/h4>\n\n\n\n<p class=\"has-normal-font-size\">El 25% de los arrecifes de coral de todo el mundo se ven afectados por la escorrent\u00eda agr\u00edcola.&nbsp;<\/p>\n\n\n\n<p class=\"has-normal-font-size\">Las aguas residuales de los arrecifes de coral adoptan muchas formas: aguas residuales, escorrent\u00edas agr\u00edcolas, descarga de desechos industriales, etc. Cuando las aguas residuales ingresan al medio marino, traen consigo sustancias qu\u00edmicas y bacterias que son da\u00f1inas para los arrecifes de coral y los seres humanos. Tambi\u00e9n aporta nutrientes que pueden estimular el crecimiento de algas. Y si el sedimento viaja al oc\u00e9ano a trav\u00e9s de la escorrent\u00eda, puede bloquear la luz solar necesaria que los corales necesitan para sobrevivir.&nbsp;<\/p>\n\n\n\n<div class=\"wp-block-buttons is-layout-flex wp-block-buttons-is-layout-flex\">\n<div class=\"wp-block-button\"><a class=\"wp-block-button__link has-blue-background-color has-background\" href=\"https:\/\/coral.org\/es\/que-hacemos\/compromiso-local\/agua-limpia-para-los-arrecifes\/\">Asegurar Agua Limpia<\/a><\/div>\n<\/div>\n\n\n\n<div style=\"height:100px\" aria-hidden=\"true\" class=\"wp-block-spacer\"><\/div>\n\n\n\n<h4 class=\"wp-block-heading\">Destrucci\u00f3n del H\u00e1bitat<\/h4>\n\n\n\n<p class=\"has-normal-font-size\">El 27% de los arrecifes de coral del mundo est\u00e1n en zonas protegidas, pero s\u00f3lo el 6% de ellas reciben un manejo adecuado.<\/p>\n\n\n\n<p class=\"has-normal-font-size\">El turismo insostenible y el desarrollo costero pueden causar da\u00f1os duraderos en un arrecife de coral. Comportamientos como tocar o pararse en un arrecife de coral o construir edificios y carreteras demasiado cerca de la costa sin tomar las debidas precauciones pueden da\u00f1ar instant\u00e1neamente un arrecife de miles de a\u00f1os. Las pr\u00e1cticas de navegaci\u00f3n insostenibles, como anclar en un arrecife, tambi\u00e9n pueden causar destrucci\u00f3n.&nbsp;<\/p>\n\n\n\n<div class=\"wp-block-buttons is-layout-flex wp-block-buttons-is-layout-flex\">\n<div class=\"wp-block-button\"><a class=\"wp-block-button__link has-blue-background-color has-background\" href=\"https:\/\/coral.org\/es\/que-hacemos\/compromiso-local\/proteccion-del-habitat\/\">Mantener H\u00e1bitats Intactos&nbsp;<\/a><\/div>\n<\/div>\n\n\n\n<div style=\"height:100px\" aria-hidden=\"true\" class=\"wp-block-spacer\"><\/div>\n\n\n\n<figure class=\"wp-block-image size-large\"><img loading=\"lazy\" decoding=\"async\" width=\"1024\" height=\"664\" src=\"https:\/\/coral.org\/wp-content\/uploads\/2021\/09\/Website_CoralThreats_Header_Direct-1024x664.jpg\" alt=\"\" class=\"wp-image-2215\" srcset=\"https:\/\/static.coral.org\/uploads\/2021\/09\/Website_CoralThreats_Header_Direct-1024x664.jpg 1024w, https:\/\/static.coral.org\/uploads\/2021\/09\/Website_CoralThreats_Header_Direct-796x516.jpg 796w, https:\/\/static.coral.org\/uploads\/2021\/09\/Website_CoralThreats_Header_Direct-768x498.jpg 768w, https:\/\/static.coral.org\/uploads\/2021\/09\/Website_CoralThreats_Header_Direct-1536x996.jpg 1536w, https:\/\/static.coral.org\/uploads\/2021\/09\/Website_CoralThreats_Header_Direct-2048x1327.jpg 2048w\" sizes=\"auto, (max-width: 1024px) 100vw, 1024px\" \/><figcaption>Contaminaci\u00f3n por algas y sedimentos en una playa cercana al arrecife de Maui; fotograf\u00eda del personal de CORAL.<\/figcaption><\/figure>\n","protected":false},"excerpt":{"rendered":"<p>Pesca Insostenible El 55% de los arrecifes de coral del mundo est\u00e1n afectados por la sobrepesca.&nbsp; Cuando las poblaciones de peces disminuyen, sobre todo las que se alimentan de algas, \u00e9stas pueden crecer sin control y acabar asfixiando a los corales. Otras pr\u00e1cticas de pesca insostenibles pueden destruir f\u00edsicamente secciones enteras de los arrecifes de&hellip; <a href=\"https:\/\/coral.org\/es\/coral-reefs-101\/direct-threats\/\" class=\"more-link\">Sigue Leyendo &#8594;<\/a><\/p>\n","protected":false},"author":1,"featured_media":1525,"parent":3731,"menu_order":0,"comment_status":"closed","ping_status":"closed","template":"","meta":{"_acf_changed":false,"inline_featured_image":false,"_genesis_hide_title":false,"_genesis_hide_breadcrumbs":false,"_genesis_hide_singular_image":false,"_genesis_hide_footer_widgets":false,"_genesis_custom_body_class":"","_genesis_custom_post_class":"","_genesis_layout":"sidebar-content","_genesis_transparent_header":false,"_genesis_hide_siblings_nav":true,"_genesis_hide_flyout":false,"_genesis_subtitle":"","_genesis_subheading":"","footnotes":""},"class_list":{"0":"post-3840","1":"page","2":"type-page","3":"status-publish","4":"has-post-thumbnail","6":"entry"},"acf":[],"template_part":"","featured_image_src":"https:\/\/static.coral.org\/uploads\/2021\/08\/coral-reefs-101-hero.jpg","featured_image_src_square":"https:\/\/static.coral.org\/uploads\/2021\/08\/coral-reefs-101-hero.jpg","_links":{"self":[{"href":"https:\/\/coral.org\/es\/wp-json\/wp\/v2\/pages\/3840","targetHints":{"allow":["GET"]}}],"collection":[{"href":"https:\/\/coral.org\/es\/wp-json\/wp\/v2\/pages"}],"about":[{"href":"https:\/\/coral.org\/es\/wp-json\/wp\/v2\/types\/page"}],"author":[{"embeddable":true,"href":"https:\/\/coral.org\/es\/wp-json\/wp\/v2\/users\/1"}],"replies":[{"embeddable":true,"href":"https:\/\/coral.org\/es\/wp-json\/wp\/v2\/comments?post=3840"}],"version-history":[{"count":0,"href":"https:\/\/coral.org\/es\/wp-json\/wp\/v2\/pages\/3840\/revisions"}],"up":[{"embeddable":true,"href":"https:\/\/coral.org\/es\/wp-json\/wp\/v2\/pages\/3731"}],"wp:featuredmedia":[{"embeddable":true,"href":"https:\/\/coral.org\/es\/wp-json\/wp\/v2\/media\/1525"}],"wp:attachment":[{"href":"https:\/\/coral.org\/es\/wp-json\/wp\/v2\/media?parent=3840"}],"curies":[{"name":"wp","href":"https:\/\/api.w.org\/{rel}","templated":true}]}}