{"id":3843,"date":"2021-09-01T04:37:58","date_gmt":"2021-09-01T11:37:58","guid":{"rendered":"https:\/\/coral.org\/coral-reefs-101\/why-care-about-reefs\/"},"modified":"2021-09-14T14:41:57","modified_gmt":"2021-09-14T21:41:57","slug":"why-care-about-reefs","status":"publish","type":"page","link":"https:\/\/coral.org\/es\/coral-reefs-101\/why-care-about-reefs\/","title":{"rendered":"\u00bfPor Qu\u00e9 Preocuparse Por Los Arrecifes?"},"content":{"rendered":"\n<p class=\"has-medium-font-size\">Los arrecifes de coral apoyan a m\u00e1s de 500 millones de personas en todo el mundo al proporcionar alimentos, ingresos, protecci\u00f3n costera y m\u00e1s. Proporcionan m\u00e1s de $375 mil millones por a\u00f1o en bienes y servicios. Y a pesar de que solo cubren el 0,1% de la superficie terrestre, contienen la mayor cantidad de especies de cualquier ecosistema adem\u00e1s de las selvas tropicales.\u00a0<\/p>\n\n\n\n<p class=\"has-normal-font-size\">Tambi\u00e9n desempe\u00f1an un papel vital en la investigaci\u00f3n m\u00e9dica: los cient\u00edficos han desarrollado tratamientos para enfermedades cardiovasculares, \u00falceras, leucemia, linfoma y c\u00e1ncer de piel, todo a partir de sustancias qu\u00edmicas en plantas y animales de los arrecifes. Y m\u00e1s de la mitad de todas las nuevas investigaciones sobre medicamentos contra el c\u00e1ncer se centran en organismos marinos, muchos de los cuales se encuentran en los arrecifes de coral.\u00a0<\/p>\n\n\n\n<p class=\"has-normal-font-size\">Para garantizar que las personas y la vida silvestre puedan seguir disponiendo de los servicios vitales que ofrecen los arrecifes de coral, tenemos que reducir las amenazas que pesan sobre ellos.\u00a0<\/p>\n\n\n\n<p class=\"has-normal-font-size\">Si los corales son bombardeados por factores de estr\u00e9s como la mala calidad del agua, una ola de calor marina o la sobrepesca, su energ\u00eda se dirigir\u00e1 a la supervivencia en lugar de a la reproducci\u00f3n. Para asegurar el futuro de los arrecifes de coral, debemos mantener los corales saludables para que contin\u00faen reproduci\u00e9ndose, y tenemos que hacerlo en \u00e1reas estrat\u00e9gicas de todo el mundo.\u00a0<\/p>\n\n\n\n<p class=\"has-normal-font-size\">Dado que las corrientes oce\u00e1nicas tienden a seguir el mismo curso, un arrecife de coral puede estar gen\u00e9ticamente conectado a otro arrecife de coral a cientos de kil\u00f3metros de distancia: un arrecife de coral proporcionar\u00e1 las cr\u00edas de coral, y el otro arrecife de coral proporcionar\u00e1 el hogar en el que se asientan las larvas. Cuando un arrecife de coral se ve demasiado superado por los factores de estr\u00e9s locales, podr\u00eda afectar a otros arrecifes de coral que est\u00e1n lejos.<\/p>\n\n\n\n<p class=\"has-normal-font-size\">Pero esta conectividad tambi\u00e9n podr\u00eda salvar los arrecifes de coral: si un arrecife de coral se mantiene saludable y con el tiempo se adapta al cambio clim\u00e1tico u otro factor de est\u00e9s, podr\u00eda propagar esos rasgos mejor adaptados a otros arrecifes de coral a trav\u00e9s del movimiento de las larvas de coral. La clave es mantener saludables los arrecifes de coral en las zonas donde los corales se est\u00e1n adaptando y en las zonas donde los corales adaptados se est\u00e1n asentando.<\/p>\n\n\n\n<div class=\"wp-block-buttons is-layout-flex wp-block-buttons-is-layout-flex\">\n<div class=\"wp-block-button\"><a class=\"wp-block-button__link has-blue-background-color has-background\" href=\"https:\/\/coral.org\/es\/donar\/\">Podemos Salvar los Arrecifes de Coral\u00a0<\/a><\/div>\n<\/div>\n\n\n\n<div style=\"height:100px\" aria-hidden=\"true\" class=\"wp-block-spacer\"><\/div>\n\n\n\n<figure class=\"wp-block-image size-full\"><img loading=\"lazy\" decoding=\"async\" width=\"540\" height=\"350\" src=\"https:\/\/coral.org\/wp-content\/uploads\/2021\/09\/page_images_60.jpg\" alt=\"\" class=\"wp-image-2217\"\/><\/figure>\n","protected":false},"excerpt":{"rendered":"<p>Los arrecifes de coral apoyan a m\u00e1s de 500 millones de personas en todo el mundo al proporcionar alimentos, ingresos, protecci\u00f3n costera y m\u00e1s. Proporcionan m\u00e1s de $375 mil millones por a\u00f1o en bienes y servicios. Y a pesar de que solo cubren el 0,1% de la superficie terrestre, contienen la mayor cantidad de especies&hellip; <a href=\"https:\/\/coral.org\/es\/coral-reefs-101\/why-care-about-reefs\/\" class=\"more-link\">Sigue Leyendo &#8594;<\/a><\/p>\n","protected":false},"author":1,"featured_media":1525,"parent":3731,"menu_order":0,"comment_status":"closed","ping_status":"closed","template":"","meta":{"_acf_changed":false,"inline_featured_image":false,"_genesis_hide_title":false,"_genesis_hide_breadcrumbs":false,"_genesis_hide_singular_image":false,"_genesis_hide_footer_widgets":false,"_genesis_custom_body_class":"","_genesis_custom_post_class":"","_genesis_layout":"sidebar-content","_genesis_transparent_header":false,"_genesis_hide_siblings_nav":true,"_genesis_hide_flyout":false,"_genesis_subtitle":"","_genesis_subheading":"","footnotes":""},"class_list":{"0":"post-3843","1":"page","2":"type-page","3":"status-publish","4":"has-post-thumbnail","6":"entry"},"acf":[],"template_part":"","featured_image_src":"https:\/\/static.coral.org\/uploads\/2021\/08\/coral-reefs-101-hero.jpg","featured_image_src_square":"https:\/\/static.coral.org\/uploads\/2021\/08\/coral-reefs-101-hero.jpg","_links":{"self":[{"href":"https:\/\/coral.org\/es\/wp-json\/wp\/v2\/pages\/3843","targetHints":{"allow":["GET"]}}],"collection":[{"href":"https:\/\/coral.org\/es\/wp-json\/wp\/v2\/pages"}],"about":[{"href":"https:\/\/coral.org\/es\/wp-json\/wp\/v2\/types\/page"}],"author":[{"embeddable":true,"href":"https:\/\/coral.org\/es\/wp-json\/wp\/v2\/users\/1"}],"replies":[{"embeddable":true,"href":"https:\/\/coral.org\/es\/wp-json\/wp\/v2\/comments?post=3843"}],"version-history":[{"count":0,"href":"https:\/\/coral.org\/es\/wp-json\/wp\/v2\/pages\/3843\/revisions"}],"up":[{"embeddable":true,"href":"https:\/\/coral.org\/es\/wp-json\/wp\/v2\/pages\/3731"}],"wp:featuredmedia":[{"embeddable":true,"href":"https:\/\/coral.org\/es\/wp-json\/wp\/v2\/media\/1525"}],"wp:attachment":[{"href":"https:\/\/coral.org\/es\/wp-json\/wp\/v2\/media?parent=3843"}],"curies":[{"name":"wp","href":"https:\/\/api.w.org\/{rel}","templated":true}]}}