{"id":3849,"date":"2021-08-09T06:52:42","date_gmt":"2021-08-09T13:52:42","guid":{"rendered":"https:\/\/coral.org\/coral-reefs-101\/why-care-about-reefs\/coastal-protection\/"},"modified":"2021-09-14T15:25:14","modified_gmt":"2021-09-14T22:25:14","slug":"coastal-protection","status":"publish","type":"page","link":"https:\/\/coral.org\/es\/coral-reefs-101\/why-care-about-reefs\/coastal-protection\/","title":{"rendered":"Protecci\u00f3n de las Costas"},"content":{"rendered":"\n<p class=\"has-medium-font-size\">Debido a su estructura dura e irregular, los arrecifes de coral pueden reducir la energ\u00eda de las olas en un 97% y servir como una defensa natural contra inundaciones a lo largo de casi 45,000 millas (71,000 km) de costa en todo el mundo. Casi 200 millones de personas dependen de los arrecifes de coral para protegerse de las marejadas cicl\u00f3nicas y las olas.\u00a0<\/p>\n\n\n\n<p class=\"has-normal-font-size\">A medida que el cambio clim\u00e1tico siga aumentando la potencia de las tormentas y la probabilidad de inundaciones, las comunidades costeras depender\u00e1n a\u00fan m\u00e1s de sus arrecifes de coral para la protecci\u00f3n de las costas.\u00a0<\/p>\n\n\n\n<div style=\"height:100px\" aria-hidden=\"true\" class=\"wp-block-spacer\"><\/div>\n\n\n\n<figure class=\"wp-block-image size-full\"><img loading=\"lazy\" decoding=\"async\" width=\"540\" height=\"350\" src=\"https:\/\/coral.org\/wp-content\/uploads\/2021\/09\/page_images_11.jpg\" alt=\"\" class=\"wp-image-2222\"\/><figcaption>La isla de Roat\u00e1n est\u00e1 protegida por sus arrecifes.<em>\u00a0Fotograf\u00eda del personal de CORAL<\/em><\/figcaption><\/figure>\n","protected":false},"excerpt":{"rendered":"<p>Debido a su estructura dura e irregular, los arrecifes de coral pueden reducir la energ\u00eda de las olas en un 97% y servir como una defensa natural contra inundaciones a lo largo de casi 45,000 millas (71,000 km) de costa en todo el mundo. Casi 200 millones de personas dependen de los arrecifes de coral&hellip; <a href=\"https:\/\/coral.org\/es\/coral-reefs-101\/why-care-about-reefs\/coastal-protection\/\" class=\"more-link\">Sigue Leyendo &#8594;<\/a><\/p>\n","protected":false},"author":1,"featured_media":3929,"parent":3843,"menu_order":0,"comment_status":"closed","ping_status":"closed","template":"","meta":{"_acf_changed":false,"inline_featured_image":false,"_genesis_hide_title":false,"_genesis_hide_breadcrumbs":false,"_genesis_hide_singular_image":false,"_genesis_hide_footer_widgets":false,"_genesis_custom_body_class":"","_genesis_custom_post_class":"","_genesis_layout":"sidebar-content","_genesis_transparent_header":false,"_genesis_hide_siblings_nav":true,"_genesis_hide_flyout":false,"_genesis_subtitle":"","_genesis_subheading":"","footnotes":""},"class_list":{"0":"post-3849","1":"page","2":"type-page","3":"status-publish","4":"has-post-thumbnail","6":"entry"},"acf":[],"template_part":"","featured_image_src":"https:\/\/static.coral.org\/uploads\/2021\/09\/coral-reef-alliance-placeholder-600x400.png","featured_image_src_square":"https:\/\/static.coral.org\/uploads\/2021\/09\/coral-reef-alliance-placeholder-600x600.png","_links":{"self":[{"href":"https:\/\/coral.org\/es\/wp-json\/wp\/v2\/pages\/3849","targetHints":{"allow":["GET"]}}],"collection":[{"href":"https:\/\/coral.org\/es\/wp-json\/wp\/v2\/pages"}],"about":[{"href":"https:\/\/coral.org\/es\/wp-json\/wp\/v2\/types\/page"}],"author":[{"embeddable":true,"href":"https:\/\/coral.org\/es\/wp-json\/wp\/v2\/users\/1"}],"replies":[{"embeddable":true,"href":"https:\/\/coral.org\/es\/wp-json\/wp\/v2\/comments?post=3849"}],"version-history":[{"count":0,"href":"https:\/\/coral.org\/es\/wp-json\/wp\/v2\/pages\/3849\/revisions"}],"up":[{"embeddable":true,"href":"https:\/\/coral.org\/es\/wp-json\/wp\/v2\/pages\/3843"}],"wp:featuredmedia":[{"embeddable":true,"href":"https:\/\/coral.org\/es\/wp-json\/wp\/v2\/media\/3929"}],"wp:attachment":[{"href":"https:\/\/coral.org\/es\/wp-json\/wp\/v2\/media?parent=3849"}],"curies":[{"name":"wp","href":"https:\/\/api.w.org\/{rel}","templated":true}]}}