{"id":3853,"date":"2021-08-09T06:53:07","date_gmt":"2021-08-09T13:53:07","guid":{"rendered":"https:\/\/coral.org\/coral-reefs-101\/why-care-about-reefs\/medicine\/"},"modified":"2021-09-18T11:53:55","modified_gmt":"2021-09-18T18:53:55","slug":"medicine","status":"publish","type":"page","link":"https:\/\/coral.org\/es\/coral-reefs-101\/why-care-about-reefs\/medicine\/","title":{"rendered":"Medicina"},"content":{"rendered":"\n<p class=\"has-medium-font-size\">Muchos organismos que se encuentran en los arrecifes producen compuestos qu\u00edmicos que se han utilizado en tratamientos para enfermedades cardiovasculares, \u00falceras, leucemia, linfoma y c\u00e1ncer de piel, y muchos m\u00e1s permanecen sin descubrir. M\u00e1s de la mitad de todas las nuevas investigaciones sobre medicamentos contra el c\u00e1ncer se centran en organismos marinos, muchos de los cuales se pueden encontrar en los arrecifes de coral.&nbsp;<\/p>\n\n\n\n<p class=\"has-normal-font-size\">Todav\u00eda queda mucho por entender sobre los organismos de los arrecifes de coral, y los cient\u00edficos creen que todav\u00eda hay una gran cantidad de conocimientos m\u00e9dicos que quedan por descubrir. La preservaci\u00f3n de los arrecifes de coral probablemente conducir\u00e1 a futuros avances m\u00e9dicos.&nbsp;<\/p>\n\n\n\n<div style=\"height:100px\" aria-hidden=\"true\" class=\"wp-block-spacer\"><\/div>\n\n\n\n<figure class=\"wp-block-image size-full\"><img loading=\"lazy\" decoding=\"async\" width=\"540\" height=\"300\" src=\"https:\/\/coral.org\/wp-content\/uploads\/2021\/09\/page_images_12.jpg\" alt=\"\" class=\"wp-image-2226\"\/><figcaption>Gobios ne\u00f3n (Elacatinus lobeli) en coral cerebro.&nbsp;<em>Fotograf\u00eda del personal de CORAL<\/em><\/figcaption><\/figure>\n","protected":false},"excerpt":{"rendered":"<p>Muchos organismos que se encuentran en los arrecifes producen compuestos qu\u00edmicos que se han utilizado en tratamientos para enfermedades cardiovasculares, \u00falceras, leucemia, linfoma y c\u00e1ncer de piel, y muchos m\u00e1s permanecen sin descubrir. M\u00e1s de la mitad de todas las nuevas investigaciones sobre medicamentos contra el c\u00e1ncer se centran en organismos marinos, muchos de los&hellip; <a href=\"https:\/\/coral.org\/es\/coral-reefs-101\/why-care-about-reefs\/medicine\/\" class=\"more-link\">Sigue Leyendo &#8594;<\/a><\/p>\n","protected":false},"author":1,"featured_media":3929,"parent":3843,"menu_order":0,"comment_status":"closed","ping_status":"closed","template":"","meta":{"_acf_changed":false,"inline_featured_image":false,"_genesis_hide_title":false,"_genesis_hide_breadcrumbs":false,"_genesis_hide_singular_image":false,"_genesis_hide_footer_widgets":false,"_genesis_custom_body_class":"","_genesis_custom_post_class":"","_genesis_layout":"sidebar-content","_genesis_transparent_header":false,"_genesis_hide_siblings_nav":true,"_genesis_hide_flyout":false,"_genesis_subtitle":"","_genesis_subheading":"","footnotes":""},"class_list":{"0":"post-3853","1":"page","2":"type-page","3":"status-publish","4":"has-post-thumbnail","6":"entry"},"acf":[],"template_part":"","featured_image_src":"https:\/\/static.coral.org\/uploads\/2021\/09\/coral-reef-alliance-placeholder-600x400.png","featured_image_src_square":"https:\/\/static.coral.org\/uploads\/2021\/09\/coral-reef-alliance-placeholder-600x600.png","_links":{"self":[{"href":"https:\/\/coral.org\/es\/wp-json\/wp\/v2\/pages\/3853","targetHints":{"allow":["GET"]}}],"collection":[{"href":"https:\/\/coral.org\/es\/wp-json\/wp\/v2\/pages"}],"about":[{"href":"https:\/\/coral.org\/es\/wp-json\/wp\/v2\/types\/page"}],"author":[{"embeddable":true,"href":"https:\/\/coral.org\/es\/wp-json\/wp\/v2\/users\/1"}],"replies":[{"embeddable":true,"href":"https:\/\/coral.org\/es\/wp-json\/wp\/v2\/comments?post=3853"}],"version-history":[{"count":0,"href":"https:\/\/coral.org\/es\/wp-json\/wp\/v2\/pages\/3853\/revisions"}],"up":[{"embeddable":true,"href":"https:\/\/coral.org\/es\/wp-json\/wp\/v2\/pages\/3843"}],"wp:featuredmedia":[{"embeddable":true,"href":"https:\/\/coral.org\/es\/wp-json\/wp\/v2\/media\/3929"}],"wp:attachment":[{"href":"https:\/\/coral.org\/es\/wp-json\/wp\/v2\/media?parent=3853"}],"curies":[{"name":"wp","href":"https:\/\/api.w.org\/{rel}","templated":true}]}}