{"id":3855,"date":"2021-08-09T06:53:21","date_gmt":"2021-08-09T13:53:21","guid":{"rendered":"https:\/\/coral.org\/coral-reefs-101\/why-care-about-reefs\/tourism\/"},"modified":"2021-09-14T15:32:30","modified_gmt":"2021-09-14T22:32:30","slug":"tourism","status":"publish","type":"page","link":"https:\/\/coral.org\/es\/coral-reefs-101\/why-care-about-reefs\/tourism\/","title":{"rendered":"Turismo"},"content":{"rendered":"\n<p class=\"has-medium-font-size\">Personas de todo el mundo viajan a destinos de arrecifes de coral cada a\u00f1o, atra\u00eddas por las hermosas playas de arena blanca y las c\u00e1lidas aguas turquesas. La contribuci\u00f3n econ\u00f3mica del turismo a los arrecifes de coral se estima en $36 mil millones a la econom\u00eda global cada a\u00f1o; estos ingresos mantienen millones de puestos de trabajo en restaurantes, hoteles, operaciones tur\u00edsticas, empresas de transporte, etc.<\/p>\n\n\n\n<p class=\"has-normal-font-size\">Las especies cr\u00edticas que dependen de los arrecifes de coral, como el pez loro, desempe\u00f1an un papel importante a la hora de llevar estos ingresos tan necesarios a las comunidades costeras. Los peces loro se alimentan de corales y los descomponen para excretar la popular arena blanca a la que acuden los turistas. Un solo pez loro grande puede producir 840 libras de arena cada a\u00f1o.<\/p>\n","protected":false},"excerpt":{"rendered":"<p>Personas de todo el mundo viajan a destinos de arrecifes de coral cada a\u00f1o, atra\u00eddas por las hermosas playas de arena blanca y las c\u00e1lidas aguas turquesas. La contribuci\u00f3n econ\u00f3mica del turismo a los arrecifes de coral se estima en $36 mil millones a la econom\u00eda global cada a\u00f1o; estos ingresos mantienen millones de puestos&hellip; <a href=\"https:\/\/coral.org\/es\/coral-reefs-101\/why-care-about-reefs\/tourism\/\" class=\"more-link\">Sigue Leyendo &#8594;<\/a><\/p>\n","protected":false},"author":1,"featured_media":3929,"parent":3843,"menu_order":0,"comment_status":"closed","ping_status":"closed","template":"","meta":{"_acf_changed":false,"inline_featured_image":false,"_genesis_hide_title":false,"_genesis_hide_breadcrumbs":false,"_genesis_hide_singular_image":false,"_genesis_hide_footer_widgets":false,"_genesis_custom_body_class":"","_genesis_custom_post_class":"","_genesis_layout":"sidebar-content","_genesis_transparent_header":false,"_genesis_hide_siblings_nav":true,"_genesis_hide_flyout":false,"_genesis_subtitle":"","_genesis_subheading":"","footnotes":""},"class_list":{"0":"post-3855","1":"page","2":"type-page","3":"status-publish","4":"has-post-thumbnail","6":"entry"},"acf":[],"template_part":"","featured_image_src":"https:\/\/static.coral.org\/uploads\/2021\/09\/coral-reef-alliance-placeholder-600x400.png","featured_image_src_square":"https:\/\/static.coral.org\/uploads\/2021\/09\/coral-reef-alliance-placeholder-600x600.png","_links":{"self":[{"href":"https:\/\/coral.org\/es\/wp-json\/wp\/v2\/pages\/3855","targetHints":{"allow":["GET"]}}],"collection":[{"href":"https:\/\/coral.org\/es\/wp-json\/wp\/v2\/pages"}],"about":[{"href":"https:\/\/coral.org\/es\/wp-json\/wp\/v2\/types\/page"}],"author":[{"embeddable":true,"href":"https:\/\/coral.org\/es\/wp-json\/wp\/v2\/users\/1"}],"replies":[{"embeddable":true,"href":"https:\/\/coral.org\/es\/wp-json\/wp\/v2\/comments?post=3855"}],"version-history":[{"count":0,"href":"https:\/\/coral.org\/es\/wp-json\/wp\/v2\/pages\/3855\/revisions"}],"up":[{"embeddable":true,"href":"https:\/\/coral.org\/es\/wp-json\/wp\/v2\/pages\/3843"}],"wp:featuredmedia":[{"embeddable":true,"href":"https:\/\/coral.org\/es\/wp-json\/wp\/v2\/media\/3929"}],"wp:attachment":[{"href":"https:\/\/coral.org\/es\/wp-json\/wp\/v2\/media?parent=3855"}],"curies":[{"name":"wp","href":"https:\/\/api.w.org\/{rel}","templated":true}]}}