{"id":3896,"date":"2021-07-13T10:09:43","date_gmt":"2021-07-13T17:09:43","guid":{"rendered":"https:\/\/coral.org\/annual-report\/"},"modified":"2022-02-28T07:18:15","modified_gmt":"2022-02-28T15:18:15","slug":"annual-report-2020","status":"publish","type":"page","link":"https:\/\/coral.org\/es\/annual-report-2020\/","title":{"rendered":"Informe Anual"},"content":{"rendered":"\n<h2 class=\"has-text-align-center wp-block-heading\" id=\"informe-anual-2020\"><a id=\"top\"><\/a>Informe Anual 2020<\/h2>\n\n\n\n<p class=\"has-text-align-center has-normal-font-size\">El a\u00f1o pasado fue un a\u00f1o de evoluci\u00f3n: para todos nosotros, ya que aprendimos a navegar por una nueva y cambiante normalidad, y al igual que para los arrecifes de coral. As\u00ed como los arrecifes que nos esforzamos por proteger, hemos crecido, nos hemos adaptado y nos hemos superado. Con todo, a pesar de los retos y las dificultades, el 2020 fue un buen a\u00f1o para los arrecifes de coral. Descubre por qu\u00e9 en nuestro Informe Anual 2020.<\/p>\n\n\n\n<div class=\"wp-block-buttons is-horizontal is-content-justification-center is-layout-flex wp-container-core-buttons-is-layout-499968f5 wp-block-buttons-is-layout-flex\">\n<div class=\"wp-block-button\"><a class=\"wp-block-button__link\" href=\"https:\/\/indd.adobe.com\/view\/6576bee4-5164-41d7-8898-531962da2244\" target=\"_blank\" rel=\"noreferrer noopener\">Mira Nuestro Informe Anual<\/a><\/div>\n\n\n\n<div class=\"wp-block-button is-style-fill\"><a class=\"wp-block-button__link has-white-color has-blue-background-color has-text-color has-background\" href=\"https:\/\/coral.org\/wp-content\/uploads\/2021\/09\/CORAL_2020_Annual_Report_030221.pdf\" target=\"_blank\" rel=\"noreferrer noopener\">Descarga el Informe en PDF<\/a><\/div>\n<\/div>\n\n\n\n<div style=\"height:100px\" aria-hidden=\"true\" class=\"wp-block-spacer\"><\/div>\n\n\n\n<p class=\"has-text-align-center\"><a href=\"#Madhaviletter\">Carta de la Directora Ejecutiva I Estados Financieros I Agradecimiento a Nuestros Donantes<\/a><\/p>\n\n\n\n<hr class=\"wp-block-separator\"\/>\n\n\n\n<div class=\"wp-block-columns is-layout-flex wp-container-core-columns-is-layout-9d6595d7 wp-block-columns-is-layout-flex\">\n<div class=\"wp-block-column is-layout-flow wp-block-column-is-layout-flow\">\n<h3 class=\"wp-block-heading\" id=\"carta-de-la-directora-ejecutiva\"><a id=\"Madhaviletter\"><\/a>Carta de la Directora Ejecutiva<\/h3>\n\n\n\n<p class=\"p1\">Un mes despu\u00e9s de que comenzara a trabajar como Directora Ejecutiva de CORAL a principios del a\u00f1o pasado, la pandemia nos golpe\u00f3 y nos encontramos en un nuevo territorio. Sabemos que nuestros esfuerzos dependen de la fortaleza de nuestros socios locales, as\u00ed que r\u00e1pidamente cambiamos de rumbo y dedicamos nuestros recursos a mantener a flote las comunidades y sus esfuerzos de conservaci\u00f3n.<\/p>\n\n\n\n<p class=\"p1\">Nos dirigimos a nuestros extraordinarios donantes y financiadores institucionales para que ayudaran a nuestros socios y cubrieran sus gastos. Encontramos formas creativas y seguras de reunir a las comunidades y mantenerlas conectadas con sus recursos naturales y los programas que los protegen. Recurrimos a la ciencia y aprovechamos el bajo \u00edndice de visitantes para establecer datos de referencia sobre la salud de los arrecifes de coral sin la presi\u00f3n a\u00f1adida del turismo. Y lo hicimos todo dando prioridad a la salud y la seguridad de nuestro propio equipo.<\/p>\n\n\n\n<p class=\"p1\">Gracias a su apoyo, estamos bien posicionados para que este a\u00f1o sea a\u00fan mejor para los arrecifes de coral y las comunidades que dependen de ellos.<\/p>\n\n\n\n<p class=\"p1\">Gracias por ayudarnos a salvar los arrecifes de coral del mundo,<\/p>\n\n\n\n<p class=\"p2\"><strong>Dr. Madhavi Colton<\/strong><br><em>Directora Ejecutiva<\/em><\/p>\n<\/div>\n\n\n\n<div class=\"wp-block-column is-layout-flow wp-block-column-is-layout-flow\" style=\"flex-basis:41.66%\">\n<div class=\"wp-block-image is-style-rounded\"><figure class=\"alignright size-full\"><img loading=\"lazy\" decoding=\"async\" width=\"600\" height=\"600\" src=\"https:\/\/coral.org\/wp-content\/uploads\/2021\/09\/Madhavi_WebsiteBanner3.jpg\" alt=\"\" class=\"wp-image-3339\" srcset=\"https:\/\/static.coral.org\/uploads\/2021\/09\/Madhavi_WebsiteBanner3.jpg 600w, https:\/\/static.coral.org\/uploads\/2021\/09\/Madhavi_WebsiteBanner3-500x500.jpg 500w\" sizes=\"auto, (max-width: 600px) 100vw, 600px\" \/><\/figure><\/div>\n<\/div>\n<\/div>\n\n\n\n<div style=\"height:100px\" aria-hidden=\"true\" class=\"wp-block-spacer is-style-large\"><\/div>\n\n\n\n<div class=\"wp-block-columns is-layout-flex wp-container-core-columns-is-layout-9d6595d7 wp-block-columns-is-layout-flex\">\n<div class=\"wp-block-column is-layout-flow wp-block-column-is-layout-flow\" style=\"flex-basis:41.66%\">\n<div class=\"wp-block-image\"><figure class=\"alignleft size-full is-resized\"><img decoding=\"async\" src=\"https:\/\/coral.org\/wp-content\/uploads\/2021\/09\/AR-Graphs-1.png\" alt=\"\" class=\"wp-image-3238\" width=\"440\" height=\"NaN\" srcset=\"https:\/\/static.coral.org\/uploads\/2021\/09\/AR-Graphs-1.png 450w, https:\/\/static.coral.org\/uploads\/2021\/09\/AR-Graphs-1-448x796.png 448w\" sizes=\"(max-width: 450px) 100vw, 450px\" \/><\/figure><\/div>\n<\/div>\n\n\n\n<div class=\"wp-block-column is-layout-flow wp-block-column-is-layout-flow\">\n<h3 class=\"wp-block-heading\" id=\"estados-financieros\"><a id=\"financials\"><\/a>Estados Financieros<\/h3>\n\n\n\n<p>Aunque el a\u00f1o 2020 trajo consigo muchas inc\u00f3gnitas, CORAL termin\u00f3 el a\u00f1o en una s\u00f3lida posici\u00f3n financiera. Su pasi\u00f3n por la protecci\u00f3n de los arrecifes de coral fue evidente este a\u00f1o: nos ayud\u00f3 a lograr uno de nuestros mejores a\u00f1os de recaudaci\u00f3n de fondos, cerrando el a\u00f1o fiscal 2020 con 2,5 millones de d\u00f3lares en donaciones individuales y corporativas.<\/p>\n\n\n\n<p>Y pueden estar seguros de que su donaci\u00f3n se dirigi\u00f3 a donde m\u00e1s se necesitaba: casi tres cuartas partes de nuestros gastos totales se destinaron directamente a nuestros programas de conservaci\u00f3n que est\u00e1n salvando los arrecifes de coral del mundo.<\/p>\n\n\n\n<p>Como los arrecifes de coral se enfrentan a numerosas amenazas en todo el mundo y la carrera contra el calentamiento de los oc\u00e9anos contin\u00faa, nuestro trabajo es m\u00e1s importante que nunca. Nuestra s\u00f3lida posici\u00f3n financiera nos permitir\u00e1 lograr mucho m\u00e1s en 2021 para proteger estos tesoros submarinos para las generaciones futuras.<\/p>\n\n\n\n<p><strong>Rob Watt<\/strong><br><em>Tesorero<\/em><\/p>\n\n\n\n<figure class=\"wp-block-table is-style-stripes\"><table><thead><tr><th>Ingresos y Ayudas<\/th><th class=\"has-text-align-right\" data-align=\"right\"><\/th><\/tr><\/thead><tbody><tr><td>Contribuciones de particulares y empresas<\/td><td class=\"has-text-align-right\" data-align=\"right\"> $ 2,457,514<\/td><\/tr><tr><td>Subvenciones de fundaciones y gobiernos<\/td><td class=\"has-text-align-right\" data-align=\"right\"> $ 1,567,791<\/td><\/tr><tr><td>Otros ingresos<\/td><td class=\"has-text-align-right\" data-align=\"right\"> $ 31,534<\/td><\/tr><tr><td><strong>Total de ingresos y ayudas:<\/strong><\/td><td class=\"has-text-align-right\" data-align=\"right\"> <strong>$4,056,839<\/strong><\/td><\/tr><\/tbody><\/table><\/figure>\n\n\n\n<h5 class=\"wp-block-heading\">&nbsp;<\/h5>\n\n\n\n<figure class=\"wp-block-table is-style-stripes\"><table><thead><tr><th>Gastos<\/th><th class=\"has-text-align-right\" data-align=\"right\"><\/th><\/tr><\/thead><tbody><tr><td>Servicios de los programas<\/td><td class=\"has-text-align-right\" data-align=\"right\"> $2,467,644<\/td><\/tr><tr><td>Administraci\u00f3n y generalidades<\/td><td class=\"has-text-align-right\" data-align=\"right\"> $432,084<\/td><\/tr><tr><td>Recaudaci\u00f3n de fondos<\/td><td class=\"has-text-align-right\" data-align=\"right\"> $ 530,375<\/td><\/tr><tr><td><strong>Total de gastos:<\/strong><\/td><td class=\"has-text-align-right\" data-align=\"right\"> <strong>$3,430,103<\/strong><\/td><\/tr><\/tbody><\/table><\/figure>\n\n\n\n<h5 class=\"wp-block-heading\">&nbsp;<\/h5>\n\n\n\n<figure class=\"wp-block-table is-style-stripes\"><table><thead><tr><th>Activos netos<\/th><th class=\"has-text-align-right\" data-align=\"right\"><\/th><\/tr><\/thead><tbody><tr><td>Variaci\u00f3n de los activos netos<\/td><td class=\"has-text-align-right\" data-align=\"right\"> $ 626,736<\/td><\/tr><tr><td>Activos netos al principio del a\u00f1o<\/td><td class=\"has-text-align-right\" data-align=\"right\"> $ 1,975,141<\/td><\/tr><tr><td><strong>Total de activos netos, al final del a\u00f1o<\/strong><\/td><td class=\"has-text-align-right\" data-align=\"right\"><strong>$2,601,877<\/strong><\/td><\/tr><\/tbody><\/table><\/figure>\n<\/div>\n<\/div>\n\n\n\n<div style=\"height:100px\" aria-hidden=\"true\" class=\"wp-block-spacer is-style-large\"><\/div>\n\n\n\n<h3 class=\"wp-block-heading\" id=\"gracias-a-nuestros-donantes\"><a id=\"donors\"><\/a>Gracias a Nuestros Donantes<\/h3>\n\n\n\n<p class=\"has-normal-font-size\">Fueron ustedes, nuestros generosos donantes, quienes hicieron posible nuestro trabajo en 2020. Est\u00e1n protegiendo los arrecifes de coral para las generaciones venideras, protegiendo a los cientos de animales que consideran los arrecifes su hogar y a las millones de personas que dependen de los arrecifes para su alimentaci\u00f3n e ingresos.&nbsp; Gracias y mahalo por unirse a nuestra alianza y ayudarnos a salvar uno de los ecosistemas m\u00e1s importantes del mundo.<\/p>\n\n\n\n<div class=\"wp-block-columns is-layout-flex wp-container-core-columns-is-layout-9d6595d7 wp-block-columns-is-layout-flex\">\n<div class=\"wp-block-column is-layout-flow wp-block-column-is-layout-flow\" style=\"flex-basis:8.33%\"><\/div>\n\n\n\n<div class=\"wp-block-column is-layout-flow wp-block-column-is-layout-flow\">\n<div class=\"wp-block-columns is-layout-flex wp-container-core-columns-is-layout-9d6595d7 wp-block-columns-is-layout-flex\">\n<div class=\"wp-block-column is-vertically-aligned-center is-layout-flow wp-block-column-is-layout-flow\">\n<blockquote class=\"wp-block-quote is-layout-flow wp-block-quote-is-layout-flow\"><p>Los corales son la columna vertebral de nuestro ecosistema marino y la clave para mantener unos oc\u00e9anos saludables y la vida en nuestro planeta. Es esencial que la humanidad se d\u00e9 cuenta de la importancia de salvar los arrecifes de coral en todo el mundo y de seguir haciendo todo lo posible para reducir los efectos del cambio clim\u00e1tico de origen humano.<\/p><cite>Joe Casale, Miembro del Consejo de CORAL<\/cite><\/blockquote>\n<\/div>\n\n\n\n<div class=\"wp-block-column is-vertically-aligned-center is-layout-flow wp-block-column-is-layout-flow\" style=\"flex-basis:40%\">\n<figure class=\"wp-block-image size-full is-style-rounded\"><img loading=\"lazy\" decoding=\"async\" width=\"400\" height=\"400\" src=\"https:\/\/coral.org\/wp-content\/uploads\/2021\/09\/Quote-1-Joe-Casale.jpg\" alt=\"\" class=\"wp-image-3932\"\/><\/figure>\n<\/div>\n<\/div>\n<\/div>\n\n\n\n<div class=\"wp-block-column is-layout-flow wp-block-column-is-layout-flow\" style=\"flex-basis:8.33%\"><\/div>\n<\/div>\n\n\n\n<div style=\"height:100px\" aria-hidden=\"true\" class=\"wp-block-spacer\"><\/div>\n\n\n\n<h4 class=\"wp-block-heading\" id=\"campeones-del-arrecife-mas-de-10-000\">Campeones del Arrecife (m\u00e1s de $10,000)<\/h4>\n\n\n\n<figure class=\"wp-block-table\"><table class=\"has-fixed-layout\"><tbody><tr><td>An\u00f3nimo<br>The Bear Gulch Foundation<br>David W. Blackburn<br>Jeff Chanin<br>Debbie and Steven Cohen<br>Lili and Wilson Ervin<br>Holly and Jeff Fogle<br>Suzanne Frey<\/td><td>David Greenewalt Charitable Trust<br>HollyJolly Foundation<br>The Dirk and Charlene Kabcenell Foundation<br>William O. and Anita B. Kerr<br>The Light and Nature Foundation<br>Ellen and Jim Lussier<br>Mac and Leslie McQuown<\/td><td>Janet and Andrew Miller<br>Monarch Foundation<br>Nunu Charitable Fund<br>Jim and Ginger Tolonen<br>Elizabeth Wagner<br>Robert Watt<br>Mr. and Mrs. Whitley<\/td><\/tr><\/tbody><\/table><\/figure>\n\n\n\n<div style=\"height:100px\" aria-hidden=\"true\" class=\"wp-block-spacer\"><\/div>\n\n\n\n<div class=\"wp-block-columns is-layout-flex wp-container-core-columns-is-layout-9d6595d7 wp-block-columns-is-layout-flex\">\n<div class=\"wp-block-column is-layout-flow wp-block-column-is-layout-flow\" style=\"flex-basis:8.33%\"><\/div>\n\n\n\n<div class=\"wp-block-column is-layout-flow wp-block-column-is-layout-flow\">\n<div class=\"wp-block-columns is-layout-flex wp-container-core-columns-is-layout-9d6595d7 wp-block-columns-is-layout-flex\">\n<div class=\"wp-block-column is-vertically-aligned-center is-layout-flow wp-block-column-is-layout-flow\" style=\"flex-basis:40%\">\n<figure class=\"wp-block-image size-full is-style-rounded\"><img loading=\"lazy\" decoding=\"async\" width=\"400\" height=\"400\" src=\"https:\/\/coral.org\/wp-content\/uploads\/2021\/09\/Quote-2-Jim-Lussier.jpg\" alt=\"\" class=\"wp-image-3935\"\/><\/figure>\n<\/div>\n\n\n\n<div class=\"wp-block-column is-vertically-aligned-center is-layout-flow wp-block-column-is-layout-flow\">\n<blockquote class=\"wp-block-quote is-layout-flow wp-block-quote-is-layout-flow\"><p><em>La causa de salvar los arrecifes de coral es urgente e importante. CORAL ha reunido una estrategia y un equipo de liderazgo s\u00f3lidos. La organizaci\u00f3n no s\u00f3lo ha sobrevivido, sino que lo est\u00e1 haciendo bien frente a un entorno econ\u00f3mico muy dif\u00edcil y a una pandemia.<\/em><\/p><cite>Jim Lussier, miembro Saliente de la Junta Directiva y Campe\u00f3n del Arrecife<\/cite><\/blockquote>\n<\/div>\n<\/div>\n<\/div>\n<\/div>\n\n\n\n<div style=\"height:100px\" aria-hidden=\"true\" class=\"wp-block-spacer\"><\/div>\n\n\n\n<h4 class=\"wp-block-heading\" id=\"guardianes-del-arrecife-mas-de-1-000\">Guardianes del Arrecife (m\u00e1s de $1,000)<\/h4>\n\n\n\n<figure class=\"wp-block-table\"><table class=\"has-fixed-layout\"><tbody><tr><td>Melissa Aaron<br>An\u00f3nimo<br>Gabrielle Armendariz<br>G.P. Buzz Avery<br>Foster Bam<br>Tyler Barker<br>Heidi Barrett<br>Boger Family Foundation<br>Jeffrey Bohn<br>James-Lonnie Bowler<br>Braaten Busse<br>Joseph Casale<br>Cynthia Casgrain<br>Joseph and Barbara Chambers<br>Lynann Chance<br>Christopher Cherney<br>The Terri Chernick and Charles Meyer Charitable Fund<br>Guy Collins<br>Colonial Hill Foundation<br>Community Foundation of New Jersey<br>Daniel Cousino<br>Walter Craig<br>B. Crosby Byers<br>Buzz and Cindy Danner<br>The David A. Lewis Peace Fund<br>The Thomas R. and Deborah A. Davidson Foundation<br>Sharon Depriester<br>Naomi and Dorothy Donnelley Charitable Lead Fund<br>Caroline Donnelly<br>The Rose and David Dortort Foundation<br>Fred M. Drennan<br>William Dudley<br>Dudnick Detwiler Rivin and Stikker LLP<br>Douglas and Martha Dyckes<br>David and Sarah Epstein<br>Jennifer and Scott Etter<br>Beth Fabinsky<br>Andrew Fairley<br>Barbara, Richard, and Suzanne Fontaine<br>Linden Foos<br>John and Fletcher Forbes<br>Susan Freedman<br>The Fullgraf Foundation<br>Christine Funk<br>Charla Gabert<br>Irene Gawel Money Giving Fund<br>Jack P. and Debbie Gibson<br>Cole Giovannoni<br>Glancy Family Trust<br>Sandra Glenn<br>Bianca Gonzalez<br>Grace Family Foundation<br>Michelle and Jonathan Green Charitable Fund<br>Rita and Leo Greenland Family Foundation<br>Shaun Griffith<br>Timothy S. Gudukas<\/td><td>John and Jane Guild<br>Omar Hammami<br>James Handa<br>Shannon Harell<br>John Hauswirth<br>Daniel Havir<br>Renee Herzing<br>Hiemstra Family Charitable Giving Fund<br>The Hirth Family Foundation<br>Steven R. Hoekman and Nancy J. Bauer<br>Robert Hoffer Family Foundation<br>Craig Holmes<br>Doug Huestis<br>Betsy Hughes<br>Humanity Foundation<br>Matt Humphreys<br>Ryan Huning<br>Masato Inoue<br>Joel Jakubson<br>Roger Janeway<br>Jewish Communal Fund<br>Blair and Ann Jones<br>Lisa Kaeck<br>The KCS Pacific Foundation<br>Shane and Vani Keil<br>Rusty Kelly and JP Stephenson<br>Kelly\/Butler Donor Advised Fund<br>Morris and Jeannette Kessel Fund<br>Jeanie and Murray Kilgour<br>William Kissinger<br>Marjorie Klayman<br>Alexander Klein<br>Andrew Klein<br>Jillian Kreston<br>Sam Laane<br>Craig B. Laub<br>Aileen Lee<br>Taylor Leese<br>Jeffrey Lehmer<br>Helaine Lerner<br>Donald and Mari Lobo<br>Whitney Lynn<br>Genevieve Marsh<br>Kreg Martin<br>Robert McCarthy<br>Susan McCready<br>W. Scott and Judy McNary Charitable Fund<br>Brian Miller<br>Joe H. Miller<br>Mr. and Mrs. Eugene Monnier<br>Nancy Munro<br>Bob Nakib<br>John Newton<br>Sisi Nimbus<br>Brendan O&#8217;Grady and Priscilla Tan<br>William Oberbeck<\/td><td>Alyson Owen and Criag Oliner<br>John Ormand<br>Steve Pickle<br>John Platts<br>Jonathan F. and Sara Jane Plehn<br>Julian and Katherine Potenza<br>Anne Powell<br>Raghav Radhakrishnan<br>Patricia and Robert Ragan<br>The Riedlinger Family<br>Nancy Rieger<br>Camille Riner<br>Jason and Brooke Rodier<br>Stephanie and Daniel Rosekopanke<br>Heather Runes and Rodney Prell<br>Kirby Ryan<br>Tim and Robyn Schaiff<br>The Marius Schilder Da Fund<br>Liz Schwarzbach<br>Ruth Shapiro<br>FNU Shreyas<br>Siena Private Wealth<br>Ellen Smolka and Tom Wolf<br>Margaret Snowden Family Fund<br>The Bernard and Anne Spitzer Charitable Trust<br>Jen Star Foundation<br>Greg Steele<br>Cameron Stewart<br>Jeffrey and Elizabeth Toretsky<br>Adam Tratt<br>Elna Tsao<br>David Turner<br>Jon and Nicole Ungar<br>Elise P. van Buren Foundation<br>Patricia Wade<br>Tamara Wainer<br>William and Ann Waller<br>James and Judith Warner<br>Laura Waters<br>Julie Watt<br>Dan Weinstein<br>Weisman Family Foundation<br>Robert Wells<br>Beth Wendel and Randall Fergueson<br>Gina Whitaker<br>Debi and Wes White<br>Sonja Wilder<br>Williams Family Fund<br>Mark Winnett<br>The Wolfe Foundation<br>Jennifer Woods Tierney<br>Jeff Yonover<br>Katharine and John Youngblood<br>Michael Zakrewsky<br>Dina Zimmerman<br>Christopher Zirpoli and Rachel Carr<\/td><\/tr><\/tbody><\/table><\/figure>\n\n\n\n<div style=\"height:100px\" aria-hidden=\"true\" class=\"wp-block-spacer\"><\/div>\n\n\n\n<div class=\"wp-block-columns is-layout-flex wp-container-core-columns-is-layout-9d6595d7 wp-block-columns-is-layout-flex\">\n<div class=\"wp-block-column is-layout-flow wp-block-column-is-layout-flow\" style=\"flex-basis:8.33%\"><\/div>\n\n\n\n<div class=\"wp-block-column is-layout-flow wp-block-column-is-layout-flow\">\n<div class=\"wp-block-columns is-layout-flex wp-container-core-columns-is-layout-9d6595d7 wp-block-columns-is-layout-flex\">\n<div class=\"wp-block-column is-vertically-aligned-center is-layout-flow wp-block-column-is-layout-flow\">\n<blockquote class=\"wp-block-quote is-layout-flow wp-block-quote-is-layout-flow\"><p><em>Uno de los muchos puntos fuertes de CORAL es el fomento de la capacidad de sus socios sobre el terreno, lo que ha sido especialmente importante dadas las devastadoras repercusiones econ\u00f3micas de la pandemia. El compromiso de CORAL con el logro de resultados significativos y cuantificables refleja el nuestro, y esperamos seguir colaborando durante muchos a\u00f1os.<\/em><\/p><cite>Cheri Recchia, Ph.D., Fundaci\u00f3n Summit<\/cite><\/blockquote>\n<\/div>\n\n\n\n<div class=\"wp-block-column is-vertically-aligned-center is-layout-flow wp-block-column-is-layout-flow\" style=\"flex-basis:40%\">\n<figure class=\"wp-block-image size-full is-style-rounded\"><img loading=\"lazy\" decoding=\"async\" width=\"400\" height=\"400\" src=\"https:\/\/coral.org\/wp-content\/uploads\/2021\/09\/Quote-3-Cheri-Recchia.jpg\" alt=\"\" class=\"wp-image-3939\"\/><\/figure>\n<\/div>\n<\/div>\n<\/div>\n\n\n\n<div class=\"wp-block-column is-layout-flow wp-block-column-is-layout-flow\" style=\"flex-basis:8.33%\"><\/div>\n<\/div>\n\n\n\n<div style=\"height:100px\" aria-hidden=\"true\" class=\"wp-block-spacer\"><\/div>\n\n\n\n<h4 class=\"wp-block-heading\" id=\"donantes-institucionales\">Donantes Institucionales<\/h4>\n\n\n\n<figure class=\"wp-block-table\"><table class=\"has-fixed-layout\"><tbody><tr><td>An\u00f3nimo<br>Arthur L. &amp; Elaine V. Johnson Foundation<br>Atherton Family Foundation<br>Bently Foundation<br>Bonnell Cove Foundation<br>The Campbell Foundation<br>The Flora Family Foundation<br>Hawai&#8217;i Community Foundation<\/td><td>Hawai&#8217;i Department of Health<br>Hawai&#8217;i Tourism Authority (HTA)<br>MAR Fund<br>The Moore Family Foundation<br>National Fish and Wildlife Foundation (NFWF)<br>National Oceanic and Atmospheric Administration (NOAA)<br>The Overbrook Foundation<\/td><td>Paul M. Angell Family Foundation<br>The Summit Foundation<br>Temple Isaiah Seventh Grade Fund<br>The Tiffany &amp; Co. Foundation<br>The Turing Foundation<br>Walter and Elise Haas Fund<br>Waterkeepers Alliance<\/td><\/tr><\/tbody><\/table><\/figure>\n\n\n\n<div style=\"height:100px\" aria-hidden=\"true\" class=\"wp-block-spacer\"><\/div>\n\n\n\n<h4 class=\"wp-block-heading\" id=\"socios-corporativos-mas-de-5-000\">Socios Corporativos (m\u00e1s de $5,000)<\/h4>\n\n\n\n<figure class=\"wp-block-table\"><table class=\"has-fixed-layout\"><tbody><tr><td>Boston Consulting Group<br>Brooklyn Brigade<br>Flyquest<br>Gili Sports<\/td><td>GoodR LLC<br>Hailey Home<br>Hawaiian Airlines<br>LifeProof<\/td><td>Precision Strategies NYC Operations<br>Stasher<br>Willie&#8217;s Superbrew Hard Seltzer<\/td><\/tr><\/tbody><\/table><\/figure>\n\n\n\n<h4 class=\"wp-block-heading\">&nbsp;<\/h4>\n\n\n\n<div style=\"height:100px\" aria-hidden=\"true\" class=\"wp-block-spacer\"><\/div>\n\n\n\n<div class=\"wp-block-columns is-layout-flex wp-container-core-columns-is-layout-9d6595d7 wp-block-columns-is-layout-flex\">\n<div class=\"wp-block-column is-layout-flow wp-block-column-is-layout-flow\" style=\"flex-basis:8.33%\"><\/div>\n\n\n\n<div class=\"wp-block-column is-layout-flow wp-block-column-is-layout-flow\">\n<div class=\"wp-block-columns is-layout-flex wp-container-core-columns-is-layout-9d6595d7 wp-block-columns-is-layout-flex\">\n<div class=\"wp-block-column is-vertically-aligned-center is-layout-flow wp-block-column-is-layout-flow\" style=\"flex-basis:40%\">\n<figure class=\"wp-block-image size-full is-style-rounded\"><img loading=\"lazy\" decoding=\"async\" width=\"400\" height=\"400\" src=\"https:\/\/coral.org\/wp-content\/uploads\/2021\/09\/Quote-4-Jay-Regan.jpg\" alt=\"\" class=\"wp-image-3942\"\/><\/figure>\n<\/div>\n\n\n\n<div class=\"wp-block-column is-vertically-aligned-center is-layout-flow wp-block-column-is-layout-flow\">\n<blockquote class=\"wp-block-quote is-layout-flow wp-block-quote-is-layout-flow\"><p><em>Eleg\u00ed CORAL porque, como buceador y empresario, me gusta que el enfoque de CORAL est\u00e9 respaldado por la ciencia. Centran sus iniciativas en los arrecifes y no en la administraci\u00f3n, y creo sinceramente que est\u00e1n centrados al 100% en la conservaci\u00f3n de los arrecifes de coral. Adem\u00e1s, trabajar con ellos ha sido f\u00e1cil y agradable.<\/em><\/p><cite>Jay Regan, Director General de Gili Sports y Miembro del Consejo de CORAL<\/cite><\/blockquote>\n<\/div>\n<\/div>\n<\/div>\n<\/div>\n\n\n\n<div style=\"height:100px\" aria-hidden=\"true\" class=\"wp-block-spacer\"><\/div>\n\n\n\n<h4 class=\"wp-block-heading\" id=\"donaciones-desde-el-lugar-de-trabajo-mas-de-1-000\">Donaciones desde el Lugar de Trabajo (m\u00e1s de $1,000)<\/h4>\n\n\n\n<figure class=\"wp-block-table\"><table class=\"has-fixed-layout\"><tbody><tr><td>Apple Matching Gifts Program<br>Google Matching Gifts Program<br>Jackson Healthcare<br>Johnson and Johnson<\/td><td>Local Independent Charities of America<br>Merck Foundation<br>Microsoft Matching Gifts Program<\/td><td>Pfizer Foundation Matching Gifts Program<br>UHG<br>Wonderful Giving<\/td><\/tr><\/tbody><\/table><\/figure>\n\n\n\n<div style=\"height:100px\" aria-hidden=\"true\" class=\"wp-block-spacer\"><\/div>\n\n\n\n<h4 class=\"wp-block-heading\" id=\"beneficiarios-de-tributos-mas-de-1-000\">Beneficiarios de Tributos (mas de $1,000)<\/h4>\n\n\n\n<figure class=\"wp-block-table\"><table class=\"has-fixed-layout\"><tbody><tr><td>Anthony Birdsey<br>John Byron Tanner and Rudolf Meck Hergenrother<br>Dr Jiulia Cambie<br>Garett G. Donnelly<br>Mark Epstein<\/td><td>Jon, Michelle, Carly, and Robin Green<br>Larry Haimovitch<br>James Handa<br>Monty Hemple<\/td><td>Masato Inoue<br>Lance Prince<br>Wendy and Hans Weber<br>Jessica Theresa White<\/td><\/tr><\/tbody><\/table><\/figure>\n\n\n\n<div style=\"height:100px\" aria-hidden=\"true\" class=\"wp-block-spacer\"><\/div>\n\n\n\n<div class=\"wp-block-columns is-layout-flex wp-container-core-columns-is-layout-9d6595d7 wp-block-columns-is-layout-flex\">\n<div class=\"wp-block-column is-layout-flow wp-block-column-is-layout-flow\" style=\"flex-basis:16.66%\"><\/div>\n\n\n\n<div class=\"wp-block-column is-layout-flow wp-block-column-is-layout-flow\">\n<figure class=\"wp-block-embed is-type-video is-provider-youtube wp-block-embed-youtube wp-embed-aspect-16-9 wp-has-aspect-ratio\"><div class=\"wp-block-embed__wrapper\">\n<iframe loading=\"lazy\" title=\"2020 Brought Hope for Coral Reefs\" width=\"500\" height=\"281\" src=\"https:\/\/www.youtube.com\/embed\/XxTvp-wm3ZA?feature=oembed\" frameborder=\"0\" allow=\"accelerometer; autoplay; clipboard-write; encrypted-media; gyroscope; picture-in-picture; web-share\" referrerpolicy=\"strict-origin-when-cross-origin\" allowfullscreen><\/iframe>\n<\/div><\/figure>\n<\/div>\n\n\n\n<div class=\"wp-block-column is-layout-flow wp-block-column-is-layout-flow\" style=\"flex-basis:16.66%\"><\/div>\n<\/div>\n","protected":false},"excerpt":{"rendered":"<p>Informe Anual 2020 El a\u00f1o pasado fue un a\u00f1o de evoluci\u00f3n: para todos nosotros, ya que aprendimos a navegar por una nueva y cambiante normalidad, y al igual que para los arrecifes de coral. As\u00ed como los arrecifes que nos esforzamos por proteger, hemos crecido, nos hemos adaptado y nos hemos superado. Con todo, a&hellip; <a href=\"https:\/\/coral.org\/es\/annual-report-2020\/\" class=\"more-link\">Sigue Leyendo &#8594;<\/a><\/p>\n","protected":false},"author":1,"featured_media":3929,"parent":0,"menu_order":3,"comment_status":"closed","ping_status":"closed","template":"","meta":{"_acf_changed":false,"inline_featured_image":false,"_genesis_hide_title":false,"_genesis_hide_breadcrumbs":false,"_genesis_hide_singular_image":false,"_genesis_hide_footer_widgets":false,"_genesis_custom_body_class":"","_genesis_custom_post_class":"","_genesis_layout":"","_genesis_transparent_header":false,"_genesis_hide_siblings_nav":false,"_genesis_hide_flyout":false,"_genesis_subtitle":"","_genesis_subheading":"","footnotes":""},"class_list":{"0":"post-3896","1":"page","2":"type-page","3":"status-publish","4":"has-post-thumbnail","6":"entry"},"acf":[],"template_part":"","featured_image_src":"https:\/\/static.coral.org\/uploads\/2021\/09\/coral-reef-alliance-placeholder-600x400.png","featured_image_src_square":"https:\/\/static.coral.org\/uploads\/2021\/09\/coral-reef-alliance-placeholder-600x600.png","_links":{"self":[{"href":"https:\/\/coral.org\/es\/wp-json\/wp\/v2\/pages\/3896","targetHints":{"allow":["GET"]}}],"collection":[{"href":"https:\/\/coral.org\/es\/wp-json\/wp\/v2\/pages"}],"about":[{"href":"https:\/\/coral.org\/es\/wp-json\/wp\/v2\/types\/page"}],"author":[{"embeddable":true,"href":"https:\/\/coral.org\/es\/wp-json\/wp\/v2\/users\/1"}],"replies":[{"embeddable":true,"href":"https:\/\/coral.org\/es\/wp-json\/wp\/v2\/comments?post=3896"}],"version-history":[{"count":0,"href":"https:\/\/coral.org\/es\/wp-json\/wp\/v2\/pages\/3896\/revisions"}],"wp:featuredmedia":[{"embeddable":true,"href":"https:\/\/coral.org\/es\/wp-json\/wp\/v2\/media\/3929"}],"wp:attachment":[{"href":"https:\/\/coral.org\/es\/wp-json\/wp\/v2\/media?parent=3896"}],"curies":[{"name":"wp","href":"https:\/\/api.w.org\/{rel}","templated":true}]}}