{"id":3900,"date":"2021-07-13T10:09:50","date_gmt":"2021-07-13T17:09:50","guid":{"rendered":"https:\/\/coral.org\/financial-information\/"},"modified":"2022-11-10T12:07:59","modified_gmt":"2022-11-10T20:07:59","slug":"financial-information","status":"publish","type":"page","link":"https:\/\/coral.org\/es\/acerca-de-nosotros\/financial-information\/","title":{"rendered":"Informaci\u00f3n Financiera"},"content":{"rendered":"\n<h2 class=\"has-text-align-center wp-block-heading\" id=\"coral-ha-obtenido-el-sello-de-oro-de-transparencia-de-guidestar-por-su-responsabilidad-fiscal\">CORAL ha obtenido el Sello de Oro de Transparencia de <a href=\"http:\/\/www.guidestar.org\/profile\/94-3211245\" target=\"_blank\" rel=\"noreferrer noopener\">GuideStar<\/a> por su responsabilidad fiscal.<\/h2>\n\n\n\n<div style=\"height:100px\" aria-hidden=\"true\" class=\"wp-block-spacer\"><\/div>\n\n\n\n<p class=\"has-normal-font-size\">Conoce mejor qui\u00e9nes somos y qu\u00e9 hacemos consultando nuestros \u00faltimos informes anuales. Cada informe detalla los principales logros del a\u00f1o y agradece a nuestros generosos colaboradores que hacen posible nuestros \u00e9xitos. Nuestra transparencia y s\u00f3lida gesti\u00f3n fiscal nos han hecho merecedores de una calificaci\u00f3n de cuatro estrellas de\u00a0<a href=\"https:\/\/www.charitynavigator.org\/index.cfm?bay=search.summary&amp;orgid=7456\" target=\"_blank\" rel=\"noreferrer noopener\">Charity Navigator<\/a>\u00a0y una certificaci\u00f3n de nivel Oro de\u00a0<a href=\"http:\/\/www.guidestar.org\/profile\/94-3211245\" target=\"_blank\" rel=\"noreferrer noopener\">GuideStar<\/a>.<\/p>\n\n\n\n<div style=\"height:100px\" aria-hidden=\"true\" class=\"wp-block-spacer is-style-small\"><\/div>\n\n\n\n<figure class=\"wp-block-table is-style-stripes\"><table><thead><tr><th>A\u00f1o<\/th><th>Informe Anual<\/th><th>Finanzas Auditadas<\/th><th>Formulario 990<\/th><\/tr><\/thead><tbody><tr><td>2021<\/td><td><a href=\"https:\/\/coral.org\/es\/acerca-de-nosotros\/informeanual\/\">Ver Informe Anual 2021<\/a><\/td><td><a href=\"https:\/\/coral.org\/wp-content\/uploads\/2022\/02\/CORAL-Audited-Financial-Statements-2020.pdf\" target=\"_blank\" rel=\"noreferrer noopener\">Ver Finanzas Auditadas del A\u00f1o Fiscal 2021<\/a><\/td><td><a href=\"https:\/\/coral.org\/wp-content\/uploads\/2022\/02\/2021-06-30-Coral-Reef-990-Public-Disclosure-Copy.pdf.pdf\" target=\"_blank\" rel=\"noreferrer noopener\">Ver Formulario 990 del A\u00f1o Fiscal 2021<\/a><\/td><\/tr><tr><td>2020<\/td><td><a href=\"https:\/\/coral.org\/es\/annual-report-2020\/\">Ver Informe Anual 2020<\/a><\/td><td><a href=\"https:\/\/coral.org\/wp-content\/uploads\/2022\/03\/FY20_Audited_Financial_Statements.pdf\">Ver Finanzas Auditadas del A\u00f1o Fiscal 2020<\/a><\/td><td><a href=\"https:\/\/coral.org\/wp-content\/uploads\/2022\/03\/990_FY_2020_Public.pdf\">Ver Formulario 990 del A\u00f1o Fiscal  2020<\/a><\/td><\/tr><tr><td>2019<\/td><td><a href=\"https:\/\/coral.org\/wp-content\/uploads\/2021\/09\/2019-Annual-Report.pdf\" target=\"_blank\" rel=\"noreferrer noopener\">Ver Informe Anual 2019<\/a> <\/td><td><a href=\"https:\/\/coral.org\/wp-content\/uploads\/2021\/09\/The-Coral-Reef-Alliance-Audited-Financial-Statements-June-30-2019.pdf\" target=\"_blank\" rel=\"noreferrer noopener\">Ver Finanzas Auditadas del A\u00f1o Fiscal  2019<\/a> <\/td><td><a href=\"https:\/\/coral.org\/wp-content\/uploads\/2021\/09\/990_FY_2019_Public.pdf\" target=\"_blank\" rel=\"noreferrer noopener\">Ver Formulario 990 del A\u00f1o Fiscal 2019<\/a><\/td><\/tr><tr><td>2018<\/td><td><a href=\"https:\/\/coral.org\/wp-content\/uploads\/2021\/09\/CORAL2018AnnualReport_final.pdf\" target=\"_blank\" rel=\"noreferrer noopener\">Ver Informe Anual 2018<\/a> <\/td><td><a href=\"https:\/\/coral.org\/wp-content\/uploads\/2021\/09\/CORAL_Audited_FinancesFY18.pdf\" target=\"_blank\" rel=\"noreferrer noopener\">Ver Finanzas Auditadas del A\u00f1o Fiscal  2018<\/a> <\/td><td><a href=\"https:\/\/coral.org\/wp-content\/uploads\/2021\/09\/2018-06-30-Coral-Reef-Form-990-Public-Disclosure-Copy.pdf\" target=\"_blank\" rel=\"noreferrer noopener\">Ver Formulario 990 del A\u00f1o Fiscal 2018<\/a><\/td><\/tr><tr><td>2017<\/td><td><a href=\"https:\/\/coral.org\/wp-content\/uploads\/2021\/09\/2017-Annual-Report.pdf\" target=\"_blank\" rel=\"noreferrer noopener\">Ver Informe Anual 2017<\/a> <\/td><td><a href=\"https:\/\/coral.org\/wp-content\/uploads\/2021\/09\/TheCoralReefAllianceAuditedFinancialStatementsJune30_2017.pdf\" target=\"_blank\" rel=\"noreferrer noopener\">Ver Finanzas Auditadas del A\u00f1o Fiscal  2017<\/a> <\/td><td><a href=\"https:\/\/coral.org\/wp-content\/uploads\/2021\/09\/CORAL_990_FY_2017_Public.pdf\" target=\"_blank\" rel=\"noreferrer noopener\">Ver Formulario 990 del A\u00f1o Fiscal  2017<\/a><\/td><\/tr><tr><td>2016<\/td><td><a href=\"https:\/\/coral.org\/wp-content\/uploads\/2021\/09\/2016_ANNUALREPORT_DIGITAL.pdf\" target=\"_blank\" rel=\"noreferrer noopener\">Ver Informe Anual 2016<\/a> <\/td><td><a href=\"https:\/\/coral.org\/wp-content\/uploads\/2022\/03\/FY16.pdf\">Ver Finanzas Auditadas del A\u00f1o Fiscal 2016<\/a><\/td><td><a href=\"https:\/\/coral.org\/wp-content\/uploads\/2022\/03\/fy16-990.pdf\">Ver Formulario 990 del A\u00f1o Fiscal  2016<\/a><\/td><\/tr><tr><td>2015<\/td><td><a href=\"https:\/\/coral.org\/wp-content\/uploads\/2021\/09\/2015_ANNUALREPORT_V10_FINAL.pdf\" target=\"_blank\" rel=\"noreferrer noopener\">Ver Informe Anual 2015<\/a> <\/td><td><a href=\"https:\/\/coral.org\/wp-content\/uploads\/2022\/03\/FY15.pdf\">Ver Finanzas Auditadas del A\u00f1o Fiscal 2015<\/a><\/td><td><a href=\"https:\/\/coral.org\/wp-content\/uploads\/2022\/03\/fy15-990.pdf\">Ver Formulario 990 del A\u00f1o Fiscal  2015<\/a><\/td><\/tr><tr><td>2014<\/td><td><a href=\"http:\/\/online.fliphtml5.com\/hgug\/gkoh\/#p=1\" target=\"_blank\" rel=\"noreferrer noopener\">Ver Informe Anual 2014<\/a><\/td><td><a href=\"https:\/\/coral.org\/wp-content\/uploads\/2022\/03\/FY14.pdf\">Ver Finanzas Auditadas del A\u00f1o Fiscal 2014<\/a><\/td><td><a href=\"https:\/\/coral.org\/wp-content\/uploads\/2022\/03\/fy-14-990-1.pdf\">Ver Formulario 990 del A\u00f1o Fiscal  2014<\/a><\/td><\/tr><tr><td>2013<\/td><td><a href=\"https:\/\/coral.org\/wp-content\/uploads\/2021\/09\/2013_AR_web.pdf\" target=\"_blank\" rel=\"noreferrer noopener\">Ver Informe Anual 2013<\/a> <\/td><td><a href=\"https:\/\/coral.org\/wp-content\/uploads\/2022\/03\/Fy13.pdf\">Ver Finanzas Auditadas del A\u00f1o Fiscal 2013<\/a><\/td><td><a href=\"https:\/\/coral.org\/wp-content\/uploads\/2022\/03\/fy13-990.pdf\">Ver Formulario 990 del A\u00f1o Fiscal  2013<\/a><\/td><\/tr><tr><td>2012<\/td><td><a href=\"https:\/\/coral.org\/wp-content\/uploads\/2021\/09\/2012_annual_report-web.pdf\" target=\"_blank\" rel=\"noreferrer noopener\">Ver Informe Anual 2012<\/a> <\/td><td><a href=\"https:\/\/coral.org\/wp-content\/uploads\/2022\/03\/fy12.pdf\">Ver Finanzas Auditadas del A\u00f1o Fiscal 2012<\/a><\/td><td><a href=\"https:\/\/coral.org\/wp-content\/uploads\/2022\/03\/fy12-990-1.pdf\">Ver Formulario 990 del A\u00f1o Fiscal  2012<\/a><\/td><\/tr><tr><td>2011<\/td><td><a href=\"https:\/\/coral.org\/wp-content\/uploads\/2021\/09\/2011AnnualReport.pdf\" target=\"_blank\" rel=\"noreferrer noopener\">Ver Informe Anual 2011<\/a> <\/td><td><a href=\"https:\/\/coral.org\/wp-content\/uploads\/2022\/03\/fy11.pdf\">Ver Finanzas Auditadas del A\u00f1o Fiscal 2011<\/a><\/td><td><a href=\"https:\/\/coral.org\/wp-content\/uploads\/2022\/03\/fy11-990-1.pdf\">Ver Formulario 990 del A\u00f1o Fiscal  2011<\/a><\/td><\/tr><tr><td>2010<\/td><td><a href=\"https:\/\/coral.org\/wp-content\/uploads\/2021\/09\/2010annualreport.pdf\" target=\"_blank\" rel=\"noreferrer noopener\">Ver Informe Anual 2010<\/a><\/td><td><a href=\"https:\/\/coral.org\/wp-content\/uploads\/2022\/03\/fy10-1.pdf\">Ver Finanzas Auditadas del A\u00f1o Fiscal 2010<\/a><\/td><td><a href=\"https:\/\/coral.org\/wp-content\/uploads\/2022\/03\/fy10-990-2.pdf\">Ver Formulario 990 del A\u00f1o Fiscal  2010<\/a><\/td><\/tr><\/tbody><\/table><\/figure>\n\n\n\n<div style=\"height:0px\" aria-hidden=\"true\" class=\"wp-block-spacer\"><\/div>\n\n\n\n<p><\/p>\n\n\n\n<div class=\"wp-block-columns is-layout-flex wp-container-core-columns-is-layout-9d6595d7 wp-block-columns-is-layout-flex\">\n<div class=\"wp-block-column is-layout-flow wp-block-column-is-layout-flow\">\n<figure class=\"wp-block-image aligncenter size-full is-resized\"><img loading=\"lazy\" decoding=\"async\" src=\"https:\/\/coral.org\/wp-content\/uploads\/2022\/03\/CropCompliance-Shield-R.png\" alt=\"\" class=\"wp-image-5612\" width=\"246\" height=\"190\"\/><\/figure>\n<\/div>\n\n\n\n<div class=\"wp-block-column is-layout-flow wp-block-column-is-layout-flow\">\n<div style=\"height:37px\" aria-hidden=\"true\" class=\"wp-block-spacer\"><\/div>\n\n\n\n<h4 class=\"has-text-align-center wp-block-heading\" id=\"tienes-preguntas\">\u00bfTienes preguntas?<\/h4>\n\n\n\n<p class=\"has-text-align-center\">Si deseas m\u00e1s informaci\u00f3n sobre nuestro trabajo o nuestra gesti\u00f3n fiscal, ponte en contacto con nosotros&nbsp;<a href=\"mailto:%20info@coral.org\">info@coral.org<\/a>.<\/p>\n<\/div>\n<\/div>\n\n\n\n<div style=\"height:100px\" aria-hidden=\"true\" class=\"wp-block-spacer is-style-huge\"><\/div>\n\n\n\n<div class=\"wp-block-columns is-layout-flex wp-container-core-columns-is-layout-9d6595d7 wp-block-columns-is-layout-flex\">\n<div class=\"wp-block-column is-layout-flow wp-block-column-is-layout-flow\" style=\"flex-basis:16.666%\"><\/div>\n\n\n\n<div class=\"wp-block-column is-layout-flow wp-block-column-is-layout-flow\">\n<h2 class=\"has-text-align-center wp-block-heading\" id=\"apoya-a-coral\">Apoya a CORAL<\/h2>\n\n\n\n<p class=\"has-text-align-center has-medium-font-size\">Nuestro trabajo para garantizar arrecifes saludables y comunidades resilientes no podr\u00eda suceder sin su apoyo.<\/p>\n\n\n\n<div style=\"height:100px\" aria-hidden=\"true\" class=\"wp-block-spacer is-style-small\"><\/div>\n\n\n\n<div class=\"wp-block-buttons is-content-justification-center is-layout-flex wp-container-core-buttons-is-layout-16018d1d wp-block-buttons-is-layout-flex\">\n<div class=\"wp-block-button\"><a class=\"wp-block-button__link\" href=\"https:\/\/coral.org\/es\/donar\/\">Donar<\/a><\/div>\n<\/div>\n<\/div>\n\n\n\n<div class=\"wp-block-column is-layout-flow wp-block-column-is-layout-flow\" style=\"flex-basis:16.666%\"><\/div>\n<\/div>\n","protected":false},"excerpt":{"rendered":"<p>CORAL ha obtenido el Sello de Oro de Transparencia de GuideStar por su responsabilidad fiscal. Conoce mejor qui\u00e9nes somos y qu\u00e9 hacemos consultando nuestros \u00faltimos informes anuales. Cada informe detalla los principales logros del a\u00f1o y agradece a nuestros generosos colaboradores que hacen posible nuestros \u00e9xitos. Nuestra transparencia y s\u00f3lida gesti\u00f3n fiscal nos han hecho&hellip; <a href=\"https:\/\/coral.org\/es\/acerca-de-nosotros\/financial-information\/\" class=\"more-link\">Sigue Leyendo &#8594;<\/a><\/p>\n","protected":false},"author":1,"featured_media":3929,"parent":4445,"menu_order":4,"comment_status":"closed","ping_status":"closed","template":"","meta":{"_acf_changed":false,"inline_featured_image":false,"_genesis_hide_title":false,"_genesis_hide_breadcrumbs":false,"_genesis_hide_singular_image":false,"_genesis_hide_footer_widgets":false,"_genesis_custom_body_class":"","_genesis_custom_post_class":"","_genesis_layout":"","_genesis_transparent_header":false,"_genesis_hide_siblings_nav":false,"_genesis_hide_flyout":false,"_genesis_subtitle":"","_genesis_subheading":"","footnotes":""},"class_list":{"0":"post-3900","1":"page","2":"type-page","3":"status-publish","4":"has-post-thumbnail","6":"entry"},"acf":[],"template_part":"","featured_image_src":"https:\/\/static.coral.org\/uploads\/2021\/09\/coral-reef-alliance-placeholder-600x400.png","featured_image_src_square":"https:\/\/static.coral.org\/uploads\/2021\/09\/coral-reef-alliance-placeholder-600x600.png","_links":{"self":[{"href":"https:\/\/coral.org\/es\/wp-json\/wp\/v2\/pages\/3900","targetHints":{"allow":["GET"]}}],"collection":[{"href":"https:\/\/coral.org\/es\/wp-json\/wp\/v2\/pages"}],"about":[{"href":"https:\/\/coral.org\/es\/wp-json\/wp\/v2\/types\/page"}],"author":[{"embeddable":true,"href":"https:\/\/coral.org\/es\/wp-json\/wp\/v2\/users\/1"}],"replies":[{"embeddable":true,"href":"https:\/\/coral.org\/es\/wp-json\/wp\/v2\/comments?post=3900"}],"version-history":[{"count":0,"href":"https:\/\/coral.org\/es\/wp-json\/wp\/v2\/pages\/3900\/revisions"}],"up":[{"embeddable":true,"href":"https:\/\/coral.org\/es\/wp-json\/wp\/v2\/pages\/4445"}],"wp:featuredmedia":[{"embeddable":true,"href":"https:\/\/coral.org\/es\/wp-json\/wp\/v2\/media\/3929"}],"wp:attachment":[{"href":"https:\/\/coral.org\/es\/wp-json\/wp\/v2\/media?parent=3900"}],"curies":[{"name":"wp","href":"https:\/\/api.w.org\/{rel}","templated":true}]}}