{"id":3902,"date":"2021-05-30T09:05:22","date_gmt":"2021-05-30T16:05:22","guid":{"rendered":"https:\/\/coral.org\/job-opportunities\/"},"modified":"2024-10-16T15:30:58","modified_gmt":"2024-10-16T22:30:58","slug":"job-opportunities","status":"publish","type":"page","link":"https:\/\/coral.org\/es\/job-opportunities\/","title":{"rendered":"Oportunidades de empleo"},"content":{"rendered":"\n<p>Se necesita una gran comunidad para llevar a cabo los esfuerzos de conservaci\u00f3n de CORAL en todo el mundo, y un equipo peque\u00f1o y eficiente y regiones de arrecifes de coral de todo el mundo para dirigirlos. Si te apasiona la conservaci\u00f3n de los oc\u00e9anos y crees en nuestra misi\u00f3n de salvar los arrecifes de coral del mundo, puede que haya un puesto para ti en CORAL. <\/p>\n\n<div style=\"color:#ddd\" class=\"wp-block-genesis-blocks-gb-spacer gb-block-spacer gb-divider-solid gb-divider-size-1\"><hr style=\"height:5px\"><\/div>\n\n<h3 class=\"wp-block-heading\" id=\"employment-opportunities\">Puestos disponibles<\/h3>\n\n<p class=\"has-medium-font-size\"><\/p>\n\n<ul class=\"wp-block-list\">\n<li class=\"has-medium-font-size\"><a href=\"https:\/\/coral.org\/es\/job-opportunities\/tecnico-de-servicio-de-campo-de-maui-nui\/\">T\u00e9cnico de servicio de campo de Maui Nui<\/a><\/li>\n<\/ul>\n\n<h4 class=\"wp-block-heading\" id=\"why-work-for-coral\">\u00bfPor qu\u00e9 trabajar para CORAL?<\/h4>\n\n<p>Dejaremos que nuestro personal hable por s\u00ed mismo de por qu\u00e9 unirse a la familia CORAL y dedicar su carrera a la conservaci\u00f3n de los arrecifes de coral es tan gratificante.<\/p>\n\n<figure class=\"wp-block-embed is-type-video is-provider-youtube wp-block-embed-youtube wp-embed-aspect-16-9 wp-has-aspect-ratio\"><div class=\"wp-block-embed__wrapper\">\n<iframe loading=\"lazy\" title=\"#CORALVoices: Meet Manuel Mejia\" width=\"500\" height=\"281\" src=\"https:\/\/www.youtube.com\/embed\/Ak5KdbkVQC8?feature=oembed\" frameborder=\"0\" allow=\"accelerometer; autoplay; clipboard-write; encrypted-media; gyroscope; picture-in-picture; web-share\" referrerpolicy=\"strict-origin-when-cross-origin\" allowfullscreen><\/iframe>\n<\/div><\/figure>\n","protected":false},"excerpt":{"rendered":"<p>Se necesita una gran comunidad para llevar a cabo los esfuerzos de conservaci\u00f3n de CORAL en todo el mundo, y un equipo peque\u00f1o y eficiente y regiones de arrecifes de coral de todo el mundo para dirigirlos. Si te apasiona la conservaci\u00f3n de los oc\u00e9anos y crees en nuestra misi\u00f3n de salvar los arrecifes de&hellip; <a href=\"https:\/\/coral.org\/es\/job-opportunities\/\" class=\"more-link\">Sigue Leyendo &#8594;<\/a><\/p>\n","protected":false},"author":1,"featured_media":1463,"parent":0,"menu_order":0,"comment_status":"closed","ping_status":"closed","template":"","meta":{"_acf_changed":false,"inline_featured_image":false,"_genesis_hide_title":false,"_genesis_hide_breadcrumbs":false,"_genesis_hide_singular_image":true,"_genesis_hide_footer_widgets":false,"_genesis_custom_body_class":"","_genesis_custom_post_class":"","_genesis_layout":"narrow-content","_genesis_transparent_header":false,"_genesis_hide_siblings_nav":false,"_genesis_hide_flyout":false,"_genesis_subtitle":"","_genesis_subheading":"","footnotes":""},"class_list":{"0":"post-3902","1":"page","2":"type-page","3":"status-publish","4":"has-post-thumbnail","6":"entry"},"acf":[],"template_part":"","featured_image_src":"https:\/\/static.coral.org\/uploads\/2021\/08\/global-conservation.jpg","featured_image_src_square":"https:\/\/static.coral.org\/uploads\/2021\/08\/global-conservation.jpg","_links":{"self":[{"href":"https:\/\/coral.org\/es\/wp-json\/wp\/v2\/pages\/3902","targetHints":{"allow":["GET"]}}],"collection":[{"href":"https:\/\/coral.org\/es\/wp-json\/wp\/v2\/pages"}],"about":[{"href":"https:\/\/coral.org\/es\/wp-json\/wp\/v2\/types\/page"}],"author":[{"embeddable":true,"href":"https:\/\/coral.org\/es\/wp-json\/wp\/v2\/users\/1"}],"replies":[{"embeddable":true,"href":"https:\/\/coral.org\/es\/wp-json\/wp\/v2\/comments?post=3902"}],"version-history":[{"count":0,"href":"https:\/\/coral.org\/es\/wp-json\/wp\/v2\/pages\/3902\/revisions"}],"wp:featuredmedia":[{"embeddable":true,"href":"https:\/\/coral.org\/es\/wp-json\/wp\/v2\/media\/1463"}],"wp:attachment":[{"href":"https:\/\/coral.org\/es\/wp-json\/wp\/v2\/media?parent=3902"}],"curies":[{"name":"wp","href":"https:\/\/api.w.org\/{rel}","templated":true}]}}