{"id":4216,"date":"2021-08-09T05:06:46","date_gmt":"2021-08-09T12:06:46","guid":{"rendered":"https:\/\/coral.org\/mesoamerican-region\/mexico\/"},"modified":"2021-10-16T07:18:40","modified_gmt":"2021-10-16T14:18:40","slug":"mexico","status":"publish","type":"page","link":"https:\/\/coral.org\/es\/donde-trabajamos\/mesoamerican-region\/mexico\/","title":{"rendered":"M\u00e9xico"},"content":{"rendered":"\n<div class=\"wp-block-columns is-layout-flex wp-container-core-columns-is-layout-9d6595d7 wp-block-columns-is-layout-flex\">\n<div class=\"wp-block-column is-layout-flow wp-block-column-is-layout-flow\" style=\"flex-basis:41.666%\">\n<figure class=\"wp-block-image size-full is-resized\"><img loading=\"lazy\" decoding=\"async\" src=\"https:\/\/coral.org\/wp-content\/uploads\/2021\/09\/coral-mexico-1.jpg\" alt=\"\" class=\"wp-image-3705\" width=\"440\" height=\"335\" srcset=\"https:\/\/static.coral.org\/uploads\/2021\/09\/coral-mexico-1.jpg 880w, https:\/\/static.coral.org\/uploads\/2021\/09\/coral-mexico-1-796x606.jpg 796w, https:\/\/static.coral.org\/uploads\/2021\/09\/coral-mexico-1-768x585.jpg 768w\" sizes=\"auto, (max-width: 440px) 100vw, 440px\" \/><\/figure>\n<\/div>\n\n\n\n<div class=\"wp-block-column is-layout-flow wp-block-column-is-layout-flow\">\n<h2 class=\"wp-block-heading\">Protecci\u00f3n de arrecifes y comunidades<\/h2>\n\n\n\n<p class=\"has-medium-font-size\">Los arrecifes de coral frente a las costas de M\u00e9xico son parte del <a href=\"https:\/\/coral.org\/es\/donde-trabajamos\/mesoamerican-region\/\">Arrecife Mesoamericano<\/a>, el segundo sistema de arrecifes de barrera m\u00e1s grande del mundo.<\/p>\n\n\n\n<p class=\"has-normal-font-size\">Millones de turistas visitan M\u00e9xico cada a\u00f1o, atra\u00eddos por su belleza y cultura. Pero estos turistas tambi\u00e9n ejercen una gran presi\u00f3n sobre los recursos naturales de M\u00e9xico, incluidos sus hermosos arrecifes de coral. Trabajamos con el gobierno y socios colaboradores en todo M\u00e9xico, y en lugares clave como <a href=\"https:\/\/coral.org\/es\/donde-trabajamos\/mesoamerican-region\/mexico\/cozumel\/\">Cozumel<\/a>, para construir comunidades resilientes y promover el monitoreo de la calidad del agua para mantener saludables los arrecifes de coral y las comunidades humanas.<\/p>\n<\/div>\n<\/div>\n\n\n\n<div style=\"height:100px\" aria-hidden=\"true\" class=\"wp-block-spacer is-style-large\"><\/div>\n\n\n\n<div class=\"wp-block-columns reverse-responsive is-layout-flex wp-container-core-columns-is-layout-9d6595d7 wp-block-columns-is-layout-flex\">\n<div class=\"wp-block-column is-layout-flow wp-block-column-is-layout-flow\">\n<h3 class=\"wp-block-heading\">Construyendo comunidades resilientes<\/h3>\n\n\n\n<p class=\"has-medium-font-size\">Nuestro trabajo en M\u00e9xico es un equilibrio entre la gesti\u00f3n eficaz de los recursos y las estrategias innovadoras para el turismo sostenible. Con m\u00e1s de 15 a\u00f1os de experiencia trabajando en la regi\u00f3n, nos enfocamos en:<\/p>\n\n\n\n<ul class=\"has-normal-font-size wp-block-list\"><li><em>Gesti\u00f3n de visitantes: <\/em>ayudar a los socios a establecer pautas para proteger y preservar las atracciones locales, realizar estudios de capacidad de carga e implementar las mejores pr\u00e1cticas de sostenibilidad<\/li><li><em>Protecci\u00f3n de recursos naturales y activos culturales: <\/em>protecci\u00f3n de los arrecifes de coral, la cultura local y los sitios hist\u00f3ricos y arqueol\u00f3gicos<\/li><li><em>Organizaciones de Gesti\u00f3n de Destinos (DMO por sus siglas en ingl\u00e9s): <\/em>creaci\u00f3n de una organizaci\u00f3n y protocolos unificados para destinos tur\u00edsticos populares que llevar\u00e1n a las partes interesadas clave a la mesa para convertirse en custodios de su destino.<\/li><li><em>Planificar e implementar soluciones de saneamiento: <\/em>Desarrollar proyectos que proporcionen financiamiento sostenible para la infraestructura de tratamiento de aguas residuales, respalden la reforma de pol\u00edticas y fomenten el di\u00e1logo regional.<\/li><\/ul>\n<\/div>\n\n\n\n<div class=\"wp-block-column is-layout-flow wp-block-column-is-layout-flow\" style=\"flex-basis:41.666%\">\n<div class=\"wp-block-image is-style-rounded\"><figure class=\"alignright size-full\"><img loading=\"lazy\" decoding=\"async\" width=\"400\" height=\"400\" src=\"https:\/\/coral.org\/wp-content\/uploads\/2021\/09\/Mexico.png\" alt=\"Boat leave the dock in Cozumel, Mexico.\" class=\"wp-image-4165\"\/><\/figure><\/div>\n<\/div>\n<\/div>\n\n\n\n<div style=\"height:100px\" aria-hidden=\"true\" class=\"wp-block-spacer is-style-large\"><\/div>\n\n\n\n<div class=\"wp-block-columns is-layout-flex wp-container-core-columns-is-layout-9d6595d7 wp-block-columns-is-layout-flex\">\n<div class=\"wp-block-column is-layout-flow wp-block-column-is-layout-flow\" style=\"flex-basis:12.5%\"><\/div>\n\n\n\n<div class=\"wp-block-column is-layout-flow wp-block-column-is-layout-flow\">\n<h2 class=\"has-text-align-center wp-block-heading\">Conozca m\u00e1s sobre nuestro programa de trabajo en M\u00e9xico.<\/h2>\n\n\n\n<div style=\"height:100px\" aria-hidden=\"true\" class=\"wp-block-spacer is-style-small\"><\/div>\n\n\n\n<div class=\"wp-block-buttons is-content-justification-center is-layout-flex wp-block-buttons-is-layout-flex\">\n<div class=\"wp-block-button\"><a class=\"wp-block-button__link has-blue-background-color has-background\" href=\"https:\/\/coral.org\/es\/donde-trabajamos\/mesoamerican-region\/mexico\/cozumel\/\">Cozumel<\/a><\/div>\n<\/div>\n<\/div>\n\n\n\n<div class=\"wp-block-column is-layout-flow wp-block-column-is-layout-flow\" style=\"flex-basis:12.5%\"><\/div>\n<\/div>\n","protected":false},"excerpt":{"rendered":"<p>Protecci\u00f3n de arrecifes y comunidades Los arrecifes de coral frente a las costas de M\u00e9xico son parte del Arrecife Mesoamericano, el segundo sistema de arrecifes de barrera m\u00e1s grande del mundo. Millones de turistas visitan M\u00e9xico cada a\u00f1o, atra\u00eddos por su belleza y cultura. Pero estos turistas tambi\u00e9n ejercen una gran presi\u00f3n sobre los recursos&hellip; <a href=\"https:\/\/coral.org\/es\/donde-trabajamos\/mesoamerican-region\/mexico\/\" class=\"more-link\">Sigue Leyendo &#8594;<\/a><\/p>\n","protected":false},"author":1,"featured_media":3704,"parent":4214,"menu_order":1,"comment_status":"closed","ping_status":"closed","template":"","meta":{"_acf_changed":false,"inline_featured_image":false,"_genesis_hide_title":false,"_genesis_hide_breadcrumbs":false,"_genesis_hide_singular_image":false,"_genesis_hide_footer_widgets":false,"_genesis_custom_body_class":"","_genesis_custom_post_class":"","_genesis_layout":"","_genesis_transparent_header":false,"_genesis_hide_siblings_nav":false,"_genesis_hide_flyout":false,"_genesis_subtitle":"","_genesis_subheading":"","footnotes":""},"class_list":{"0":"post-4216","1":"page","2":"type-page","3":"status-publish","4":"has-post-thumbnail","6":"entry"},"acf":[],"template_part":"","featured_image_src":"https:\/\/static.coral.org\/uploads\/2021\/09\/coral-mexico-hero-600x400.jpg","featured_image_src_square":"https:\/\/static.coral.org\/uploads\/2021\/09\/coral-mexico-hero-600x600.jpg","_links":{"self":[{"href":"https:\/\/coral.org\/es\/wp-json\/wp\/v2\/pages\/4216","targetHints":{"allow":["GET"]}}],"collection":[{"href":"https:\/\/coral.org\/es\/wp-json\/wp\/v2\/pages"}],"about":[{"href":"https:\/\/coral.org\/es\/wp-json\/wp\/v2\/types\/page"}],"author":[{"embeddable":true,"href":"https:\/\/coral.org\/es\/wp-json\/wp\/v2\/users\/1"}],"replies":[{"embeddable":true,"href":"https:\/\/coral.org\/es\/wp-json\/wp\/v2\/comments?post=4216"}],"version-history":[{"count":0,"href":"https:\/\/coral.org\/es\/wp-json\/wp\/v2\/pages\/4216\/revisions"}],"up":[{"embeddable":true,"href":"https:\/\/coral.org\/es\/wp-json\/wp\/v2\/pages\/4214"}],"wp:featuredmedia":[{"embeddable":true,"href":"https:\/\/coral.org\/es\/wp-json\/wp\/v2\/media\/3704"}],"wp:attachment":[{"href":"https:\/\/coral.org\/es\/wp-json\/wp\/v2\/media?parent=4216"}],"curies":[{"name":"wp","href":"https:\/\/api.w.org\/{rel}","templated":true}]}}