{"id":4347,"date":"2021-08-09T05:03:18","date_gmt":"2021-08-09T12:03:18","guid":{"rendered":"https:\/\/coral.org\/mesoamerican-region\/honduras\/"},"modified":"2021-10-16T07:17:57","modified_gmt":"2021-10-16T14:17:57","slug":"honduras","status":"publish","type":"page","link":"https:\/\/coral.org\/es\/donde-trabajamos\/mesoamerican-region\/honduras\/","title":{"rendered":"Honduras"},"content":{"rendered":"\n<div class=\"wp-block-columns is-layout-flex wp-container-core-columns-is-layout-9d6595d7 wp-block-columns-is-layout-flex\">\n<div class=\"wp-block-column is-layout-flow wp-block-column-is-layout-flow\" style=\"flex-basis:41.666%\">\n<figure class=\"wp-block-image size-full is-resized\"><img loading=\"lazy\" decoding=\"async\" src=\"https:\/\/coral.org\/wp-content\/uploads\/2021\/09\/0342_Coral-Reef-Allianze.jpg\" alt=\"\" class=\"wp-image-3498\" width=\"440\" height=\"318\" srcset=\"https:\/\/static.coral.org\/uploads\/2021\/09\/0342_Coral-Reef-Allianze.jpg 880w, https:\/\/static.coral.org\/uploads\/2021\/09\/0342_Coral-Reef-Allianze-796x575.jpg 796w, https:\/\/static.coral.org\/uploads\/2021\/09\/0342_Coral-Reef-Allianze-768x555.jpg 768w\" sizes=\"auto, (max-width: 440px) 100vw, 440px\" \/><figcaption>Photo credit: Antonio Busiello<\/figcaption><\/figure>\n<\/div>\n\n\n\n<div class=\"wp-block-column is-layout-flow wp-block-column-is-layout-flow\">\n<h2 class=\"wp-block-heading\">Rescatando los arrecifes locales<\/h2>\n\n\n\n<p class=\"has-medium-font-size\">Los arrecifes de coral de la costa caribe\u00f1a de Honduras son parte del sistema de\u00a0<a href=\"https:\/\/coral.org\/es\/donde-trabajamos\/mesoamerican-region\/\">Arrecifal Mesoamericano<\/a> m\u00e1s grande,\u00a0el segundo sistema de arrecifes de barrera m\u00e1s grande del mundo. Trabajamos profundamente con los municipios costeros, la industria pesquera, el gobierno nacional y los cient\u00edficos de Honduras para proteger estos arrecifes imprescindibles.<\/p>\n\n\n\n<p class=\"has-normal-font-size\">Nuestros programas y asociaciones relacionados con el&nbsp;<a href=\"https:\/\/coral.org\/es\/what-we-do\/local-engagement\/clean-water-for-reefs\/\">agua potable<\/a>, la&nbsp;<a href=\"https:\/\/coral.org\/es\/what-we-do\/local-engagement\/healthy-fisheries\/\">pesca saludable<\/a>&nbsp;y la&nbsp;<a href=\"https:\/\/coral.org\/es\/what-we-do\/local-engagement\/habitat-protection\/\">protecci\u00f3n del h\u00e1bitat<\/a>&nbsp;en Honduras han logrado reducir las aguas residuales, la sobre pesca y las enfermedades. Al abordar los factores sociales y econ\u00f3micos subyacentes, estamos creando con \u00e9xito modelos sostenibles y ampliables que se pueden replicar en toda la regi\u00f3n y alrededor el mundo.<\/p>\n<\/div>\n<\/div>\n\n\n\n<div style=\"height:100px\" aria-hidden=\"true\" class=\"wp-block-spacer is-style-large\"><\/div>\n\n\n\n<h3 class=\"has-text-align-center wp-block-heading\">Escalando victorias locales<\/h3>\n\n\n\n<hr class=\"wp-block-separator\"\/>\n\n\n\n<div class=\"wp-block-columns reverse-responsive is-layout-flex wp-container-core-columns-is-layout-9d6595d7 wp-block-columns-is-layout-flex\">\n<div class=\"wp-block-column is-layout-flow wp-block-column-is-layout-flow\">\n<h4 class=\"wp-block-heading\">Agua Limpia<\/h4>\n\n\n\n<p class=\"has-normal-font-size\">En todo Honduras, trabajamos con comunidades, organizaciones y gobiernos para mejorar la infraestructura de tratamiento de aguas residuales y mantener las aguas residuales fuera del oc\u00e9ano y de los arrecifes de coral. Cuando las aguas residuales ingresan al medio marino, no solo representan un riesgo para la salud de los humanos, sino que tambi\u00e9n aportan nutrientes que estimulan el crecimiento de las algas. Si no se controla, las algas pueden sobreponerse r\u00e1pidamente a un arrecife de coral y expulsar a los corales. En West End, Roat\u00e1n, nuestro apoyo result\u00f3 en reducciones medibles de bacterias fecales y enfermedades de los corales en aguas cercanas a la costa. Ahora trabajamos con comunidades en West Bay y Coxen Hole en Roat\u00e1n para promover las mejores pr\u00e1cticas y apoyar las iniciativas de tratamiento de aguas residuales y replicar el \u00e9xito comprobado en West End. Tambi\u00e9n ayudamos a nuestro socio, Bay Islands Conservation Association Roatan, a establecer el \u00fanico laboratorio de pruebas de calidad del agua en las Islas de la Bah\u00eda y estamos trabajando en toda la regi\u00f3n para establecer un programa integral de monitoreo de la calidad del agua.<\/p>\n<\/div>\n\n\n\n<div class=\"wp-block-column is-layout-flow wp-block-column-is-layout-flow\" style=\"flex-basis:41.666%\">\n<div class=\"wp-block-image is-style-rounded\"><figure class=\"alignright size-full\"><img loading=\"lazy\" decoding=\"async\" width=\"500\" height=\"500\" src=\"https:\/\/coral.org\/wp-content\/uploads\/2021\/09\/BICA-water-testing.png\" alt=\"\" class=\"wp-image-4109\"\/><figcaption>Foto: Antonio Busiello<\/figcaption><\/figure><\/div>\n<\/div>\n<\/div>\n\n\n\n<div style=\"height:100px\" aria-hidden=\"true\" class=\"wp-block-spacer is-style-large\"><\/div>\n\n\n\n<div class=\"wp-block-columns is-layout-flex wp-container-core-columns-is-layout-9d6595d7 wp-block-columns-is-layout-flex\">\n<div class=\"wp-block-column is-layout-flow wp-block-column-is-layout-flow\" style=\"flex-basis:41.666%\">\n<figure class=\"wp-block-image size-full is-resized\"><img loading=\"lazy\" decoding=\"async\" src=\"https:\/\/coral.org\/wp-content\/uploads\/2021\/09\/coral-honduras-2-1.jpg\" alt=\"\" class=\"wp-image-3599\" width=\"440\" height=\"443\" srcset=\"https:\/\/static.coral.org\/uploads\/2021\/09\/coral-honduras-2-1.jpg 880w, https:\/\/static.coral.org\/uploads\/2021\/09\/coral-honduras-2-1-792x796.jpg 792w, https:\/\/static.coral.org\/uploads\/2021\/09\/coral-honduras-2-1-768x772.jpg 768w\" sizes=\"auto, (max-width: 440px) 100vw, 440px\" \/><figcaption> Photo credit: Antonio Busiello <\/figcaption><\/figure>\n<\/div>\n\n\n\n<div class=\"wp-block-column is-layout-flow wp-block-column-is-layout-flow\">\n<h4 class=\"wp-block-heading\">Pesquer\u00edas Saludables<\/h4>\n\n\n\n<p class=\"has-normal-font-size\">La sobre pesca es una amenaza omnipresente para el Sistema Arrecifal Mesoamericano (SAM), una que estamos trabajando para abordarlo en estrecha colaboraci\u00f3n con nuestros asociados. Los peces herb\u00edvoros del SAM ayudan a controlar el crecimiento de algas tales como las algas; pero cuando la gente pesca en exceso en esta regi\u00f3n, ya sea para comer o para el comercio de acuarios, el equilibrio total del ecosistema se ve amenazado. Sin herb\u00edvoros, las macroalgas crecen sin control, eventualmente superando a los corales por el espacio y asfixiando los arrecifes de coral. Aunque gran parte de las barreras de arrecifes a lo largo de la costa hondure\u00f1a est\u00e1n contenidas dentro de una red de \u00e1reas marinas protegidas (AMP), muchas de estas AMP son simplemente \u00abparques de papel\u00bb, lo que significa que la legislaci\u00f3n protectora para ellos existe en el papel, pero no se hace cumplir en el mundo real. Trabajamos con organizaciones locales, gobiernos y miembros de la comunidad para crear planes de gesti\u00f3n basados en la ciencia y hacer cumplir las regulaciones dentro de la red de AMP de Honduras, y para construir nuevas AMP que ayuden a llenar los vac\u00edos de gesti\u00f3n. Tambi\u00e9n nos asociamos con comunidades que dependen de la pesca para obtener ingresos en desarrollar programas de diversificaci\u00f3n de ingresos que sean tanto ambiental como econ\u00f3micamente sostenibles.<\/p>\n\n\n\n<p class=\"has-normal-font-size\">Hemos implementado sistemas de gesti\u00f3n mejorados para numerosas \u00c1reas Marinas Protegidas en&nbsp;<a href=\"https:\/\/coral.org\/es\/where-we-work\/mesoamerican-region\/honduras\/roatan\/\">Roat\u00e1n<\/a>,&nbsp;<a href=\"https:\/\/coral.org\/es\/where-we-work\/mesoamerican-region\/honduras\/utila\/\">Utila<\/a>, Guanaja,&nbsp;<a href=\"https:\/\/coral.org\/es\/where-we-work\/mesoamerican-region\/honduras\/trujillo\/\">Trujillo<\/a>&nbsp;y la&nbsp;<a href=\"https:\/\/coral.org\/es\/where-we-work\/mesoamerican-region\/honduras\/tela\/\">Bah\u00eda de Tela<\/a>.&nbsp;<em>Nuestra intenci\u00f3n, y gran visi\u00f3n para Honduras, es conectar todas las AMPs de la Costa Norte en un corredor biol\u00f3gico cohesivo y regionalmente integrado que protege la vida silvestre a lo largo de toda la costa caribe\u00f1a hondure\u00f1a.<\/em><\/p>\n<\/div>\n<\/div>\n\n\n\n<div style=\"height:100px\" aria-hidden=\"true\" class=\"wp-block-spacer is-style-large\"><\/div>\n\n\n\n<div class=\"wp-block-columns reverse-responsive is-layout-flex wp-container-core-columns-is-layout-9d6595d7 wp-block-columns-is-layout-flex\">\n<div class=\"wp-block-column is-layout-flow wp-block-column-is-layout-flow\">\n<h4 class=\"wp-block-heading\">Protecci\u00f3n del H\u00e1bitat<\/h4>\n\n\n\n<p class=\"has-normal-font-size\">La costa caribe\u00f1a de Honduras es un destino tur\u00edstico de moda. En un a\u00f1o t\u00edpico, la isla de Roat\u00e1n atrae aproximadamente a 1.9 millones de visitantes. La mayor\u00eda de estos visitantes vienen a disfrutar de las playas y del agua azul cristalina, pero la industria del turismo pone mucha presi\u00f3n sobre los arrecifes de coral que hacen que el destino sea tan deseable. Trabajamos con nuestros socios para construir una cultura de gesti\u00f3n ambiental dentro de la industria del turismo y asegurarnos de que los ingresos del turismo financien los esfuerzos de gesti\u00f3n de los recursos naturales. Tambi\u00e9n ayudamos a los miembros de la comunidad local a encontrar formas sostenibles de beneficiarse de los ingresos del turismo y proteger sus arrecifes de coral. Por ejemplo, generamos oportunidades para que se conviertan en operadores tur\u00edsticos y maestros de buceo al apoyar programas como Protect our Pride en Roat\u00e1n, Reef Leaders en Utila y Protectores del Oc\u00e9ano en Guanaja.<\/p>\n<\/div>\n\n\n\n<div class=\"wp-block-column is-layout-flow wp-block-column-is-layout-flow\" style=\"flex-basis:41.666%\">\n<div class=\"wp-block-image\"><figure class=\"alignright size-full is-resized\"><img loading=\"lazy\" decoding=\"async\" src=\"https:\/\/coral.org\/wp-content\/uploads\/2021\/09\/coral-honduras-3.jpg\" alt=\"\" class=\"wp-image-3597\" width=\"440\" height=\"357\" srcset=\"https:\/\/static.coral.org\/uploads\/2021\/09\/coral-honduras-3.jpg 880w, https:\/\/static.coral.org\/uploads\/2021\/09\/coral-honduras-3-796x645.jpg 796w, https:\/\/static.coral.org\/uploads\/2021\/09\/coral-honduras-3-768x622.jpg 768w\" sizes=\"auto, (max-width: 440px) 100vw, 440px\" \/><figcaption> Foto: Antonio Busiello <\/figcaption><\/figure><\/div>\n<\/div>\n<\/div>\n\n\n\n<div style=\"height:100px\" aria-hidden=\"true\" class=\"wp-block-spacer is-style-large\"><\/div>\n\n\n\n<div class=\"wp-block-columns is-layout-flex wp-container-core-columns-is-layout-9d6595d7 wp-block-columns-is-layout-flex\">\n<div class=\"wp-block-column is-layout-flow wp-block-column-is-layout-flow\" style=\"flex-basis:12.5%\"><\/div>\n\n\n\n<div class=\"wp-block-column is-layout-flow wp-block-column-is-layout-flow\">\n<h2 class=\"has-text-align-center wp-block-heading\">Obtenga m\u00e1s informaci\u00f3n sobre el trabajo de nuestro programa en todo Honduras.<\/h2>\n\n\n\n<div style=\"height:100px\" aria-hidden=\"true\" class=\"wp-block-spacer is-style-small\"><\/div>\n\n\n\n<div class=\"wp-block-buttons is-content-justification-center is-layout-flex wp-block-buttons-is-layout-flex\">\n<div class=\"wp-block-button\"><a class=\"wp-block-button__link has-blue-background-color has-background\" href=\"https:\/\/coral.org\/es\/where-we-work\/mesoamerican-region\/honduras\/trujillo\/\">Trujillo<\/a><\/div>\n\n\n\n<div class=\"wp-block-button\"><a class=\"wp-block-button__link has-blue-background-color has-background\" href=\"https:\/\/coral.org\/es\/where-we-work\/mesoamerican-region\/honduras\/tela\/\">Tela<\/a><\/div>\n\n\n\n<div class=\"wp-block-button\"><a class=\"wp-block-button__link has-blue-background-color has-background\" href=\"https:\/\/coral.org\/es\/where-we-work\/mesoamerican-region\/honduras\/roatan\/\">Roat\u00e1n<\/a><\/div>\n\n\n\n<div class=\"wp-block-button\"><a class=\"wp-block-button__link has-blue-background-color has-background\" href=\"https:\/\/coral.org\/es\/where-we-work\/mesoamerican-region\/honduras\/utila\/\">Utila<\/a><\/div>\n<\/div>\n<\/div>\n\n\n\n<div class=\"wp-block-column is-layout-flow wp-block-column-is-layout-flow\" style=\"flex-basis:12.5%\"><\/div>\n<\/div>\n","protected":false},"excerpt":{"rendered":"<p>Rescatando los arrecifes locales Los arrecifes de coral de la costa caribe\u00f1a de Honduras son parte del sistema de\u00a0Arrecifal Mesoamericano m\u00e1s grande,\u00a0el segundo sistema de arrecifes de barrera m\u00e1s grande del mundo. Trabajamos profundamente con los municipios costeros, la industria pesquera, el gobierno nacional y los cient\u00edficos de Honduras para proteger estos arrecifes imprescindibles. Nuestros&hellip; <a href=\"https:\/\/coral.org\/es\/donde-trabajamos\/mesoamerican-region\/honduras\/\" class=\"more-link\">Sigue Leyendo &#8594;<\/a><\/p>\n","protected":false},"author":1,"featured_media":4565,"parent":4214,"menu_order":0,"comment_status":"closed","ping_status":"closed","template":"","meta":{"_acf_changed":false,"inline_featured_image":false,"_genesis_hide_title":false,"_genesis_hide_breadcrumbs":false,"_genesis_hide_singular_image":false,"_genesis_hide_footer_widgets":false,"_genesis_custom_body_class":"","_genesis_custom_post_class":"","_genesis_layout":"","_genesis_transparent_header":false,"_genesis_hide_siblings_nav":false,"_genesis_hide_flyout":false,"_genesis_subtitle":"","_genesis_subheading":"","footnotes":""},"class_list":{"0":"post-4347","1":"page","2":"type-page","3":"status-publish","4":"has-post-thumbnail","6":"entry"},"acf":[],"template_part":"","featured_image_src":"https:\/\/static.coral.org\/uploads\/2021\/10\/alisa-matthews-6HaB7Wni9_k-unsplash-600x400.jpg","featured_image_src_square":"https:\/\/static.coral.org\/uploads\/2021\/10\/alisa-matthews-6HaB7Wni9_k-unsplash-600x600.jpg","_links":{"self":[{"href":"https:\/\/coral.org\/es\/wp-json\/wp\/v2\/pages\/4347","targetHints":{"allow":["GET"]}}],"collection":[{"href":"https:\/\/coral.org\/es\/wp-json\/wp\/v2\/pages"}],"about":[{"href":"https:\/\/coral.org\/es\/wp-json\/wp\/v2\/types\/page"}],"author":[{"embeddable":true,"href":"https:\/\/coral.org\/es\/wp-json\/wp\/v2\/users\/1"}],"replies":[{"embeddable":true,"href":"https:\/\/coral.org\/es\/wp-json\/wp\/v2\/comments?post=4347"}],"version-history":[{"count":0,"href":"https:\/\/coral.org\/es\/wp-json\/wp\/v2\/pages\/4347\/revisions"}],"up":[{"embeddable":true,"href":"https:\/\/coral.org\/es\/wp-json\/wp\/v2\/pages\/4214"}],"wp:featuredmedia":[{"embeddable":true,"href":"https:\/\/coral.org\/es\/wp-json\/wp\/v2\/media\/4565"}],"wp:attachment":[{"href":"https:\/\/coral.org\/es\/wp-json\/wp\/v2\/media?parent=4347"}],"curies":[{"name":"wp","href":"https:\/\/api.w.org\/{rel}","templated":true}]}}