{"id":4356,"date":"2021-08-09T05:05:57","date_gmt":"2021-08-09T12:05:57","guid":{"rendered":"https:\/\/coral.org\/mesoamerican-region\/honduras\/utila\/"},"modified":"2021-10-15T06:45:25","modified_gmt":"2021-10-15T13:45:25","slug":"utila","status":"publish","type":"page","link":"https:\/\/coral.org\/es\/donde-trabajamos\/mesoamerican-region\/honduras\/utila\/","title":{"rendered":"Utila"},"content":{"rendered":"\n<div class=\"wp-block-columns is-layout-flex wp-container-core-columns-is-layout-9d6595d7 wp-block-columns-is-layout-flex\">\n<div class=\"wp-block-column is-layout-flow wp-block-column-is-layout-flow\" style=\"flex-basis:41.666%\">\n<figure class=\"wp-block-image size-full is-style-rounded\"><img loading=\"lazy\" decoding=\"async\" width=\"400\" height=\"400\" src=\"https:\/\/coral.org\/wp-content\/uploads\/2021\/09\/Utila.png\" alt=\"\" class=\"wp-image-4163\"\/><\/figure>\n<\/div>\n\n\n\n<div class=\"wp-block-column is-layout-flow wp-block-column-is-layout-flow\">\n<h2 class=\"wp-block-heading\">Arrecifes de Coral de Utila<\/h2>\n\n\n\n<p class=\"has-normal-font-size\">Los arrecifes de coral de Utila mantienen a aproximadamente 8,500 personas con alimentos e ingresos. El arrecife de coral cercano a la costa es un arrecife costero. Los arrecifes costeros son el tipo de arrecife m\u00e1s com\u00fan y ayudan a proteger las costas de las olas y las tormentas, incluida la costa a lo largo de Utila.&nbsp;<\/p>\n\n\n\n<p class=\"has-normal-font-size\">En Utila, muchos miembros de la comunidad dependen de la pesca como fuente principal de alimentos e ingresos. Estas pesquer\u00edas dependen de arrecifes de coral saludables y, de la misma manera, los arrecifes de coral dependen de pesquer\u00edas saludables, pero a lo largo de los a\u00f1os, las poblaciones de peces han disminuido debido a la sobre pesca. Los arrecifes de coral de Utila tambi\u00e9n atraen a muchos buzos a la isla y generan ingresos tur\u00edsticos muy necesarios, pero el turismo insostenible tambi\u00e9n amenaza la salud de los arrecifes de coral de Utila.<\/p>\n\n\n\n<p class=\"has-normal-font-size\">Finalmente, la mala calidad del agua representa una seria amenaza tanto para los arrecifes de coral de Utila como para la salud humana. El tratamiento inadecuado de las aguas residuales significa que las aguas residuales se filtran al medio marino, acarreando bacterias y nutrientes da\u00f1inos.<\/p>\n<\/div>\n<\/div>\n\n\n\n<div style=\"height:100px\" aria-hidden=\"true\" class=\"wp-block-spacer is-style-large\"><\/div>\n\n\n\n<div class=\"wp-block-columns is-layout-flex wp-container-core-columns-is-layout-9d6595d7 wp-block-columns-is-layout-flex\">\n<div class=\"wp-block-column is-vertically-aligned-center is-layout-flow wp-block-column-is-layout-flow\">\n<h2 class=\"wp-block-heading\">Nuestro Trabajo<\/h2>\n\n\n\n<p class=\"has-normal-font-size\">Nuestro papel en Utila es ser un unificador, un socio, un financiador y un defensor de los problemas de los arrecifes de coral. Desde 2011, nos hemos asociado con la Asociaci\u00f3n de Conservaci\u00f3n de las Islas de la Bah\u00eda (BICA) de Utila y otras organizaciones locales. Nuestro objetivo es garantizar el \u00e9xito de sus esfuerzos para proteger sus arrecifes de coral.&nbsp;<\/p>\n\n\n\n<p class=\"has-normal-font-size\">Patrocinamos un programa de monitoreo de la calidad del agua a trav\u00e9s de BICA-Utila y hemos ayudado a la sucursal de BICA en Roat\u00e1n a construir el \u00fanico laboratorio de pruebas de calidad del agua en las Islas de la Bah\u00eda. Los resultados proporcionan una mejor comprensi\u00f3n de lo que hay en el agua costera de Utila, lo que permite a nuestros socios tomar medidas m\u00e1s contundentes para abordar la contaminaci\u00f3n.&nbsp;<\/p>\n\n\n\n<p class=\"has-normal-font-size\">Utila es parte del Parque Marino Nacional de las Islas de la Bah\u00eda (BINMP por sus siglas en ingl\u00e9s) y sus recursos naturales, incluidos sus arrecifes de coral, son administrados por un comit\u00e9 de partes interesadas locales y organizaciones locales como la Asociaci\u00f3n de Conservaci\u00f3n de las Islas de la Bah\u00eda (BICA). Estamos trabajando con estos socios para ayudar a establecer un programa de patrulla y gesti\u00f3n eficaz para garantizar que se cumplan las regulaciones de BINMP y que los arrecifes de coral est\u00e9n protegidos.<\/p>\n<\/div>\n\n\n\n<div class=\"wp-block-column is-vertically-aligned-center is-layout-flow wp-block-column-is-layout-flow\" style=\"flex-basis:41.66%\">\n<div class=\"wp-block-image\"><figure class=\"alignright size-full\"><img loading=\"lazy\" decoding=\"async\" width=\"880\" height=\"585\" src=\"https:\/\/coral.org\/wp-content\/uploads\/2021\/09\/DSC_0518.jpg\" alt=\"\" class=\"wp-image-3491\" srcset=\"https:\/\/static.coral.org\/uploads\/2021\/09\/DSC_0518.jpg 880w, https:\/\/static.coral.org\/uploads\/2021\/09\/DSC_0518-796x529.jpg 796w, https:\/\/static.coral.org\/uploads\/2021\/09\/DSC_0518-768x511.jpg 768w, https:\/\/static.coral.org\/uploads\/2021\/09\/DSC_0518-600x400.jpg 600w\" sizes=\"auto, (max-width: 880px) 100vw, 880px\" \/><\/figure><\/div>\n<\/div>\n<\/div>\n\n\n\n<div style=\"height:100px\" aria-hidden=\"true\" class=\"wp-block-spacer is-style-large\"><\/div>\n\n\n\n<div class=\"wp-block-columns is-layout-flex wp-container-core-columns-is-layout-9d6595d7 wp-block-columns-is-layout-flex\">\n<div class=\"wp-block-column is-vertically-aligned-center is-layout-flow wp-block-column-is-layout-flow\" style=\"flex-basis:41.666%\">\n<div class=\"wp-block-image\"><figure class=\"aligncenter size-full is-resized\"><img loading=\"lazy\" decoding=\"async\" src=\"https:\/\/coral.org\/wp-content\/uploads\/2021\/09\/DSC_0467.jpg\" alt=\"\" class=\"wp-image-3488\" width=\"440\" height=\"338\" srcset=\"https:\/\/static.coral.org\/uploads\/2021\/09\/DSC_0467.jpg 880w, https:\/\/static.coral.org\/uploads\/2021\/09\/DSC_0467-796x611.jpg 796w, https:\/\/static.coral.org\/uploads\/2021\/09\/DSC_0467-768x589.jpg 768w\" sizes=\"auto, (max-width: 440px) 100vw, 440px\" \/><\/figure><\/div>\n<\/div>\n\n\n\n<div class=\"wp-block-column is-vertically-aligned-center is-layout-flow wp-block-column-is-layout-flow\">\n<h2 class=\"wp-block-heading\">Participa<\/h2>\n\n\n\n<p class=\"has-medium-font-size\">Si eres residente de Utila y deseas participar m\u00e1s en la protecci\u00f3n de los arrecifes de coral, comun\u00edcate con&nbsp;<a href=\"mailto:%20portega@coral.org\">Pamela Ortega<\/a>&nbsp;o la&nbsp;<a href=\"https:\/\/bicainc.org\/\" target=\"_blank\" rel=\"noreferrer noopener\">Asociaci\u00f3n de Conservaci\u00f3n de las Islas de la Bah\u00eda<\/a>.<\/p>\n<\/div>\n<\/div>\n\n\n\n<div style=\"height:100px\" aria-hidden=\"true\" class=\"wp-block-spacer is-style-large\"><\/div>\n\n\n\n<h5 class=\"has-text-align-center is-style-separator wp-block-heading\">Noticias Recientes<\/h5>\n\n\n\n<div style=\"height:100px\" aria-hidden=\"true\" class=\"wp-block-spacer\"><\/div>\n\n\n\n<div class=\"wp-block-query is-layout-flow wp-block-query-is-layout-flow\" data-paged=\"1\" data-attrs=\"{&quot;blockName&quot;:&quot;core\\\/query&quot;,&quot;attrs&quot;:{&quot;queryId&quot;:13,&quot;query&quot;:{&quot;perPage&quot;:3,&quot;pages&quot;:0,&quot;offset&quot;:0,&quot;postType&quot;:&quot;post&quot;,&quot;categoryIds&quot;:[],&quot;tagIds&quot;:[276],&quot;order&quot;:&quot;desc&quot;,&quot;orderBy&quot;:&quot;date&quot;,&quot;author&quot;:&quot;&quot;,&quot;search&quot;:&quot;&quot;,&quot;exclude&quot;:[],&quot;sticky&quot;:&quot;&quot;,&quot;inherit&quot;:false},&quot;displayLayout&quot;:{&quot;type&quot;:&quot;flex&quot;,&quot;columns&quot;:3}},&quot;innerBlocks&quot;:[{&quot;blockName&quot;:&quot;core\\\/post-template&quot;,&quot;attrs&quot;:[],&quot;innerBlocks&quot;:[{&quot;blockName&quot;:&quot;wpbtp\\\/template-part&quot;,&quot;attrs&quot;:{&quot;templatePart&quot;:&quot;template-parts\\\/content-post&quot;},&quot;innerBlocks&quot;:[],&quot;innerHTML&quot;:&quot;&quot;,&quot;innerContent&quot;:[]}],&quot;innerHTML&quot;:&quot;\\n\\n&quot;,&quot;innerContent&quot;:[&quot;\\n&quot;,null,&quot;\\n&quot;]}],&quot;innerHTML&quot;:&quot;\\n&lt;div class=\\&quot;wp-block-query\\&quot;&gt;&lt;\\\/div&gt;\\n&quot;,&quot;innerContent&quot;:[&quot;\\n&lt;div class=\\&quot;wp-block-query\\&quot;&gt;&quot;,null,&quot;&lt;\\\/div&gt;\\n&quot;]}\"><div class=\"is-flex-container columns-3 wp-block-post-template is-layout-flow wp-block-post-template-is-layout-flow\"><div class=\"wp-block-post post-3504 post type-post status-publish format-standard has-post-thumbnail category-local-news-es tag-announcements tag-honduras tag-mesoamerican tag-regional tag-roatan tag-utila entry\">\n<div class=\"wp-block-wpbtp-template-part is-layout-flow wp-block-post-template-is-layout-flow\">\n<article class=\"article article-post post-3504 post type-post status-publish format-standard has-post-thumbnail category-local-news-es tag-announcements tag-honduras tag-mesoamerican tag-regional tag-roatan tag-utila entry\">\n\t<div class=\"entry-image\">\n\t\t<a href=\"https:\/\/coral.org\/es\/blog\/detectada-la-enfermedad-de-perdida-de-tejido-de-coral-duro-en-honduras-que-significa-esto-2\/\">\n\t\t\t<img loading=\"lazy\" decoding=\"async\" width=\"740\" height=\"560\" src=\"https:\/\/static.coral.org\/uploads\/2021\/08\/BICA-Team-Photo-740x560.png\" class=\"attachment-preview size-preview wp-post-image\" alt=\"\" \/>\t\t<\/a>\n\t<\/div>\n\t<div class=\"entry-meta\">\n\t\t<ul class=\"post-categories\">\n\t<li><a href=\"https:\/\/coral.org\/es\/blog\/category\/local-news-es\/\" rel=\"category tag\">Noticias Locales<\/a><\/li><\/ul>\t<\/div>\n\t<div class=\"entry-body\">\n\t\t<h2 class=\"entry-title\"><a href=\"https:\/\/coral.org\/es\/blog\/detectada-la-enfermedad-de-perdida-de-tejido-de-coral-duro-en-honduras-que-significa-esto-2\/\" class=\"entry-title-link\">Detectada la Enfermedad de P\u00e9rdida de Tejido en Corales Duros en Honduras &#8211; \u00bfQu\u00e9 Significa Esto?<\/a><\/h2>\t\t<p>Mientras la pandemia de coronavirus se extend\u00eda por todo el mundo, una enfermedad destructiva tambi\u00e9n estaba causando estragos bajo el agua en los arrecifes de coral: la enfermedad de p\u00e9rdida de tejido en corales duros.\u00a0 Esta enfermedad de r\u00e1pida propagaci\u00f3n, que puede matar r\u00e1pidamente grandes franjas de coral si no se trata, se descubri\u00f3 recientemente&hellip; <a href=\"https:\/\/coral.org\/es\/blog\/detectada-la-enfermedad-de-perdida-de-tejido-de-coral-duro-en-honduras-que-significa-esto-2\/\" class=\"more-link\">Sigue Leyendo &#8594;<\/a><\/p>\n\t<\/div>\n<\/article>\n<\/div>\n<\/div><\/div><\/div>\n\n\n\n<div style=\"height:100px\" aria-hidden=\"true\" class=\"wp-block-spacer is-style-large\"><\/div>\n\n\n\n<h5 class=\"has-text-align-center is-style-separator wp-block-heading\">Recursos<\/h5>\n\n\n\n<div style=\"height:100px\" aria-hidden=\"true\" class=\"wp-block-spacer\"><\/div>\n\n\n\n<div class=\"wp-block-query is-layout-flow wp-block-query-is-layout-flow\" data-paged=\"1\" data-attrs=\"{&quot;blockName&quot;:&quot;core\\\/query&quot;,&quot;attrs&quot;:{&quot;queryId&quot;:13,&quot;query&quot;:{&quot;perPage&quot;:&quot;4&quot;,&quot;pages&quot;:0,&quot;offset&quot;:0,&quot;postType&quot;:&quot;resource&quot;,&quot;categoryIds&quot;:[],&quot;tagIds&quot;:[276],&quot;order&quot;:&quot;desc&quot;,&quot;orderBy&quot;:&quot;date&quot;,&quot;author&quot;:&quot;&quot;,&quot;search&quot;:&quot;&quot;,&quot;exclude&quot;:[],&quot;sticky&quot;:&quot;&quot;,&quot;inherit&quot;:false},&quot;displayLayout&quot;:{&quot;type&quot;:&quot;flex&quot;,&quot;columns&quot;:2}},&quot;innerBlocks&quot;:[{&quot;blockName&quot;:&quot;core\\\/post-template&quot;,&quot;attrs&quot;:{&quot;align&quot;:&quot;left&quot;},&quot;innerBlocks&quot;:[{&quot;blockName&quot;:&quot;wpbtp\\\/template-part&quot;,&quot;attrs&quot;:[],&quot;innerBlocks&quot;:[],&quot;innerHTML&quot;:&quot;&quot;,&quot;innerContent&quot;:[]}],&quot;innerHTML&quot;:&quot;\\n\\n&quot;,&quot;innerContent&quot;:[&quot;\\n&quot;,null,&quot;\\n&quot;]},{&quot;blockName&quot;:&quot;core\\\/query-pagination&quot;,&quot;attrs&quot;:[],&quot;innerBlocks&quot;:[{&quot;blockName&quot;:&quot;core\\\/query-pagination-previous&quot;,&quot;attrs&quot;:[],&quot;innerBlocks&quot;:[],&quot;innerHTML&quot;:&quot;&quot;,&quot;innerContent&quot;:[]},{&quot;blockName&quot;:&quot;core\\\/query-pagination-numbers&quot;,&quot;attrs&quot;:[],&quot;innerBlocks&quot;:[],&quot;innerHTML&quot;:&quot;&quot;,&quot;innerContent&quot;:[]},{&quot;blockName&quot;:&quot;core\\\/query-pagination-next&quot;,&quot;attrs&quot;:[],&quot;innerBlocks&quot;:[],&quot;innerHTML&quot;:&quot;&quot;,&quot;innerContent&quot;:[]}],&quot;innerHTML&quot;:&quot;\\n\\n\\n\\n\\n\\n&quot;,&quot;innerContent&quot;:[&quot;\\n&quot;,null,&quot;\\n\\n&quot;,null,&quot;\\n\\n&quot;,null,&quot;\\n&quot;]}],&quot;innerHTML&quot;:&quot;\\n&lt;div class=\\&quot;wp-block-query\\&quot;&gt;\\n\\n&lt;\\\/div&gt;\\n&quot;,&quot;innerContent&quot;:[&quot;\\n&lt;div class=\\&quot;wp-block-query\\&quot;&gt;&quot;,null,&quot;\\n\\n&quot;,null,&quot;&lt;\\\/div&gt;\\n&quot;]}\"><div class=\"is-flex-container columns-2 alignleft wp-block-post-template is-layout-flow wp-block-post-template-is-layout-flow\"><div class=\"wp-block-post post-4695 resource type-resource status-publish has-post-thumbnail category-infosheet tag-cozumel tag-habitat-protection tag-honduras tag-mesoamerican tag-mexico tag-roatan tag-tela tag-train-the-trainer tag-trujillo tag-utila entry\">\n<div class=\"wp-block-wpbtp-template-part is-layout-flow wp-block-post-template-is-layout-flow\">\n<article class=\"article article-resource post-4695 resource type-resource status-publish has-post-thumbnail category-infosheet tag-cozumel tag-habitat-protection tag-honduras tag-mesoamerican tag-mexico tag-roatan tag-tela tag-train-the-trainer tag-trujillo tag-utila entry\">\n\t<div class=\"entry-image\">\n\t\t<a href=\"https:\/\/static.coral.org\/uploads\/2021\/10\/Best-Practices-Snorkeling-and-Diving_Espanol.pdf\">\n\t\t\t<span class=\"entry-icon entry-mime-type\">\n\t\t\t\t<i class=\"far fa-file-pdf\"><\/i>\n\t\t\t<\/span>\n\t\t\t<span class=\"entry-thumbnail-preview infosheet\">Hoja de informaci\u00f3n<\/span>\t\t<\/a>\n\t<\/div>\n\t<div class=\"entry-body\">\n\t\t<h4 class=\"entry-title\"><a href=\"https:\/\/static.coral.org\/uploads\/2021\/10\/Best-Practices-Snorkeling-and-Diving_Espanol.pdf\" class=\"entry-title-link\">Buenas Pr\u00e1cticas Ambientales: Buceo y el Snorkeling<\/a><\/h4>\t\t<p>El snorkeling y el buceo nos han brindado la oportunidad de explorar uno de los ecosistemas m\u00e1s espectaculares del mundo: los arrecifes de coral. Esta oportunidad tambi\u00e9n viene con la responsabilidad de ayudar a proteger estos h\u00e1bitats vulnerables. Siga estas sencillas instrucciones para ayudar a preservar el arrecife y convertirse en un buceador o snorkeler amigable con los corales.<\/p>\n\t<\/div>\n<\/article>\n<\/div>\n<\/div><\/div>\n\n<a href=\"#\" class=\"view-more-query button\">Ver M\u00e1s<\/a><\/div>\n","protected":false},"excerpt":{"rendered":"<p>Arrecifes de Coral de Utila Los arrecifes de coral de Utila mantienen a aproximadamente 8,500 personas con alimentos e ingresos. El arrecife de coral cercano a la costa es un arrecife costero. Los arrecifes costeros son el tipo de arrecife m\u00e1s com\u00fan y ayudan a proteger las costas de las olas y las tormentas, incluida&hellip; <a href=\"https:\/\/coral.org\/es\/donde-trabajamos\/mesoamerican-region\/honduras\/utila\/\" class=\"more-link\">Sigue Leyendo &#8594;<\/a><\/p>\n","protected":false},"author":1,"featured_media":3487,"parent":4347,"menu_order":0,"comment_status":"closed","ping_status":"closed","template":"","meta":{"_acf_changed":false,"inline_featured_image":false,"_genesis_hide_title":false,"_genesis_hide_breadcrumbs":false,"_genesis_hide_singular_image":false,"_genesis_hide_footer_widgets":false,"_genesis_custom_body_class":"","_genesis_custom_post_class":"","_genesis_layout":"","_genesis_transparent_header":false,"_genesis_hide_siblings_nav":false,"_genesis_hide_flyout":false,"_genesis_subtitle":"","_genesis_subheading":"","footnotes":""},"class_list":{"0":"post-4356","1":"page","2":"type-page","3":"status-publish","4":"has-post-thumbnail","6":"entry"},"acf":[],"template_part":"","featured_image_src":"https:\/\/static.coral.org\/uploads\/2021\/09\/coral-utila-hero-600x400.jpg","featured_image_src_square":"https:\/\/static.coral.org\/uploads\/2021\/09\/coral-utila-hero-600x600.jpg","_links":{"self":[{"href":"https:\/\/coral.org\/es\/wp-json\/wp\/v2\/pages\/4356","targetHints":{"allow":["GET"]}}],"collection":[{"href":"https:\/\/coral.org\/es\/wp-json\/wp\/v2\/pages"}],"about":[{"href":"https:\/\/coral.org\/es\/wp-json\/wp\/v2\/types\/page"}],"author":[{"embeddable":true,"href":"https:\/\/coral.org\/es\/wp-json\/wp\/v2\/users\/1"}],"replies":[{"embeddable":true,"href":"https:\/\/coral.org\/es\/wp-json\/wp\/v2\/comments?post=4356"}],"version-history":[{"count":0,"href":"https:\/\/coral.org\/es\/wp-json\/wp\/v2\/pages\/4356\/revisions"}],"up":[{"embeddable":true,"href":"https:\/\/coral.org\/es\/wp-json\/wp\/v2\/pages\/4347"}],"wp:featuredmedia":[{"embeddable":true,"href":"https:\/\/coral.org\/es\/wp-json\/wp\/v2\/media\/3487"}],"wp:attachment":[{"href":"https:\/\/coral.org\/es\/wp-json\/wp\/v2\/media?parent=4356"}],"curies":[{"name":"wp","href":"https:\/\/api.w.org\/{rel}","templated":true}]}}