{"id":4367,"date":"2021-08-09T05:00:35","date_gmt":"2021-08-09T12:00:35","guid":{"rendered":"https:\/\/coral.org\/hawaiian-islands\/hawaii-island\/"},"modified":"2021-10-01T11:04:03","modified_gmt":"2021-10-01T18:04:03","slug":"hawaii-island","status":"publish","type":"page","link":"https:\/\/coral.org\/es\/donde-trabajamos\/hawaiian-islands\/hawaii-island\/","title":{"rendered":"Isla de Haw\u00e1i"},"content":{"rendered":"\n<div class=\"wp-block-columns is-layout-flex wp-container-core-columns-is-layout-9d6595d7 wp-block-columns-is-layout-flex\">\n<div class=\"wp-block-column is-layout-flow wp-block-column-is-layout-flow\" style=\"flex-basis:41.666%\">\n<figure class=\"wp-block-image size-full is-resized\"><img loading=\"lazy\" decoding=\"async\" src=\"https:\/\/coral.org\/wp-content\/uploads\/2021\/08\/hawaii-island-1.jpg\" alt=\"\" class=\"wp-image-1505\" width=\"440\" height=\"440\" srcset=\"https:\/\/static.coral.org\/uploads\/2021\/08\/hawaii-island-1.jpg 880w, https:\/\/static.coral.org\/uploads\/2021\/08\/hawaii-island-1-796x796.jpg 796w, https:\/\/static.coral.org\/uploads\/2021\/08\/hawaii-island-1-500x500.jpg 500w, https:\/\/static.coral.org\/uploads\/2021\/08\/hawaii-island-1-768x768.jpg 768w\" sizes=\"auto, (max-width: 440px) 100vw, 440px\" \/><\/figure>\n<\/div>\n\n\n\n<div class=\"wp-block-column is-layout-flow wp-block-column-is-layout-flow\">\n<h2 class=\"wp-block-heading\">Salvar los arrecifes locales<\/h2>\n\n\n\n<p class=\"has-medium-font-size\">La isla de Haw\u00e1i es fundamental para la salud del ecosistema de arrecifes de Haw\u00e1i, que incluye m\u00e1s de 410,000 acres de arrecifes vivos.<\/p>\n\n\n\n<p class=\"has-normal-font-size\">En la isla de Haw\u00e1i, trabajamos en estrecha colaboraci\u00f3n con la comunidad de\u00a0<a href=\"https:\/\/coral.org\/es\/where-we-work\/hawaiian-islands\/hawaii-island\/puako\/\">Puak\u014d<\/a>\u00a0para abordar la contaminaci\u00f3n de las aguas residuales. Debido al alto nivel fre\u00e1tico y la roca muy porosa que se encuentra a lo largo de la costa, las aguas residuales de fosas y tanques s\u00e9pticos no tratadas adecuadamente, no son filtradas por el suelo. Por el contrario, estas aguas residuales fluyen directamente a las aguas subterr\u00e1neas y luego terminan en el oc\u00e9ano, causando graves da\u00f1os a los corales, afectando negativamente la vida marina y presentando riesgos para la salud humana.<\/p>\n<\/div>\n<\/div>\n\n\n\n<div style=\"height:100px\" aria-hidden=\"true\" class=\"wp-block-spacer is-style-large\"><\/div>\n\n\n\n<div class=\"wp-block-columns is-layout-flex wp-container-core-columns-is-layout-9d6595d7 wp-block-columns-is-layout-flex\">\n<div class=\"wp-block-column is-layout-flow wp-block-column-is-layout-flow\">\n<h2 class=\"wp-block-heading\">Creaci\u00f3n de alianzas locales<\/h2>\n\n\n\n<p class=\"has-medium-font-size\">En Puak\u014d, nos asociamos con investigadores, expertos de la industria y representantes de la comunidad para abordar los impactos causados por tecnolog\u00edas obsoletas, tales como los sistemas de las fosas y tanques s\u00e9pticos.<\/p>\n\n\n\n<p class=\"has-normal-font-size\">Para resaltar la necesidad de una mejor gesti\u00f3n de las aguas residuales y proporcionar datos de calidad para guiar la gesti\u00f3n y empoderar a las comunidades locales, trabajamos con nuestros socios para lanzar un programa de ciencia ciudadana en la isla de Haw\u00e1i en el 2019. Debido a la escasez de recursos, son limitados el muestreo y los informes de la calidad del agua realizados por el Departamento de Salud de Haw\u00e1i (DOH por sus siglas en ingl\u00e9s). La participaci\u00f3n de cient\u00edficos ciudadanos para ayudar proporciona una soluci\u00f3n poderosa y rentable dadas las limitaciones de recursos del estado, al tiempo que aumenta la conciencia p\u00fablica sobre las amenazas a la calidad del agua marina. El programa de ciencia ciudadana, llamado\u00a0<a href=\"https:\/\/www.hawaiiwaiola.com\/\" target=\"_blank\" rel=\"noreferrer noopener\">Hawai&#8217;i Wai Ola<\/a>, re\u00fane a once organizaciones diferentes, miembros voluntarios de la comunidad y cient\u00edficos para defender los problemas de la calidad del agua en la isla de Haw\u00e1i. Los voluntarios se aseguran de que la recopilaci\u00f3n de datos cumpla con los est\u00e1ndares del DOH para que el gobierno pueda utilizar todos los datos al considerar cambios tanto en las pol\u00edticas como en infraestructura.<\/p>\n<\/div>\n\n\n\n<div class=\"wp-block-column is-layout-flow wp-block-column-is-layout-flow\" style=\"flex-basis:41.666%\">\n<div class=\"wp-block-image\"><figure class=\"alignright size-full\"><img loading=\"lazy\" decoding=\"async\" width=\"974\" height=\"545\" src=\"https:\/\/coral.org\/wp-content\/uploads\/2021\/09\/Picture1.png\" alt=\"\" class=\"wp-image-3989\" srcset=\"https:\/\/static.coral.org\/uploads\/2021\/09\/Picture1.png 974w, https:\/\/static.coral.org\/uploads\/2021\/09\/Picture1-796x445.png 796w, https:\/\/static.coral.org\/uploads\/2021\/09\/Picture1-768x430.png 768w\" sizes=\"auto, (max-width: 974px) 100vw, 974px\" \/><\/figure><\/div>\n<\/div>\n<\/div>\n\n\n\n<div style=\"height:100px\" aria-hidden=\"true\" class=\"wp-block-spacer is-style-large\"><\/div>\n\n\n\n<h5 class=\"has-text-align-center is-style-separator wp-block-heading\">Galer\u00eda de Fotos<\/h5>\n\n\n\n<div style=\"height:100px\" aria-hidden=\"true\" class=\"wp-block-spacer is-style-default\"><\/div>\n\n\n\n<figure class=\"wp-block-gallery columns-3 is-cropped is-slider is-style-slider wp-block-gallery-1 is-layout-flex wp-block-gallery-is-layout-flex\"><ul class=\"blocks-gallery-grid\"><li class=\"blocks-gallery-item\"><figure><img loading=\"lazy\" decoding=\"async\" width=\"880\" height=\"880\" src=\"https:\/\/coral.org\/wp-content\/uploads\/2021\/08\/hawaii-island-2.jpg\" alt=\"\" data-id=\"1507\" data-full-url=\"https:\/\/coral.org\/wp-content\/uploads\/2021\/08\/hawaii-island-2.jpg\" data-link=\"https:\/\/coral.org\/en\/where-we-work\/hawaiian-islands\/hawaii-island\/hawaii-island-2\/\" class=\"wp-image-1507\" srcset=\"https:\/\/static.coral.org\/uploads\/2021\/08\/hawaii-island-2.jpg 880w, https:\/\/static.coral.org\/uploads\/2021\/08\/hawaii-island-2-796x796.jpg 796w, https:\/\/static.coral.org\/uploads\/2021\/08\/hawaii-island-2-500x500.jpg 500w, https:\/\/static.coral.org\/uploads\/2021\/08\/hawaii-island-2-768x768.jpg 768w\" sizes=\"auto, (max-width: 880px) 100vw, 880px\" \/><\/figure><\/li><li class=\"blocks-gallery-item\"><figure><img loading=\"lazy\" decoding=\"async\" width=\"880\" height=\"880\" src=\"https:\/\/coral.org\/wp-content\/uploads\/2021\/08\/hawaii-island-1.jpg\" alt=\"\" data-id=\"1505\" data-full-url=\"https:\/\/coral.org\/wp-content\/uploads\/2021\/08\/hawaii-island-1.jpg\" data-link=\"https:\/\/coral.org\/en\/where-we-work\/hawaiian-islands\/hawaii-island\/hawaii-island-1\/\" class=\"wp-image-1505\" srcset=\"https:\/\/static.coral.org\/uploads\/2021\/08\/hawaii-island-1.jpg 880w, https:\/\/static.coral.org\/uploads\/2021\/08\/hawaii-island-1-796x796.jpg 796w, https:\/\/static.coral.org\/uploads\/2021\/08\/hawaii-island-1-500x500.jpg 500w, https:\/\/static.coral.org\/uploads\/2021\/08\/hawaii-island-1-768x768.jpg 768w\" sizes=\"auto, (max-width: 880px) 100vw, 880px\" \/><\/figure><\/li><li class=\"blocks-gallery-item\"><figure><img decoding=\"async\" src=\"https:\/\/coral.org\/wp-content\/uploads\/2021\/08\/hawaii-island-hero-1024x609.jpg\" alt=\"\" data-id=\"1501\" data-full-url=\"https:\/\/coral.org\/wp-content\/uploads\/2021\/08\/hawaii-island-hero.jpg\" data-link=\"https:\/\/coral.org\/en\/where-we-work\/hawaiian-islands\/hawaii-island\/hawaii-island-hero\/\" class=\"wp-image-1501\"\/><\/figure><\/li><li class=\"blocks-gallery-item\"><figure><img loading=\"lazy\" decoding=\"async\" width=\"880\" height=\"880\" src=\"https:\/\/coral.org\/wp-content\/uploads\/2021\/08\/ecosystem-threat.jpg\" alt=\"\" data-id=\"1483\" data-full-url=\"https:\/\/coral.org\/wp-content\/uploads\/2021\/08\/ecosystem-threat.jpg\" data-link=\"https:\/\/coral.org\/en\/where-we-work\/hawaiian-islands\/ecosystem-threat\/\" class=\"wp-image-1483\" srcset=\"https:\/\/static.coral.org\/uploads\/2021\/08\/ecosystem-threat.jpg 880w, https:\/\/static.coral.org\/uploads\/2021\/08\/ecosystem-threat-796x796.jpg 796w, https:\/\/static.coral.org\/uploads\/2021\/08\/ecosystem-threat-500x500.jpg 500w, https:\/\/static.coral.org\/uploads\/2021\/08\/ecosystem-threat-768x768.jpg 768w\" sizes=\"auto, (max-width: 880px) 100vw, 880px\" \/><\/figure><\/li><li class=\"blocks-gallery-item\"><figure><img loading=\"lazy\" decoding=\"async\" width=\"1024\" height=\"301\" src=\"https:\/\/coral.org\/wp-content\/uploads\/2021\/08\/coral-hawaiian-islands-hero-1024x301.jpg\" alt=\"\" data-id=\"1478\" data-full-url=\"https:\/\/coral.org\/wp-content\/uploads\/2021\/08\/coral-hawaiian-islands-hero.jpg\" data-link=\"https:\/\/coral.org\/en\/where-we-work\/hawaiian-islands\/coral-hawaiian-islands-hero\/\" class=\"wp-image-1478\" srcset=\"https:\/\/static.coral.org\/uploads\/2021\/08\/coral-hawaiian-islands-hero-1024x301.jpg 1024w, https:\/\/static.coral.org\/uploads\/2021\/08\/coral-hawaiian-islands-hero-796x234.jpg 796w, https:\/\/static.coral.org\/uploads\/2021\/08\/coral-hawaiian-islands-hero-768x226.jpg 768w, https:\/\/static.coral.org\/uploads\/2021\/08\/coral-hawaiian-islands-hero-1536x451.jpg 1536w, https:\/\/static.coral.org\/uploads\/2021\/08\/coral-hawaiian-islands-hero.jpg 1920w\" sizes=\"auto, (max-width: 1024px) 100vw, 1024px\" \/><\/figure><\/li><\/ul><\/figure>\n\n\n\n<div style=\"height:100px\" aria-hidden=\"true\" class=\"wp-block-spacer is-style-large\"><\/div>\n\n\n\n<div class=\"wp-block-columns is-layout-flex wp-container-core-columns-is-layout-9d6595d7 wp-block-columns-is-layout-flex\">\n<div class=\"wp-block-column is-layout-flow wp-block-column-is-layout-flow\" style=\"flex-basis:12.5%\"><\/div>\n\n\n\n<div class=\"wp-block-column is-layout-flow wp-block-column-is-layout-flow\">\n<h3 class=\"has-text-align-center wp-block-heading\">Obtenga m\u00e1s informaci\u00f3n sobre nuestro trabajo en el suelo y en el agua en la isla de Haw\u00e1i.<\/h3>\n\n\n\n<div style=\"height:100px\" aria-hidden=\"true\" class=\"wp-block-spacer is-style-small\"><\/div>\n\n\n\n<div class=\"wp-block-buttons is-content-justification-center is-layout-flex wp-block-buttons-is-layout-flex\">\n<div class=\"wp-block-button\"><a class=\"wp-block-button__link has-blue-background-color has-background\" href=\"https:\/\/coral.org\/en\/where-we-work\/hawaiian-islands\/hawaii-island\/puako\/\">Puak\u014d<\/a><\/div>\n<\/div>\n<\/div>\n\n\n\n<div class=\"wp-block-column is-layout-flow wp-block-column-is-layout-flow\" style=\"flex-basis:12.5%\"><\/div>\n<\/div>\n","protected":false},"excerpt":{"rendered":"<p>Salvar los arrecifes locales La isla de Haw\u00e1i es fundamental para la salud del ecosistema de arrecifes de Haw\u00e1i, que incluye m\u00e1s de 410,000 acres de arrecifes vivos. En la isla de Haw\u00e1i, trabajamos en estrecha colaboraci\u00f3n con la comunidad de\u00a0Puak\u014d\u00a0para abordar la contaminaci\u00f3n de las aguas residuales. Debido al alto nivel fre\u00e1tico y la&hellip; <a href=\"https:\/\/coral.org\/es\/donde-trabajamos\/hawaiian-islands\/hawaii-island\/\" class=\"more-link\">Sigue Leyendo &#8594;<\/a><\/p>\n","protected":false},"author":1,"featured_media":3768,"parent":4363,"menu_order":0,"comment_status":"closed","ping_status":"closed","template":"","meta":{"_acf_changed":false,"inline_featured_image":false,"_genesis_hide_title":false,"_genesis_hide_breadcrumbs":false,"_genesis_hide_singular_image":false,"_genesis_hide_footer_widgets":false,"_genesis_custom_body_class":"","_genesis_custom_post_class":"","_genesis_layout":"","_genesis_transparent_header":false,"_genesis_hide_siblings_nav":false,"_genesis_hide_flyout":false,"_genesis_subtitle":"","_genesis_subheading":"","footnotes":""},"class_list":{"0":"post-4367","1":"page","2":"type-page","3":"status-publish","4":"has-post-thumbnail","6":"entry"},"acf":[],"template_part":"","featured_image_src":"https:\/\/static.coral.org\/uploads\/2021\/09\/hawaii-island-hero-600x400.jpg","featured_image_src_square":"https:\/\/static.coral.org\/uploads\/2021\/09\/hawaii-island-hero-600x600.jpg","_links":{"self":[{"href":"https:\/\/coral.org\/es\/wp-json\/wp\/v2\/pages\/4367","targetHints":{"allow":["GET"]}}],"collection":[{"href":"https:\/\/coral.org\/es\/wp-json\/wp\/v2\/pages"}],"about":[{"href":"https:\/\/coral.org\/es\/wp-json\/wp\/v2\/types\/page"}],"author":[{"embeddable":true,"href":"https:\/\/coral.org\/es\/wp-json\/wp\/v2\/users\/1"}],"replies":[{"embeddable":true,"href":"https:\/\/coral.org\/es\/wp-json\/wp\/v2\/comments?post=4367"}],"version-history":[{"count":0,"href":"https:\/\/coral.org\/es\/wp-json\/wp\/v2\/pages\/4367\/revisions"}],"up":[{"embeddable":true,"href":"https:\/\/coral.org\/es\/wp-json\/wp\/v2\/pages\/4363"}],"wp:featuredmedia":[{"embeddable":true,"href":"https:\/\/coral.org\/es\/wp-json\/wp\/v2\/media\/3768"}],"wp:attachment":[{"href":"https:\/\/coral.org\/es\/wp-json\/wp\/v2\/media?parent=4367"}],"curies":[{"name":"wp","href":"https:\/\/api.w.org\/{rel}","templated":true}]}}