{"id":4410,"date":"2021-10-01T15:34:58","date_gmt":"2021-10-01T22:34:58","guid":{"rendered":"https:\/\/coral.org\/?page_id=4410"},"modified":"2022-07-18T08:15:19","modified_gmt":"2022-07-18T15:15:19","slug":"otras-formas-de-donar","status":"publish","type":"page","link":"https:\/\/coral.org\/es\/donar\/otras-formas-de-donar\/","title":{"rendered":"Otras Formas de Donar"},"content":{"rendered":"\n<p class=\"has-text-align-center has-medium-font-size\">Hay muchas formas diversas y creativas de apoyar a los arrecifes de coral y asegurar que sigan existiendo y prosperando para las generaciones venideras. Ponte en <a href=\"https:\/\/coral.org\/es\/contact\/\">contacto<\/a> con nosotros para discutir estas opciones con m\u00e1s detalle.<\/p>\n\n\n\n<div style=\"height:100px\" aria-hidden=\"true\" class=\"wp-block-spacer is-style-default\"><\/div>\n\n\n\n<h5 class=\"has-text-align-center is-style-separator wp-block-heading\">DONAR<\/h5>\n\n\n\n<div style=\"height:100px\" aria-hidden=\"true\" class=\"wp-block-spacer is-style-default\"><\/div>\n\n\n\n<div class=\"wp-block-columns is-layout-flex wp-container-core-columns-is-layout-9d6595d7 wp-block-columns-is-layout-flex\">\n<div class=\"wp-block-column is-layout-flow wp-block-column-is-layout-flow\" style=\"flex-basis:58.333%\">\n<h3 class=\"wp-block-heading\" id=\"stocks-assets\">Acciones y Otros Activos<\/h3>\n\n\n\n<p class=\"has-normal-font-size\">Puedes donar valores, como acciones, bonos, fondos de inversi\u00f3n o bienes inmuebles, o hacer una donaci\u00f3n de tu cuenta IRA a CORAL. <a href=\"https:\/\/coral.org\/wp-content\/uploads\/2022\/07\/CORAL-Stock-Transfer-Information.docx-2-2.pdf\" target=\"_blank\" rel=\"noreferrer noopener\">M\u00e1s informaci\u00f3n sobre c\u00f3mo hacer una donaci\u00f3n de acciones a CORAL.<\/a><\/p>\n\n\n\n<h3 class=\"wp-block-heading\" id=\"donor-advised-funds\">Donor Advised FundsFondos Asesorados por DonantesDonor Advised Funds<\/h3>\n\n\n\n<p class=\"has-normal-font-size\">Give through your existing DAF account or create one with CORAL.<\/p>\n\n\n\n<h3 class=\"wp-block-heading\" id=\"tributes\">Homenajes<\/h3>\n\n\n\n<p class=\"has-normal-font-size\">Conmemora a alguien especial con un regalo \u00aben honor\u00bb o \u00aben memoria\u00bb. Tu donaci\u00f3n ayudar\u00e1 a salvar los arrecifes de coral de todo el mundo. Cuando haces un regalo en honor a alguien, la persona a la que has honrado pasar\u00e1 a formar parte de la comunidad protectora de arrecifes de CORAL.<\/p>\n<\/div>\n\n\n\n<div class=\"wp-block-column is-layout-flow wp-block-column-is-layout-flow\">\n<div class=\"wp-block-image\"><figure class=\"alignright size-full is-resized\"><img loading=\"lazy\" decoding=\"async\" src=\"https:\/\/coral.org\/wp-content\/uploads\/2021\/08\/coral-other-ways-give-1.jpg\" alt=\"\" class=\"wp-image-1962\" width=\"440\" height=\"358\" srcset=\"https:\/\/static.coral.org\/uploads\/2021\/08\/coral-other-ways-give-1.jpg 880w, https:\/\/static.coral.org\/uploads\/2021\/08\/coral-other-ways-give-1-796x648.jpg 796w, https:\/\/static.coral.org\/uploads\/2021\/08\/coral-other-ways-give-1-768x625.jpg 768w\" sizes=\"auto, (max-width: 440px) 100vw, 440px\" \/><figcaption>Analizando la calidad del agua en Puak\u014d, en la Isla de Haw\u00e1i<\/figcaption><\/figure><\/div>\n<\/div>\n<\/div>\n\n\n\n<div style=\"height:100px\" aria-hidden=\"true\" class=\"wp-block-spacer is-style-default\"><\/div>\n\n\n\n<div class=\"wp-block-buttons is-horizontal is-content-justification-center is-layout-flex wp-container-core-buttons-is-layout-499968f5 wp-block-buttons-is-layout-flex\">\n<div class=\"wp-block-button\"><a class=\"wp-block-button__link has-blue-background-color has-background\" href=\"mailto:savecoralreefs@coral.org\">Contacto<\/a><\/div>\n<\/div>\n\n\n\n<div style=\"height:100px\" aria-hidden=\"true\" class=\"wp-block-spacer is-style-medium\"><\/div>\n\n\n\n<h5 class=\"has-text-align-center is-style-separator wp-block-heading\">AmpliFICA<\/h5>\n\n\n\n<div style=\"height:100px\" aria-hidden=\"true\" class=\"wp-block-spacer is-style-default\"><\/div>\n\n\n\n<div class=\"wp-block-columns is-layout-flex wp-container-core-columns-is-layout-9d6595d7 wp-block-columns-is-layout-flex\">\n<div class=\"wp-block-column is-layout-flow wp-block-column-is-layout-flow\" style=\"flex-basis:58.333%\">\n<h3 class=\"wp-block-heading\" id=\"workplace-giving\">Donaciones en el Lugar de Trabajo<\/h3>\n\n\n\n<p class=\"has-normal-font-size\">Muchos empleadores, incluido el gobierno federal, te permitir\u00e1n contribuir a organizaciones sin \u00e1nimo de lucro antes de pagar impuestos, y\/o igualar las donaciones que hagas. Si eres un empleado del gobierno, por favor considera designar a CORAL como uno de los beneficiarios de tus contribuciones &#8211; nuestro n\u00famero de CFC es 10418. Si eres un empleado no gubernamental, comprueba qu\u00e9 opciones de deducci\u00f3n de la n\u00f3mina (a menudo antes de impuestos) est\u00e1n disponibles a trav\u00e9s de tu empleador.<\/p>\n\n\n\n<h3 class=\"wp-block-heading\" id=\"online-giving-platforms\">Plataformas de Donaci\u00f3n en L\u00ednea<\/h3>\n\n\n\n<p class=\"has-normal-font-size\">Recauda dinero para CORAL mientras compras en <a href=\"https:\/\/smile.amazon.com\" target=\"_blank\" rel=\"noreferrer noopener\">AmazonSmile<\/a>.<\/p>\n\n\n\n<h3 class=\"wp-block-heading\" id=\"facebook-fundraiser\">Recaudaci\u00f3n de Fondos en las Redes Sociales<\/h3>\n\n\n\n<p class=\"has-normal-font-size\">Crea una recaudaci\u00f3n de fondos para CORAL en Facebook o Instagram para celebrar un cumplea\u00f1os, una fiesta o simplemente porque s\u00ed, y anima a tus amigos a ayudar a salvar los arrecifes de coral.<\/p>\n\n\n\n<h3 class=\"wp-block-heading\" id=\"airline-miles\">Donaci\u00f3n de Millas A\u00e9reas<\/h3>\n\n\n\n<p class=\"has-normal-font-size\">Dona millas a trav\u00e9s de nuestro socio corporativo Hawaiian Airlines o a trav\u00e9s de otra aerol\u00ednea con la que viajes frecuentemente. (Las millas donadas no son deducibles de impuestos).<\/p>\n<\/div>\n\n\n\n<div class=\"wp-block-column is-layout-flow wp-block-column-is-layout-flow\">\n<div class=\"wp-block-image\"><figure class=\"alignright size-full is-resized\"><img loading=\"lazy\" decoding=\"async\" src=\"https:\/\/coral.org\/wp-content\/uploads\/2021\/08\/coral-other-ways-give-2.jpg\" alt=\"\" class=\"wp-image-1967\" width=\"440\" height=\"294\" srcset=\"https:\/\/static.coral.org\/uploads\/2021\/08\/coral-other-ways-give-2.jpg 882w, https:\/\/static.coral.org\/uploads\/2021\/08\/coral-other-ways-give-2-796x531.jpg 796w, https:\/\/static.coral.org\/uploads\/2021\/08\/coral-other-ways-give-2-768x512.jpg 768w\" sizes=\"auto, (max-width: 440px) 100vw, 440px\" \/><figcaption>Foto de Cinzia Osele Bismarch, Ocean Image Bank<\/figcaption><\/figure><\/div>\n<\/div>\n<\/div>\n","protected":false},"excerpt":{"rendered":"<p>Hay muchas formas diversas y creativas de apoyar a los arrecifes de coral y asegurar que sigan existiendo y prosperando para las generaciones venideras. Ponte en contacto con nosotros para discutir estas opciones con m\u00e1s detalle. DONAR Acciones y Otros Activos Puedes donar valores, como acciones, bonos, fondos de inversi\u00f3n o bienes inmuebles, o hacer&hellip; <a href=\"https:\/\/coral.org\/es\/donar\/otras-formas-de-donar\/\" class=\"more-link\">Sigue Leyendo &#8594;<\/a><\/p>\n","protected":false},"author":2,"featured_media":1960,"parent":3886,"menu_order":2,"comment_status":"closed","ping_status":"closed","template":"","meta":{"_acf_changed":false,"inline_featured_image":false,"_genesis_hide_title":false,"_genesis_hide_breadcrumbs":false,"_genesis_hide_singular_image":false,"_genesis_hide_footer_widgets":false,"_genesis_custom_body_class":"","_genesis_custom_post_class":"","_genesis_layout":"","_genesis_transparent_header":false,"_genesis_hide_siblings_nav":false,"_genesis_hide_flyout":false,"_genesis_subtitle":"Give","_genesis_subheading":"","footnotes":""},"class_list":{"0":"post-4410","1":"page","2":"type-page","3":"status-publish","4":"has-post-thumbnail","6":"entry"},"acf":[],"template_part":"","featured_image_src":"https:\/\/static.coral.org\/uploads\/2021\/08\/coral-other-ways-to-give.jpg","featured_image_src_square":"https:\/\/static.coral.org\/uploads\/2021\/08\/coral-other-ways-to-give.jpg","_links":{"self":[{"href":"https:\/\/coral.org\/es\/wp-json\/wp\/v2\/pages\/4410","targetHints":{"allow":["GET"]}}],"collection":[{"href":"https:\/\/coral.org\/es\/wp-json\/wp\/v2\/pages"}],"about":[{"href":"https:\/\/coral.org\/es\/wp-json\/wp\/v2\/types\/page"}],"author":[{"embeddable":true,"href":"https:\/\/coral.org\/es\/wp-json\/wp\/v2\/users\/2"}],"replies":[{"embeddable":true,"href":"https:\/\/coral.org\/es\/wp-json\/wp\/v2\/comments?post=4410"}],"version-history":[{"count":0,"href":"https:\/\/coral.org\/es\/wp-json\/wp\/v2\/pages\/4410\/revisions"}],"up":[{"embeddable":true,"href":"https:\/\/coral.org\/es\/wp-json\/wp\/v2\/pages\/3886"}],"wp:featuredmedia":[{"embeddable":true,"href":"https:\/\/coral.org\/es\/wp-json\/wp\/v2\/media\/1960"}],"wp:attachment":[{"href":"https:\/\/coral.org\/es\/wp-json\/wp\/v2\/media?parent=4410"}],"curies":[{"name":"wp","href":"https:\/\/api.w.org\/{rel}","templated":true}]}}