{"id":4413,"date":"2021-10-01T15:47:00","date_gmt":"2021-10-01T22:47:00","guid":{"rendered":"https:\/\/coral.org\/?page_id=4413"},"modified":"2022-12-13T13:22:44","modified_gmt":"2022-12-13T21:22:44","slug":"como-puedes-ayudar","status":"publish","type":"page","link":"https:\/\/coral.org\/es\/como-puedes-ayudar\/","title":{"rendered":"\u00bfC\u00f3mo Puedes Ayudar?"},"content":{"rendered":"\n<div class=\"wp-block-columns is-layout-flex wp-container-core-columns-is-layout-9d6595d7 wp-block-columns-is-layout-flex\">\n<div class=\"wp-block-column is-layout-flow wp-block-column-is-layout-flow\" style=\"flex-basis:8.33%\"><\/div>\n\n\n\n<div class=\"wp-block-column is-layout-flow wp-block-column-is-layout-flow\">\n<p class=\"has-text-align-center has-medium-font-size\">Los arrecifes de coral pueden evolucionar de forma natural y adaptarse al cambio clim\u00e1tico si los mantenemos saludables. Hay cosas pr\u00e1cticas que todos podemos hacer para garantizar que los arrecifes de coral, y la vida marina y las comunidades humanas que dependen de ellos, prosperen juntos.<\/p>\n<\/div>\n\n\n\n<div class=\"wp-block-column is-layout-flow wp-block-column-is-layout-flow\" style=\"flex-basis:8.33%\"><\/div>\n<\/div>\n\n\n\n<div style=\"height:100px\" aria-hidden=\"true\" class=\"wp-block-spacer\"><\/div>\n\n\n\n<div class=\"wp-block-columns is-layout-flex wp-container-core-columns-is-layout-9d6595d7 wp-block-columns-is-layout-flex\">\n<div class=\"wp-block-column is-layout-flow wp-block-column-is-layout-flow\" style=\"flex-basis:16.66%\"><\/div>\n\n\n\n<div class=\"wp-block-column is-layout-flow wp-block-column-is-layout-flow\">\n<h2 class=\"has-text-align-center wp-block-heading\">Donar<\/h2>\n\n\n\n<p class=\"has-text-align-center has-normal-font-size\">Trabajando junto a las comunidades locales y sus socios -desde pescadores y l\u00edderes gubernamentales hasta buceadores y cient\u00edficos- CORAL protege uno de nuestros ecosistemas m\u00e1s valiosos y amenazados. Tus generosas donaciones apoyan nuestro trabajo vital.<\/p>\n\n\n\n<div class=\"wp-block-buttons is-horizontal is-content-justification-center is-layout-flex wp-container-core-buttons-is-layout-499968f5 wp-block-buttons-is-layout-flex\">\n<div class=\"wp-block-button\"><a class=\"wp-block-button__link\" href=\"https:\/\/coral.org\/en\/donate\/\">Donar<\/a><\/div>\n<\/div>\n<\/div>\n\n\n\n<div class=\"wp-block-column is-layout-flow wp-block-column-is-layout-flow\" style=\"flex-basis:16.66%\"><\/div>\n<\/div>\n\n\n\n<div class=\"wp-block-media-text alignwide is-stacked-on-mobile extra-padding is-style-large has-white-color has-light-sea-green-to-june-bud-gradient-background has-text-color has-background\"><figure class=\"wp-block-media-text__media\"><img loading=\"lazy\" decoding=\"async\" width=\"768\" height=\"1024\" src=\"https:\/\/coral.org\/wp-content\/uploads\/2021\/07\/Honduras-Coast-768x1024.png\" alt=\"Honduras coastline\" class=\"wp-image-612 size-full\" srcset=\"https:\/\/static.coral.org\/uploads\/2021\/07\/Honduras-Coast-768x1024.png 768w, https:\/\/static.coral.org\/uploads\/2021\/07\/Honduras-Coast-597x796.png 597w, https:\/\/static.coral.org\/uploads\/2021\/07\/Honduras-Coast-1152x1536.png 1152w, https:\/\/static.coral.org\/uploads\/2021\/07\/Honduras-Coast.png 1200w\" sizes=\"auto, (max-width: 768px) 100vw, 768px\" \/><\/figure><div class=\"wp-block-media-text__content\">\n<h2 class=\"has-white-color has-text-color wp-block-heading\">Comunidades costeras<\/h2>\n\n\n\n<p class=\"has-normal-font-size\">Si vives cerca de un arrecife de coral, probablemente conozcas su belleza e importancia de primera mano. Para las comunidades locales, CORAL ha creado recursos que les ayudar\u00e1n a abordar r\u00e1pidamente las amenazas y los problemas m\u00e1s importantes y a involucrar a m\u00faltiples grupos de interesados en la protecci\u00f3n de sus arrecifes locales y en su recuperaci\u00f3n. Utiliza el men\u00fa de navegaci\u00f3n principal para encontrar una lista de todos nuestros recursos. <\/p>\n\n\n\n<div class=\"wp-block-buttons is-layout-flex wp-block-buttons-is-layout-flex\">\n<div class=\"wp-block-button is-style-outline is-style-outline--1\"><a class=\"wp-block-button__link has-white-color has-june-bud-background-color has-text-color has-background\" href=\"https:\/\/coral.org\/en\/tools\/guides\/\">Mira nuestras Gu\u00edas Pr\u00e1cticas<\/a><\/div>\n<\/div>\n<\/div><\/div>\n\n\n\n<div class=\"wp-block-media-text alignwide is-stacked-on-mobile is-style-large extra-padding has-white-color has-blue-to-light-sea-green-gradient-background has-text-color has-background\"><figure class=\"wp-block-media-text__media\"><img loading=\"lazy\" decoding=\"async\" width=\"929\" height=\"622\" src=\"https:\/\/coral.org\/wp-content\/uploads\/2021\/09\/coral-0099-reef.jpg\" alt=\"Antonio Busiello\" class=\"wp-image-2359 size-full\" srcset=\"https:\/\/static.coral.org\/uploads\/2021\/09\/coral-0099-reef.jpg 929w, https:\/\/static.coral.org\/uploads\/2021\/09\/coral-0099-reef-796x533.jpg 796w, https:\/\/static.coral.org\/uploads\/2021\/09\/coral-0099-reef-768x514.jpg 768w\" sizes=\"auto, (max-width: 929px) 100vw, 929px\" \/><figcaption>Credit: Antonio Busiello<\/figcaption><\/figure><div class=\"wp-block-media-text__content\">\n<h2 class=\"has-white-color has-text-color wp-block-heading\">Touristas<\/h2>\n\n\n\n<p class=\"has-medium-font-size\"><em>Deja s\u00f3lo burbujas<\/em><\/p>\n\n\n\n<p class=\"has-normal-font-size\">Apoya a las empresas respetuosas con los corales cuando viajes. Investiga los hoteles, restaurantes, operadores de buceo y snorkel y otros negocios para conocer sus pr\u00e1cticas medioambientales. El turismo puede da\u00f1ar los arrecifes de coral si no se realiza correctamente.<\/p>\n\n\n\n<p class=\"has-normal-font-size\">Aunque muchas empresas educan sobre las mejores pr\u00e1cticas y las hacen cumplir cuando interact\u00faan con el entorno marino, sigue siendo su responsabilidad seguir estas normas. Descarga y revisa las gu\u00edas de buenas pr\u00e1cticas de CORAL para asegurarte de que est\u00e1s preparado para estar dentro y alrededor del agua.<\/p>\n\n\n\n<p class=\"has-normal-font-size\">Estas directrices tambi\u00e9n est\u00e1n destinadas a los profesionales de los parques de coral. Tanto si eres gestor de un parque como si eres operador de buceo o formas parte de la comunidad local, estas directrices son para que las utilices y las adaptes como material de divulgaci\u00f3n y educaci\u00f3n.<\/p>\n\n\n\n<div class=\"wp-block-buttons is-layout-flex wp-block-buttons-is-layout-flex\">\n<div class=\"wp-block-button is-style-outline is-style-outline--2\"><a class=\"wp-block-button__link has-white-color has-dark-blue-background-color has-text-color has-background\" href=\"https:\/\/coral.org\/es\/blog\/travel\/\">Mira nuestra Gu\u00eda de Viaje Segura para Arrecifes<\/a><\/div>\n<\/div>\n<\/div><\/div>\n\n\n\n<div style=\"height:100px\" aria-hidden=\"true\" class=\"wp-block-spacer is-style-medium\"><\/div>\n\n\n\n<h2 class=\"has-text-align-center wp-block-heading\">Lo Que Todos Pueden Hacer<\/h2>\n\n\n\n<hr class=\"wp-block-separator has-css-opacity\"\/>\n\n\n\n<h4 class=\"wp-block-heading\">Vivir de Forma Sostenible<\/h4>\n\n\n\n<p class=\"has-normal-font-size\">Reducir tu huella de carbono es una forma de luchar contra los efectos del calentamiento global y disminuir las amenazas a gran escala para los ecosistemas de los arrecifes. Adopta medidas peque\u00f1as pero contundentes como cambiar a bombillas fluorescentes compactas, sembrar \u00e1rboles aut\u00f3ctonos, reciclar, comprar veh\u00edculos de bajo consumo, evitar los pesticidas y hacer teleconferencias en lugar de volar cuando sea posible.<\/p>\n\n\n\n<h4 class=\"wp-block-heading\">S\u00e9 un Consumidor Inteligente<\/h4>\n\n\n\n<p class=\"has-normal-font-size\">Toma decisiones conscientes sobre los art\u00edculos que adquieres y compra de segunda mano siempre que sea posible. Ser un consumidor consciente te ayudar\u00e1 a reducir tu huella de carbono. Tambi\u00e9n puedes marcar la diferencia eligiendo bien tus productos, por ejemplo, optando por protectores solares seguros para los arrecifes y evitando art\u00edculos como joyas de coral o curiosidades y art\u00edculos para el hogar fabricados con animales que alguna vez vivieron en el oc\u00e9ano.<\/p>\n\n\n\n<p class=\"has-normal-font-size\">Elige apoyar a las empresas que tienen un fuerte compromiso con la protecci\u00f3n del medio ambiente, y utiliza tu voz (y tu dinero) para abogar por que m\u00e1s empresas adopten las mejores pr\u00e1cticas.<\/p>\n\n\n\n<h4 class=\"wp-block-heading\">Convi\u00e9rtete en un Defensor<\/h4>\n\n\n\n<p class=\"has-normal-font-size\">Aboga por un cambio pol\u00edtico de alto nivel. Haz saber a tus representantes que te preocupa el cambio clim\u00e1tico y vota por medidas y candidatos que se comprometan a reducir las emisiones y preservar el medio ambiente.<\/p>\n\n\n\n<p class=\"has-normal-font-size\"><a href=\"https:\/\/www.facebook.com\/coralreefalliance\">Sigue a CORAL en l\u00ednea<\/a> y amplifica nuestro contenido con tus redes. Comparte tus propias historias sobre por qu\u00e9 la conservaci\u00f3n de los oc\u00e9anos es importante para ti.<\/p>\n\n\n\n<div style=\"height:100px\" aria-hidden=\"true\" class=\"wp-block-spacer is-style-large\"><\/div>\n\n\n\n<div style=\"height:100px\" aria-hidden=\"true\" class=\"wp-block-spacer\"><\/div>\n\n\n\n<h2 class=\"has-text-align-center wp-block-heading\">Mantente Informado<\/h2>\n\n\n\n<div style=\"height:100px\" aria-hidden=\"true\" class=\"wp-block-spacer\"><\/div>\n\n\n\n<div class=\"wp-block-query is-slider is-layout-flow wp-block-query-is-layout-flow\" data-paged=\"1\" data-attrs=\"{&quot;blockName&quot;:&quot;core\\\/query&quot;,&quot;attrs&quot;:{&quot;queryId&quot;:16,&quot;query&quot;:{&quot;perPage&quot;:3,&quot;pages&quot;:0,&quot;offset&quot;:0,&quot;postType&quot;:&quot;post&quot;,&quot;order&quot;:&quot;desc&quot;,&quot;orderBy&quot;:&quot;date&quot;,&quot;author&quot;:&quot;&quot;,&quot;search&quot;:&quot;&quot;,&quot;exclude&quot;:[],&quot;sticky&quot;:&quot;&quot;,&quot;inherit&quot;:false,&quot;taxQuery&quot;:{&quot;post_tag&quot;:[315]}},&quot;displayLayout&quot;:{&quot;type&quot;:&quot;flex&quot;,&quot;columns&quot;:3},&quot;className&quot;:&quot;is-slider&quot;},&quot;innerBlocks&quot;:[{&quot;blockName&quot;:&quot;core\\\/post-template&quot;,&quot;attrs&quot;:[],&quot;innerBlocks&quot;:[{&quot;blockName&quot;:&quot;wpbtp\\\/template-part&quot;,&quot;attrs&quot;:{&quot;templatePart&quot;:&quot;template-parts\\\/content-post&quot;},&quot;innerBlocks&quot;:[],&quot;innerHTML&quot;:&quot;&quot;,&quot;innerContent&quot;:[]}],&quot;innerHTML&quot;:&quot;\\n\\n&quot;,&quot;innerContent&quot;:[&quot;\\n&quot;,null,&quot;\\n&quot;]}],&quot;innerHTML&quot;:&quot;\\n&lt;div class=\\&quot;wp-block-query is-slider\\&quot;&gt;&lt;\\\/div&gt;\\n&quot;,&quot;innerContent&quot;:[&quot;\\n&lt;div class=\\&quot;wp-block-query is-slider\\&quot;&gt;&quot;,null,&quot;&lt;\\\/div&gt;\\n&quot;]}\"><div class=\"is-flex-container columns-3 wp-block-post-template is-layout-flow wp-block-post-template-is-layout-flow\"><div class=\"wp-block-post post-6363 post type-post status-publish format-standard has-post-thumbnail category-what-you-can-do-es tag-tips entry\">\n<div class=\"wp-block-wpbtp-template-part is-layout-flow wp-block-post-template-is-layout-flow\">\n<article class=\"article article-post post-6363 post type-post status-publish format-standard has-post-thumbnail category-what-you-can-do-es tag-tips entry\">\n\t<div class=\"entry-image\">\n\t\t<a href=\"https:\/\/coral.org\/es\/blog\/una-carta-abierta-para-salvar-nuestro-planeta-de-la-defensora-mas-joven-de-coral\/\">\n\t\t\t<img loading=\"lazy\" decoding=\"async\" width=\"740\" height=\"560\" src=\"https:\/\/static.coral.org\/uploads\/2022\/12\/Maya-3-740x560.png\" class=\"attachment-preview size-preview wp-post-image\" alt=\"\" \/>\t\t<\/a>\n\t<\/div>\n\t<div class=\"entry-meta\">\n\t\t<ul class=\"post-categories\">\n\t<li><a href=\"https:\/\/coral.org\/es\/blog\/category\/what-you-can-do-es\/\" rel=\"category tag\">Lo que puedes hacer<\/a><\/li><\/ul>\t<\/div>\n\t<div class=\"entry-body\">\n\t\t<h2 class=\"entry-title\"><a href=\"https:\/\/coral.org\/es\/blog\/una-carta-abierta-para-salvar-nuestro-planeta-de-la-defensora-mas-joven-de-coral\/\" class=\"entry-title-link\">Una Carta Abierta para Salvar Nuestro Planeta \u2013 de la Defensora m\u00e1s Joven de CORAL<\/a><\/h2>\t\t<p>Cuando Maya, de 8 a\u00f1os, aprendi\u00f3 sobre los arrecifes de coral, se sinti\u00f3 intrigada al instante por sus colores vibrantes, sus caracter\u00edsticas \u00fanicas y los innumerables beneficios que aportan a la vida silvestre del oc\u00e9ano y a las comunidades costeras. Tambi\u00e9n se sinti\u00f3 asustada y profundamente disgustada al enterarse de que los arrecifes de coral&hellip; <a href=\"https:\/\/coral.org\/es\/blog\/una-carta-abierta-para-salvar-nuestro-planeta-de-la-defensora-mas-joven-de-coral\/\" class=\"more-link\">Sigue Leyendo &#8594;<\/a><\/p>\n\t<\/div>\n<\/article>\n<\/div>\n<\/div><div class=\"wp-block-post post-6279 post type-post status-publish format-standard has-post-thumbnail category-what-you-can-do-es tag-global tag-science tag-tips entry\">\n<div class=\"wp-block-wpbtp-template-part is-layout-flow wp-block-post-template-is-layout-flow\">\n<article class=\"article article-post post-6279 post type-post status-publish format-standard has-post-thumbnail category-what-you-can-do-es tag-global tag-science tag-tips entry\">\n\t<div class=\"entry-image\">\n\t\t<a href=\"https:\/\/coral.org\/es\/blog\/3-enfoques-para-abordar-el-cambio-climatico-y-salvar-los-arrecifes-de-coral-en-los-que-todos-ganan\/\">\n\t\t\t<img loading=\"lazy\" decoding=\"async\" width=\"740\" height=\"560\" src=\"https:\/\/static.coral.org\/uploads\/2022\/11\/0347_Coral-Reef-Allianze-740x560.jpg\" class=\"attachment-preview size-preview wp-post-image\" alt=\"Woman holds baby mangrove wearing a BICA Roatan shirt\" \/>\t\t<\/a>\n\t<\/div>\n\t<div class=\"entry-meta\">\n\t\t<ul class=\"post-categories\">\n\t<li><a href=\"https:\/\/coral.org\/es\/blog\/category\/what-you-can-do-es\/\" rel=\"category tag\">Lo que puedes hacer<\/a><\/li><\/ul>\t<\/div>\n\t<div class=\"entry-body\">\n\t\t<h2 class=\"entry-title\"><a href=\"https:\/\/coral.org\/es\/blog\/3-enfoques-para-abordar-el-cambio-climatico-y-salvar-los-arrecifes-de-coral-en-los-que-todos-ganan\/\" class=\"entry-title-link\">3 Enfoques para Abordar el Cambio Clim\u00e1tico y Salvar los Arrecifes de Coral en los que Todos Ganan<\/a><\/h2>\t\t<p>Por Ben Charo, Coordinador del Programa Global de Ciencias de la Conservaci\u00f3n Los arrecifes de coral se enfrentan a un futuro dif\u00edcil e incierto. Seg\u00fan un&nbsp;reciente informe de la ONU sobre el clima, la Tierra est\u00e1 en v\u00edas de calentarse 2,5 grados cent\u00edgrados de aqu\u00ed al 2100, lo suficiente como para eliminar el 99% de&hellip; <a href=\"https:\/\/coral.org\/es\/blog\/3-enfoques-para-abordar-el-cambio-climatico-y-salvar-los-arrecifes-de-coral-en-los-que-todos-ganan\/\" class=\"more-link\">Sigue Leyendo &#8594;<\/a><\/p>\n\t<\/div>\n<\/article>\n<\/div>\n<\/div><div class=\"wp-block-post post-6219 post type-post status-publish format-standard has-post-thumbnail category-what-you-can-do-es tag-tips entry\">\n<div class=\"wp-block-wpbtp-template-part is-layout-flow wp-block-post-template-is-layout-flow\">\n<article class=\"article article-post post-6219 post type-post status-publish format-standard has-post-thumbnail category-what-you-can-do-es tag-tips entry\">\n\t<div class=\"entry-image\">\n\t\t<a href=\"https:\/\/coral.org\/es\/blog\/guia-de-la-conservacion-de-los-arrecifes-de-coral-para-ninos\/\">\n\t\t\t<img loading=\"lazy\" decoding=\"async\" width=\"740\" height=\"560\" src=\"https:\/\/static.coral.org\/uploads\/2022\/10\/Kids--740x560.png\" class=\"attachment-preview size-preview wp-post-image\" alt=\"\" \/>\t\t<\/a>\n\t<\/div>\n\t<div class=\"entry-meta\">\n\t\t<ul class=\"post-categories\">\n\t<li><a href=\"https:\/\/coral.org\/es\/blog\/category\/what-you-can-do-es\/\" rel=\"category tag\">Lo que puedes hacer<\/a><\/li><\/ul>\t<\/div>\n\t<div class=\"entry-body\">\n\t\t<h2 class=\"entry-title\"><a href=\"https:\/\/coral.org\/es\/blog\/guia-de-la-conservacion-de-los-arrecifes-de-coral-para-ninos\/\" class=\"entry-title-link\">Gu\u00eda de la Conservaci\u00f3n de los Arrecifes de Coral para Ni\u00f1os<\/a><\/h2>\t\t<p>\u00a1Llamando a todos los padres, profesores y tutores! \u00bfBuscas una actividad divertida y pr\u00e1ctica para ense\u00f1ar a tu hijo sobre el oc\u00e9ano? No busques m\u00e1s. Hemos elaborado una Gu\u00eda de la Conservaci\u00f3n de los Arrecifes de Coral, dise\u00f1ada para ense\u00f1ar a los m\u00e1s peque\u00f1os algunos de los ecosistemas m\u00e1s valiosos y biodiversos del oc\u00e9ano: los&hellip; <a href=\"https:\/\/coral.org\/es\/blog\/guia-de-la-conservacion-de-los-arrecifes-de-coral-para-ninos\/\" class=\"more-link\">Sigue Leyendo &#8594;<\/a><\/p>\n\t<\/div>\n<\/article>\n<\/div>\n<\/div><\/div><\/div>\n","protected":false},"excerpt":{"rendered":"<p>Los arrecifes de coral pueden evolucionar de forma natural y adaptarse al cambio clim\u00e1tico si los mantenemos saludables. Hay cosas pr\u00e1cticas que todos podemos hacer para garantizar que los arrecifes de coral, y la vida marina y las comunidades humanas que dependen de ellos, prosperen juntos. Donar Trabajando junto a las comunidades locales y sus&hellip; <a href=\"https:\/\/coral.org\/es\/como-puedes-ayudar\/\" class=\"more-link\">Sigue Leyendo &#8594;<\/a><\/p>\n","protected":false},"author":2,"featured_media":3929,"parent":0,"menu_order":0,"comment_status":"closed","ping_status":"closed","template":"","meta":{"_acf_changed":false,"inline_featured_image":false,"_genesis_hide_title":false,"_genesis_hide_breadcrumbs":false,"_genesis_hide_singular_image":false,"_genesis_hide_footer_widgets":false,"_genesis_custom_body_class":"","_genesis_custom_post_class":"","_genesis_layout":"","_genesis_transparent_header":false,"_genesis_hide_siblings_nav":false,"_genesis_hide_flyout":false,"_genesis_subtitle":"","_genesis_subheading":"","footnotes":""},"class_list":{"0":"post-4413","1":"page","2":"type-page","3":"status-publish","4":"has-post-thumbnail","6":"entry"},"acf":[],"template_part":"","featured_image_src":"https:\/\/static.coral.org\/uploads\/2021\/09\/coral-reef-alliance-placeholder-600x400.png","featured_image_src_square":"https:\/\/static.coral.org\/uploads\/2021\/09\/coral-reef-alliance-placeholder-600x600.png","_links":{"self":[{"href":"https:\/\/coral.org\/es\/wp-json\/wp\/v2\/pages\/4413","targetHints":{"allow":["GET"]}}],"collection":[{"href":"https:\/\/coral.org\/es\/wp-json\/wp\/v2\/pages"}],"about":[{"href":"https:\/\/coral.org\/es\/wp-json\/wp\/v2\/types\/page"}],"author":[{"embeddable":true,"href":"https:\/\/coral.org\/es\/wp-json\/wp\/v2\/users\/2"}],"replies":[{"embeddable":true,"href":"https:\/\/coral.org\/es\/wp-json\/wp\/v2\/comments?post=4413"}],"version-history":[{"count":0,"href":"https:\/\/coral.org\/es\/wp-json\/wp\/v2\/pages\/4413\/revisions"}],"wp:featuredmedia":[{"embeddable":true,"href":"https:\/\/coral.org\/es\/wp-json\/wp\/v2\/media\/3929"}],"wp:attachment":[{"href":"https:\/\/coral.org\/es\/wp-json\/wp\/v2\/media?parent=4413"}],"curies":[{"name":"wp","href":"https:\/\/api.w.org\/{rel}","templated":true}]}}