{"id":4436,"date":"2021-10-03T15:46:53","date_gmt":"2021-10-03T22:46:53","guid":{"rendered":"https:\/\/coral.org\/?page_id=4436"},"modified":"2021-10-07T12:02:21","modified_gmt":"2021-10-07T19:02:21","slug":"estudios-de-caso","status":"publish","type":"page","link":"https:\/\/coral.org\/es\/instrumentos\/estudios-de-caso\/","title":{"rendered":"Estudios de Caso"},"content":{"rendered":"\n<div class=\"wp-block-query is-layout-flow wp-block-query-is-layout-flow\" data-paged=\"1\" data-attrs=\"{&quot;blockName&quot;:&quot;core\\\/query&quot;,&quot;attrs&quot;:{&quot;queryId&quot;:29,&quot;query&quot;:{&quot;perPage&quot;:&quot;24&quot;,&quot;pages&quot;:0,&quot;offset&quot;:0,&quot;postType&quot;:&quot;resource&quot;,&quot;categoryIds&quot;:[348],&quot;tagIds&quot;:[],&quot;order&quot;:&quot;desc&quot;,&quot;orderBy&quot;:&quot;date&quot;,&quot;author&quot;:&quot;&quot;,&quot;search&quot;:&quot;&quot;,&quot;exclude&quot;:[],&quot;sticky&quot;:&quot;&quot;,&quot;inherit&quot;:false},&quot;displayLayout&quot;:{&quot;type&quot;:&quot;flex&quot;,&quot;columns&quot;:2}},&quot;innerBlocks&quot;:[{&quot;blockName&quot;:&quot;core\\\/post-template&quot;,&quot;attrs&quot;:{&quot;align&quot;:&quot;left&quot;},&quot;innerBlocks&quot;:[{&quot;blockName&quot;:&quot;wpbtp\\\/template-part&quot;,&quot;attrs&quot;:[],&quot;innerBlocks&quot;:[],&quot;innerHTML&quot;:&quot;&quot;,&quot;innerContent&quot;:[]}],&quot;innerHTML&quot;:&quot;\\n\\n&quot;,&quot;innerContent&quot;:[&quot;\\n&quot;,null,&quot;\\n&quot;]},{&quot;blockName&quot;:&quot;core\\\/query-pagination&quot;,&quot;attrs&quot;:[],&quot;innerBlocks&quot;:[{&quot;blockName&quot;:&quot;core\\\/query-pagination-numbers&quot;,&quot;attrs&quot;:[],&quot;innerBlocks&quot;:[],&quot;innerHTML&quot;:&quot;&quot;,&quot;innerContent&quot;:[]}],&quot;innerHTML&quot;:&quot;\\n&lt;div class=\\&quot;wp-block-query-pagination\\&quot;&gt;&lt;\\\/div&gt;\\n&quot;,&quot;innerContent&quot;:[&quot;\\n&lt;div class=\\&quot;wp-block-query-pagination\\&quot;&gt;&quot;,null,&quot;&lt;\\\/div&gt;\\n&quot;]},{&quot;blockName&quot;:&quot;core\\\/spacer&quot;,&quot;attrs&quot;:[],&quot;innerBlocks&quot;:[],&quot;innerHTML&quot;:&quot;\\n&lt;div style=\\&quot;height:100px\\&quot; aria-hidden=\\&quot;true\\&quot; class=\\&quot;wp-block-spacer\\&quot;&gt;&lt;\\\/div&gt;\\n&quot;,&quot;innerContent&quot;:[&quot;\\n&lt;div style=\\&quot;height:100px\\&quot; aria-hidden=\\&quot;true\\&quot; class=\\&quot;wp-block-spacer\\&quot;&gt;&lt;\\\/div&gt;\\n&quot;]}],&quot;innerHTML&quot;:&quot;\\n&lt;div class=\\&quot;wp-block-query\\&quot;&gt;\\n\\n\\n\\n&lt;\\\/div&gt;\\n&quot;,&quot;innerContent&quot;:[&quot;\\n&lt;div class=\\&quot;wp-block-query\\&quot;&gt;&quot;,null,&quot;\\n\\n&quot;,null,&quot;\\n\\n&quot;,null,&quot;&lt;\\\/div&gt;\\n&quot;]}\"><div class=\"is-flex-container columns-2 alignleft wp-block-post-template is-layout-flow wp-block-post-template-is-layout-flow\"><div class=\"wp-block-post post-6369 resource type-resource status-publish has-post-thumbnail category-case-study entry\">\n<div class=\"wp-block-wpbtp-template-part is-layout-flow wp-block-post-template-is-layout-flow\">\n<article class=\"article article-resource post-6369 resource type-resource status-publish has-post-thumbnail category-case-study entry\">\n\t<div class=\"entry-image\">\n\t\t<a href=\"https:\/\/static.coral.org\/uploads\/2022\/12\/Comunidades-con-voz_Capitulo-4.pdf\">\n\t\t\t<span class=\"entry-icon entry-mime-type\">\n\t\t\t\t<i class=\"far fa-file-pdf\"><\/i>\n\t\t\t<\/span>\n\t\t\t<span class=\"entry-thumbnail-preview case-study\">Estudios de Caso<\/span>\t\t<\/a>\n\t<\/div>\n\t<div class=\"entry-body\">\n\t\t<h4 class=\"entry-title\"><a href=\"https:\/\/static.coral.org\/uploads\/2022\/12\/Comunidades-con-voz_Capitulo-4.pdf\" class=\"entry-title-link\">Comunidades con voz. El futuro de la pesca artesanal en Latinoam\u00e9rica y el Caribe (Capitulo 4)<\/a><\/h4>\t\t<p>A pesar de la relevancia multidimensional que poseen la pesca artesanal y la pesca de subsistencia en el contexto de Latinoam\u00e9rica y el Caribe (LAC), hist\u00f3ricamente los Estados de esta regi\u00f3n han fallado en su manejo sostenible. Por consiguiente, en las \u00faltimas d\u00e9cadas se observa una tendencia a nivel mundial a manejar el sector pesquero&hellip; <a href=\"https:\/\/coral.org\/es\/resource\/comunidades-con-voz-el-futuro-de-la-pesca-artesanal-en-latinoamerica-y-el-caribe-capitulo-4\/\" class=\"more-link\">Sigue Leyendo &#8594;<\/a><\/p>\n\t<\/div>\n<\/article>\n<\/div>\n<\/div><div class=\"wp-block-post post-4775 resource type-resource status-publish has-post-thumbnail category-case-study tag-clean-water tag-hawaii tag-maui tag-west-maui entry\">\n<div class=\"wp-block-wpbtp-template-part is-layout-flow wp-block-post-template-is-layout-flow\">\n<article class=\"article article-resource post-4775 resource type-resource status-publish has-post-thumbnail category-case-study tag-clean-water tag-hawaii tag-maui tag-west-maui entry\">\n\t<div class=\"entry-image\">\n\t\t<a href=\"https:\/\/coral.org\/wp-content\/uploads\/2019\/04\/2019_Maui_CaseStudies_RainGarden_Final.pdf\">\n\t\t\t<span class=\"entry-icon entry-mime-type\">\n\t\t\t\t<i class=\"far fa-file\"><\/i>\n\t\t\t<\/span>\n\t\t\t<span class=\"entry-thumbnail-preview case-study\">Estudios de Caso<\/span>\t\t<\/a>\n\t<\/div>\n\t<div class=\"entry-body\">\n\t\t<h4 class=\"entry-title\"><a href=\"https:\/\/coral.org\/wp-content\/uploads\/2019\/04\/2019_Maui_CaseStudies_RainGarden_Final.pdf\" class=\"entry-title-link\">Instalaci\u00f3n de una Huerta Pluvial en Acera<\/a><\/h4>\t\t<p>Una huerta pluvial en acera es una depresi\u00f3n ajardinada en el suelo dise\u00f1ada para recoger las aguas pluviales de los tejados y otras superficies impermeables. Este estudio de caso documenta el proceso de construcci\u00f3n de una huerta pluvial a lo largo de una carretera muy transitada, la K\u0101&#8217;anapali Parkway, utilizada para acceder a un popular&hellip; <a href=\"https:\/\/coral.org\/es\/resource\/instalacion-de-una-huerta-pluvial-en-acera\/\" class=\"more-link\">Sigue Leyendo &#8594;<\/a><\/p>\n\t<\/div>\n<\/article>\n<\/div>\n<\/div><div class=\"wp-block-post post-4769 resource type-resource status-publish has-post-thumbnail category-case-study tag-clean-water tag-hawaii tag-maui tag-west-maui entry\">\n<div class=\"wp-block-wpbtp-template-part is-layout-flow wp-block-post-template-is-layout-flow\">\n<article class=\"article article-resource post-4769 resource type-resource status-publish has-post-thumbnail category-case-study tag-clean-water tag-hawaii tag-maui tag-west-maui entry\">\n\t<div class=\"entry-image\">\n\t\t<a href=\"https:\/\/coral.org\/wp-content\/uploads\/2019\/04\/2019_Maui_CaseStudies_Bioretention_Final.pdf\">\n\t\t\t<span class=\"entry-icon entry-mime-type\">\n\t\t\t\t<i class=\"far fa-file\"><\/i>\n\t\t\t<\/span>\n\t\t\t<span class=\"entry-thumbnail-preview case-study\">Estudios de Caso<\/span>\t\t<\/a>\n\t<\/div>\n\t<div class=\"entry-body\">\n\t\t<h4 class=\"entry-title\"><a href=\"https:\/\/coral.org\/wp-content\/uploads\/2019\/04\/2019_Maui_CaseStudies_Bioretention_Final.pdf\" class=\"entry-title-link\">Instalaci\u00f3n de un \u00c1rea de Biorretenci\u00f3n<\/a><\/h4>\t\t<p>Un \u00e1rea de biorretenci\u00f3n es una pr\u00e1ctica eficaz y asequible de dise\u00f1o de bajo impacto (LID, por sus siglas en ingl\u00e9s) para evitar que los contaminantes lleguen a nuestros arroyos y al oc\u00e9ano. Este estudio de caso muestra c\u00f3mo el Departamento de Obras P\u00fablicas del Condado de Maui redujo con \u00e9xito la contaminaci\u00f3n de las&hellip; <a href=\"https:\/\/coral.org\/es\/resource\/instalacion-de-un-area-de-biorretencion\/\" class=\"more-link\">Sigue Leyendo &#8594;<\/a><\/p>\n\t<\/div>\n<\/article>\n<\/div>\n<\/div><div class=\"wp-block-post post-4756 resource type-resource status-publish has-post-thumbnail category-case-study tag-mesoamerican entry\">\n<div class=\"wp-block-wpbtp-template-part is-layout-flow wp-block-post-template-is-layout-flow\">\n<article class=\"article article-resource post-4756 resource type-resource status-publish has-post-thumbnail category-case-study tag-mesoamerican entry\">\n\t<div class=\"entry-image\">\n\t\t<a href=\"https:\/\/www.youtube.com\/watch?v=VKyx0LQ4HAc\">\n\t\t\t<span class=\"entry-icon entry-mime-type\">\n\t\t\t\t<i class=\"far fa-file\"><\/i>\n\t\t\t<\/span>\n\t\t\t<span class=\"entry-thumbnail-preview case-study\">Estudios de Caso<\/span>\t\t<\/a>\n\t<\/div>\n\t<div class=\"entry-body\">\n\t\t<h4 class=\"entry-title\"><a href=\"https:\/\/www.youtube.com\/watch?v=VKyx0LQ4HAc\" class=\"entry-title-link\">Transici\u00f3n hacia la Co-Gesti\u00f3n en las Pesquer\u00edas de Arrecife del Caribe: Estudio de Caso de la Bah\u00eda de Tela<\/a><\/h4>\t\t\t<\/div>\n<\/article>\n<\/div>\n<\/div><div class=\"wp-block-post post-4776 resource type-resource status-publish has-post-thumbnail category-case-study tag-clean-water tag-hawaii tag-maui tag-west-maui entry\">\n<div class=\"wp-block-wpbtp-template-part is-layout-flow wp-block-post-template-is-layout-flow\">\n<article class=\"article article-resource post-4776 resource type-resource status-publish has-post-thumbnail category-case-study tag-clean-water tag-hawaii tag-maui tag-west-maui entry\">\n\t<div class=\"entry-image\">\n\t\t<a href=\"https:\/\/coral.org\/wp-content\/uploads\/2019\/07\/2017_Maui_CaseStudies_WashDownStations_Revamped.pdf\">\n\t\t\t<span class=\"entry-icon entry-mime-type\">\n\t\t\t\t<i class=\"far fa-file\"><\/i>\n\t\t\t<\/span>\n\t\t\t<span class=\"entry-thumbnail-preview case-study\">Estudios de Caso<\/span>\t\t<\/a>\n\t<\/div>\n\t<div class=\"entry-body\">\n\t\t<h4 class=\"entry-title\"><a href=\"https:\/\/coral.org\/wp-content\/uploads\/2019\/07\/2017_Maui_CaseStudies_WashDownStations_Revamped.pdf\" class=\"entry-title-link\">Construir una Estaci\u00f3n de Lavado que Protege el Oc\u00e9ano<\/a><\/h4>\t\t<p>Wash down stations are dedicated areas for washing or rinsing that carries wastewater to the municipal sewer system instead of the ocean. Use this case study to learn how Slappy Cakes Restaurant in Kahana, Maui used their parking area to wash down kitchen mats each day while protecting the ocean at the same time.<\/p>\n\t<\/div>\n<\/article>\n<\/div>\n<\/div><div class=\"wp-block-post post-4778 resource type-resource status-publish has-post-thumbnail category-case-study tag-clean-water tag-hawaii tag-maui tag-west-maui entry\">\n<div class=\"wp-block-wpbtp-template-part is-layout-flow wp-block-post-template-is-layout-flow\">\n<article class=\"article article-resource post-4778 resource type-resource status-publish has-post-thumbnail category-case-study tag-clean-water tag-hawaii tag-maui tag-west-maui entry\">\n\t<div class=\"entry-image\">\n\t\t<a href=\"https:\/\/coral.org\/wp-content\/uploads\/2019\/07\/2017_Maui_CaseStudies_RainGardens_Revamped.pdf\">\n\t\t\t<span class=\"entry-icon entry-mime-type\">\n\t\t\t\t<i class=\"far fa-file\"><\/i>\n\t\t\t<\/span>\n\t\t\t<span class=\"entry-thumbnail-preview case-study\">Estudios de Caso<\/span>\t\t<\/a>\n\t<\/div>\n\t<div class=\"entry-body\">\n\t\t<h4 class=\"entry-title\"><a href=\"https:\/\/coral.org\/wp-content\/uploads\/2019\/07\/2017_Maui_CaseStudies_RainGardens_Revamped.pdf\" class=\"entry-title-link\">Utilizar una Huerta Pluvial para Filtrar las Aguas Lluvias<\/a><\/h4>\t\t<p>Learn how the Maui Economic Opportunity (MEO) Demonstration Farm installed a rain garden to showcase native plants, collect rain water and supplement irrigation, filter stormwater before it reaches the ocean, and provide a demonstration project for the community to visit and learn from.<\/p>\n\t<\/div>\n<\/article>\n<\/div>\n<\/div><div class=\"wp-block-post post-4783 resource type-resource status-publish has-post-thumbnail category-case-study tag-clean-water tag-hawaii tag-maui tag-west-maui entry\">\n<div class=\"wp-block-wpbtp-template-part is-layout-flow wp-block-post-template-is-layout-flow\">\n<article class=\"article article-resource post-4783 resource type-resource status-publish has-post-thumbnail category-case-study tag-clean-water tag-hawaii tag-maui tag-west-maui entry\">\n\t<div class=\"entry-image\">\n\t\t<a href=\"https:\/\/coral.org\/wp-content\/uploads\/2019\/07\/2017_Maui_CaseStudies_FloatingTreatmentWetlands_Revamped.pdf\">\n\t\t\t<span class=\"entry-icon entry-mime-type\">\n\t\t\t\t<i class=\"far fa-file\"><\/i>\n\t\t\t<\/span>\n\t\t\t<span class=\"entry-thumbnail-preview case-study\">Estudios de Caso<\/span>\t\t<\/a>\n\t<\/div>\n\t<div class=\"entry-body\">\n\t\t<h4 class=\"entry-title\"><a href=\"https:\/\/coral.org\/wp-content\/uploads\/2019\/07\/2017_Maui_CaseStudies_FloatingTreatmentWetlands_Revamped.pdf\" class=\"entry-title-link\">Conversi\u00f3n de Estanques de Retenci\u00f3n H\u00famedos en Humedales de Tratamiento Flotantes<\/a><\/h4>\t\t<p>A floating treatment wetland (FTW) is a valuable retrofit to improve the pollution treatment effectiveness of a wet retention pond. Learn how the Ka\u02bbanapali Golf Resort in West Maui, Hawai&#8217;i converted their wet retention ponds into a FTW to filter stormwater before it enters the ocean near Black Rock.<\/p>\n\t<\/div>\n<\/article>\n<\/div>\n<\/div><\/div>\n\n<a href=\"#\" class=\"view-more-query button\">Ver M\u00e1s<\/a>\n\n\n<div style=\"height:100px\" aria-hidden=\"true\" class=\"wp-block-spacer\"><\/div>\n<\/div>\n","protected":false},"excerpt":{"rendered":"","protected":false},"author":2,"featured_media":3748,"parent":4299,"menu_order":0,"comment_status":"closed","ping_status":"closed","template":"","meta":{"_acf_changed":false,"inline_featured_image":false,"_genesis_hide_title":false,"_genesis_hide_breadcrumbs":false,"_genesis_hide_singular_image":false,"_genesis_hide_footer_widgets":false,"_genesis_custom_body_class":"","_genesis_custom_post_class":"","_genesis_layout":"","_genesis_transparent_header":false,"_genesis_hide_siblings_nav":false,"_genesis_hide_flyout":false,"_genesis_subtitle":"","_genesis_subheading":"","footnotes":""},"class_list":{"0":"post-4436","1":"page","2":"type-page","3":"status-publish","4":"has-post-thumbnail","6":"entry"},"acf":[],"template_part":"","featured_image_src":"https:\/\/static.coral.org\/uploads\/2021\/09\/coral-case-studies-hero-600x400.jpg","featured_image_src_square":"https:\/\/static.coral.org\/uploads\/2021\/09\/coral-case-studies-hero-600x600.jpg","_links":{"self":[{"href":"https:\/\/coral.org\/es\/wp-json\/wp\/v2\/pages\/4436","targetHints":{"allow":["GET"]}}],"collection":[{"href":"https:\/\/coral.org\/es\/wp-json\/wp\/v2\/pages"}],"about":[{"href":"https:\/\/coral.org\/es\/wp-json\/wp\/v2\/types\/page"}],"author":[{"embeddable":true,"href":"https:\/\/coral.org\/es\/wp-json\/wp\/v2\/users\/2"}],"replies":[{"embeddable":true,"href":"https:\/\/coral.org\/es\/wp-json\/wp\/v2\/comments?post=4436"}],"version-history":[{"count":0,"href":"https:\/\/coral.org\/es\/wp-json\/wp\/v2\/pages\/4436\/revisions"}],"up":[{"embeddable":true,"href":"https:\/\/coral.org\/es\/wp-json\/wp\/v2\/pages\/4299"}],"wp:featuredmedia":[{"embeddable":true,"href":"https:\/\/coral.org\/es\/wp-json\/wp\/v2\/media\/3748"}],"wp:attachment":[{"href":"https:\/\/coral.org\/es\/wp-json\/wp\/v2\/media?parent=4436"}],"curies":[{"name":"wp","href":"https:\/\/api.w.org\/{rel}","templated":true}]}}