{"id":4441,"date":"2021-10-03T16:14:46","date_gmt":"2021-10-03T23:14:46","guid":{"rendered":"https:\/\/coral.org\/?page_id=4441"},"modified":"2021-10-13T10:36:05","modified_gmt":"2021-10-13T17:36:05","slug":"agua-limpia-para-los-arrecifes","status":"publish","type":"page","link":"https:\/\/coral.org\/es\/que-hacemos\/compromiso-local\/agua-limpia-para-los-arrecifes\/","title":{"rendered":"Agua Limpia para los Arrecifes"},"content":{"rendered":"\n<div class=\"wp-block-columns is-layout-flex wp-container-core-columns-is-layout-9d6595d7 wp-block-columns-is-layout-flex\">\n<div class=\"wp-block-column is-layout-flow wp-block-column-is-layout-flow\" style=\"flex-basis:7.25%\"><\/div>\n\n\n\n<div class=\"wp-block-column is-layout-flow wp-block-column-is-layout-flow\">\n<h2 class=\"has-text-align-center wp-block-heading\">El agua limpia es vital para los arrecifes de coral y los seres humanos. En todo el mundo, las aguas residuales y la escorrent\u00eda contaminada causan graves da\u00f1os a los arrecifes de coral, suponen un riesgo para la salud humana y amenazan la industria del turismo.<\/h2>\n<\/div>\n\n\n\n<div class=\"wp-block-column is-layout-flow wp-block-column-is-layout-flow\" style=\"flex-basis:7.25%\"><\/div>\n<\/div>\n\n\n\n<div style=\"height:100px\" aria-hidden=\"true\" class=\"wp-block-spacer is-style-medium\"><\/div>\n\n\n\n<h5 class=\"has-text-align-center is-style-separator wp-block-heading\">El Desaf\u00edo<\/h5>\n\n\n\n<div style=\"height:100px\" aria-hidden=\"true\" class=\"wp-block-spacer is-style-medium\"><\/div>\n\n\n\n<div class=\"wp-block-columns is-layout-flex wp-container-core-columns-is-layout-9d6595d7 wp-block-columns-is-layout-flex\">\n<div class=\"wp-block-column is-layout-flow wp-block-column-is-layout-flow\" style=\"flex-basis:41.666%\">\n<figure class=\"wp-block-image size-large\"><img loading=\"lazy\" decoding=\"async\" width=\"1024\" height=\"683\" src=\"https:\/\/coral.org\/wp-content\/uploads\/2021\/09\/0215_2_LowRes_AlgaeCoral-1024x683.jpg\" alt=\"Honolua, Maui, Hawaii algae covering coral\" class=\"wp-image-3777\" srcset=\"https:\/\/static.coral.org\/uploads\/2021\/09\/0215_2_LowRes_AlgaeCoral-1024x683.jpg 1024w, https:\/\/static.coral.org\/uploads\/2021\/09\/0215_2_LowRes_AlgaeCoral-796x531.jpg 796w, https:\/\/static.coral.org\/uploads\/2021\/09\/0215_2_LowRes_AlgaeCoral-768x512.jpg 768w, https:\/\/static.coral.org\/uploads\/2021\/09\/0215_2_LowRes_AlgaeCoral-600x400.jpg 600w, https:\/\/static.coral.org\/uploads\/2021\/09\/0215_2_LowRes_AlgaeCoral.jpg 1080w\" sizes=\"auto, (max-width: 1024px) 100vw, 1024px\" \/><figcaption><a href=\"Foto: Renee Capozzola\">Fotograf\u00eda: Renee Capozzola<\/a><\/figcaption><\/figure>\n<\/div>\n\n\n\n<div class=\"wp-block-column is-layout-flow wp-block-column-is-layout-flow\">\n<h3 class=\"wp-block-heading\">Las fuentes de contaminaci\u00f3n terrestre pueden perjudicar f\u00e1cilmente -y a menudo de forma invisible- a los arrecifes de coral.<\/h3>\n\n\n\n<p class=\"has-normal-font-size\">Las aguas residuales que se vierten directamente y las que se tratan de forma inadecuada en pozos negros y fosas s\u00e9pticas transportan altos niveles de nutrientes, bacterias, productos qu\u00edmicos y pat\u00f3genos al medio marino. Actividades como la agricultura, la tala de \u00e1rboles, la construcci\u00f3n de carreteras, la cr\u00eda de animales y la miner\u00eda pueden producir contaminantes como sedimentos, fertilizantes y pesticidas que llegan al oc\u00e9ano cuando llueve.<\/p>\n\n\n\n<p class=\"has-normal-font-size\">Una sobreabundancia de nutrientes o de sedimentos perturba los ecosistemas de los arrecifes de coral, favoreciendo el crecimiento de un exceso de algas y bacterias y bloqueando la luz solar que los arrecifes necesitan para sobrevivir.<\/p>\n<\/div>\n<\/div>\n\n\n\n<div style=\"height:100px\" aria-hidden=\"true\" class=\"wp-block-spacer is-style-medium\"><\/div>\n\n\n\n<h5 class=\"has-text-align-center is-style-separator wp-block-heading\">Nuestra Soluci\u00f3n<\/h5>\n\n\n\n<div style=\"height:100px\" aria-hidden=\"true\" class=\"wp-block-spacer is-style-medium\"><\/div>\n\n\n\n<div class=\"wp-block-columns is-layout-flex wp-container-core-columns-is-layout-9d6595d7 wp-block-columns-is-layout-flex\">\n<div class=\"wp-block-column is-layout-flow wp-block-column-is-layout-flow\" style=\"flex-basis:41.666%\">\n<figure class=\"wp-block-image size-full is-resized\"><img loading=\"lazy\" decoding=\"async\" src=\"https:\/\/coral.org\/wp-content\/uploads\/2021\/08\/clean-water-our-solution.jpg\" alt=\"\" class=\"wp-image-1419\" width=\"440\" height=\"440\" srcset=\"https:\/\/static.coral.org\/uploads\/2021\/08\/clean-water-our-solution.jpg 880w, https:\/\/static.coral.org\/uploads\/2021\/08\/clean-water-our-solution-796x796.jpg 796w, https:\/\/static.coral.org\/uploads\/2021\/08\/clean-water-our-solution-500x500.jpg 500w, https:\/\/static.coral.org\/uploads\/2021\/08\/clean-water-our-solution-768x768.jpg 768w\" sizes=\"auto, (max-width: 440px) 100vw, 440px\" \/><\/figure>\n<\/div>\n\n\n\n<div class=\"wp-block-column is-layout-flow wp-block-column-is-layout-flow\">\n<h3 class=\"wp-block-heading\">Utilizamos estrategias de conservaci\u00f3n basadas en la ciencia para garantizar que los arrecifes de coral tengan el agua limpia que necesitan y para proteger nuestros entornos costeros para las personas y la vida silvestre:<\/h3>\n\n\n\n<ol class=\"has-normal-font-size wp-block-list\"><li><strong>Controlamos cient\u00edficamente la calidad del agua<\/strong> para comprender la naturaleza del problema (por ejemplo, su origen y magnitud) e identificar soluciones.<\/li><li><strong>Construimos y actualizamos infraestructuras sostenibles de tratamiento de aguas residuales<\/strong> colaborando con gobiernos y comunidades.<\/li><li><strong>Educamos a los miembros de la comunidad, a los gobiernos locales y a la industria del turismo<\/strong> sobre los efectos perjudiciales de la mala calidad del agua en la salud humana y en los arrecifes de coral.<\/li><li><strong>Reducimos el aporte de sedimentos y nutrientes<\/strong> a las aguas costeras motivando a los propietarios del litoral a emplear las mejores pr\u00e1cticas respetuosas con los arrecifes.<\/li><li><strong>Restauramos y reforzamos arroyos y cuencas hidrogr\u00e1ficas<\/strong> para crear paisajes saludables que capturen y estabilicen los nutrientes y sedimentos antes de que lleguen al oc\u00e9ano.<\/li><\/ol>\n<\/div>\n<\/div>\n\n\n\n<div style=\"height:100px\" aria-hidden=\"true\" class=\"wp-block-spacer is-style-huge\"><\/div>\n\n\n\n<div class=\"wp-block-columns is-layout-flex wp-container-core-columns-is-layout-9d6595d7 wp-block-columns-is-layout-flex\">\n<div class=\"wp-block-column is-layout-flow wp-block-column-is-layout-flow\">\n<figure class=\"wp-block-embed is-type-video is-provider-youtube wp-block-embed-youtube wp-embed-aspect-16-9 wp-has-aspect-ratio\"><div class=\"wp-block-embed__wrapper\">\n<iframe loading=\"lazy\" title=\"Coral vs Seaweeds: maintaining balance on coral reefs\" width=\"500\" height=\"281\" src=\"https:\/\/www.youtube.com\/embed\/Lafi-LZzkaM?feature=oembed\" frameborder=\"0\" allow=\"accelerometer; autoplay; clipboard-write; encrypted-media; gyroscope; picture-in-picture; web-share\" referrerpolicy=\"strict-origin-when-cross-origin\" allowfullscreen><\/iframe>\n<\/div><\/figure>\n\n\n\n<h4 class=\"wp-block-heading\">Coral vs Algas: Mantener el Equilibrio en los Arrecifes de Coral<\/h4>\n\n\n\n<p style=\"font-size:14px\">Los corales necesitan agua limpia y clara para proliferar. Pero, \u00bfqu\u00e9 ocurre en un arrecife de coral cuando hay sobrepesca y mala calidad del agua?<\/p>\n<\/div>\n\n\n\n<div class=\"wp-block-column is-layout-flow wp-block-column-is-layout-flow\">\n<figure class=\"wp-block-embed is-type-video is-provider-youtube wp-block-embed-youtube wp-embed-aspect-16-9 wp-has-aspect-ratio\"><div class=\"wp-block-embed__wrapper\">\n<iframe loading=\"lazy\" title=\"Clean Water for Reefs in Puako, Hawaii\" width=\"500\" height=\"281\" src=\"https:\/\/www.youtube.com\/embed\/sCA2YHOwX0U?feature=oembed\" frameborder=\"0\" allow=\"accelerometer; autoplay; clipboard-write; encrypted-media; gyroscope; picture-in-picture; web-share\" referrerpolicy=\"strict-origin-when-cross-origin\" allowfullscreen><\/iframe>\n<\/div><\/figure>\n\n\n\n<h4 class=\"wp-block-heading\">Agua Limpia para los Arrecifes en Puako, Haw\u00e1i<\/h4>\n\n\n\n<p style=\"font-size:14px\">Agua Limpia para los Arrecifes de Puak\u014d es un proyecto impulsado por la comunidad que busca solucionar la contaminaci\u00f3n por aguas residuales en el Arrecife de Puak\u014d, en la costa noroeste de Kohala, en la isla de Haw\u00e1i. La contaminaci\u00f3n por aguas residuales se encuentra en toda la costa de Puak\u014d y causa graves da\u00f1os a los corales, afecta negativamente a la fauna marina y plantea riesgos para la salud humana.<\/p>\n<\/div>\n<\/div>\n\n\n\n<div style=\"height:100px\" aria-hidden=\"true\" class=\"wp-block-spacer is-style-medium\"><\/div>\n\n\n\n<h5 class=\"has-text-align-center is-style-separator wp-block-heading\">recursos<\/h5>\n\n\n\n<div style=\"height:100px\" aria-hidden=\"true\" class=\"wp-block-spacer is-style-medium\"><\/div>\n\n\n\n<div class=\"wp-block-query is-layout-flow wp-block-query-is-layout-flow\" data-paged=\"1\" data-attrs=\"{&quot;blockName&quot;:&quot;core\\\/query&quot;,&quot;attrs&quot;:{&quot;queryId&quot;:9,&quot;query&quot;:{&quot;perPage&quot;:&quot;4&quot;,&quot;pages&quot;:0,&quot;offset&quot;:0,&quot;postType&quot;:&quot;resource&quot;,&quot;categoryIds&quot;:[],&quot;tagIds&quot;:[57],&quot;order&quot;:&quot;desc&quot;,&quot;orderBy&quot;:&quot;date&quot;,&quot;author&quot;:&quot;&quot;,&quot;search&quot;:&quot;&quot;,&quot;exclude&quot;:[],&quot;sticky&quot;:&quot;&quot;,&quot;inherit&quot;:false},&quot;displayLayout&quot;:{&quot;type&quot;:&quot;flex&quot;,&quot;columns&quot;:2}},&quot;innerBlocks&quot;:[{&quot;blockName&quot;:&quot;core\\\/post-template&quot;,&quot;attrs&quot;:{&quot;align&quot;:&quot;left&quot;},&quot;innerBlocks&quot;:[{&quot;blockName&quot;:&quot;wpbtp\\\/template-part&quot;,&quot;attrs&quot;:[],&quot;innerBlocks&quot;:[],&quot;innerHTML&quot;:&quot;&quot;,&quot;innerContent&quot;:[]}],&quot;innerHTML&quot;:&quot;\\n\\n&quot;,&quot;innerContent&quot;:[&quot;\\n&quot;,null,&quot;\\n&quot;]}],&quot;innerHTML&quot;:&quot;\\n&lt;div class=\\&quot;wp-block-query\\&quot;&gt;&lt;\\\/div&gt;\\n&quot;,&quot;innerContent&quot;:[&quot;\\n&lt;div class=\\&quot;wp-block-query\\&quot;&gt;&quot;,null,&quot;&lt;\\\/div&gt;\\n&quot;]}\"><div class=\"is-flex-container columns-2 alignleft wp-block-post-template is-layout-flow wp-block-post-template-is-layout-flow\"><div class=\"wp-block-post post-6505 resource type-resource status-publish has-post-thumbnail category-en-las-noticias tag-clean-water tag-mesoamerican tag-mesoamerican-region-program-staff tag-mexico entry\">\n<div class=\"wp-block-wpbtp-template-part is-layout-flow wp-block-post-template-is-layout-flow\">\n<article class=\"article article-resource post-6505 resource type-resource status-publish has-post-thumbnail category-en-las-noticias tag-clean-water tag-mesoamerican tag-mesoamerican-region-program-staff tag-mexico entry\">\n\t<div class=\"entry-image\">\n\t\t<a href=\"https:\/\/www.corporateknights.com\/leadership\/can-mexico-save-its-reefs-from-overtourism\/\">\n\t\t\t<span class=\"entry-icon entry-mime-type\">\n\t\t\t\t<i class=\"far fa-file\"><\/i>\n\t\t\t<\/span>\n\t\t\t<span class=\"entry-thumbnail-preview en-las-noticias\">En las noticias<\/span>\t\t<\/a>\n\t<\/div>\n\t<div class=\"entry-body\">\n\t\t<h4 class=\"entry-title\"><a href=\"https:\/\/www.corporateknights.com\/leadership\/can-mexico-save-its-reefs-from-overtourism\/\" class=\"entry-title-link\">Can Mexico save its reefs from overtourism?<\/a><\/h4>\t\t\t<\/div>\n<\/article>\n<\/div>\n<\/div><div class=\"wp-block-post post-4775 resource type-resource status-publish has-post-thumbnail category-case-study tag-clean-water tag-hawaii tag-maui tag-west-maui entry\">\n<div class=\"wp-block-wpbtp-template-part is-layout-flow wp-block-post-template-is-layout-flow\">\n<article class=\"article article-resource post-4775 resource type-resource status-publish has-post-thumbnail category-case-study tag-clean-water tag-hawaii tag-maui tag-west-maui entry\">\n\t<div class=\"entry-image\">\n\t\t<a href=\"https:\/\/coral.org\/wp-content\/uploads\/2019\/04\/2019_Maui_CaseStudies_RainGarden_Final.pdf\">\n\t\t\t<span class=\"entry-icon entry-mime-type\">\n\t\t\t\t<i class=\"far fa-file\"><\/i>\n\t\t\t<\/span>\n\t\t\t<span class=\"entry-thumbnail-preview case-study\">Estudios de Caso<\/span>\t\t<\/a>\n\t<\/div>\n\t<div class=\"entry-body\">\n\t\t<h4 class=\"entry-title\"><a href=\"https:\/\/coral.org\/wp-content\/uploads\/2019\/04\/2019_Maui_CaseStudies_RainGarden_Final.pdf\" class=\"entry-title-link\">Instalaci\u00f3n de una Huerta Pluvial en Acera<\/a><\/h4>\t\t<p>Una huerta pluvial en acera es una depresi\u00f3n ajardinada en el suelo dise\u00f1ada para recoger las aguas pluviales de los tejados y otras superficies impermeables. Este estudio de caso documenta el proceso de construcci\u00f3n de una huerta pluvial a lo largo de una carretera muy transitada, la K\u0101&#8217;anapali Parkway, utilizada para acceder a un popular&hellip; <a href=\"https:\/\/coral.org\/es\/resource\/instalacion-de-una-huerta-pluvial-en-acera\/\" class=\"more-link\">Sigue Leyendo &#8594;<\/a><\/p>\n\t<\/div>\n<\/article>\n<\/div>\n<\/div><div class=\"wp-block-post post-4769 resource type-resource status-publish has-post-thumbnail category-case-study tag-clean-water tag-hawaii tag-maui tag-west-maui entry\">\n<div class=\"wp-block-wpbtp-template-part is-layout-flow wp-block-post-template-is-layout-flow\">\n<article class=\"article article-resource post-4769 resource type-resource status-publish has-post-thumbnail category-case-study tag-clean-water tag-hawaii tag-maui tag-west-maui entry\">\n\t<div class=\"entry-image\">\n\t\t<a href=\"https:\/\/coral.org\/wp-content\/uploads\/2019\/04\/2019_Maui_CaseStudies_Bioretention_Final.pdf\">\n\t\t\t<span class=\"entry-icon entry-mime-type\">\n\t\t\t\t<i class=\"far fa-file\"><\/i>\n\t\t\t<\/span>\n\t\t\t<span class=\"entry-thumbnail-preview case-study\">Estudios de Caso<\/span>\t\t<\/a>\n\t<\/div>\n\t<div class=\"entry-body\">\n\t\t<h4 class=\"entry-title\"><a href=\"https:\/\/coral.org\/wp-content\/uploads\/2019\/04\/2019_Maui_CaseStudies_Bioretention_Final.pdf\" class=\"entry-title-link\">Instalaci\u00f3n de un \u00c1rea de Biorretenci\u00f3n<\/a><\/h4>\t\t<p>Un \u00e1rea de biorretenci\u00f3n es una pr\u00e1ctica eficaz y asequible de dise\u00f1o de bajo impacto (LID, por sus siglas en ingl\u00e9s) para evitar que los contaminantes lleguen a nuestros arroyos y al oc\u00e9ano. Este estudio de caso muestra c\u00f3mo el Departamento de Obras P\u00fablicas del Condado de Maui redujo con \u00e9xito la contaminaci\u00f3n de las&hellip; <a href=\"https:\/\/coral.org\/es\/resource\/instalacion-de-un-area-de-biorretencion\/\" class=\"more-link\">Sigue Leyendo &#8594;<\/a><\/p>\n\t<\/div>\n<\/article>\n<\/div>\n<\/div><div class=\"wp-block-post post-4766 resource type-resource status-publish has-post-thumbnail category-guide tag-clean-water tag-hawaii tag-maui tag-west-maui entry\">\n<div class=\"wp-block-wpbtp-template-part is-layout-flow wp-block-post-template-is-layout-flow\">\n<article class=\"article article-resource post-4766 resource type-resource status-publish has-post-thumbnail category-guide tag-clean-water tag-hawaii tag-maui tag-west-maui entry\">\n\t<div class=\"entry-image\">\n\t\t<a href=\"https:\/\/static.coral.org\/uploads\/2021\/10\/2019_Maui_RoadManual_final.pdf\">\n\t\t\t<span class=\"entry-icon entry-mime-type\">\n\t\t\t\t<i class=\"far fa-file\"><\/i>\n\t\t\t<\/span>\n\t\t\t<span class=\"entry-thumbnail-preview guide\">Gu\u00eda<\/span>\t\t<\/a>\n\t<\/div>\n\t<div class=\"entry-body\">\n\t\t<h4 class=\"entry-title\"><a href=\"https:\/\/static.coral.org\/uploads\/2021\/10\/2019_Maui_RoadManual_final.pdf\" class=\"entry-title-link\">Restablecer la Salud de las Cuencas Hidrogr\u00e1ficas y de los Arrecifes de Coral en Haw\u00e1i Reduciendo el Transporte de Sedimentos de los Caminos de Tierra a los Arroyos<\/a><\/h4>\t\t<p>Destinada a los equipos de mantenimiento de carreteras y a los gestores de terrenos, esta gu\u00eda expone algunas de las mejores opciones para acondicionar una carretera de tierra y, al mismo tiempo, proteger el medio ambiente marino. Expone un conjunto de recomendaciones pr\u00e1cticas, al tiempo que reconoce que cada lugar tendr\u00e1 sus propias caracter\u00edsticas.\u00a0&hellip; <a href=\"https:\/\/coral.org\/es\/resource\/restablecer-la-salud-de-las-cuencas-hidrograficas-y-de-los-arrecifes-de-coral-en-hawai-reduciendo-el-transporte-de-sedimentos-de-los-caminos-de-tierra-a-los-arroyos\/\" class=\"more-link\">Sigue Leyendo &#8594;<\/a><\/p>\n\t<\/div>\n<\/article>\n<\/div>\n<\/div><\/div><\/div>\n\n\n\n<div style=\"height:100px\" aria-hidden=\"true\" class=\"wp-block-spacer is-style-huge\"><\/div>\n\n\n\n<div class=\"wp-block-columns is-layout-flex wp-container-core-columns-is-layout-9d6595d7 wp-block-columns-is-layout-flex\">\n<div class=\"wp-block-column is-layout-flow wp-block-column-is-layout-flow\" style=\"flex-basis:16.666%\"><\/div>\n\n\n\n<div class=\"wp-block-column is-layout-flow wp-block-column-is-layout-flow\">\n<h2 class=\"has-text-align-center wp-block-heading\">Apoya a CORAL<\/h2>\n\n\n\n<p class=\"has-text-align-center has-medium-font-size\">Nuestro trabajo para garantizar agua limpia para los arrecifes no podr\u00eda llevarse a cabo sin tu apoyo. Haz una donaci\u00f3n hoy para ayudar a los arrecifes de coral a sobrevivir.<\/p>\n\n\n\n<div style=\"height:100px\" aria-hidden=\"true\" class=\"wp-block-spacer is-style-small\"><\/div>\n\n\n\n<div class=\"wp-block-buttons is-content-justification-center is-layout-flex wp-block-buttons-is-layout-flex\">\n<div class=\"wp-block-button\"><a class=\"wp-block-button__link\" href=\"https:\/\/coral.org\/es\/donar\/\">Donar<\/a><\/div>\n<\/div>\n<\/div>\n\n\n\n<div class=\"wp-block-column is-layout-flow wp-block-column-is-layout-flow\" style=\"flex-basis:16.666%\"><\/div>\n<\/div>\n","protected":false},"excerpt":{"rendered":"<p>El agua limpia es vital para los arrecifes de coral y los seres humanos. En todo el mundo, las aguas residuales y la escorrent\u00eda contaminada causan graves da\u00f1os a los arrecifes de coral, suponen un riesgo para la salud humana y amenazan la industria del turismo. El Desaf\u00edo Las fuentes de contaminaci\u00f3n terrestre pueden perjudicar&hellip; <a href=\"https:\/\/coral.org\/es\/que-hacemos\/compromiso-local\/agua-limpia-para-los-arrecifes\/\" class=\"more-link\">Sigue Leyendo &#8594;<\/a><\/p>\n","protected":false},"author":2,"featured_media":1402,"parent":4175,"menu_order":0,"comment_status":"closed","ping_status":"closed","template":"","meta":{"_acf_changed":false,"inline_featured_image":false,"_genesis_hide_title":false,"_genesis_hide_breadcrumbs":false,"_genesis_hide_singular_image":false,"_genesis_hide_footer_widgets":false,"_genesis_custom_body_class":"","_genesis_custom_post_class":"","_genesis_layout":"","_genesis_transparent_header":false,"_genesis_hide_siblings_nav":false,"_genesis_hide_flyout":false,"_genesis_subtitle":"","_genesis_subheading":"","footnotes":""},"class_list":{"0":"post-4441","1":"page","2":"type-page","3":"status-publish","4":"has-post-thumbnail","6":"entry"},"acf":[],"template_part":"","featured_image_src":"https:\/\/static.coral.org\/uploads\/2021\/08\/coral-clean-water-for-reefs-hero.jpg","featured_image_src_square":"https:\/\/static.coral.org\/uploads\/2021\/08\/coral-clean-water-for-reefs-hero.jpg","_links":{"self":[{"href":"https:\/\/coral.org\/es\/wp-json\/wp\/v2\/pages\/4441","targetHints":{"allow":["GET"]}}],"collection":[{"href":"https:\/\/coral.org\/es\/wp-json\/wp\/v2\/pages"}],"about":[{"href":"https:\/\/coral.org\/es\/wp-json\/wp\/v2\/types\/page"}],"author":[{"embeddable":true,"href":"https:\/\/coral.org\/es\/wp-json\/wp\/v2\/users\/2"}],"replies":[{"embeddable":true,"href":"https:\/\/coral.org\/es\/wp-json\/wp\/v2\/comments?post=4441"}],"version-history":[{"count":0,"href":"https:\/\/coral.org\/es\/wp-json\/wp\/v2\/pages\/4441\/revisions"}],"up":[{"embeddable":true,"href":"https:\/\/coral.org\/es\/wp-json\/wp\/v2\/pages\/4175"}],"wp:featuredmedia":[{"embeddable":true,"href":"https:\/\/coral.org\/es\/wp-json\/wp\/v2\/media\/1402"}],"wp:attachment":[{"href":"https:\/\/coral.org\/es\/wp-json\/wp\/v2\/media?parent=4441"}],"curies":[{"name":"wp","href":"https:\/\/api.w.org\/{rel}","templated":true}]}}