{"id":4442,"date":"2021-10-03T16:16:04","date_gmt":"2021-10-03T23:16:04","guid":{"rendered":"https:\/\/coral.org\/?page_id=4442"},"modified":"2021-10-13T10:38:23","modified_gmt":"2021-10-13T17:38:23","slug":"proteccion-del-habitat","status":"publish","type":"page","link":"https:\/\/coral.org\/es\/que-hacemos\/compromiso-local\/proteccion-del-habitat\/","title":{"rendered":"Protecci\u00f3n del H\u00e1bitat"},"content":{"rendered":"\n<div class=\"wp-block-columns is-layout-flex wp-container-core-columns-is-layout-9d6595d7 wp-block-columns-is-layout-flex\">\n<div class=\"wp-block-column is-layout-flow wp-block-column-is-layout-flow\" style=\"flex-basis:7.25%\"><\/div>\n\n\n\n<div class=\"wp-block-column is-layout-flow wp-block-column-is-layout-flow\">\n<h2 class=\"has-text-align-center wp-block-heading\">Prevenci\u00f3n de la destrucci\u00f3n del h\u00e1bitat<\/h2>\n\n\n\n<p class=\"has-text-align-center has-medium-font-size\">Los arrecifes de coral que vemos hoy en d\u00eda llevan cientos -y a veces miles- de a\u00f1os form\u00e1ndose. Al igual que los \u00e1rboles, los arrecifes de coral son estructuras vivas que pueden tardar a\u00f1os en regenerarse una vez destruidos. Debido a que la mayor\u00eda de los corales crecen menos de un cent\u00edmetro al a\u00f1o, la destrucci\u00f3n de los arrecifes puede tener consecuencias de largo plazo.<\/p>\n<\/div>\n\n\n\n<div class=\"wp-block-column is-layout-flow wp-block-column-is-layout-flow\" style=\"flex-basis:7.25%\"><\/div>\n<\/div>\n\n\n\n<div style=\"height:100px\" aria-hidden=\"true\" class=\"wp-block-spacer is-style-medium\"><\/div>\n\n\n\n<h5 class=\"has-text-align-center is-style-separator wp-block-heading\">El Desaf\u00edo<\/h5>\n\n\n\n<div style=\"height:100px\" aria-hidden=\"true\" class=\"wp-block-spacer is-style-medium\"><\/div>\n\n\n\n<div class=\"wp-block-columns is-layout-flex wp-container-core-columns-is-layout-9d6595d7 wp-block-columns-is-layout-flex\">\n<div class=\"wp-block-column is-layout-flow wp-block-column-is-layout-flow\" style=\"flex-basis:41.666%\">\n<figure class=\"wp-block-image size-full is-resized\"><img decoding=\"async\" src=\"https:\/\/coral.org\/wp-content\/uploads\/2021\/08\/coral-finding-our-sea-legs.jpg\" alt=\"\" class=\"wp-image-1138\" width=\"440\" height=\"NaN\" srcset=\"https:\/\/static.coral.org\/uploads\/2021\/08\/coral-finding-our-sea-legs.jpg 930w, https:\/\/static.coral.org\/uploads\/2021\/08\/coral-finding-our-sea-legs-796x599.jpg 796w, https:\/\/static.coral.org\/uploads\/2021\/08\/coral-finding-our-sea-legs-768x578.jpg 768w\" sizes=\"(max-width: 930px) 100vw, 930px\" \/><\/figure>\n<\/div>\n\n\n\n<div class=\"wp-block-column is-layout-flow wp-block-column-is-layout-flow\">\n<h3 class=\"wp-block-heading\">Muchas actividades humanas pueden destruir los h\u00e1bitats de los arrecifes r\u00e1pidamente, con poco beneficio.<\/h3>\n\n\n\n<ul class=\"has-normal-font-size wp-block-list\"><li>La miner\u00eda de coral, proceso por el que se extraen trozos de arrecifes de coral para utilizarlos como ladrillos u otros materiales de construcci\u00f3n, provoca da\u00f1os extraordinarios.<\/li><li>La explotaci\u00f3n de los arrecifes de coral para fabricar joyas y objetos de decoraci\u00f3n para el hogar ha provocado una disminuci\u00f3n notable de la poblaci\u00f3n.<\/li><li>La pesca de arrastre de fondo, un m\u00e9todo de pesca que arrastra una red lastrada por el fondo marino, destruye pr\u00e1cticamente todo lo que encuentra a su paso durante una sola jornada de pesca.<\/li><li>Las anclas de los barcos que caen en los arrecifes de coral causan da\u00f1os importantes.<\/li><li>Incluso los buceadores y quienes practican el snorkel pueden causar da\u00f1os al pisotear los arrecifes y usar ciertos protectores solares y cosm\u00e9ticos.<\/li><\/ul>\n<\/div>\n<\/div>\n\n\n\n<div style=\"height:100px\" aria-hidden=\"true\" class=\"wp-block-spacer is-style-medium\"><\/div>\n\n\n\n<h5 class=\"has-text-align-center is-style-separator wp-block-heading\">Nuestra Soluci\u00f3n<\/h5>\n\n\n\n<div style=\"height:100px\" aria-hidden=\"true\" class=\"wp-block-spacer is-style-medium\"><\/div>\n\n\n\n<div class=\"wp-block-columns is-layout-flex wp-container-core-columns-is-layout-9d6595d7 wp-block-columns-is-layout-flex\">\n<div class=\"wp-block-column is-layout-flow wp-block-column-is-layout-flow\" style=\"flex-basis:41.666%\">\n<figure class=\"wp-block-image size-full is-resized\"><img loading=\"lazy\" decoding=\"async\" src=\"https:\/\/coral.org\/wp-content\/uploads\/2021\/08\/clean-water-our-solution.jpg\" alt=\"\" class=\"wp-image-1419\" width=\"440\" height=\"440\" srcset=\"https:\/\/static.coral.org\/uploads\/2021\/08\/clean-water-our-solution.jpg 880w, https:\/\/static.coral.org\/uploads\/2021\/08\/clean-water-our-solution-796x796.jpg 796w, https:\/\/static.coral.org\/uploads\/2021\/08\/clean-water-our-solution-500x500.jpg 500w, https:\/\/static.coral.org\/uploads\/2021\/08\/clean-water-our-solution-768x768.jpg 768w\" sizes=\"auto, (max-width: 440px) 100vw, 440px\" \/><\/figure>\n<\/div>\n\n\n\n<div class=\"wp-block-column is-layout-flow wp-block-column-is-layout-flow\">\n<h3 class=\"wp-block-heading\">CORAL utiliza estrategias y acciones de conservaci\u00f3n para proteger los ecosistemas de los arrecifes de coral de la destrucci\u00f3n de su h\u00e1bitat y devolverles su salud:<\/h3>\n\n\n\n<ol type=\"1\" class=\"has-normal-font-size wp-block-list\"><li>Nos asociamos con el sector tur\u00edstico y la comunidad de buceadores para concienciar y reducir los efectos adversos de las actividades insostenibles, como la aglomeraci\u00f3n y el pisoteo de los arrecifes.<\/li><li>Instalamos boyas de amarre que eliminan la necesidad de usar anclas.<\/li><li>Establecemos planes de gesti\u00f3n de \u00e1reas protegidas, como las \u00c1reas Marinas Protegidas (AMP) o las \u00c1reas Marinas Localmente Gestionadas (LMMA por sus siglas en ingl\u00e9s), que incluyen protecciones del h\u00e1bitat como la prohibici\u00f3n de las pr\u00e1cticas pesqueras destructivas y la reducci\u00f3n de los da\u00f1os causados por las anclas en los arrecifes.<\/li><li>Reforzamos el cumplimiento de las leyes y reglamentos que protegen los h\u00e1bitats de los arrecifes mediante la realizaci\u00f3n de patrullas para el cumplimiento de la ley, la aclaraci\u00f3n de la gobernanza y la concienciaci\u00f3n de los miembros de la comunidad.<\/li><li>Reforzamos la capacidad de las comunidades costeras para generar ingresos con el turismo de forma que se protejan los arrecifes de coral y se fomenten los medios de vida locales.<\/li><li>Aumentamos la administraci\u00f3n de los arrecifes de coral mediante la concienciaci\u00f3n de la comunidad sobre los ecosistemas de los arrecifes de coral y las amenazas a las que se enfrentan.<\/li><li>Apoyamos y fomentamos la protecci\u00f3n de otros ecosistemas relacionados, como los manglares y las lagunas, que son esenciales para unos arrecifes de coral saludables.<\/li><\/ol>\n<\/div>\n<\/div>\n\n\n\n<div style=\"height:100px\" aria-hidden=\"true\" class=\"wp-block-spacer is-style-medium\"><\/div>\n\n\n\n<h5 class=\"has-text-align-center is-style-separator wp-block-heading\">recursos<\/h5>\n\n\n\n<div style=\"height:100px\" aria-hidden=\"true\" class=\"wp-block-spacer is-style-medium\"><\/div>\n\n\n\n<div class=\"wp-block-query is-layout-flow wp-block-query-is-layout-flow\" data-paged=\"1\" data-attrs=\"{&quot;blockName&quot;:&quot;core\\\/query&quot;,&quot;attrs&quot;:{&quot;queryId&quot;:19,&quot;query&quot;:{&quot;perPage&quot;:&quot;4&quot;,&quot;pages&quot;:0,&quot;offset&quot;:0,&quot;postType&quot;:&quot;resource&quot;,&quot;categoryIds&quot;:[],&quot;tagIds&quot;:[308],&quot;order&quot;:&quot;desc&quot;,&quot;orderBy&quot;:&quot;date&quot;,&quot;author&quot;:&quot;&quot;,&quot;search&quot;:&quot;&quot;,&quot;exclude&quot;:[],&quot;sticky&quot;:&quot;&quot;,&quot;inherit&quot;:false},&quot;displayLayout&quot;:{&quot;type&quot;:&quot;flex&quot;,&quot;columns&quot;:2}},&quot;innerBlocks&quot;:[{&quot;blockName&quot;:&quot;core\\\/post-template&quot;,&quot;attrs&quot;:{&quot;align&quot;:&quot;left&quot;},&quot;innerBlocks&quot;:[{&quot;blockName&quot;:&quot;wpbtp\\\/template-part&quot;,&quot;attrs&quot;:[],&quot;innerBlocks&quot;:[],&quot;innerHTML&quot;:&quot;&quot;,&quot;innerContent&quot;:[]}],&quot;innerHTML&quot;:&quot;\\n\\n&quot;,&quot;innerContent&quot;:[&quot;\\n&quot;,null,&quot;\\n&quot;]}],&quot;innerHTML&quot;:&quot;\\n&lt;div class=\\&quot;wp-block-query\\&quot;&gt;&lt;\\\/div&gt;\\n&quot;,&quot;innerContent&quot;:[&quot;\\n&lt;div class=\\&quot;wp-block-query\\&quot;&gt;&quot;,null,&quot;&lt;\\\/div&gt;\\n&quot;]}\"><div class=\"is-flex-container columns-2 alignleft wp-block-post-template is-layout-flow wp-block-post-template-is-layout-flow\"><div class=\"wp-block-post post-4695 resource type-resource status-publish has-post-thumbnail category-infosheet tag-cozumel tag-habitat-protection tag-honduras tag-mesoamerican tag-mexico tag-roatan tag-tela tag-train-the-trainer tag-trujillo tag-utila entry\">\n<div class=\"wp-block-wpbtp-template-part is-layout-flow wp-block-post-template-is-layout-flow\">\n<article class=\"article article-resource post-4695 resource type-resource status-publish has-post-thumbnail category-infosheet tag-cozumel tag-habitat-protection tag-honduras tag-mesoamerican tag-mexico tag-roatan tag-tela tag-train-the-trainer tag-trujillo tag-utila entry\">\n\t<div class=\"entry-image\">\n\t\t<a href=\"https:\/\/static.coral.org\/uploads\/2021\/10\/Best-Practices-Snorkeling-and-Diving_Espanol.pdf\">\n\t\t\t<span class=\"entry-icon entry-mime-type\">\n\t\t\t\t<i class=\"far fa-file-pdf\"><\/i>\n\t\t\t<\/span>\n\t\t\t<span class=\"entry-thumbnail-preview infosheet\">Hoja de informaci\u00f3n<\/span>\t\t<\/a>\n\t<\/div>\n\t<div class=\"entry-body\">\n\t\t<h4 class=\"entry-title\"><a href=\"https:\/\/static.coral.org\/uploads\/2021\/10\/Best-Practices-Snorkeling-and-Diving_Espanol.pdf\" class=\"entry-title-link\">Buenas Pr\u00e1cticas Ambientales: Buceo y el Snorkeling<\/a><\/h4>\t\t<p>El snorkeling y el buceo nos han brindado la oportunidad de explorar uno de los ecosistemas m\u00e1s espectaculares del mundo: los arrecifes de coral. Esta oportunidad tambi\u00e9n viene con la responsabilidad de ayudar a proteger estos h\u00e1bitats vulnerables. Siga estas sencillas instrucciones para ayudar a preservar el arrecife y convertirse en un buceador o snorkeler amigable con los corales.<\/p>\n\t<\/div>\n<\/article>\n<\/div>\n<\/div><div class=\"wp-block-post post-4794 resource type-resource status-publish has-post-thumbnail category-guide tag-habitat-protection tag-hawaii tag-maui tag-west-maui entry\">\n<div class=\"wp-block-wpbtp-template-part is-layout-flow wp-block-post-template-is-layout-flow\">\n<article class=\"article article-resource post-4794 resource type-resource status-publish has-post-thumbnail category-guide tag-habitat-protection tag-hawaii tag-maui tag-west-maui entry\">\n\t<div class=\"entry-image\">\n\t\t<a href=\"https:\/\/coral.org\/en\/resource\/hotelstewardship\/\">\n\t\t\t<span class=\"entry-icon entry-mime-type\">\n\t\t\t\t<i class=\"far fa-file\"><\/i>\n\t\t\t<\/span>\n\t\t\t<span class=\"entry-thumbnail-preview guide\">Gu\u00eda<\/span>\t\t<\/a>\n\t<\/div>\n\t<div class=\"entry-body\">\n\t\t<h4 class=\"entry-title\"><a href=\"https:\/\/coral.org\/en\/resource\/hotelstewardship\/\" class=\"entry-title-link\">Gu\u00eda de Custodia de los Arrecifes para Hoteles de Haw\u00e1i<\/a><\/h4>\t\t<p>As many resorts in Hawai&#8217;i\u00a0are situated along the shoreline, they play\u00a0an important role in protecting the coastal ecosystem. This guide can help your property\u00a0take stock of its own operations and find resources to assist in\u00a0implementing new strategies within your\u00a0own property. <\/p>\n\t<\/div>\n<\/article>\n<\/div>\n<\/div><\/div><\/div>\n\n\n\n<div style=\"height:100px\" aria-hidden=\"true\" class=\"wp-block-spacer is-style-huge\"><\/div>\n\n\n\n<div class=\"wp-block-columns is-layout-flex wp-container-core-columns-is-layout-9d6595d7 wp-block-columns-is-layout-flex\">\n<div class=\"wp-block-column is-layout-flow wp-block-column-is-layout-flow\" style=\"flex-basis:16.666%\"><\/div>\n\n\n\n<div class=\"wp-block-column is-layout-flow wp-block-column-is-layout-flow\">\n<h2 class=\"has-text-align-center wp-block-heading\">Apoya a CORAL<\/h2>\n\n\n\n<p class=\"has-text-align-center has-medium-font-size\">Nuestro trabajo para garantizar la protecci\u00f3n de los arrecifes de coral no podr\u00eda llevarse a cabo sin tu apoyo. Haz una donaci\u00f3n hoy para ayudarnos a salvar los arrecifes de coral.<\/p>\n\n\n\n<div style=\"height:100px\" aria-hidden=\"true\" class=\"wp-block-spacer is-style-small\"><\/div>\n\n\n\n<div class=\"wp-block-buttons is-content-justification-center is-layout-flex wp-block-buttons-is-layout-flex\">\n<div class=\"wp-block-button\"><a class=\"wp-block-button__link\" href=\"https:\/\/coral.org\/donate\/\">Donar<\/a><\/div>\n<\/div>\n<\/div>\n\n\n\n<div class=\"wp-block-column is-layout-flow wp-block-column-is-layout-flow\" style=\"flex-basis:16.666%\"><\/div>\n<\/div>\n","protected":false},"excerpt":{"rendered":"<p>Prevenci\u00f3n de la destrucci\u00f3n del h\u00e1bitat Los arrecifes de coral que vemos hoy en d\u00eda llevan cientos -y a veces miles- de a\u00f1os form\u00e1ndose. Al igual que los \u00e1rboles, los arrecifes de coral son estructuras vivas que pueden tardar a\u00f1os en regenerarse una vez destruidos. Debido a que la mayor\u00eda de los corales crecen menos&hellip; <a href=\"https:\/\/coral.org\/es\/que-hacemos\/compromiso-local\/proteccion-del-habitat\/\" class=\"more-link\">Sigue Leyendo &#8594;<\/a><\/p>\n","protected":false},"author":2,"featured_media":1694,"parent":4175,"menu_order":2,"comment_status":"closed","ping_status":"closed","template":"","meta":{"_acf_changed":false,"inline_featured_image":false,"_genesis_hide_title":false,"_genesis_hide_breadcrumbs":false,"_genesis_hide_singular_image":false,"_genesis_hide_footer_widgets":false,"_genesis_custom_body_class":"","_genesis_custom_post_class":"","_genesis_layout":"","_genesis_transparent_header":false,"_genesis_hide_siblings_nav":false,"_genesis_hide_flyout":false,"_genesis_subtitle":"","_genesis_subheading":"","footnotes":""},"class_list":{"0":"post-4442","1":"page","2":"type-page","3":"status-publish","4":"has-post-thumbnail","6":"entry"},"acf":[],"template_part":"","featured_image_src":"https:\/\/static.coral.org\/uploads\/2021\/08\/coral-in-the-news-hero.jpg","featured_image_src_square":"https:\/\/static.coral.org\/uploads\/2021\/08\/coral-in-the-news-hero.jpg","_links":{"self":[{"href":"https:\/\/coral.org\/es\/wp-json\/wp\/v2\/pages\/4442","targetHints":{"allow":["GET"]}}],"collection":[{"href":"https:\/\/coral.org\/es\/wp-json\/wp\/v2\/pages"}],"about":[{"href":"https:\/\/coral.org\/es\/wp-json\/wp\/v2\/types\/page"}],"author":[{"embeddable":true,"href":"https:\/\/coral.org\/es\/wp-json\/wp\/v2\/users\/2"}],"replies":[{"embeddable":true,"href":"https:\/\/coral.org\/es\/wp-json\/wp\/v2\/comments?post=4442"}],"version-history":[{"count":0,"href":"https:\/\/coral.org\/es\/wp-json\/wp\/v2\/pages\/4442\/revisions"}],"up":[{"embeddable":true,"href":"https:\/\/coral.org\/es\/wp-json\/wp\/v2\/pages\/4175"}],"wp:featuredmedia":[{"embeddable":true,"href":"https:\/\/coral.org\/es\/wp-json\/wp\/v2\/media\/1694"}],"wp:attachment":[{"href":"https:\/\/coral.org\/es\/wp-json\/wp\/v2\/media?parent=4442"}],"curies":[{"name":"wp","href":"https:\/\/api.w.org\/{rel}","templated":true}]}}