{"id":4443,"date":"2021-10-03T16:18:17","date_gmt":"2021-10-03T23:18:17","guid":{"rendered":"https:\/\/coral.org\/?page_id=4443"},"modified":"2021-10-13T10:37:22","modified_gmt":"2021-10-13T17:37:22","slug":"pesquerias-saludables","status":"publish","type":"page","link":"https:\/\/coral.org\/es\/que-hacemos\/compromiso-local\/pesquerias-saludables\/","title":{"rendered":"Pesquer\u00edas Saludables"},"content":{"rendered":"\n<div class=\"wp-block-columns is-layout-flex wp-container-core-columns-is-layout-9d6595d7 wp-block-columns-is-layout-flex\">\n<div class=\"wp-block-column is-layout-flow wp-block-column-is-layout-flow\" style=\"flex-basis:7.25%\"><\/div>\n\n\n\n<div class=\"wp-block-column is-layout-flow wp-block-column-is-layout-flow\">\n<h2 class=\"has-text-align-center wp-block-heading\">La sobrepesca pone en peligro los arrecifes.<\/h2>\n\n\n\n<p class=\"has-text-align-center has-medium-font-size\">En los arrecifes saludables, los peces herb\u00edvoros, como el pez loro y el pez cirujano, se alimentan de las algas y las mantienen a raya. Cuando los arrecifes son sobreexplotados, los sistemas de arrecifes pueden colapsar r\u00e1pidamente y las poblaciones de peces que dependen de ellos pueden a su vez colapsar. Las pr\u00e1cticas pesqueras sostenibles garantizan que los arrecifes de coral, los seres humanos y la vida marina puedan prosperar.<\/p>\n<\/div>\n\n\n\n<div class=\"wp-block-column is-layout-flow wp-block-column-is-layout-flow\" style=\"flex-basis:7.25%\"><\/div>\n<\/div>\n\n\n\n<div style=\"height:100px\" aria-hidden=\"true\" class=\"wp-block-spacer is-style-medium\"><\/div>\n\n\n\n<h5 class=\"has-text-align-center is-style-separator wp-block-heading\">Nuestra Soluci\u00f3n<\/h5>\n\n\n\n<div style=\"height:100px\" aria-hidden=\"true\" class=\"wp-block-spacer is-style-medium\"><\/div>\n\n\n\n<div class=\"wp-block-columns is-layout-flex wp-container-core-columns-is-layout-9d6595d7 wp-block-columns-is-layout-flex\">\n<div class=\"wp-block-column is-layout-flow wp-block-column-is-layout-flow\" style=\"flex-basis:41.666%\">\n<figure class=\"wp-block-image size-large is-resized\"><img decoding=\"async\" src=\"https:\/\/coral.org\/wp-content\/uploads\/2021\/09\/Micos-Lagoon-Fisherman-2-938x1024.jpg\" alt=\"\" class=\"wp-image-3138\" width=\"440\" height=\"NaN\" srcset=\"https:\/\/static.coral.org\/uploads\/2021\/09\/Micos-Lagoon-Fisherman-2-938x1024.jpg 938w, https:\/\/static.coral.org\/uploads\/2021\/09\/Micos-Lagoon-Fisherman-2-729x796.jpg 729w, https:\/\/static.coral.org\/uploads\/2021\/09\/Micos-Lagoon-Fisherman-2-768x838.jpg 768w, https:\/\/static.coral.org\/uploads\/2021\/09\/Micos-Lagoon-Fisherman-2.jpg 1136w\" sizes=\"(max-width: 938px) 100vw, 938px\" \/><\/figure>\n<\/div>\n\n\n\n<div class=\"wp-block-column is-layout-flow wp-block-column-is-layout-flow\">\n<h3 class=\"wp-block-heading\">Desarrollamos y ponemos en pr\u00e1ctica estrategias de conservaci\u00f3n para proteger los ecosistemas de los arrecifes de coral de los efectos nocivos de la sobrepesca:<\/h3>\n\n\n\n<ol type=\"1\" class=\"has-normal-font-size wp-block-list\"><li>Llevamos a cabo estudios biol\u00f3gicos y socioecon\u00f3micos para documentar el estado actual de las pesquer\u00edas y controlar los cambios a lo largo del tiempo.<\/li><li>Establecemos o ampliamos las \u00c1reas Marinas Protegidas (AMP) y las \u00c1reas Marinas Localmente Gestionadas (LMMA por sus siglas en ingl\u00e9s) en colaboraci\u00f3n con los gobiernos y las comunidades.<\/li><li>We partner with governments and communities to establish sustainable fisheries policies and practices, such as limiting the type of fishing gear to reduce bycatch or establishing spatial or seasonal closures that reduce the catch of rare species, juveniles, and spawning aggregations.<\/li><li>Aumentamos el cumplimiento de la normativa pesquera mediante la realizaci\u00f3n de patrullas para hacer cumplir la ley, la clarificaci\u00f3n de la gobernanza y la concienciaci\u00f3n de los pescadores sobre los efectos perjudiciales de la sobrepesca.<\/li><li>Abordamos los factores sociales y econ\u00f3micos subyacentes de la sobrepesca promoviendo otras actividades generadoras de ingresos sostenibles, como la acuicultura, la agricultura o el turismo.<\/li><li>Aumentamos la custodia de los arrecifes de coral concienciando a la comunidad sobre los ecosistemas de los arrecifes de coral y las amenazas a las que se enfrentan.<\/li><\/ol>\n<\/div>\n<\/div>\n\n\n\n<div style=\"height:100px\" aria-hidden=\"true\" class=\"wp-block-spacer is-style-medium\"><\/div>\n\n\n\n<h5 class=\"has-text-align-center is-style-separator wp-block-heading\">recursos<\/h5>\n\n\n\n<div style=\"height:100px\" aria-hidden=\"true\" class=\"wp-block-spacer is-style-medium\"><\/div>\n\n\n\n<div class=\"wp-block-query is-layout-flow wp-block-query-is-layout-flow\" data-paged=\"1\" data-attrs=\"{&quot;blockName&quot;:&quot;core\\\/query&quot;,&quot;attrs&quot;:{&quot;queryId&quot;:11,&quot;query&quot;:{&quot;perPage&quot;:&quot;4&quot;,&quot;pages&quot;:&quot;2&quot;,&quot;offset&quot;:0,&quot;postType&quot;:&quot;resource&quot;,&quot;categoryIds&quot;:[],&quot;tagIds&quot;:[151],&quot;order&quot;:&quot;desc&quot;,&quot;orderBy&quot;:&quot;date&quot;,&quot;author&quot;:&quot;&quot;,&quot;search&quot;:&quot;&quot;,&quot;exclude&quot;:[],&quot;sticky&quot;:&quot;&quot;,&quot;inherit&quot;:false},&quot;displayLayout&quot;:{&quot;type&quot;:&quot;flex&quot;,&quot;columns&quot;:2}},&quot;innerBlocks&quot;:[{&quot;blockName&quot;:&quot;core\\\/post-template&quot;,&quot;attrs&quot;:{&quot;align&quot;:&quot;left&quot;},&quot;innerBlocks&quot;:[{&quot;blockName&quot;:&quot;wpbtp\\\/template-part&quot;,&quot;attrs&quot;:[],&quot;innerBlocks&quot;:[],&quot;innerHTML&quot;:&quot;&quot;,&quot;innerContent&quot;:[]}],&quot;innerHTML&quot;:&quot;\\n\\n&quot;,&quot;innerContent&quot;:[&quot;\\n&quot;,null,&quot;\\n&quot;]}],&quot;innerHTML&quot;:&quot;\\n&lt;div class=\\&quot;wp-block-query\\&quot;&gt;&lt;\\\/div&gt;\\n&quot;,&quot;innerContent&quot;:[&quot;\\n&lt;div class=\\&quot;wp-block-query\\&quot;&gt;&quot;,null,&quot;&lt;\\\/div&gt;\\n&quot;]}\"><div class=\"is-flex-container columns-2 alignleft wp-block-post-template is-layout-flow wp-block-post-template-is-layout-flow\"><div class=\"wp-block-post post-4514 resource type-resource status-publish has-post-thumbnail category-coral-updates tag-healthy-fisheries tag-honduras tag-mesoamerican tag-trujillo entry\">\n<div class=\"wp-block-wpbtp-template-part is-layout-flow wp-block-post-template-is-layout-flow\">\n<article class=\"article article-resource post-4514 resource type-resource status-publish has-post-thumbnail category-coral-updates tag-healthy-fisheries tag-honduras tag-mesoamerican tag-trujillo entry\">\n\t<div class=\"entry-image\">\n\t\t<a href=\"https:\/\/coral.org\/wp-content\/uploads\/2021\/09\/Diagno%CC%81stico-Situacional-Trujillo-y-Santa-Fe.pdf\">\n\t\t\t<span class=\"entry-icon entry-mime-type\">\n\t\t\t\t<i class=\"far fa-file\"><\/i>\n\t\t\t<\/span>\n\t\t\t<span class=\"entry-thumbnail-preview coral-updates\">CORAL Updates<\/span>\t\t<\/a>\n\t<\/div>\n\t<div class=\"entry-body\">\n\t\t<h4 class=\"entry-title\"><a href=\"https:\/\/coral.org\/wp-content\/uploads\/2021\/09\/Diagno%CC%81stico-Situacional-Trujillo-y-Santa-Fe.pdf\" class=\"entry-title-link\">Diagn\u00f3stico Situacional De La Pesca Artesanal En Los Municipios De Trujillo Y Santa Fe<\/a><\/h4>\t\t<p>Diagn\u00f3sticos situacionales nos permitir\u00e1n conocer de manera general las pesquer\u00edas, establecer futuros pasos para investigaciones y, basados en un principio recautorio, generar lineamientos para el manejo y conservaci\u00f3n de los recursos pesqueros. En el presente estudio, se realiz\u00f3 un diagn\u00f3stico situacional de la pesca en la Bah\u00eda de Trujillo y la Laguna de Guaimoreto.<\/p>\n\t<\/div>\n<\/article>\n<\/div>\n<\/div><div class=\"wp-block-post post-4372 resource type-resource status-publish has-post-thumbnail category-guide tag-healthy-fisheries tag-honduras tag-mesoamerican tag-trujillo entry\">\n<div class=\"wp-block-wpbtp-template-part is-layout-flow wp-block-post-template-is-layout-flow\">\n<article class=\"article article-resource post-4372 resource type-resource status-publish has-post-thumbnail category-guide tag-healthy-fisheries tag-honduras tag-mesoamerican tag-trujillo entry\">\n\t<div class=\"entry-image\">\n\t\t<a href=\"https:\/\/static.coral.org\/uploads\/2021\/09\/Cata\u0301logo-de-Especies-Bahi\u0301a-de-Trujillo-y-Laguna-de-Guaimoreto-20.04.21-1.pdf\">\n\t\t\t<span class=\"entry-icon entry-mime-type\">\n\t\t\t\t<i class=\"far fa-file-pdf\"><\/i>\n\t\t\t<\/span>\n\t\t\t<span class=\"entry-thumbnail-preview guide\">Gu\u00eda<\/span>\t\t<\/a>\n\t<\/div>\n\t<div class=\"entry-body\">\n\t\t<h4 class=\"entry-title\"><a href=\"https:\/\/static.coral.org\/uploads\/2021\/09\/Cata\u0301logo-de-Especies-Bahi\u0301a-de-Trujillo-y-Laguna-de-Guaimoreto-20.04.21-1.pdf\" class=\"entry-title-link\">Cata\u0301logo de Especies Bahi\u0301a de Trujillo y Laguna de Guaimoreto<\/a><\/h4>\t\t<p>El conocimiento local se transmite de generaci\u00f3n en generaci\u00f3n, pero debido a que no se registra, a menudo se deja fuera de los programas de conservaci\u00f3n y los esfuerzos de investigaci\u00f3n. Ahora, al asociarse con los pescadores para crear cat\u00e1logos de peces detallados para la regi\u00f3n, CORAL ha ayudado a preservar esta vasta experiencia local y volverla m\u00e1s accesible para el p\u00fablico en general.<\/p>\n\t<\/div>\n<\/article>\n<\/div>\n<\/div><div class=\"wp-block-post post-3543 resource type-resource status-publish has-post-thumbnail category-guide tag-healthy-fisheries tag-honduras tag-mesoamerican tag-tela entry\">\n<div class=\"wp-block-wpbtp-template-part is-layout-flow wp-block-post-template-is-layout-flow\">\n<article class=\"article article-resource post-3543 resource type-resource status-publish has-post-thumbnail category-guide tag-healthy-fisheries tag-honduras tag-mesoamerican tag-tela entry\">\n\t<div class=\"entry-image\">\n\t\t<a href=\"https:\/\/static.coral.org\/uploads\/2021\/09\/Cata\u0301logo-de-Especies-en-la-Bahia-de-Tela-20.04.21.pdf\">\n\t\t\t<span class=\"entry-icon entry-mime-type\">\n\t\t\t\t<i class=\"far fa-file-pdf\"><\/i>\n\t\t\t<\/span>\n\t\t\t<span class=\"entry-thumbnail-preview guide\">Gu\u00eda<\/span>\t\t<\/a>\n\t<\/div>\n\t<div class=\"entry-body\">\n\t\t<h4 class=\"entry-title\"><a href=\"https:\/\/static.coral.org\/uploads\/2021\/09\/Cata\u0301logo-de-Especies-en-la-Bahia-de-Tela-20.04.21.pdf\" class=\"entry-title-link\">Cata\u0301logo de Especies en la Bahia de Tela<\/a><\/h4>\t\t<p>El conocimiento local se transmite de generaci\u00f3n en generaci\u00f3n, pero debido a que no se registra, a menudo se deja fuera de los programas de conservaci\u00f3n y los esfuerzos de investigaci\u00f3n. Ahora, al asociarse con los pescadores para crear cat\u00e1logos de peces detallados para la regi\u00f3n, CORAL ha ayudado a preservar esta vasta experiencia local y volverla m\u00e1s accesible para el p\u00fablico en general.<\/p>\n\t<\/div>\n<\/article>\n<\/div>\n<\/div><div class=\"wp-block-post post-3539 resource type-resource status-publish has-post-thumbnail category-guide tag-healthy-fisheries tag-honduras tag-mesoamerican tag-tela entry\">\n<div class=\"wp-block-wpbtp-template-part is-layout-flow wp-block-post-template-is-layout-flow\">\n<article class=\"article article-resource post-3539 resource type-resource status-publish has-post-thumbnail category-guide tag-healthy-fisheries tag-honduras tag-mesoamerican tag-tela entry\">\n\t<div class=\"entry-image\">\n\t\t<a href=\"https:\/\/static.coral.org\/uploads\/2021\/09\/Protocolo-Monitoreo-Laguna-de-los-Micos-09.04.21.pdf\">\n\t\t\t<span class=\"entry-icon entry-mime-type\">\n\t\t\t\t<i class=\"far fa-file-pdf\"><\/i>\n\t\t\t<\/span>\n\t\t\t<span class=\"entry-thumbnail-preview guide\">Gu\u00eda<\/span>\t\t<\/a>\n\t<\/div>\n\t<div class=\"entry-body\">\n\t\t<h4 class=\"entry-title\"><a href=\"https:\/\/static.coral.org\/uploads\/2021\/09\/Protocolo-Monitoreo-Laguna-de-los-Micos-09.04.21.pdf\" class=\"entry-title-link\">Protocolo Monitoreo Mensual Lagunar: Laguna de los Micos, Tela, Atl\u00e1ntida<\/a><\/h4>\t\t<p>El objetivo de los monitoreos mensuales lagunares es evaluar cuantitativamente el estado de los recursos pesqueros de la Laguna de los Micos antes, evaluar la aplicaci\u00f3n del Acuerdo Ministerial 108-2017 y conocer el impacto de la veda lagunar. Aunque esta metodolog\u00eda fue desarrollada para para la Laguna de Los Micos esta puede ser implementada en cualquier laguna costera del Caribe hondure\u00f1o.<\/p>\n\t<\/div>\n<\/article>\n<\/div>\n<\/div><\/div><\/div>\n\n\n\n<div style=\"height:100px\" aria-hidden=\"true\" class=\"wp-block-spacer is-style-huge\"><\/div>\n\n\n\n<div class=\"wp-block-columns is-layout-flex wp-container-core-columns-is-layout-9d6595d7 wp-block-columns-is-layout-flex\">\n<div class=\"wp-block-column is-layout-flow wp-block-column-is-layout-flow\" style=\"flex-basis:16.666%\"><\/div>\n\n\n\n<div class=\"wp-block-column is-layout-flow wp-block-column-is-layout-flow\">\n<h2 class=\"has-text-align-center wp-block-heading\">Apoya a CORAL<\/h2>\n\n\n\n<p class=\"has-text-align-center has-medium-font-size\">Nuestro trabajo para garantizar que los arrecifes de coral tengan las vibrantes poblaciones de peces que necesitan no ser\u00eda posible sin tu apoyo. Haz una donaci\u00f3n hoy para ayudar a los arrecifes de coral a sobrevivir.<\/p>\n\n\n\n<div style=\"height:100px\" aria-hidden=\"true\" class=\"wp-block-spacer is-style-small\"><\/div>\n\n\n\n<div class=\"wp-block-buttons is-content-justification-center is-layout-flex wp-block-buttons-is-layout-flex\">\n<div class=\"wp-block-button\"><a class=\"wp-block-button__link\" href=\"https:\/\/coral.org\/donate\/\">Donar<\/a><\/div>\n<\/div>\n<\/div>\n\n\n\n<div class=\"wp-block-column is-layout-flow wp-block-column-is-layout-flow\" style=\"flex-basis:16.666%\"><\/div>\n<\/div>\n","protected":false},"excerpt":{"rendered":"<p>La sobrepesca pone en peligro los arrecifes. En los arrecifes saludables, los peces herb\u00edvoros, como el pez loro y el pez cirujano, se alimentan de las algas y las mantienen a raya. Cuando los arrecifes son sobreexplotados, los sistemas de arrecifes pueden colapsar r\u00e1pidamente y las poblaciones de peces que dependen de ellos pueden a&hellip; <a href=\"https:\/\/coral.org\/es\/que-hacemos\/compromiso-local\/pesquerias-saludables\/\" class=\"more-link\">Sigue Leyendo &#8594;<\/a><\/p>\n","protected":false},"author":2,"featured_media":3929,"parent":4175,"menu_order":1,"comment_status":"closed","ping_status":"closed","template":"","meta":{"_acf_changed":false,"inline_featured_image":false,"_genesis_hide_title":false,"_genesis_hide_breadcrumbs":false,"_genesis_hide_singular_image":false,"_genesis_hide_footer_widgets":false,"_genesis_custom_body_class":"","_genesis_custom_post_class":"","_genesis_layout":"","_genesis_transparent_header":false,"_genesis_hide_siblings_nav":false,"_genesis_hide_flyout":false,"_genesis_subtitle":"","_genesis_subheading":"","footnotes":""},"class_list":{"0":"post-4443","1":"page","2":"type-page","3":"status-publish","4":"has-post-thumbnail","6":"entry"},"acf":[],"template_part":"","featured_image_src":"https:\/\/static.coral.org\/uploads\/2021\/09\/coral-reef-alliance-placeholder-600x400.png","featured_image_src_square":"https:\/\/static.coral.org\/uploads\/2021\/09\/coral-reef-alliance-placeholder-600x600.png","_links":{"self":[{"href":"https:\/\/coral.org\/es\/wp-json\/wp\/v2\/pages\/4443","targetHints":{"allow":["GET"]}}],"collection":[{"href":"https:\/\/coral.org\/es\/wp-json\/wp\/v2\/pages"}],"about":[{"href":"https:\/\/coral.org\/es\/wp-json\/wp\/v2\/types\/page"}],"author":[{"embeddable":true,"href":"https:\/\/coral.org\/es\/wp-json\/wp\/v2\/users\/2"}],"replies":[{"embeddable":true,"href":"https:\/\/coral.org\/es\/wp-json\/wp\/v2\/comments?post=4443"}],"version-history":[{"count":0,"href":"https:\/\/coral.org\/es\/wp-json\/wp\/v2\/pages\/4443\/revisions"}],"up":[{"embeddable":true,"href":"https:\/\/coral.org\/es\/wp-json\/wp\/v2\/pages\/4175"}],"wp:featuredmedia":[{"embeddable":true,"href":"https:\/\/coral.org\/es\/wp-json\/wp\/v2\/media\/3929"}],"wp:attachment":[{"href":"https:\/\/coral.org\/es\/wp-json\/wp\/v2\/media?parent=4443"}],"curies":[{"name":"wp","href":"https:\/\/api.w.org\/{rel}","templated":true}]}}