{"id":6316,"date":"2022-10-21T13:19:01","date_gmt":"2022-10-21T20:19:01","guid":{"rendered":"https:\/\/coral.org\/?page_id=6316"},"modified":"2022-11-18T11:05:15","modified_gmt":"2022-11-18T19:05:15","slug":"impact","status":"publish","type":"page","link":"https:\/\/coral.org\/es\/impact\/","title":{"rendered":"Defendamos los Arrecifes de Coral."},"content":{"rendered":"\n<h2 class=\"has-text-align-center wp-block-heading\">Tu Donaci\u00f3n Tiene Impacto<\/h2>\n\n\n\n<div class=\"wp-block-columns is-layout-flex wp-container-core-columns-is-layout-9d6595d7 wp-block-columns-is-layout-flex\">\n<div class=\"wp-block-column is-vertically-aligned-center is-layout-flow wp-block-column-is-layout-flow\" style=\"flex-basis:50%\">\n<p class=\"has-medium-font-size\">Cuando donas a CORAL, pasas a formar parte de un movimiento m\u00e1s grande que est\u00e1 cambiando la trayectoria de los arrecifes de coral y de nuestro planeta.<\/p>\n\n\n\n<p>Una donaci\u00f3n a CORAL significa que apoyas a millones de especies oce\u00e1nicas y a innumerables comunidades que dependen de los arrecifes de coral para alimentarse, obtener ingresos y proteger sus costas. Inviertes en ciencia de vanguardia, en la participaci\u00f3n de la comunidad, en asociaciones y en programas que se enfocan en la reducci\u00f3n de las amenazas marinas. Minimizas la sobrepesca y te aseguras de que las aguas del oc\u00e9ano est\u00e9n limpias y libres de contaminaci\u00f3n da\u00f1ina. Ayudas a los cient\u00edficos a tratar las enfermedades del coral, apoyas las voces que abogan por soluciones clim\u00e1ticas reales y defiendes el futuro de nuestro planeta. Gracias por hacer una donaci\u00f3n de fin de a\u00f1o a CORAL y por unirte a nosotros en esta lucha para proteger los arrecifes de coral. Sencillamente, no podr\u00edamos hacer este trabajo vital sin ti.<\/p>\n<\/div>\n\n\n\n<div class=\"wp-block-column is-layout-flow wp-block-column-is-layout-flow\" style=\"flex-basis:50%\">\n<iframe loading=\"lazy\" allowpaymentrequest=\"true\" src=\"https:\/\/give.coral.org\/give\/440316\/#!\/donation\/checkout?eg=true\" width=\"360\" height=\"520\"><\/iframe>\n<\/div>\n<\/div>\n\n\n\n<p class=\"has-text-align-left\"><\/p>\n\n\n\n<div style=\"height:100px\" aria-hidden=\"true\" class=\"wp-block-spacer\"><\/div>\n\n\n\n<div class=\"wp-block-group alignfull has-blue-to-light-sea-green-gradient-background has-background is-layout-flow wp-block-group-is-layout-flow\">\n<div class=\"wp-block-columns is-layout-flex wp-container-core-columns-is-layout-9d6595d7 wp-block-columns-is-layout-flex\">\n<div class=\"wp-block-column is-vertically-aligned-center is-layout-flow wp-block-column-is-layout-flow\">\n<figure class=\"wp-block-image aligncenter size-large is-style-rounded\"><a href=\"https:\/\/www.youtube.com\/watch?v=Qj-TO2eXImw\" target=\"_blank\" rel=\"noreferrer noopener\"><img loading=\"lazy\" decoding=\"async\" width=\"1024\" height=\"1024\" src=\"https:\/\/coral.org\/wp-content\/uploads\/2022\/10\/Maya-1-1-1024x1024.png\" alt=\"\" class=\"wp-image-6251\" srcset=\"https:\/\/static.coral.org\/uploads\/2022\/10\/Maya-1-1-1024x1024.png 1024w, https:\/\/static.coral.org\/uploads\/2022\/10\/Maya-1-1-796x796.png 796w, https:\/\/static.coral.org\/uploads\/2022\/10\/Maya-1-1-500x500.png 500w, https:\/\/static.coral.org\/uploads\/2022\/10\/Maya-1-1-768x768.png 768w, https:\/\/static.coral.org\/uploads\/2022\/10\/Maya-1-1-600x600.png 600w, https:\/\/static.coral.org\/uploads\/2022\/10\/Maya-1-1.png 1080w\" sizes=\"auto, (max-width: 1024px) 100vw, 1024px\" \/><\/a><\/figure>\n\n\n\n<div class=\"wp-block-buttons is-content-justification-center is-layout-flex wp-container-core-buttons-is-layout-16018d1d wp-block-buttons-is-layout-flex\">\n<div class=\"wp-block-button is-style-fill\"><a class=\"wp-block-button__link\" href=\"https:\/\/coral.org\/en\/resource\/musings-with-maya\/\" target=\"_blank\" rel=\"noreferrer noopener\">Escuchar to Maya<\/a><\/div>\n<\/div>\n<\/div>\n\n\n\n<div class=\"wp-block-column is-layout-flow wp-block-column-is-layout-flow\">\n<figure class=\"wp-block-pullquote has-white-color has-text-color\"><blockquote><p><em>Si eres como yo, una persona que est\u00e1 muy triste por el blanqueamiento de los arrecifes de coral, no est\u00e9s triste. Siempre podemos solucionarlo. Podemos dar discursos y hacer carteles e ir a protestar. Tambi\u00e9n podemos apoyar a las organizaciones que investigan sobre los arrecifes de coral, como la Coral Reef Alliance. Si hacemos todo esto, nuestro planeta no se destruir\u00e1 y podremos salvar nuestro Planeta Tierra, nuestro hogar donde vivimos.<\/em><\/p><cite>Maya, Edad 8<\/cite><\/blockquote><\/figure>\n<\/div>\n<\/div>\n<\/div>\n\n\n\n<div style=\"height:100px\" aria-hidden=\"true\" class=\"wp-block-spacer\"><\/div>\n\n\n\n<div style=\"height:100px\" aria-hidden=\"true\" class=\"wp-block-spacer\"><\/div>\n\n\n\n<h2 class=\"has-text-align-center wp-block-heading\">Gracias, Thank you, Mahalo por Apoyar a los Arrecifes de Coral<\/h2>\n\n\n\n<div class=\"wp-block-columns is-layout-flex wp-container-core-columns-is-layout-9d6595d7 wp-block-columns-is-layout-flex\">\n<div class=\"wp-block-column is-layout-flow wp-block-column-is-layout-flow\" style=\"flex-basis:8.3%\"><\/div>\n\n\n\n<div class=\"wp-block-column is-layout-flow wp-block-column-is-layout-flow\" style=\"flex-basis:83.4%\">\n<figure class=\"wp-block-embed is-type-video is-provider-youtube wp-block-embed-youtube wp-embed-aspect-16-9 wp-has-aspect-ratio\"><div class=\"wp-block-embed__wrapper\">\n<iframe loading=\"lazy\" title=\"Thank You for Standing Up for Coral Reefs in 2022\" width=\"500\" height=\"281\" src=\"https:\/\/www.youtube.com\/embed\/8ezoMuirweE?feature=oembed\" frameborder=\"0\" allow=\"accelerometer; autoplay; clipboard-write; encrypted-media; gyroscope; picture-in-picture; web-share\" referrerpolicy=\"strict-origin-when-cross-origin\" allowfullscreen><\/iframe>\n<\/div><\/figure>\n<\/div>\n\n\n\n<div class=\"wp-block-column is-layout-flow wp-block-column-is-layout-flow\" style=\"flex-basis:8.3%\"><\/div>\n<\/div>\n\n\n\n<div style=\"height:100px\" aria-hidden=\"true\" class=\"wp-block-spacer\"><\/div>\n\n\n\n<h2 class=\"has-text-align-center wp-block-heading\">C\u00f3mo Protegiste los Arrecifes de Coral en 2022<\/h2>\n\n\n\n<div style=\"height:20px\" aria-hidden=\"true\" class=\"wp-block-spacer\"><\/div>\n\n\n\n<div class=\"wp-block-query is-slider is-layout-flow wp-block-query-is-layout-flow\" data-paged=\"1\" data-attrs=\"{&quot;blockName&quot;:&quot;core\\\/query&quot;,&quot;attrs&quot;:{&quot;queryId&quot;:9,&quot;query&quot;:{&quot;perPage&quot;:&quot;9&quot;,&quot;pages&quot;:0,&quot;offset&quot;:0,&quot;postType&quot;:&quot;post&quot;,&quot;order&quot;:&quot;desc&quot;,&quot;orderBy&quot;:&quot;date&quot;,&quot;author&quot;:&quot;&quot;,&quot;search&quot;:&quot;&quot;,&quot;exclude&quot;:[],&quot;sticky&quot;:&quot;&quot;,&quot;inherit&quot;:false,&quot;taxQuery&quot;:{&quot;post_tag&quot;:[376]}},&quot;displayLayout&quot;:{&quot;type&quot;:&quot;flex&quot;,&quot;columns&quot;:3},&quot;className&quot;:&quot;is-slider&quot;},&quot;innerBlocks&quot;:[{&quot;blockName&quot;:&quot;core\\\/post-template&quot;,&quot;attrs&quot;:[],&quot;innerBlocks&quot;:[{&quot;blockName&quot;:&quot;wpbtp\\\/template-part&quot;,&quot;attrs&quot;:{&quot;templatePart&quot;:&quot;template-parts\\\/content-post&quot;},&quot;innerBlocks&quot;:[],&quot;innerHTML&quot;:&quot;&quot;,&quot;innerContent&quot;:[]}],&quot;innerHTML&quot;:&quot;\\n\\n&quot;,&quot;innerContent&quot;:[&quot;\\n&quot;,null,&quot;\\n&quot;]}],&quot;innerHTML&quot;:&quot;\\n&lt;div class=\\&quot;wp-block-query is-slider\\&quot;&gt;&lt;\\\/div&gt;\\n&quot;,&quot;innerContent&quot;:[&quot;\\n&lt;div class=\\&quot;wp-block-query is-slider\\&quot;&gt;&quot;,null,&quot;&lt;\\\/div&gt;\\n&quot;]}\"><div class=\"is-flex-container columns-3 wp-block-post-template is-layout-flow wp-block-post-template-is-layout-flow\"><div class=\"wp-block-post post-6346 post type-post status-publish format-standard has-post-thumbnail category-local-news-es tag-eoy22-es tag-hawaii tag-maui tag-west-maui entry\">\n<div class=\"wp-block-wpbtp-template-part is-layout-flow wp-block-post-template-is-layout-flow\">\n<article class=\"article article-post post-6346 post type-post status-publish format-standard has-post-thumbnail category-local-news-es tag-eoy22-es tag-hawaii tag-maui tag-west-maui entry\">\n\t<div class=\"entry-image\">\n\t\t<a href=\"https:\/\/coral.org\/es\/blog\/impulsando-el-proyecto-de-restauracion-de-la-cuenca-de-maui\/\">\n\t\t\t<img loading=\"lazy\" decoding=\"async\" width=\"740\" height=\"560\" src=\"https:\/\/static.coral.org\/uploads\/2022\/11\/Restoration-HI-740x560.png\" class=\"attachment-preview size-preview wp-post-image\" alt=\"\" \/>\t\t<\/a>\n\t<\/div>\n\t<div class=\"entry-meta\">\n\t\t<ul class=\"post-categories\">\n\t<li><a href=\"https:\/\/coral.org\/es\/blog\/category\/local-news-es\/\" rel=\"category tag\">Noticias Locales<\/a><\/li><\/ul>\t<\/div>\n\t<div class=\"entry-body\">\n\t\t<h2 class=\"entry-title\"><a href=\"https:\/\/coral.org\/es\/blog\/impulsando-el-proyecto-de-restauracion-de-la-cuenca-de-maui\/\" class=\"entry-title-link\">Impulsando el Proyecto de Restauraci\u00f3n de la Cuenca de Maui\u00a0<\/a><\/h2>\t\t<p>Viajemos a la isla de Maui, en Haw\u00e1i, un lugar de belleza natural, rica cultura y, por supuesto, vibrantes arrecifes de coral que trabajamos incansablemente para proteger. En 2022, hemos avanzado en nuestro proyecto de restauraci\u00f3n de cuencas hidrogr\u00e1ficas en West Maui, que se centra en la disminuci\u00f3n de la escorrent\u00eda de sedimentos que llega&hellip; <a href=\"https:\/\/coral.org\/es\/blog\/impulsando-el-proyecto-de-restauracion-de-la-cuenca-de-maui\/\" class=\"more-link\">Sigue Leyendo &#8594;<\/a><\/p>\n\t<\/div>\n<\/article>\n<\/div>\n<\/div><div class=\"wp-block-post post-6278 post type-post status-publish format-video has-post-thumbnail category-noticias category-local-news-es tag-eoy22-es tag-local tag-mesoamerican tag-tela post_format-post-format-video entry\">\n<div class=\"wp-block-wpbtp-template-part is-layout-flow wp-block-post-template-is-layout-flow\">\n<article class=\"article article-post post-6278 post type-post status-publish format-video has-post-thumbnail category-noticias category-local-news-es tag-eoy22-es tag-local tag-mesoamerican tag-tela post_format-post-format-video entry\">\n\t<div class=\"entry-image\">\n\t\t<a href=\"https:\/\/coral.org\/es\/blog\/de-peces-saludables-a-salsa-picante-asi-es-como-un-sistema-de-acuaponia-podria-fortalecer-a-las-comunidades-costeras\/\">\n\t\t\t<img loading=\"lazy\" decoding=\"async\" width=\"740\" height=\"560\" src=\"https:\/\/static.coral.org\/uploads\/2022\/10\/Aquaponics--740x560.png\" class=\"attachment-preview size-preview wp-post-image\" alt=\"\" \/>\t\t<\/a>\n\t<\/div>\n\t<div class=\"entry-meta\">\n\t\t<ul class=\"post-categories\">\n\t<li><a href=\"https:\/\/coral.org\/es\/blog\/category\/noticias\/\" rel=\"category tag\">Noticias<\/a><\/li>\n\t<li><a href=\"https:\/\/coral.org\/es\/blog\/category\/local-news-es\/\" rel=\"category tag\">Noticias Locales<\/a><\/li><\/ul>\t<\/div>\n\t<div class=\"entry-body\">\n\t\t<h2 class=\"entry-title\"><a href=\"https:\/\/coral.org\/es\/blog\/de-peces-saludables-a-salsa-picante-asi-es-como-un-sistema-de-acuaponia-podria-fortalecer-a-las-comunidades-costeras\/\" class=\"entry-title-link\">De Peces Saludables a Salsa Picante: As\u00ed es Como un Sistema de Acuapon\u00eda Podr\u00eda Fortalecer a las Comunidades Costeras\u00a0<\/a><\/h2>\t\t<p>\u00bfSab\u00edas que hay una pecera que produce sabrosas verduras, puede crear oportunidades econ\u00f3micas y ayuda a proteger los arrecifes de coral? Se llama sistema de acuapon\u00eda y combina la acuicultura y la hidropon\u00eda para criar peces y cultivar frutas y verduras org\u00e1nicas.&nbsp; Un sistema de acuapon\u00eda se basa en una relaci\u00f3n simbi\u00f3tica entre los peces&hellip; <a href=\"https:\/\/coral.org\/es\/blog\/de-peces-saludables-a-salsa-picante-asi-es-como-un-sistema-de-acuaponia-podria-fortalecer-a-las-comunidades-costeras\/\" class=\"more-link\">Sigue Leyendo &#8594;<\/a><\/p>\n\t<\/div>\n<\/article>\n<\/div>\n<\/div><div class=\"wp-block-post post-6180 post type-post status-publish format-video has-post-thumbnail category-local-news-es tag-eoy22-es tag-honduras tag-mesoamerican tag-tela post_format-post-format-video entry\">\n<div class=\"wp-block-wpbtp-template-part is-layout-flow wp-block-post-template-is-layout-flow\">\n<article class=\"article article-post post-6180 post type-post status-publish format-video has-post-thumbnail category-local-news-es tag-eoy22-es tag-honduras tag-mesoamerican tag-tela post_format-post-format-video entry\">\n\t<div class=\"entry-image\">\n\t\t<a href=\"https:\/\/coral.org\/es\/blog\/la-veda-de-la-bahia-de-tela-incrementa-la-biomasa-de-peces-en-las-lagunas-costeras\/\">\n\t\t\t<img loading=\"lazy\" decoding=\"async\" width=\"740\" height=\"560\" src=\"https:\/\/static.coral.org\/uploads\/2022\/09\/Tela-Bay-YouTube-740x560.png\" class=\"attachment-preview size-preview wp-post-image\" alt=\"tela bay closed fishing season\" \/>\t\t<\/a>\n\t<\/div>\n\t<div class=\"entry-meta\">\n\t\t<ul class=\"post-categories\">\n\t<li><a href=\"https:\/\/coral.org\/es\/blog\/category\/local-news-es\/\" rel=\"category tag\">Noticias Locales<\/a><\/li><\/ul>\t<\/div>\n\t<div class=\"entry-body\">\n\t\t<h2 class=\"entry-title\"><a href=\"https:\/\/coral.org\/es\/blog\/la-veda-de-la-bahia-de-tela-incrementa-la-biomasa-de-peces-en-las-lagunas-costeras\/\" class=\"entry-title-link\">La Veda de la Bah\u00eda de Tela Incrementa la Biomasa de Peces en las Lagunas Costeras<\/a><\/h2>\t\t<p>Con un aumento de casi el 500% en la biomasa de peces, una exitosa temporada de veda en la bah\u00eda de Tela (Honduras) est\u00e1 ofreciendo alivio tanto a los pescadores de la comunidad como a los arrecifes de coral cercanos.&nbsp; Recientemente, mediante un financiamiento adecuado y el apoyo en el terreno, la comunidad de Tela&hellip; <a href=\"https:\/\/coral.org\/es\/blog\/la-veda-de-la-bahia-de-tela-incrementa-la-biomasa-de-peces-en-las-lagunas-costeras\/\" class=\"more-link\">Sigue Leyendo &#8594;<\/a><\/p>\n\t<\/div>\n<\/article>\n<\/div>\n<\/div><div class=\"wp-block-post post-6133 post type-post status-publish format-standard has-post-thumbnail category-science-news-es tag-eoy22-es tag-global tag-science entry\">\n<div class=\"wp-block-wpbtp-template-part is-layout-flow wp-block-post-template-is-layout-flow\">\n<article class=\"article article-post post-6133 post type-post status-publish format-standard has-post-thumbnail category-science-news-es tag-eoy22-es tag-global tag-science entry\">\n\t<div class=\"entry-image\">\n\t\t<a href=\"https:\/\/coral.org\/es\/blog\/podrian-los-termometros-submarinos-ayudar-a-salvar-los-arrecifes-de-coral-del-cambio-climatico\/\">\n\t\t\t<img loading=\"lazy\" decoding=\"async\" width=\"740\" height=\"560\" src=\"https:\/\/static.coral.org\/uploads\/2022\/08\/018_CRA-March-740x560.jpg\" class=\"attachment-preview size-preview wp-post-image\" alt=\"\" \/>\t\t<\/a>\n\t<\/div>\n\t<div class=\"entry-meta\">\n\t\t<ul class=\"post-categories\">\n\t<li><a href=\"https:\/\/coral.org\/es\/blog\/category\/science-news-es\/\" rel=\"category tag\">Noticias de Ciencia<\/a><\/li><\/ul>\t<\/div>\n\t<div class=\"entry-body\">\n\t\t<h2 class=\"entry-title\"><a href=\"https:\/\/coral.org\/es\/blog\/podrian-los-termometros-submarinos-ayudar-a-salvar-los-arrecifes-de-coral-del-cambio-climatico\/\" class=\"entry-title-link\">\u00bfPodr\u00edan los Term\u00f3metros Submarinos Ayudar a Salvar los Arrecifes de Coral del Cambio Clim\u00e1tico?<\/a><\/h2>\t\t<p>Cuarenta medidores de temperatura submarina se encuentran ahora bajo el agua en los arrecifes de coral de las Islas de la Bah\u00eda en Honduras. \u00bfSu objetivo? Identificar el rango de temperaturas que los corales pueden soportar y que suelen experimentar en un a\u00f1o.&nbsp; Estos ONSET TidBits, como se les conoce, miden la temperatura del agua&hellip; <a href=\"https:\/\/coral.org\/es\/blog\/podrian-los-termometros-submarinos-ayudar-a-salvar-los-arrecifes-de-coral-del-cambio-climatico\/\" class=\"more-link\">Sigue Leyendo &#8594;<\/a><\/p>\n\t<\/div>\n<\/article>\n<\/div>\n<\/div><div class=\"wp-block-post post-6086 post type-post status-publish format-video has-post-thumbnail category-videos-es tag-eoy22-es tag-honduras tag-mesoamerican tag-tela post_format-post-format-video entry\">\n<div class=\"wp-block-wpbtp-template-part is-layout-flow wp-block-post-template-is-layout-flow\">\n<article class=\"article article-post post-6086 post type-post status-publish format-video has-post-thumbnail category-videos-es tag-eoy22-es tag-honduras tag-mesoamerican tag-tela post_format-post-format-video entry\">\n\t<div class=\"entry-image\">\n\t\t<a href=\"https:\/\/coral.org\/es\/blog\/un-proyecto-local-liderado-por-mujeres-combate-la-sobrepesca-en-honduras\/\">\n\t\t\t<img loading=\"lazy\" decoding=\"async\" width=\"740\" height=\"560\" src=\"https:\/\/static.coral.org\/uploads\/2022\/08\/Screen-Shot-2022-08-19-at-10.16.37-AM-740x560.png\" class=\"attachment-preview size-preview wp-post-image\" alt=\"\" \/>\t\t<\/a>\n\t<\/div>\n\t<div class=\"entry-meta\">\n\t\t<ul class=\"post-categories\">\n\t<li><a href=\"https:\/\/coral.org\/es\/blog\/category\/videos-es\/\" rel=\"category tag\">Videos<\/a><\/li><\/ul>\t<\/div>\n\t<div class=\"entry-body\">\n\t\t<h2 class=\"entry-title\"><a href=\"https:\/\/coral.org\/es\/blog\/un-proyecto-local-liderado-por-mujeres-combate-la-sobrepesca-en-honduras\/\" class=\"entry-title-link\">Un Proyecto Local Liderado por Mujeres Combate la Sobrepesca en Honduras<\/a><\/h2>\t\t<p>En Tela, Honduras, un proyecto agropecuario local est\u00e1 ayudando a combatir la sobrepesca y a repoblar los arrecifes de coral tan vitales de la zona. La iniciativa apoya los esfuerzos locales que utilizan fuentes alternativas de alimentos e ingresos, con el fin de apoyar a una comunidad costera que depende en gran medida de la&hellip; <a href=\"https:\/\/coral.org\/es\/blog\/un-proyecto-local-liderado-por-mujeres-combate-la-sobrepesca-en-honduras\/\" class=\"more-link\">Sigue Leyendo &#8594;<\/a><\/p>\n\t<\/div>\n<\/article>\n<\/div>\n<\/div><div class=\"wp-block-post post-5905 post type-post status-publish format-standard has-post-thumbnail category-science-news-es tag-conservation-science-staff tag-eoy22-es tag-global tag-science entry\">\n<div class=\"wp-block-wpbtp-template-part is-layout-flow wp-block-post-template-is-layout-flow\">\n<article class=\"article article-post post-5905 post type-post status-publish format-standard has-post-thumbnail category-science-news-es tag-conservation-science-staff tag-eoy22-es tag-global tag-science entry\">\n\t<div class=\"entry-image\">\n\t\t<a href=\"https:\/\/coral.org\/es\/blog\/los-arrecifes-de-coral-pueden-adaptarse-al-cambio-climatico-asi-es-como-lo-hacen\/\">\n\t\t\t<img loading=\"lazy\" decoding=\"async\" width=\"740\" height=\"560\" src=\"https:\/\/static.coral.org\/uploads\/2022\/07\/Coral-Reef-Alliance_Cozumel_-April-2022_KSpencermedia-48-740x560.jpg\" class=\"attachment-preview size-preview wp-post-image\" alt=\"\" \/>\t\t<\/a>\n\t<\/div>\n\t<div class=\"entry-meta\">\n\t\t<ul class=\"post-categories\">\n\t<li><a href=\"https:\/\/coral.org\/es\/blog\/category\/science-news-es\/\" rel=\"category tag\">Noticias de Ciencia<\/a><\/li><\/ul>\t<\/div>\n\t<div class=\"entry-body\">\n\t\t<h2 class=\"entry-title\"><a href=\"https:\/\/coral.org\/es\/blog\/los-arrecifes-de-coral-pueden-adaptarse-al-cambio-climatico-asi-es-como-lo-hacen\/\" class=\"entry-title-link\">Los Arrecifes de Coral Pueden Adaptarse al Cambio Clim\u00e1tico &#8211; As\u00ed es Como lo Hacen\u00a0<\/a><\/h2>\t\t<p>Por Ben Charo, Coordinador de Programa en Ciencias de la Conservaci\u00f3n Si no frenamos las emisiones de gases de efecto invernadero y desaceleramos el calentamiento de nuestros oc\u00e9anos, se prev\u00e9 que el 99% de los arrecifes de coral del mundo habr\u00e1n desaparecido para finales de este siglo. No cabe duda de que los arrecifes ya&hellip; <a href=\"https:\/\/coral.org\/es\/blog\/los-arrecifes-de-coral-pueden-adaptarse-al-cambio-climatico-asi-es-como-lo-hacen\/\" class=\"more-link\">Sigue Leyendo &#8594;<\/a><\/p>\n\t<\/div>\n<\/article>\n<\/div>\n<\/div><div class=\"wp-block-post post-5679 post type-post status-publish format-video has-post-thumbnail category-videos-es tag-eoy22-es tag-honduras tag-mesoamerican tag-partner post_format-post-format-video entry\">\n<div class=\"wp-block-wpbtp-template-part is-layout-flow wp-block-post-template-is-layout-flow\">\n<article class=\"article article-post post-5679 post type-post status-publish format-video has-post-thumbnail category-videos-es tag-eoy22-es tag-honduras tag-mesoamerican tag-partner post_format-post-format-video entry\">\n\t<div class=\"entry-image\">\n\t\t<a href=\"https:\/\/coral.org\/es\/blog\/gracias-por-luchar-contra-la-enfermedad-de-perdida-de-tejido-en-corales-duros\/\">\n\t\t\t<img loading=\"lazy\" decoding=\"async\" width=\"740\" height=\"560\" src=\"https:\/\/static.coral.org\/uploads\/2021\/09\/coral-reef-alliance-placeholder-740x560.png\" class=\"attachment-preview size-preview wp-post-image default-featured-img\" alt=\"\" \/>\t\t<\/a>\n\t<\/div>\n\t<div class=\"entry-meta\">\n\t\t<ul class=\"post-categories\">\n\t<li><a href=\"https:\/\/coral.org\/es\/blog\/category\/videos-es\/\" rel=\"category tag\">Videos<\/a><\/li><\/ul>\t<\/div>\n\t<div class=\"entry-body\">\n\t\t<h2 class=\"entry-title\"><a href=\"https:\/\/coral.org\/es\/blog\/gracias-por-luchar-contra-la-enfermedad-de-perdida-de-tejido-en-corales-duros\/\" class=\"entry-title-link\">Gracias por Luchar contra la Enfermedad de P\u00e9rdida de Tejido en Corales Duros<\/a><\/h2>\t\t<p>La Enfermedad de P\u00e9rdida de Tejido en Corales Duros (SCTLD por sus siglas en ingl\u00e9s), una nueva enfermedad que mata el tejido blando de m\u00e1s de 25 especies de coral ha estado causando estragos bajo el agua en la regi\u00f3n del Arrecife Mesoamericano. Para combatirla, estamos trabajando con socios locales para detener la propagaci\u00f3n y,&hellip; <a href=\"https:\/\/coral.org\/es\/blog\/gracias-por-luchar-contra-la-enfermedad-de-perdida-de-tejido-en-corales-duros\/\" class=\"more-link\">Sigue Leyendo &#8594;<\/a><\/p>\n\t<\/div>\n<\/article>\n<\/div>\n<\/div><div class=\"wp-block-post post-5622 post type-post status-publish format-standard has-post-thumbnail category-science-news-es tag-bleaching tag-eoy22-es tag-global entry\">\n<div class=\"wp-block-wpbtp-template-part is-layout-flow wp-block-post-template-is-layout-flow\">\n<article class=\"article article-post post-5622 post type-post status-publish format-standard has-post-thumbnail category-science-news-es tag-bleaching tag-eoy22-es tag-global entry\">\n\t<div class=\"entry-image\">\n\t\t<a href=\"https:\/\/coral.org\/es\/blog\/la-gran-barrera-de-coral-se-ve-afectada-por-otro-evento-masivo-de-blanqueamiento-esta-es-nuestra-respuesta\/\">\n\t\t\t<img loading=\"lazy\" decoding=\"async\" width=\"740\" height=\"560\" src=\"https:\/\/static.coral.org\/uploads\/2022\/03\/GBR-740x560.jpg\" class=\"attachment-preview size-preview wp-post-image\" alt=\"\" \/>\t\t<\/a>\n\t<\/div>\n\t<div class=\"entry-meta\">\n\t\t<ul class=\"post-categories\">\n\t<li><a href=\"https:\/\/coral.org\/es\/blog\/category\/science-news-es\/\" rel=\"category tag\">Noticias de Ciencia<\/a><\/li><\/ul>\t<\/div>\n\t<div class=\"entry-body\">\n\t\t<h2 class=\"entry-title\"><a href=\"https:\/\/coral.org\/es\/blog\/la-gran-barrera-de-coral-se-ve-afectada-por-otro-evento-masivo-de-blanqueamiento-esta-es-nuestra-respuesta\/\" class=\"entry-title-link\">La Gran Barrera de Coral se Ve Afectada por Otro Evento Masivo de Blanqueamiento. Esta es Nuestra Respuesta.<\/a><\/h2>\t\t<p>Ha comenzado otro evento de blanqueamiento generalizado y todas las miradas se centran en la Gran Barrera de Coral. Este es el sexto evento de blanqueamiento masivo que afecta a los famosos arrecifes de Australia y se debe en gran medida al aumento de las temperaturas oce\u00e1nicas del planeta.&nbsp; En las \u00faltimas semanas, los cient\u00edficos&hellip; <a href=\"https:\/\/coral.org\/es\/blog\/la-gran-barrera-de-coral-se-ve-afectada-por-otro-evento-masivo-de-blanqueamiento-esta-es-nuestra-respuesta\/\" class=\"more-link\">Sigue Leyendo &#8594;<\/a><\/p>\n\t<\/div>\n<\/article>\n<\/div>\n<\/div><\/div><\/div>\n","protected":false},"excerpt":{"rendered":"<p>Tu Donaci\u00f3n Tiene Impacto Cuando donas a CORAL, pasas a formar parte de un movimiento m\u00e1s grande que est\u00e1 cambiando la trayectoria de los arrecifes de coral y de nuestro planeta. Una donaci\u00f3n a CORAL significa que apoyas a millones de especies oce\u00e1nicas y a innumerables comunidades que dependen de los arrecifes de coral para&hellip; <a href=\"https:\/\/coral.org\/es\/impact\/\" class=\"more-link\">Sigue Leyendo &#8594;<\/a><\/p>\n","protected":false},"author":5,"featured_media":3929,"parent":0,"menu_order":0,"comment_status":"closed","ping_status":"closed","template":"","meta":{"_acf_changed":false,"inline_featured_image":false,"_genesis_hide_title":false,"_genesis_hide_breadcrumbs":false,"_genesis_hide_singular_image":false,"_genesis_hide_footer_widgets":false,"_genesis_custom_body_class":"","_genesis_custom_post_class":"","_genesis_layout":"","_genesis_transparent_header":false,"_genesis_hide_siblings_nav":false,"_genesis_hide_flyout":false,"_genesis_subtitle":"","_genesis_subheading":"","footnotes":""},"class_list":{"0":"post-6316","1":"page","2":"type-page","3":"status-publish","4":"has-post-thumbnail","6":"entry"},"acf":[],"template_part":"","featured_image_src":"https:\/\/static.coral.org\/uploads\/2021\/09\/coral-reef-alliance-placeholder-600x400.png","featured_image_src_square":"https:\/\/static.coral.org\/uploads\/2021\/09\/coral-reef-alliance-placeholder-600x600.png","_links":{"self":[{"href":"https:\/\/coral.org\/es\/wp-json\/wp\/v2\/pages\/6316","targetHints":{"allow":["GET"]}}],"collection":[{"href":"https:\/\/coral.org\/es\/wp-json\/wp\/v2\/pages"}],"about":[{"href":"https:\/\/coral.org\/es\/wp-json\/wp\/v2\/types\/page"}],"author":[{"embeddable":true,"href":"https:\/\/coral.org\/es\/wp-json\/wp\/v2\/users\/5"}],"replies":[{"embeddable":true,"href":"https:\/\/coral.org\/es\/wp-json\/wp\/v2\/comments?post=6316"}],"version-history":[{"count":0,"href":"https:\/\/coral.org\/es\/wp-json\/wp\/v2\/pages\/6316\/revisions"}],"wp:featuredmedia":[{"embeddable":true,"href":"https:\/\/coral.org\/es\/wp-json\/wp\/v2\/media\/3929"}],"wp:attachment":[{"href":"https:\/\/coral.org\/es\/wp-json\/wp\/v2\/media?parent=6316"}],"curies":[{"name":"wp","href":"https:\/\/api.w.org\/{rel}","templated":true}]}}