{"id":7112,"date":"2023-11-23T15:21:48","date_gmt":"2023-11-23T23:21:48","guid":{"rendered":"https:\/\/coral.org\/blanqueamiento-del-coral-herramientas-y-guia-completa\/nuevas-investigaciones-para-mitigar-la-decoloracion-de-los-corales-y-los-efectos-del-cambio-climatico\/"},"modified":"2023-11-23T15:21:50","modified_gmt":"2023-11-23T23:21:50","slug":"nuevas-investigaciones-para-mitigar-la-decoloracion-de-los-corales-y-los-efectos-del-cambio-climatico","status":"publish","type":"page","link":"https:\/\/coral.org\/es\/blanqueamiento-del-coral-herramientas-y-guia-completa\/nuevas-investigaciones-para-mitigar-la-decoloracion-de-los-corales-y-los-efectos-del-cambio-climatico\/","title":{"rendered":"Nuevas Investigaciones para Mitigar la Decoloraci\u00f3n de los Corales y los Efectos del Cambio Clim\u00e1tico"},"content":{"rendered":"\n<p>Los cient\u00edficos est\u00e1n llevando a cabo una amplia gama de experimentos e iniciativas de investigaci\u00f3n para ayudar a combatir la decoloraci\u00f3n del coral y desarrollar estrategias para aumentar la resistencia de los arrecifes de coral. Algunos de los experimentos y enfoques principales que se est\u00e1n explorando actualmente son:<\/p>\n\n<p><strong>Investigaci\u00f3n del Microbioma del Coral<\/strong>: Los cient\u00edficos est\u00e1n estudiando el microbioma del coral, que incluye la diversa comunidad de microorganismos que viven dentro y alrededor de los corales. Comprender c\u00f3mo estos microorganismos interact\u00faan con los corales e influyen en su salud y en sus respuestas al estr\u00e9s puede ofrecer ideas sobre posibles estrategias de mitigaci\u00f3n.<\/p>\n\n<p><strong>Restauraci\u00f3n y Trasplante de Corales<\/strong>: Los investigadores est\u00e1n probando distintas t\u00e9cnicas y enfoques de restauraci\u00f3n de corales para recuperar arrecifes da\u00f1ados o degradados. Mediante el cultivo de fragmentos de coral en viveros y su posterior trasplante a los arrecifes, los cient\u00edficos buscan acelerar la recuperaci\u00f3n y promover el crecimiento de colonias de coral m\u00e1s resistentes, aunque es poco probable que esto funcione si no se abordan las amenazas locales (como la mala calidad del agua). M\u00e1s informaci\u00f3n en este <a href=\"https:\/\/coral.org\/en\/blog\/what-is-coral-restoration-and-can-it-save-coral-reefs\/\">blog<\/a>.<\/p>\n\n<h2 class=\"wp-block-heading\"><strong>\u201cS\u00faper Corales\u201d<\/strong><\/h2>\n\n<p>Cr\u00eda Selectiva: Los investigadores est\u00e1n explorando la posibilidad de la cr\u00eda selectiva para desarrollar cepas de coral tolerantes al calor. Al identificar corales naturalmente resistentes y criarlos para que transmitan sus rasgos de tolerancia al calor, los cient\u00edficos buscan crear poblaciones de coral m\u00e1s resistentes que puedan soportar mejor los episodios de blanqueamiento.<\/p>\n\n<p>Evoluci\u00f3n Asistida: Algunos investigadores est\u00e1n estudiando t\u00e9cnicas de evoluci\u00f3n asistida, como la exposici\u00f3n de los corales a temperaturas gradualmente crecientes a lo largo de varias generaciones para fomentar el desarrollo de la tolerancia al calor. El objetivo es acelerar el proceso evolutivo natural para ayudar a los corales a adaptarse a unas condiciones ambientales que cambian r\u00e1pidamente.<\/p>\n\n<p>Criopreservaci\u00f3n de Corales: Los cient\u00edficos est\u00e1n explorando m\u00e9todos para congelar y almacenar gametos de coral (esperma y \u00f3vulos) para su uso futuro. La criopreservaci\u00f3n podr\u00eda servir como dep\u00f3sito gen\u00e9tico para conservar la diversidad de los corales y apoyar futuros esfuerzos de restauraci\u00f3n.<\/p>\n\n<p>Manejo de las Enfermedades de los Corales: Se est\u00e1n realizando estudios para comprender mejor las enfermedades de los corales y desarrollar estrategias de gesti\u00f3n para mitigar sus efectos. Los brotes de enfermedades pueden exacerbar los efectos de los fen\u00f3menos de blanqueamiento, por lo que combatir las enfermedades de los corales es esencial para la salud de los arrecifes. Algunos de estos estudios tambi\u00e9n est\u00e1n analizando y probando los probi\u00f3ticos de coral en laboratorios o sobre el terreno.<\/p>\n\n<p>Experimentos con zooxantelas: Los cient\u00edficos est\u00e1n experimentando con la manipulaci\u00f3n de la composici\u00f3n de las algas simbi\u00f3ticas (zooxantelas) conocidas como clados dentro de los corales. Mediante la introducci\u00f3n de algas resistentes al calor o la manipulaci\u00f3n de las comunidades de algas, los investigadores se proponen aumentar la resistencia de los corales al blanqueamiento.<\/p>\n\n<p>Estructuras Artificiales y Sombreado: Los investigadores est\u00e1n probando la eficacia de las estructuras artificiales y el sombreado para reducir el estr\u00e9s lum\u00ednico y t\u00e9rmico de los corales. Creando zonas de sombra artificiales o estructuras que imiten la complejidad de los arrecifes naturales, los cient\u00edficos esperan proteger a los corales de las condiciones extremas de luz que los estresan a\u00fan m\u00e1s.<\/p>\n\n<p>An\u00e1lisis Bioqu\u00edmico y Gen\u00e9tico: Se emplean t\u00e9cnicas avanzadas para comprender mejor la respuesta molecular de los corales al estr\u00e9s y al blanqueamiento.<\/p>\n\n<p>Estudios sobre la Acidificaci\u00f3n de los Oc\u00e9anos: Los cient\u00edficos investigan el impacto de la acidificaci\u00f3n de los oc\u00e9anos, otra consecuencia del aumento del di\u00f3xido de carbono en la atm\u00f3sfera, sobre la resistencia de los corales. Comprender c\u00f3mo afecta la acidificaci\u00f3n a la calcificaci\u00f3n y el crecimiento de los corales puede servir de base a las estrategias de conservaci\u00f3n.<\/p>\n\n<p>Estos experimentos e iniciativas de investigaci\u00f3n son esenciales para avanzar en nuestro conocimiento del blanqueamiento del coral y desarrollar estrategias basadas en la evidencia para la conservaci\u00f3n y manejo de los arrecifes de coral. Es importante se\u00f1alar que, aunque la investigaci\u00f3n muestra resultados prometedores, la aplicaci\u00f3n de soluciones eficaces a gran escala requiere una combinaci\u00f3n de ciencia, pol\u00edtica y compromiso comunitario para abordar los complejos retos a los que se enfrentan los arrecifes de coral en todo el mundo. Debido a estos retos de escala, en la Alianza para los Arrecifes de Coral estamos centr\u00e1ndonos en reducir las amenazas a nivel local y construir redes de arrecifes de coral saludables y diversos.<\/p>\n\n<p><\/p>\n\n<p>Contin\u00faa con 10 cosas que puedes hacer &gt; (enlace a la p\u00e1gina siguiente)<\/p>\n\n<p><\/p>\n\n<div style=\"height:100px\" aria-hidden=\"true\" class=\"wp-block-spacer is-style-large\"><\/div>\n","protected":false},"excerpt":{"rendered":"<p>Los cient\u00edficos est\u00e1n llevando a cabo una amplia gama de experimentos e iniciativas de investigaci\u00f3n para ayudar a combatir la decoloraci\u00f3n del coral y desarrollar estrategias para aumentar la resistencia de los arrecifes de coral. Algunos de los experimentos y enfoques principales que se est\u00e1n explorando actualmente son: Investigaci\u00f3n del Microbioma del Coral: Los cient\u00edficos&hellip; <a href=\"https:\/\/coral.org\/es\/blanqueamiento-del-coral-herramientas-y-guia-completa\/nuevas-investigaciones-para-mitigar-la-decoloracion-de-los-corales-y-los-efectos-del-cambio-climatico\/\" class=\"more-link\">Sigue Leyendo &#8594;<\/a><\/p>\n","protected":false},"author":8,"featured_media":3929,"parent":7043,"menu_order":0,"comment_status":"closed","ping_status":"closed","template":"","meta":{"_acf_changed":false,"inline_featured_image":false,"_genesis_hide_title":false,"_genesis_hide_breadcrumbs":false,"_genesis_hide_singular_image":false,"_genesis_hide_footer_widgets":false,"_genesis_custom_body_class":"","_genesis_custom_post_class":"","_genesis_layout":"sidebar-content","_genesis_transparent_header":false,"_genesis_hide_siblings_nav":true,"_genesis_hide_flyout":false,"_genesis_subtitle":"","_genesis_subheading":"","footnotes":""},"class_list":{"0":"post-7112","1":"page","2":"type-page","3":"status-publish","4":"has-post-thumbnail","6":"entry"},"acf":[],"template_part":"","featured_image_src":"https:\/\/static.coral.org\/uploads\/2021\/09\/coral-reef-alliance-placeholder-600x400.png","featured_image_src_square":"https:\/\/static.coral.org\/uploads\/2021\/09\/coral-reef-alliance-placeholder-600x600.png","_links":{"self":[{"href":"https:\/\/coral.org\/es\/wp-json\/wp\/v2\/pages\/7112","targetHints":{"allow":["GET"]}}],"collection":[{"href":"https:\/\/coral.org\/es\/wp-json\/wp\/v2\/pages"}],"about":[{"href":"https:\/\/coral.org\/es\/wp-json\/wp\/v2\/types\/page"}],"author":[{"embeddable":true,"href":"https:\/\/coral.org\/es\/wp-json\/wp\/v2\/users\/8"}],"replies":[{"embeddable":true,"href":"https:\/\/coral.org\/es\/wp-json\/wp\/v2\/comments?post=7112"}],"version-history":[{"count":0,"href":"https:\/\/coral.org\/es\/wp-json\/wp\/v2\/pages\/7112\/revisions"}],"up":[{"embeddable":true,"href":"https:\/\/coral.org\/es\/wp-json\/wp\/v2\/pages\/7043"}],"wp:featuredmedia":[{"embeddable":true,"href":"https:\/\/coral.org\/es\/wp-json\/wp\/v2\/media\/3929"}],"wp:attachment":[{"href":"https:\/\/coral.org\/es\/wp-json\/wp\/v2\/media?parent=7112"}],"curies":[{"name":"wp","href":"https:\/\/api.w.org\/{rel}","templated":true}]}}