{"id":7465,"date":"2025-10-31T04:21:09","date_gmt":"2025-10-31T11:21:09","guid":{"rendered":"https:\/\/coral.org\/?page_id=7465"},"modified":"2025-10-31T04:21:10","modified_gmt":"2025-10-31T11:21:10","slug":"apps-en-linea-sobre-el-blanqueamiento-del-coral","status":"publish","type":"page","link":"https:\/\/coral.org\/es\/blanqueamiento-del-coral-herramientas-y-guia-completa\/apps-en-linea-sobre-el-blanqueamiento-del-coral\/","title":{"rendered":"Apps en L\u00ednea sobre el Blanqueamiento del Coral"},"content":{"rendered":"\n<h2 class=\"wp-block-heading\">Apps en L\u00ednea sobre el Blanqueamiento del Coral<\/h2>\n\n<h3 class=\"wp-block-heading\"><strong>Global<\/strong><\/h3>\n\n<p><a href=\"https:\/\/www.savethewaves.org\/\" target=\"_blank\" rel=\"noreferrer noopener\">Save the Waves<\/a> permite a los ciudadanos cient\u00edficos registrar las amenazas a los arrecifes de coral. Organizaciones como Reef Check Malaysia <a href=\"https:\/\/www.reefcheck.org.my\/rcm-save-the-waves-app\" target=\"_blank\" rel=\"noreferrer noopener\">colaboran con Save the Waves<\/a> para geoetiquetar los sitios con blanqueamiento.<\/p>\n\n<p><a href=\"https:\/\/www.eoceans.org\/projects\" target=\"_blank\" rel=\"noreferrer noopener\">eOceans Heat Wave<\/a> cre\u00f3 la serie Global Pulse, que incluye Heatwave Impacts &#8211; Corals, un proyecto destinado a documentar el blanqueamiento del coral por cient\u00edficos ciudadanos.<\/p>\n\n<p><a href=\"https:\/\/www.arcgis.com\/apps\/dashboards\/84ba9c03786e462d960e3172bc1b2204\" target=\"_blank\" rel=\"noreferrer noopener\">Arrecifes de Coral en Riesgo de Blanqueamiento<\/a> en el Panel de ESRI ArcGIS utilizando el Atlas Viviente del Mundo. M\u00e1s informaci\u00f3n en esta entrada del <a href=\"https:\/\/www.esri.com\/arcgis-blog\/products\/arcgis-living-atlas\/real-time\/coral-bleaching-stations\/\" target=\"_blank\" rel=\"noreferrer noopener\">blog<\/a>.<\/p>\n\n<p><a href=\"https:\/\/sites.google.com\/view\/globalcoralbleaching\/home\/who-are-we\" target=\"_blank\" rel=\"noreferrer noopener\">See something! Say Something!<\/a> es un formulario simplificado para informar sobre el blanqueamiento del coral a escala mundial. Esta iniciativa del Laboratorio de Microbiomas Marinos, el Laboratorio de Gen\u00f3mica de Arrecifes, el Centro de Investigaci\u00f3n del Mar Rojo, la Sociedad Internacional de Arrecifes de Coral y la Fundaci\u00f3n de las Islas Seychelles.<\/p>\n\n<h3 class=\"wp-block-heading\"><strong>Australia<\/strong><\/h3>\n\n<p>La <a href=\"https:\/\/www.aims.gov.au\/research-topics\/environmental-issues\/coral-bleaching\/field-app-record-bleaching#:~:text=Developed%20for%20both%20in%2Dwater,observed%20and%20add%20additional%20information\" target=\"_blank\" rel=\"noreferrer noopener\">app Coral Bleaching Field Survey<\/a>, dirigida por el Instituto Australiano de Ciencias Marinas, es una app de campo utilizada para medir el blanqueamiento del coral en el norte de Australia.<\/p>\n\n<p>La <a href=\"https:\/\/www2.gbrmpa.gov.au\/help\/eye-on-the-reef\" target=\"_blank\" rel=\"noreferrer noopener\">app Eye on the Reef<\/a>, dirigida por la Autoridad de la Gran Barrera de Coral (GBRMPA), se nutre de ciudadanos cient\u00edficos que informan sobre blanqueamiento, enfermedades en la GBR (presencia\/ausencia) y otras amenazas en la GBR. \u00a1Mira este <a href=\"https:\/\/www.youtube.com\/watch?app=desktop&amp;v=flXwyX1hk3c\" target=\"_blank\" rel=\"noreferrer noopener\">video<\/a> para saber m\u00e1s!<\/p>\n\n<p>El <a href=\"https:\/\/greatreefcensus.org\/\" target=\"_blank\" rel=\"noreferrer noopener\">Censo de la Gran Barrera de Coral<\/a> es una iniciativa pionera de ciencia ciudadana para estudiar la Gran Barrera de Coral. Tanto si est\u00e1s en el arrecife como en la otra punta del mundo, puedes participar en esta importante iniciativa de conservaci\u00f3n.<\/p>\n\n<div style=\"height:100px\" aria-hidden=\"true\" class=\"wp-block-spacer\"><\/div>\n\n<h3 class=\"wp-block-heading\"><a href=\"https:\/\/coral.org\/es\/blanqueamiento-del-coral-herramientas-y-guia-completa\/lista-de-control-como-movilizarse-y-proteger-los-arrecifes-de-coral\/\"><strong>Continuar con la Lista de Verificaci\u00f3n: C\u00f3mo Movilizar y Proteger &gt;<\/strong><\/a><\/h3>\n\n<p><\/p>\n\n<div style=\"height:100px\" aria-hidden=\"true\" class=\"wp-block-spacer is-style-large\"><\/div>\n","protected":false},"excerpt":{"rendered":"<p>Apps en L\u00ednea sobre el Blanqueamiento del Coral Global Save the Waves permite a los ciudadanos cient\u00edficos registrar las amenazas a los arrecifes de coral. Organizaciones como Reef Check Malaysia colaboran con Save the Waves para geoetiquetar los sitios con blanqueamiento. eOceans Heat Wave cre\u00f3 la serie Global Pulse, que incluye Heatwave Impacts &#8211; Corals,&hellip; <a href=\"https:\/\/coral.org\/es\/blanqueamiento-del-coral-herramientas-y-guia-completa\/apps-en-linea-sobre-el-blanqueamiento-del-coral\/\" class=\"more-link\">Sigue Leyendo &#8594;<\/a><\/p>\n","protected":false},"author":8,"featured_media":3929,"parent":7043,"menu_order":0,"comment_status":"closed","ping_status":"closed","template":"","meta":{"_acf_changed":false,"inline_featured_image":false,"_genesis_hide_title":false,"_genesis_hide_breadcrumbs":false,"_genesis_hide_singular_image":false,"_genesis_hide_footer_widgets":false,"_genesis_custom_body_class":"","_genesis_custom_post_class":"","_genesis_layout":"sidebar-content","_genesis_transparent_header":false,"_genesis_hide_siblings_nav":true,"_genesis_hide_flyout":false,"_genesis_subtitle":"","_genesis_subheading":"","footnotes":""},"class_list":{"0":"post-7465","1":"page","2":"type-page","3":"status-publish","4":"has-post-thumbnail","6":"entry"},"acf":[],"template_part":"","featured_image_src":"https:\/\/static.coral.org\/uploads\/2021\/09\/coral-reef-alliance-placeholder-600x400.png","featured_image_src_square":"https:\/\/static.coral.org\/uploads\/2021\/09\/coral-reef-alliance-placeholder-600x600.png","_links":{"self":[{"href":"https:\/\/coral.org\/es\/wp-json\/wp\/v2\/pages\/7465","targetHints":{"allow":["GET"]}}],"collection":[{"href":"https:\/\/coral.org\/es\/wp-json\/wp\/v2\/pages"}],"about":[{"href":"https:\/\/coral.org\/es\/wp-json\/wp\/v2\/types\/page"}],"author":[{"embeddable":true,"href":"https:\/\/coral.org\/es\/wp-json\/wp\/v2\/users\/8"}],"replies":[{"embeddable":true,"href":"https:\/\/coral.org\/es\/wp-json\/wp\/v2\/comments?post=7465"}],"version-history":[{"count":0,"href":"https:\/\/coral.org\/es\/wp-json\/wp\/v2\/pages\/7465\/revisions"}],"up":[{"embeddable":true,"href":"https:\/\/coral.org\/es\/wp-json\/wp\/v2\/pages\/7043"}],"wp:featuredmedia":[{"embeddable":true,"href":"https:\/\/coral.org\/es\/wp-json\/wp\/v2\/media\/3929"}],"wp:attachment":[{"href":"https:\/\/coral.org\/es\/wp-json\/wp\/v2\/media?parent=7465"}],"curies":[{"name":"wp","href":"https:\/\/api.w.org\/{rel}","templated":true}]}}