{"id":7569,"date":"2024-10-17T08:14:35","date_gmt":"2024-10-17T15:14:35","guid":{"rendered":"https:\/\/coral.org\/?page_id=7569"},"modified":"2024-10-17T08:14:36","modified_gmt":"2024-10-17T15:14:36","slug":"panorama-del-agua-limpia-para-los-arrecifes","status":"publish","type":"page","link":"https:\/\/coral.org\/es\/que-hacemos\/compromiso-local\/agua-limpia-para-los-arrecifes\/panorama-del-agua-limpia-para-los-arrecifes\/","title":{"rendered":"Panorama del Agua Limpia para los Arrecifes"},"content":{"rendered":"\n<p>Los arrecifes de coral est\u00e1n amenazados por diversas fuentes, una de las m\u00e1s importantes son las aguas residuales no tratadas. Estas herramientas pretenden educar, informar y capacitar a las personas y las comunidades para que act\u00faen en la protecci\u00f3n de nuestros preciosos arrecifes de coral ante los efectos nocivos de la contaminaci\u00f3n por aguas residuales. <\/p>\n\n<blockquote class=\"wp-block-quote is-layout-flow wp-block-quote-is-layout-flow\">\n<p>Un alarmante 80% de las aguas residuales del mundo entran en el medio marino sin tratar, lo que supone una de las mayores amenazas para los arrecifes de coral. S\u00f3lo en la \u00faltima d\u00e9cada hemos perdido ya el 14% de estos ecosistemas vitales. El momento de actuar es AHORA.  <\/p>\n<cite>Heather Starck, Directora Ejecutiva &#8211; CORAL<\/cite><\/blockquote>\n\n<h2 class=\"wp-block-heading\">Aguas residuales no tratadas<\/h2>\n\n<p>Por aguas residuales no tratadas se entienden las aguas residuales, los efluentes industriales y las escorrent\u00edas que no se han procesado para eliminar los contaminantes nocivos antes de verterlos al medio ambiente. Estas aguas residuales pueden contener una mezcla diversa de contaminantes, entre ellos: <\/p>\n\n<p><strong>Nutrientes<\/strong>: Las cantidades excesivas de nitr\u00f3geno y f\u00f3sforo, habituales en las escorrent\u00edas agr\u00edcolas y los productos de limpieza dom\u00e9sticos, pueden provocar contaminaci\u00f3n por nutrientes. Esto puede desencadenar la proliferaci\u00f3n de algas nocivas que asfixian la vida marina al reducir los niveles de ox\u00edgeno y bloquear la luz solar. <\/p>\n\n<p><strong>Pat\u00f3genos<\/strong>: Las bacterias, virus y otros microorganismos presentes en las aguas residuales no tratadas pueden causar enfermedades en la vida marina y en los seres humanos. Estos pat\u00f3genos pueden ser especialmente peligrosos en zonas donde la gente depende del marisco como parte importante de su dieta o donde las actividades acu\u00e1ticas recreativas son populares. <\/p>\n\n<p><strong>Sustancias qu\u00edmicas<\/strong>: Los efluentes industriales suelen contener sustancias qu\u00edmicas t\u00f3xicas, metales pesados y compuestos sint\u00e9ticos que pueden ser muy perjudiciales para los ecosistemas marinos. Estas sustancias pueden acumularse en los tejidos de los organismos marinos, provocando efectos a largo plazo sobre la salud y alteraciones en los procesos reproductivos y de crecimiento. <\/p>\n\n<p><strong>Micropl\u00e1sticos<\/strong>: Los organismos marinos pueden ingerir diminutas part\u00edculas de pl\u00e1stico, a menudo procedentes de productos cosm\u00e9ticos, fibras de ropa y residuos pl\u00e1sticos de mayor tama\u00f1o que se descomponen con el tiempo. Los micropl\u00e1sticos pueden causar da\u00f1os f\u00edsicos e introducir sustancias t\u00f3xicas en la cadena alimentaria. <\/p>\n\n<p><strong>Productos farmac\u00e9uticos y de cuidado personal<\/strong>: Los medicamentos, las hormonas y diversas sustancias qu\u00edmicas presentes en los productos de cuidado personal suelen acabar en las aguas residuales. Estas sustancias pueden interferir en los sistemas hormonales y reproductivos de los organismos marinos, provocando descensos de poblaci\u00f3n y alteraciones de la din\u00e1mica de los ecosistemas. <\/p>\n\n<figure class=\"wp-block-image size-large\"><img loading=\"lazy\" decoding=\"async\" width=\"1024\" height=\"655\" src=\"https:\/\/coral.org\/wp-content\/uploads\/2024\/06\/1-Water-Quality-Issues-Plaguing-Coral-Reefs-1024x655.jpg\" alt=\"\" class=\"wp-image-7612\" srcset=\"https:\/\/static.coral.org\/uploads\/2024\/06\/1-Water-Quality-Issues-Plaguing-Coral-Reefs-1024x655.jpg 1024w, https:\/\/static.coral.org\/uploads\/2024\/06\/1-Water-Quality-Issues-Plaguing-Coral-Reefs-796x509.jpg 796w, https:\/\/static.coral.org\/uploads\/2024\/06\/1-Water-Quality-Issues-Plaguing-Coral-Reefs-768x492.jpg 768w, https:\/\/static.coral.org\/uploads\/2024\/06\/1-Water-Quality-Issues-Plaguing-Coral-Reefs-1536x983.jpg 1536w, https:\/\/static.coral.org\/uploads\/2024\/06\/1-Water-Quality-Issues-Plaguing-Coral-Reefs-2048x1311.jpg 2048w\" sizes=\"auto, (max-width: 1024px) 100vw, 1024px\" \/><\/figure>\n\n<h2 class=\"wp-block-heading\">\u00bfC\u00f3mo afectan las aguas residuales no tratadas a los arrecifes de coral?<\/h2>\n\n<p>Cuando las aguas residuales no tratadas entran en el medio marino, pueden tener efectos devastadores en los arrecifes de coral, que ya son vulnerables a otros factores de estr\u00e9s como el cambio clim\u00e1tico y la sobrepesca. La introducci\u00f3n de contaminantes procedentes de aguas residuales no tratadas agrava estas amenazas y puede provocar: <\/p>\n\n<p><strong>Blanqueamiento del coral<\/strong>: La contaminaci\u00f3n por nutrientes de las aguas residuales alimenta la proliferaci\u00f3n de algas que bloquean la luz solar, esencial para las algas simbi\u00f3ticas que viven en los corales. Sin luz solar, estas algas no pueden realizar la fotos\u00edntesis y producir energ\u00eda para los corales, lo que provoca su decoloraci\u00f3n y, potencialmente, su muerte. <\/p>\n\n<p><strong>Proliferaci\u00f3n de enfermedades<\/strong>: Los pat\u00f3genos de las aguas residuales no tratadas pueden infectar a los corales, causando enfermedades que debilitan a\u00fan m\u00e1s a estos organismos ya estresados. Las enfermedades de los corales pueden propagarse r\u00e1pidamente, diezmando grandes zonas de arrecife. <\/p>\n\n<p><strong>Da\u00f1os f\u00edsicos<\/strong>: Las sustancias qu\u00edmicas y los metales pesados pueden da\u00f1ar directamente los tejidos coralinos, provocando una disminuci\u00f3n de las tasas de crecimiento y un aumento de la mortalidad. Estas sustancias tambi\u00e9n pueden perturbar el desarrollo de las larvas de coral, reduciendo la capacidad de los arrecifes para recuperarse de los da\u00f1os. <\/p>\n\n<p><strong>Alteraci\u00f3n de la din\u00e1mica de los ecosistemas<\/strong>: La introducci\u00f3n de productos farmac\u00e9uticos y de cuidado personal puede interferir en los sistemas hormonales de las especies marinas, afectando a su comportamiento, reproducci\u00f3n y subsistencia. Esto puede provocar desequilibrios en los ecosistemas de los arrecifes, en los que algunas especies se vuelven m\u00e1s dominantes mientras que otras disminuyen. <\/p>\n\n<p>Comprender las diversas y trascendentales repercusiones de las aguas residuales no tratadas es crucial para elaborar estrategias eficaces de protecci\u00f3n de los arrecifes de coral y la mir\u00edada de formas de vida que albergan.<\/p>\n\n<figure class=\"wp-block-image size-large\"><img loading=\"lazy\" decoding=\"async\" width=\"1024\" height=\"347\" src=\"https:\/\/coral.org\/wp-content\/uploads\/2024\/06\/CWFR-Toolkit-Collage-1-1024x347.png\" alt=\"\" class=\"wp-image-7664\" srcset=\"https:\/\/static.coral.org\/uploads\/2024\/06\/CWFR-Toolkit-Collage-1-1024x347.png 1024w, https:\/\/static.coral.org\/uploads\/2024\/06\/CWFR-Toolkit-Collage-1-796x270.png 796w, https:\/\/static.coral.org\/uploads\/2024\/06\/CWFR-Toolkit-Collage-1-768x260.png 768w, https:\/\/static.coral.org\/uploads\/2024\/06\/CWFR-Toolkit-Collage-1-1536x520.png 1536w, https:\/\/static.coral.org\/uploads\/2024\/06\/CWFR-Toolkit-Collage-1-2048x694.png 2048w\" sizes=\"auto, (max-width: 1024px) 100vw, 1024px\" \/><\/figure>\n\n<h2 class=\"wp-block-heading\">\u00bfCu\u00e1l es la soluci\u00f3n a este problema?<\/h2>\n\n<p>Las plantas de tratamiento de aguas residuales desempe\u00f1an un papel fundamental en la mitigaci\u00f3n de los efectos nocivos de las aguas residuales no tratadas en los arrecifes de coral y los ecosistemas marinos. Mediante la aplicaci\u00f3n de procesos de tratamiento rigurosos, estas instalaciones eliminan los contaminantes de las aguas residuales y los efluentes industriales antes de verterlos al medio ambiente. Aqu\u00ed se explica por qu\u00e9 las plantas de tratamiento de aguas residuales son la piedra angular de la soluci\u00f3n:  <\/p>\n\n<p><strong>Eliminaci\u00f3n de contaminantes<\/strong>: Las plantas modernas de tratamiento de aguas residuales est\u00e1n equipadas con tecnolog\u00edas avanzadas que eliminan eficazmente nutrientes, pat\u00f3genos, productos qu\u00edmicos y otros contaminantes de las aguas residuales. Mediante procesos como la filtraci\u00f3n, el tratamiento biol\u00f3gico y la desinfecci\u00f3n, estas instalaciones garantizan que solo se vierta agua limpia en las masas de agua naturales. <\/p>\n\n<p><strong>Protecci\u00f3n de los arrecifes de coral<\/strong>: Al impedir el vertido de aguas residuales no tratadas en oc\u00e9anos y zonas costeras, las plantas de tratamiento de aguas residuales ayudan a salvaguardar la salud y la integridad de los arrecifes de coral. Al reducir la contaminaci\u00f3n por nutrientes y minimizar el riesgo de proliferaci\u00f3n de algas nocivas, estas plantas desempe\u00f1an un papel crucial en la preservaci\u00f3n del delicado equilibrio de los ecosistemas marinos. <\/p>\n\n<p><strong>Beneficios para la salud p\u00fablica<\/strong>: Unas aguas residuales correctamente tratadas son esenciales para salvaguardar la salud p\u00fablica y evitar la propagaci\u00f3n de enfermedades transmitidas por el agua. Las plantas de tratamiento de aguas residuales eliminan pat\u00f3genos y contaminantes nocivos, lo que garantiza que las aguas recreativas sigan siendo seguras para el ba\u00f1o, el buceo y otras actividades. <\/p>\n\n<p><strong>Cumplimiento legal y reglamentaci\u00f3n<\/strong>: Las plantas de tratamiento de aguas residuales est\u00e1n sujetas a estrictos reglamentos y normas medioambientales que velan por que funcionen de forma responsable y reduzcan al m\u00ednimo su impacto en los ecosistemas circundantes. El cumplimiento de estos reglamentos ayuda a prevenir la contaminaci\u00f3n y asegura que las aguas residuales sean tratadas con un alto nivel de calidad antes de ser vertidas. <\/p>\n\n<p><strong>Inversi\u00f3n en infraestructuras<\/strong>: La inversi\u00f3n continua en infraestructuras de tratamiento de aguas residuales es esencial para mejorar la capacidad de tratamiento, modernizar las instalaciones obsoletas y adaptarse a los cambiantes retos medioambientales. Al invertir en tecnolog\u00edas modernas y pr\u00e1cticas sostenibles, podemos mejorar la eficacia de las plantas de tratamiento de aguas residuales y proteger los arrecifes de coral para las generaciones futuras. <\/p>\n\n<p>En conclusi\u00f3n, las plantas de tratamiento de aguas residuales son la principal soluci\u00f3n al problema de la contaminaci\u00f3n por aguas residuales no tratadas y su impacto en los arrecifes de coral. Invirtiendo en estas instalaciones cr\u00edticas y garantizando su correcto funcionamiento y mantenimiento, podemos reducir significativamente los niveles de contaminaci\u00f3n y salvaguardar la salud de los ecosistemas marinos de todo el mundo. <\/p>\n\n<figure class=\"wp-block-image size-large\"><img loading=\"lazy\" decoding=\"async\" width=\"1024\" height=\"655\" src=\"https:\/\/coral.org\/wp-content\/uploads\/2024\/06\/CWFR-Toolkit-Image-2-Polos-Treatment-Facility-1024x655.jpg\" alt=\"\" class=\"wp-image-7628\" srcset=\"https:\/\/static.coral.org\/uploads\/2024\/06\/CWFR-Toolkit-Image-2-Polos-Treatment-Facility-1024x655.jpg 1024w, https:\/\/static.coral.org\/uploads\/2024\/06\/CWFR-Toolkit-Image-2-Polos-Treatment-Facility-796x509.jpg 796w, https:\/\/static.coral.org\/uploads\/2024\/06\/CWFR-Toolkit-Image-2-Polos-Treatment-Facility-768x492.jpg 768w, https:\/\/static.coral.org\/uploads\/2024\/06\/CWFR-Toolkit-Image-2-Polos-Treatment-Facility-1536x983.jpg 1536w, https:\/\/static.coral.org\/uploads\/2024\/06\/CWFR-Toolkit-Image-2-Polos-Treatment-Facility-2048x1311.jpg 2048w\" sizes=\"auto, (max-width: 1024px) 100vw, 1024px\" \/><\/figure>\n\n<h3 class=\"wp-block-heading\">Sensibilizaci\u00f3n p\u00fablica y participaci\u00f3n comunitaria<\/h3>\n\n<p>Una parte esencial de la soluci\u00f3n del problema de las aguas residuales es fomentar la concienciaci\u00f3n p\u00fablica y alentar la participaci\u00f3n de la comunidad. Cuando las comunidades comprenden la importancia del agua limpia y de unos arrecifes saludables, es m\u00e1s probable que apoyen y participen en pr\u00e1cticas sostenibles. <\/p>\n\n<p>Llevar a cabo <strong>campa\u00f1as educativas<\/strong> para informar al p\u00fablico sobre los efectos de las aguas residuales no tratadas en los arrecifes de coral y la salud humana puede ser de gran ayuda. Estas campa\u00f1as utilizan diversas plataformas medi\u00e1ticas, como las redes sociales, la radio local y talleres comunitarios. En \u00faltima instancia, los miembros de la comunidad estar\u00e1n m\u00e1s dispuestos a apoyar una instalaci\u00f3n de tratamiento cuando comprendan la importancia de las pr\u00e1cticas adecuadas de eliminaci\u00f3n de residuos y lo que est\u00e1 en juego.  <\/p>\n\n<p><strong>La participaci\u00f3n de la comunidad<\/strong> es una pieza muy importante de este rompecabezas, especialmente cuando se trata de aumentar la capacidad. Los miembros de la comunidad local pueden participar en el monitoreo y la protecci\u00f3n de sus recursos h\u00eddricos a trav\u00e9s de iniciativas locales y programas de gesti\u00f3n. Los residentes pueden participar en limpiezas de playas, an\u00e1lisis de la calidad del agua y proyectos de conservaci\u00f3n, fomentando el sentido de la responsabilidad y la conexi\u00f3n con su entorno.  <\/p>\n\n<p>Para tener \u00e9xito a largo plazo, es necesaria la <strong>promoci\u00f3n de pol\u00edticas<\/strong>. La comunidad puede ayudar expresando su apoyo a las pol\u00edticas y al financiamiento de mejores infraestructuras de aguas residuales y medidas de protecci\u00f3n del medio ambiente. Esto puede conducir a la aplicaci\u00f3n de normativas m\u00e1s estrictas y a la asignaci\u00f3n de los recursos necesarios para proyectos de tratamiento de aguas residuales.  <\/p>\n\n<p>La aplicaci\u00f3n de un <strong>sistema de tarifas<\/strong> permite a los miembros de la comunidad contribuir econ\u00f3micamente a la planta de tratamiento de aguas residuales, garantizando que el sistema que tanto les cost\u00f3 implementar siga en pie y en buenas condiciones. Este sistema tiene el potencial de financiar el 100% de los costos operativos de la planta, garantizando su sostenibilidad y eficiencia. Mediante el pago de una peque\u00f1a cuota, los residentes y las empresas invierten directamente en la salud de sus arrecifes y comunidades. Este sentimiento de pertenencia y responsabilidad colectiva refuerza los lazos comunitarios y subraya la importancia de la contribuci\u00f3n de cada individuo a la preservaci\u00f3n del medio ambiente.   <\/p>\n\n<p>Hablaremos de todo esto con m\u00e1s detalle en el kit de herramientas.<\/p>\n\n<h3 class=\"wp-block-heading\">Estudio de caso: Roat\u00e1n, Honduras<\/h3>\n\n<p>Un ejemplo de \u00e9xito de estas soluciones en acci\u00f3n es la iniciativa de tratamiento de aguas residuales en West End, Roat\u00e1n (Honduras). Mediante la aplicaci\u00f3n de tecnolog\u00edas avanzadas de tratamiento de aguas residuales y pr\u00e1cticas sostenibles, Roat\u00e1n ha reducido considerablemente el impacto de las aguas residuales en sus arrecifes de coral.  <strong>El sistema de tratamiento gestionado por la Asociaci\u00f3n Polo&#8217;s Water evita ahora que unos 30 millones de galones de aguas residuales lleguen al medio marino cada a\u00f1o.<\/strong> Este logro subraya la eficacia de la gesti\u00f3n adaptativa de las aguas residuales para proteger los arrecifes de coral y preservar la biodiversidad marina.<\/p>\n\n<figure class=\"wp-block-image size-large\"><a href=\"https:\/\/sevenseasmedia.org\/coral-reefs-still-have-a-chance-with-immediate-actionable-solutions\/\"><img loading=\"lazy\" decoding=\"async\" width=\"1024\" height=\"291\" src=\"https:\/\/coral.org\/wp-content\/uploads\/2024\/06\/CORAL-Donate-CTA-Honduras-Updated-1024x291.jpg\" alt=\"\" class=\"wp-image-7696\" srcset=\"https:\/\/static.coral.org\/uploads\/2024\/06\/CORAL-Donate-CTA-Honduras-Updated-1024x291.jpg 1024w, https:\/\/static.coral.org\/uploads\/2024\/06\/CORAL-Donate-CTA-Honduras-Updated-796x226.jpg 796w, https:\/\/static.coral.org\/uploads\/2024\/06\/CORAL-Donate-CTA-Honduras-Updated-768x218.jpg 768w, https:\/\/static.coral.org\/uploads\/2024\/06\/CORAL-Donate-CTA-Honduras-Updated.jpg 1274w\" sizes=\"auto, (max-width: 1024px) 100vw, 1024px\" \/><\/a><\/figure>\n\n<p>Mediante estos esfuerzos concertados, podemos reducir los efectos nocivos de las aguas residuales no tratadas y asegurar que los arrecifes de coral tengan una oportunidad de luchar contra el cambio clim\u00e1tico. \u00bfEst\u00e1s listo para ayudar a aumentar la resiliencia de los ecosistemas de arrecifes de coral de todo el mundo?  <a href=\"https:\/\/give.coral.org\/give\/406853\/#!\/donation\/checkout?c_src=\">Haz clic aqu\u00ed para contribuir a nuestra labor en favor del agua limpia &gt;<\/a><\/p>\n\n<h3 class=\"wp-block-heading has-blue-color has-text-color\"><strong><a href=\"https:\/\/coral.org\/es\/?page_id=7571\">Contin\u00faa con el Kit de Herramientas Agua Limpia para los Arrecifes &gt;<\/a><\/strong><\/h3>\n\n<p><\/p>\n\n<div style=\"height:100px\" aria-hidden=\"true\" class=\"wp-block-spacer is-style-large\"><\/div>\n","protected":false},"excerpt":{"rendered":"<p>Los arrecifes de coral est\u00e1n amenazados por diversas fuentes, una de las m\u00e1s importantes son las aguas residuales no tratadas. Estas herramientas pretenden educar, informar y capacitar a las personas y las comunidades para que act\u00faen en la protecci\u00f3n de nuestros preciosos arrecifes de coral ante los efectos nocivos de la contaminaci\u00f3n por aguas residuales.&hellip; <a href=\"https:\/\/coral.org\/es\/que-hacemos\/compromiso-local\/agua-limpia-para-los-arrecifes\/panorama-del-agua-limpia-para-los-arrecifes\/\" class=\"more-link\">Sigue Leyendo &#8594;<\/a><\/p>\n","protected":false},"author":8,"featured_media":7653,"parent":4441,"menu_order":0,"comment_status":"closed","ping_status":"closed","template":"","meta":{"_acf_changed":false,"inline_featured_image":false,"_genesis_hide_title":false,"_genesis_hide_breadcrumbs":true,"_genesis_hide_singular_image":false,"_genesis_hide_footer_widgets":false,"_genesis_custom_body_class":"","_genesis_custom_post_class":"","_genesis_layout":"sidebar-content","_genesis_transparent_header":false,"_genesis_hide_siblings_nav":true,"_genesis_hide_flyout":false,"_genesis_subtitle":"","_genesis_subheading":"","footnotes":""},"class_list":{"0":"post-7569","1":"page","2":"type-page","3":"status-publish","4":"has-post-thumbnail","6":"entry"},"acf":[],"template_part":"","featured_image_src":"https:\/\/static.coral.org\/uploads\/2024\/06\/CWFR-Toolkit-Header-Image-1-600x400.jpg","featured_image_src_square":"https:\/\/static.coral.org\/uploads\/2024\/06\/CWFR-Toolkit-Header-Image-1-600x600.jpg","_links":{"self":[{"href":"https:\/\/coral.org\/es\/wp-json\/wp\/v2\/pages\/7569","targetHints":{"allow":["GET"]}}],"collection":[{"href":"https:\/\/coral.org\/es\/wp-json\/wp\/v2\/pages"}],"about":[{"href":"https:\/\/coral.org\/es\/wp-json\/wp\/v2\/types\/page"}],"author":[{"embeddable":true,"href":"https:\/\/coral.org\/es\/wp-json\/wp\/v2\/users\/8"}],"replies":[{"embeddable":true,"href":"https:\/\/coral.org\/es\/wp-json\/wp\/v2\/comments?post=7569"}],"version-history":[{"count":0,"href":"https:\/\/coral.org\/es\/wp-json\/wp\/v2\/pages\/7569\/revisions"}],"up":[{"embeddable":true,"href":"https:\/\/coral.org\/es\/wp-json\/wp\/v2\/pages\/4441"}],"wp:featuredmedia":[{"embeddable":true,"href":"https:\/\/coral.org\/es\/wp-json\/wp\/v2\/media\/7653"}],"wp:attachment":[{"href":"https:\/\/coral.org\/es\/wp-json\/wp\/v2\/media?parent=7569"}],"curies":[{"name":"wp","href":"https:\/\/api.w.org\/{rel}","templated":true}]}}