{"id":7573,"date":"2024-10-24T02:23:10","date_gmt":"2024-10-24T09:23:10","guid":{"rendered":"https:\/\/coral.org\/?page_id=7573"},"modified":"2024-10-24T02:23:12","modified_gmt":"2024-10-24T09:23:12","slug":"monitoreo-de-la-calidad-del-agua-marina","status":"publish","type":"page","link":"https:\/\/coral.org\/es\/que-hacemos\/compromiso-local\/agua-limpia-para-los-arrecifes\/monitoreo-de-la-calidad-del-agua-marina\/","title":{"rendered":"Monitoreo de la calidad del agua marina"},"content":{"rendered":"\n<h2 class=\"wp-block-heading\">Un componente cr\u00edtico del tratamiento de aguas residuales<\/h2>\n\n<p>El monitoreo de la calidad del agua es un aspecto esencial para informar y abogar por iniciativas de conservaci\u00f3n que reduzcan las amenazas de las aguas residuales no tratadas o tratadas inadecuadamente. Es importante que los m\u00e9todos de monitoreo sean coherentes, raz\u00f3n por la cual creamos el manual de calidad del agua como recurso para gobiernos locales, gestores y socios en general interesados en comprender sus propios sistemas y aportar informaci\u00f3n a la administraci\u00f3n sobre la calidad del agua.  <\/p>\n\n<p>Estos son los componentes clave del monitoreo de la calidad del agua en el contexto del tratamiento de aguas residuales:<\/p>\n\n<h3 class=\"wp-block-heading\"><strong>Evaluaci\u00f3n inicial y recogida de datos de referencia<\/strong><\/h3>\n\n<p>La evaluaci\u00f3n inicial de la calidad del agua implica identificar las posibles fuentes de contaminaci\u00f3n, evaluar el alcance de la misma y comprender sus repercusiones en los ecosistemas marinos. Este paso es crucial antes de invertir en un programa de monitoreo a gran escala e implica recopilar los datos existentes de conjuntos de datos locales, nacionales y mundiales. <\/p>\n\n<h5 class=\"wp-block-heading\"><strong><strong>Componentes clave de la evaluaci\u00f3n inicial<\/strong><\/strong><\/h5>\n\n<h4 class=\"wp-block-heading\" style=\"line-height:1.4\"><strong>Identificaci\u00f3n de fuentes<\/strong><\/h4>\n\n<p>Determinar las principales fuentes de contaminaci\u00f3n del agua, como la escorrent\u00eda urbana, los vertidos industriales o las pr\u00e1cticas agr\u00edcolas.<\/p>\n\n<h4 class=\"wp-block-heading\"><strong><strong>Alcance de la contaminaci\u00f3n<\/strong><\/strong><\/h4>\n\n<p>Evaluar la distribuci\u00f3n espacial y temporal de los contaminantes en las aguas costeras.<\/p>\n\n<h4 class=\"wp-block-heading\"><strong><strong>Evaluaci\u00f3n de impacto<\/strong><\/strong><\/h4>\n\n<p>Comprender las repercusiones ecol\u00f3gicas sobre los arrecifes de coral y otras formas de vida marina, as\u00ed como los posibles riesgos para la salud humana.<\/p>\n\n<p>Antes de identificar una soluci\u00f3n, es necesario comprender la situaci\u00f3n socioecon\u00f3mica de su comunidad y la salud de la calidad de sus aguas costeras. Es crucial realizar una evaluaci\u00f3n inicial para establecer las condiciones de referencia de la calidad del agua y la informaci\u00f3n de referencia de los propietarios (cu\u00e1ntos hogares se conectar\u00e1n a un sistema, qu\u00e9 se necesita). Esto implica:  <\/p>\n\n<ul class=\"wp-block-list\">\n<li><strong>Muestreo y an\u00e1lisis<\/strong>: Recogida de muestras de agua en varios puntos de la zona de vertido propuesta para medir par\u00e1metros como pH, temperatura, ox\u00edgeno disuelto, turbidez, clorofila a, nutrientes (nitr\u00f3geno y f\u00f3sforo) y pat\u00f3genos.<\/li>\n\n\n\n<li><strong>Estudio de impacto ambiental<\/strong>: Evaluaci\u00f3n del impacto potencial de la instalaci\u00f3n en las masas de agua y los ecosistemas locales, incluidos los arrecifes de coral, para identificar las zonas sensibles y fundamentar las decisiones de dise\u00f1o.<\/li>\n<\/ul>\n\n<figure class=\"wp-block-image size-large\"><img loading=\"lazy\" decoding=\"async\" width=\"1024\" height=\"684\" src=\"https:\/\/coral.org\/wp-content\/uploads\/2024\/06\/BICA-Image-7-1024x684.jpg\" alt=\"\" class=\"wp-image-7637\" srcset=\"https:\/\/static.coral.org\/uploads\/2024\/06\/BICA-Image-7-1024x684.jpg 1024w, https:\/\/static.coral.org\/uploads\/2024\/06\/BICA-Image-7-796x532.jpg 796w, https:\/\/static.coral.org\/uploads\/2024\/06\/BICA-Image-7-768x513.jpg 768w, https:\/\/static.coral.org\/uploads\/2024\/06\/BICA-Image-7-1536x1026.jpg 1536w, https:\/\/static.coral.org\/uploads\/2024\/06\/BICA-Image-7-2048x1368.jpg 2048w, https:\/\/static.coral.org\/uploads\/2024\/06\/BICA-Image-7-600x400.jpg 600w\" sizes=\"auto, (max-width: 1024px) 100vw, 1024px\" \/><figcaption class=\"wp-element-caption\">Fotograf\u00eda de Antonio Busiello<\/figcaption><\/figure>\n\n<h3 class=\"wp-block-heading\"><strong>Dise\u00f1o del programa de monitoreo<\/strong><\/h3>\n\n<p>El monitoreo implica la recogida peri\u00f3dica de datos sobre la calidad del agua para establecer l\u00edneas de base y seguir los cambios a lo largo del tiempo. Esto incluye tanto mediciones in situ como an\u00e1lisis de laboratorio de las muestras recogidas. Un programa de monitoreo bien dise\u00f1ado se adapta a las necesidades y objetivos espec\u00edficos de la instalaci\u00f3n de tratamiento de aguas residuales. Entre las consideraciones clave se incluyen:   <\/p>\n\n<ul class=\"wp-block-list\">\n<li><strong>Selecci\u00f3n de par\u00e1metros<\/strong>: Determinaci\u00f3n de los par\u00e1metros cr\u00edticos de calidad del agua que deben monitorearse en funci\u00f3n de los tipos de contaminantes previstos en las aguas residuales y de la sensibilidad del medio receptor.<\/li>\n\n\n\n<li><strong>Lugares de monitoreo<\/strong>: Determinaci\u00f3n de puntos estrat\u00e9gicos para el muestreo que representen diversas fuentes de contaminaci\u00f3n y zonas de control para proporcionar datos completos que incluyan el afluente (aguas residuales entrantes), el efluente (aguas residuales tratadas) y diversos puntos dentro del proceso de tratamiento.<\/li>\n\n\n\n<li><strong>Frecuencia y calendario<\/strong>: Establecer un calendario de monitoreo regular para captar las variaciones de la calidad del agua a lo largo del tiempo, como los cambios estacionales y los periodos de mayor uso. El muestreo de alta frecuencia durante eventos como las primeras descargas despu\u00e9s de las lluvias, la proliferaci\u00f3n de algas o los derrames de contaminaci\u00f3n puede ser beneficioso para capturar esta variabilidad. <\/li>\n<\/ul>\n\n<h5 class=\"wp-block-heading\"><strong><strong><strong>Implementaci\u00f3n del monitoreo continuo y peri\u00f3dico<\/strong><\/strong><\/strong><\/h5>\n\n<p>Un monitoreo eficaz de la calidad del agua implica una combinaci\u00f3n de muestreos continuos y peri\u00f3dicos:<\/p>\n\n<ul class=\"wp-block-list\">\n<li><strong>Monitoreo continuo<\/strong>: Utilizaci\u00f3n de sensores automatizados y registradores de datos en tiempo real para realizar un seguimiento continuo de par\u00e1metros clave como el pH, el ox\u00edgeno disuelto y la turbidez. Esto proporciona informaci\u00f3n inmediata sobre el rendimiento del proceso de tratamiento y ayuda a detectar anomal\u00edas. <\/li>\n\n\n\n<li><strong>Muestreo peri\u00f3dico<\/strong>: Realizaci\u00f3n de muestreos manuales a intervalos determinados para analizar una gama m\u00e1s amplia de par\u00e1metros, incluidos los contaminantes qu\u00edmicos y biol\u00f3gicos. Estas muestras se env\u00edan a laboratorios acreditados para su an\u00e1lisis detallado. <\/li>\n<\/ul>\n\n<h4 class=\"wp-block-heading\"> <strong><strong><strong>Par\u00e1metros clave del muestreo<\/strong><\/strong><\/strong><\/h4>\n\n<ul class=\"wp-block-list\">\n<li>Temperatura de la superficie: Indicador del cambio clim\u00e1tico global, crucial para diversos c\u00e1lculos oceanogr\u00e1ficos y climatol\u00f3gicos.<\/li>\n\n\n\n<li>El pH: Esencial para comprender la acidez del agua, que afecta significativamente a la salud y la subsistencia de la vida marina.<\/li>\n\n\n\n<li>S\u00f3lidos en suspensi\u00f3n totales: Unos niveles elevados pueden reducir la penetraci\u00f3n de la luz, perjudicando la fotos\u00edntesis e inhibiendo el crecimiento de los corales.<\/li>\n\n\n\n<li>Ox\u00edgeno disuelto: Los niveles bajos pueden provocar la mortalidad de la vida marina y sirven como indicador de la contaminaci\u00f3n por nutrientes y la eutrofizaci\u00f3n.<\/li>\n\n\n\n<li>Conductividad: Importante para determinar la salinidad del agua y para diversos c\u00e1lculos anal\u00edticos y calibraci\u00f3n de instrumentos.<\/li>\n\n\n\n<li>Salinidad: Los cambios pueden indicar la escorrent\u00eda de agua dulce, las tasas de evaporaci\u00f3n o la mezcla de diferentes masas de agua.<\/li>\n\n\n\n<li>Turbidez: Indica la presencia de part\u00edculas en suspensi\u00f3n, que pueden ser el resultado de la escorrent\u00eda de nutrientes y de posibles floraciones de fitoplancton.<\/li>\n\n\n\n<li>Clorofila: Un indicador indirecto de la biomasa fitoplanct\u00f3nica, que indica el nivel de contaminaci\u00f3n por nutrientes y la productividad primaria.<\/li>\n\n\n\n<li>Indicadores de pat\u00f3genos<\/li>\n\n\n\n<li>Enterococo: Un indicador espec\u00edfico de la contaminaci\u00f3n de las aguas residuales humanas, utilizado para evaluar la calidad del agua y los riesgos para la salud.<\/li>\n\n\n\n<li>Coliformes totales: Indicador general de contaminaci\u00f3n fecal, que se\u00f1ala la presencia de microorganismos pat\u00f3genos en el agua.<\/li>\n\n\n\n<li>Par\u00e1metros de nutrientes<\/li>\n\n\n\n<li>Nitrato (NO3): Indica la presencia de nutrientes procedentes de las aguas residuales y la escorrent\u00eda agr\u00edcola, lo que favorece el crecimiento de algas y una posible eutrofizaci\u00f3n.<\/li>\n\n\n\n<li>Nitrito (NO2): Producto intermedio de los procesos de nitrificaci\u00f3n y desnitrificaci\u00f3n, importante para evaluar el ciclo del nitr\u00f3geno.<\/li>\n\n\n\n<li>Amon\u00edaco (NH3): Producido a partir de aguas residuales humanas, escorrent\u00eda agr\u00edcola, vertidos industriales, descomposici\u00f3n natural y deposici\u00f3n atmosf\u00e9rica; t\u00f3xico para la vida acu\u00e1tica en concentraciones elevadas.<\/li>\n\n\n\n<li>F\u00f3sforo total (P): Nutriente limitante para el crecimiento de las algas, clave para evaluar el impacto de las aguas residuales y la escorrent\u00eda agr\u00edcola en la calidad del agua.<\/li>\n\n\n\n<li>An\u00e1lisis isot\u00f3pico<\/li>\n\n\n\n<li>Nitr\u00f3geno-15 (N15): Mide la proporci\u00f3n de nitr\u00f3geno en las algas, ayudando a rastrear las fuentes de nitr\u00f3geno, en particular de las aguas residuales humanas.<\/li>\n\n\n\n<li>Carbono-13 (C13): Se utiliza para determinar las fuentes de carbono org\u00e1nico en medios marinos, distinguir entre aportes terrestres y marinos y comprender la din\u00e1mica de las redes tr\u00f3ficas.<\/li>\n<\/ul>\n\n<h5 class=\"wp-block-heading\"><strong><strong><strong>Seguridad sobre el terreno y protocolos<\/strong><\/strong><\/strong><\/h5>\n\n<p>La seguridad es primordial durante la recogida de muestras. Los equipos deben seguir protocolos estrictos, incluido el uso de guantes y recipientes est\u00e9riles para evitar la contaminaci\u00f3n. Todas las muestras se etiquetan y manipulan con cuidado para garantizar la integridad de los datos. Adem\u00e1s, los planes de seguridad sobre el terreno incluyen informaci\u00f3n detallada sobre los participantes, descripciones de las embarcaciones, contactos de emergencia y el equipo de seguridad necesario, como botiquines de primeros auxilios, chalecos salvavidas y radios.   <\/p>\n\n<h5 class=\"wp-block-heading\"><strong><strong><strong><strong>Garant\u00eda de calidad y control de calidad (QA\/QC)<\/strong><\/strong><\/strong><\/strong><\/h5>\n\n<p>Las medidas de QA\/QC son fundamentales para obtener datos fiables. Esto incluye el uso de muestras en blanco para detectar la contaminaci\u00f3n, muestras en blanco enriquecidas para comprobar la precisi\u00f3n y matrices enriquecidas para tener en cuenta las variaciones espec\u00edficas de las muestras. Todos los protocolos siguen normas establecidas para asegurar la coherencia y la fiabilidad.  <\/p>\n\n<figure class=\"wp-block-image size-large\"><img loading=\"lazy\" decoding=\"async\" width=\"1024\" height=\"675\" src=\"https:\/\/coral.org\/wp-content\/uploads\/2024\/06\/BICA-Image-5-1024x675.jpg\" alt=\"\" class=\"wp-image-7635\" srcset=\"https:\/\/static.coral.org\/uploads\/2024\/06\/BICA-Image-5-1024x675.jpg 1024w, https:\/\/static.coral.org\/uploads\/2024\/06\/BICA-Image-5-796x525.jpg 796w, https:\/\/static.coral.org\/uploads\/2024\/06\/BICA-Image-5-768x506.jpg 768w, https:\/\/static.coral.org\/uploads\/2024\/06\/BICA-Image-5-1536x1012.jpg 1536w, https:\/\/static.coral.org\/uploads\/2024\/06\/BICA-Image-5-2048x1350.jpg 2048w\" sizes=\"auto, (max-width: 1024px) 100vw, 1024px\" \/><figcaption class=\"wp-element-caption\">Fotograf\u00eda de Antonio Busiello<\/figcaption><\/figure>\n\n<h3 class=\"wp-block-heading\">Evaluaci\u00f3n<\/h3>\n\n<h5 class=\"wp-block-heading\">An\u00e1lisis e interpretaci\u00f3n de datos<\/h5>\n\n<p>La evaluaci\u00f3n consiste en analizar los datos recopilados para identificar tendencias, valorar la eficacia de las intervenciones de tratamiento de aguas residuales y fundamentar las estrategias de gesti\u00f3n adaptativa. Esto implica: <\/p>\n\n<ul class=\"wp-block-list\">\n<li><strong>An\u00e1lisis estad\u00edstico<\/strong>: Utilizar m\u00e9todos estad\u00edsticos para interpretar datos e identificar cambios o tendencias significativos.<\/li>\n\n\n\n<li><strong>Evaluaci\u00f3n del impacto<\/strong>: Evaluar la eficacia de las medidas de control de la contaminaci\u00f3n aplicadas sobre la calidad del agua y la salud de los arrecifes.<\/li>\n\n\n\n<li><strong>Informes y comunicaci\u00f3n<\/strong>: Compartir los resultados con las partes interesadas, incluidos los formuladores de pol\u00edticas, las comunidades locales y las organizaciones donantes, para apoyar la toma de decisiones informadas.<\/li>\n<\/ul>\n\n<h5 class=\"wp-block-heading\">Gesti\u00f3n adaptativa y mejora continua<\/h5>\n\n<p>El monitoreo de la calidad del agua no es un esfuerzo puntual sino un proceso continuo que apoya la gesti\u00f3n adaptativa y la mejora continua de la instalaci\u00f3n de tratamiento. Acciones clave para asegurar el monitoreo y la evaluaci\u00f3n a largo plazo: <\/p>\n\n<ul class=\"wp-block-list\">\n<li><strong>Capacidad de respuesta<\/strong>: Realizaci\u00f3n de ajustes operativos en respuesta a los datos de monitoreo para optimizar los procesos de tratamiento y abordar cualquier problema identificado con prontitud.<\/li>\n\n\n\n<li><strong>Mejoras de las instalaciones<\/strong>: Utilizaci\u00f3n de los datos de monitoreo para fundamentar las decisiones sobre las mejoras o modificaciones necesarias de la instalaci\u00f3n para mejorar su eficiencia y eficacia.<\/li>\n\n\n\n<li><strong>Financiamiento continuo<\/strong>: Asegurar un apoyo financiero permanente para la recogida y el an\u00e1lisis continuos de datos.<\/li>\n\n\n\n<li><strong>Participaci\u00f3n de los socios y la comunidad<\/strong>: Involucrar a las comunidades locales y a los socios en el proceso de monitoreo para fomentar la apropiaci\u00f3n y la responsabilidad.<\/li>\n\n\n\n<li><strong>Gesti\u00f3n adaptativa<\/strong>: Utilizar los resultados de la evaluaci\u00f3n para perfeccionar y mejorar con el tiempo las estrategias de tratamiento de aguas residuales y mitigaci\u00f3n de la contaminaci\u00f3n .<\/li>\n<\/ul>\n\n<p>El monitoreo, la valoraci\u00f3n y la evaluaci\u00f3n sistem\u00e1ticos de la calidad del agua son esenciales para identificar las fuentes de contaminaci\u00f3n y aplicar estrategias de mitigaci\u00f3n espec\u00edficas, sobre todo en el contexto del tratamiento de aguas residuales. De este modo no s\u00f3lo se protegen los arrecifes de coral, sino que tambi\u00e9n se favorece la salud y el bienestar de las comunidades costeras. Mediante esfuerzos coordinados, pretendemos extender modelos de \u00e9xito como el de Roat\u00e1n a otras regiones, a fin de garantizar unas aguas m\u00e1s limpias y unos arrecifes m\u00e1s saludables en todo el mundo.  <\/p>\n\n<figure class=\"wp-block-image size-large\"><img loading=\"lazy\" decoding=\"async\" width=\"1024\" height=\"351\" src=\"https:\/\/coral.org\/wp-content\/uploads\/2024\/06\/CWFR-Toolkit-Collage-6-1024x351.png\" alt=\"\" class=\"wp-image-7670\" srcset=\"https:\/\/static.coral.org\/uploads\/2024\/06\/CWFR-Toolkit-Collage-6-1024x351.png 1024w, https:\/\/static.coral.org\/uploads\/2024\/06\/CWFR-Toolkit-Collage-6-796x273.png 796w, https:\/\/static.coral.org\/uploads\/2024\/06\/CWFR-Toolkit-Collage-6-768x264.png 768w, https:\/\/static.coral.org\/uploads\/2024\/06\/CWFR-Toolkit-Collage-6-1536x527.png 1536w, https:\/\/static.coral.org\/uploads\/2024\/06\/CWFR-Toolkit-Collage-6-2048x703.png 2048w\" sizes=\"auto, (max-width: 1024px) 100vw, 1024px\" \/><figcaption class=\"wp-element-caption\">Fotograf\u00eda de Antonio Busiello<\/figcaption><\/figure>\n\n<h3 class=\"wp-block-heading\"><strong><a href=\"https:\/\/coral.org\/es\/?page_id=7575\">Contin\u00faa con los Modelos de Financiamiento Sostenible &gt;<\/a><\/strong><\/h3>\n\n<p><\/p>\n\n<div style=\"height:100px\" aria-hidden=\"true\" class=\"wp-block-spacer is-style-large\"><\/div>\n","protected":false},"excerpt":{"rendered":"<p>Un componente cr\u00edtico del tratamiento de aguas residuales El monitoreo de la calidad del agua es un aspecto esencial para informar y abogar por iniciativas de conservaci\u00f3n que reduzcan las amenazas de las aguas residuales no tratadas o tratadas inadecuadamente. Es importante que los m\u00e9todos de monitoreo sean coherentes, raz\u00f3n por la cual creamos el&hellip; <a href=\"https:\/\/coral.org\/es\/que-hacemos\/compromiso-local\/agua-limpia-para-los-arrecifes\/monitoreo-de-la-calidad-del-agua-marina\/\" class=\"more-link\">Sigue Leyendo &#8594;<\/a><\/p>\n","protected":false},"author":8,"featured_media":3929,"parent":4441,"menu_order":0,"comment_status":"closed","ping_status":"closed","template":"","meta":{"_acf_changed":false,"inline_featured_image":false,"_genesis_hide_title":false,"_genesis_hide_breadcrumbs":true,"_genesis_hide_singular_image":false,"_genesis_hide_footer_widgets":false,"_genesis_custom_body_class":"","_genesis_custom_post_class":"","_genesis_layout":"sidebar-content","_genesis_transparent_header":false,"_genesis_hide_siblings_nav":true,"_genesis_hide_flyout":false,"_genesis_subtitle":"","_genesis_subheading":"","footnotes":""},"class_list":{"0":"post-7573","1":"page","2":"type-page","3":"status-publish","4":"has-post-thumbnail","6":"entry"},"acf":[],"template_part":"","featured_image_src":"https:\/\/static.coral.org\/uploads\/2021\/09\/coral-reef-alliance-placeholder-600x400.png","featured_image_src_square":"https:\/\/static.coral.org\/uploads\/2021\/09\/coral-reef-alliance-placeholder-600x600.png","_links":{"self":[{"href":"https:\/\/coral.org\/es\/wp-json\/wp\/v2\/pages\/7573","targetHints":{"allow":["GET"]}}],"collection":[{"href":"https:\/\/coral.org\/es\/wp-json\/wp\/v2\/pages"}],"about":[{"href":"https:\/\/coral.org\/es\/wp-json\/wp\/v2\/types\/page"}],"author":[{"embeddable":true,"href":"https:\/\/coral.org\/es\/wp-json\/wp\/v2\/users\/8"}],"replies":[{"embeddable":true,"href":"https:\/\/coral.org\/es\/wp-json\/wp\/v2\/comments?post=7573"}],"version-history":[{"count":0,"href":"https:\/\/coral.org\/es\/wp-json\/wp\/v2\/pages\/7573\/revisions"}],"up":[{"embeddable":true,"href":"https:\/\/coral.org\/es\/wp-json\/wp\/v2\/pages\/4441"}],"wp:featuredmedia":[{"embeddable":true,"href":"https:\/\/coral.org\/es\/wp-json\/wp\/v2\/media\/3929"}],"wp:attachment":[{"href":"https:\/\/coral.org\/es\/wp-json\/wp\/v2\/media?parent=7573"}],"curies":[{"name":"wp","href":"https:\/\/api.w.org\/{rel}","templated":true}]}}