{"id":7577,"date":"2024-10-21T19:32:01","date_gmt":"2024-10-22T02:32:01","guid":{"rendered":"https:\/\/coral.org\/?page_id=7577"},"modified":"2024-10-21T19:32:02","modified_gmt":"2024-10-22T02:32:02","slug":"colaboracion-comunitaria-inclusiva-y-de-alianzas","status":"publish","type":"page","link":"https:\/\/coral.org\/es\/que-hacemos\/compromiso-local\/agua-limpia-para-los-arrecifes\/colaboracion-comunitaria-inclusiva-y-de-alianzas\/","title":{"rendered":"Colaboraci\u00f3n comunitaria inclusiva y de alianzas"},"content":{"rendered":"\n<h2 class=\"wp-block-heading\">Construir apoyo y sostenibilidad<\/h2>\n\n<p>La colaboraci\u00f3n inclusiva de la comunidad y las alianzas es la piedra angular del \u00e9xito de los proyectos de tratamiento de aguas residuales, especialmente en comunidades costeras subdesarrolladas y con recursos insuficientes. La participaci\u00f3n de un amplio abanico de socios garantiza que los proyectos reciban el apoyo, la participaci\u00f3n y el financiamiento necesarios para proteger los arrecifes de coral y mejorar los medios de subsistencia locales. Estos son los componentes clave de las alianzas y la participaci\u00f3n comunitaria:  <\/p>\n\n<h4 class=\"wp-block-heading\"><strong>Planificaci\u00f3n y toma de decisiones inclusivas<\/strong><\/h4>\n\n<p>Los proyectos eficaces de tratamiento de aguas residuales comienzan con procesos inclusivos de planificaci\u00f3n y toma de decisiones en los que participan todos los socios pertinentes. Esto incluye: <\/p>\n\n<ul class=\"wp-block-list\">\n<li><strong>Miembros de la comunidad<\/strong>: La participaci\u00f3n de los residentes locales, incluidos propietarios de viviendas, pescadores, empresarios y l\u00edderes comunitarios, asegura que sus necesidades, preocupaciones e ideas se integren en la planificaci\u00f3n del proyecto.<\/li>\n\n\n\n<li><strong>Organismos gubernamentales<\/strong>: La colaboraci\u00f3n con organismos gubernamentales locales, regionales y nacionales ayuda a ajustar el proyecto a los requisitos normativos y a aprovechar los recursos y el apoyo p\u00fablicos.<\/li>\n\n\n\n<li><strong>ONG y grupos ambientalistas<\/strong>: La asociaci\u00f3n con organizaciones no gubernamentales y grupos de defensa del medio ambiente aporta al proyecto conocimientos especializados, recursos y credibilidad adicionales.<\/li>\n\n\n\n<li><strong>Instituciones acad\u00e9micas y de investigaci\u00f3n<\/strong>: La participaci\u00f3n de universidades y centros de investigaci\u00f3n puede aportar datos valiosos, apoyo t\u00e9cnico y soluciones innovadoras.<\/li>\n<\/ul>\n\n<figure class=\"wp-block-image size-large\"><img loading=\"lazy\" decoding=\"async\" width=\"1024\" height=\"655\" src=\"https:\/\/coral.org\/wp-content\/uploads\/2024\/06\/CWFR-Toolkit-Image-4-BICA-Community-1024x655.jpg\" alt=\"\" class=\"wp-image-7644\" srcset=\"https:\/\/static.coral.org\/uploads\/2024\/06\/CWFR-Toolkit-Image-4-BICA-Community-1024x655.jpg 1024w, https:\/\/static.coral.org\/uploads\/2024\/06\/CWFR-Toolkit-Image-4-BICA-Community-796x509.jpg 796w, https:\/\/static.coral.org\/uploads\/2024\/06\/CWFR-Toolkit-Image-4-BICA-Community-768x492.jpg 768w, https:\/\/static.coral.org\/uploads\/2024\/06\/CWFR-Toolkit-Image-4-BICA-Community-1536x983.jpg 1536w, https:\/\/static.coral.org\/uploads\/2024\/06\/CWFR-Toolkit-Image-4-BICA-Community-2048x1311.jpg 2048w\" sizes=\"auto, (max-width: 1024px) 100vw, 1024px\" \/><figcaption class=\"wp-element-caption\">Fotograf\u00eda de Antonio Busiello <\/figcaption><\/figure>\n\n<h4 class=\"wp-block-heading\"><strong>Campa\u00f1as de educaci\u00f3n y sensibilizaci\u00f3n<\/strong><\/h4>\n\n<p>Para obtener el apoyo de la comunidad se necesitan amplias campa\u00f1as de educaci\u00f3n y concienciaci\u00f3n que informen a los socios sobre la importancia del tratamiento de las aguas residuales y su impacto en los arrecifes de coral. Las acciones clave incluyen: <\/p>\n\n<ul class=\"wp-block-list\">\n<li><strong>Talleres y reuniones p\u00fablicas<\/strong>: Organizaci\u00f3n de talleres, asambleas municipales y foros p\u00fablicos para analizar el proyecto, responder a preguntas y recabar opiniones.<\/li>\n\n\n\n<li><strong>Material educativo<\/strong>: Distribuci\u00f3n de folletos, carteles y contenidos en l\u00ednea que explican las ventajas del tratamiento de aguas residuales y el papel de los miembros de la comunidad para garantizar su \u00e9xito.<\/li>\n\n\n\n<li><strong>Programas escolares<\/strong>: Implementaci\u00f3n de programas educativos en las escuelas locales para ense\u00f1ar a los estudiantes sobre la conservaci\u00f3n marina y la importancia del agua limpia.<\/li>\n<\/ul>\n\n<figure class=\"wp-block-image size-large\"><img loading=\"lazy\" decoding=\"async\" width=\"1024\" height=\"655\" src=\"https:\/\/coral.org\/wp-content\/uploads\/2024\/06\/CWFR-Toolkit-Image-3-BICA-Community-1024x655.jpg\" alt=\"\" class=\"wp-image-7641\" srcset=\"https:\/\/static.coral.org\/uploads\/2024\/06\/CWFR-Toolkit-Image-3-BICA-Community-1024x655.jpg 1024w, https:\/\/static.coral.org\/uploads\/2024\/06\/CWFR-Toolkit-Image-3-BICA-Community-796x509.jpg 796w, https:\/\/static.coral.org\/uploads\/2024\/06\/CWFR-Toolkit-Image-3-BICA-Community-768x492.jpg 768w, https:\/\/static.coral.org\/uploads\/2024\/06\/CWFR-Toolkit-Image-3-BICA-Community-1536x983.jpg 1536w, https:\/\/static.coral.org\/uploads\/2024\/06\/CWFR-Toolkit-Image-3-BICA-Community-2048x1311.jpg 2048w\" sizes=\"auto, (max-width: 1024px) 100vw, 1024px\" \/><figcaption class=\"wp-element-caption\">Fotograf\u00eda de Kate Beebe<\/figcaption><\/figure>\n\n<h4 class=\"wp-block-heading\"><strong>Financiamiento comunitario y la participaci\u00f3n<\/strong><\/h4>\n\n<p>El financiamiento sostenible se ve muy favorecido por los modelos comunitarios, que permiten a los socios locales participar en el \u00e9xito del proyecto. Este enfoque incluye: <\/p>\n\n<ul class=\"wp-block-list\">\n<li><strong>Tarifas de usuario y cargos por servicio<\/strong>: Implementar un sistema en el que los miembros de la comunidad paguen tarifas razonables por los servicios de aguas residuales. Este modelo cubre hasta el 85% de los costos operativos, asegurando la sostenibilidad financiera. <\/li>\n\n\n\n<li><strong>Participaci\u00f3n de los propietarios<\/strong>: Animar a cada hogar a conectarse al sistema de aguas residuales y contribuir a su mantenimiento, fomentando un sentido de pertenencia y responsabilidad.<\/li>\n\n\n\n<li><strong>Microfinanzas y planes de pago<\/strong>: Ofrecer opciones de microfinanciaci\u00f3n o planes de pago flexibles para ayudar a los hogares con bajos ingresos a costear las cuotas de conexi\u00f3n y los gastos de servicio continuos.<\/li>\n<\/ul>\n\n<h4 class=\"wp-block-heading\"><strong>Funciones y responsabilidades de los socios<\/strong><\/h4>\n\n<p>Definir claramente las funciones y responsabilidades de los distintos socios garantiza la eficacia de la ejecuci\u00f3n y el funcionamiento del proyecto. Esto incluye: <\/p>\n\n<ul class=\"wp-block-list\">\n<li><strong>Gobiernos locales<\/strong>: Supervisi\u00f3n de la gesti\u00f3n de proyectos, cumplimiento de la normativa y esfuerzos de comunicaci\u00f3n p\u00fablica.<\/li>\n\n\n\n<li><strong>Organizaciones comunitarias<\/strong>: Facilitar las actividades de participaci\u00f3n, educaci\u00f3n y movilizaci\u00f3n de la comunidad.<\/li>\n\n\n\n<li><strong>Socios del sector privado<\/strong>: Aportaci\u00f3n de conocimientos t\u00e9cnicos, inversiones y apoyo operativo.<\/li>\n\n\n\n<li><strong>Residentes<\/strong>: Participando en las actividades de monitoreo y mantenimiento, pagando las cuotas de servicio y promoviendo las mejores pr\u00e1cticas dentro de la comunidad.<\/li>\n<\/ul>\n\n<h4 class=\"wp-block-heading\"><strong>Mecanismos de monitoreo y retroalimentaci\u00f3n<\/strong><\/h4>\n\n<p>El compromiso continuo y los mecanismos de retroalimentaci\u00f3n son esenciales para mantener el apoyo de la comunidad y garantizar la eficacia del proyecto. Las estrategias clave incluyen: <\/p>\n\n<ul class=\"wp-block-list\">\n<li><strong>Informes peri\u00f3dicos<\/strong>: Proporcionar a todos los participantes actualizaciones transparentes y peri\u00f3dicas sobre los avances del proyecto, los datos sobre la calidad del agua y la situaci\u00f3n financiera.<\/li>\n\n\n\n<li><strong>Programas de monitoreo comunitario<\/strong>: Involucrar a los miembros de la comunidad en el monitoreo y reporte de la calidad del agua, fomentando un enfoque pr\u00e1ctico de la administraci\u00f3n ambiental.<\/li>\n\n\n\n<li><strong>Canales de comunicaci\u00f3n<\/strong>: Establecimiento de canales claros para que los miembros de la comunidad expresen sus preocupaciones, sugieran mejoras y aporten comentarios sobre el funcionamiento del proyecto.<\/li>\n<\/ul>\n\n<h4 class=\"wp-block-heading\"><strong>Crear apoyo y confianza a largo plazo<\/strong><\/h4>\n\n<p>La participaci\u00f3n sostenida de la comunidad genera apoyo y confianza a largo plazo, que son cruciales para el \u00e9xito continuado de los proyectos de tratamiento de aguas residuales. Las acciones clave incluyen: <\/p>\n\n<ul class=\"wp-block-list\">\n<li><strong>Celebraci\u00f3n de hitos<\/strong>: Celebrar p\u00fablicamente los hitos y \u00e9xitos del proyecto para reforzar el papel de la comunidad en estos logros.<\/li>\n\n\n\n<li><strong>Gesti\u00f3n receptiva<\/strong>: Demostrar receptividad a los comentarios de la comunidad y realizar los ajustes necesarios en las operaciones y pol\u00edticas del proyecto.<\/li>\n\n\n\n<li><strong>Desarrollo de capacidades<\/strong>: Desarrollo continuo de la capacidad de los socios locales mediante capacitaci\u00f3n, talleres y asistencia t\u00e9cnica para asegurar que la comunidad pueda gestionar y mantener el proyecto de forma independiente a lo largo del tiempo.<\/li>\n<\/ul>\n\n<figure class=\"wp-block-image size-large\"><img loading=\"lazy\" decoding=\"async\" width=\"1024\" height=\"655\" src=\"https:\/\/coral.org\/wp-content\/uploads\/2024\/06\/CWFR-Toolkit-Image-5-BICA-Community-1024x655.jpg\" alt=\"\" class=\"wp-image-7642\" srcset=\"https:\/\/static.coral.org\/uploads\/2024\/06\/CWFR-Toolkit-Image-5-BICA-Community-1024x655.jpg 1024w, https:\/\/static.coral.org\/uploads\/2024\/06\/CWFR-Toolkit-Image-5-BICA-Community-796x509.jpg 796w, https:\/\/static.coral.org\/uploads\/2024\/06\/CWFR-Toolkit-Image-5-BICA-Community-768x492.jpg 768w, https:\/\/static.coral.org\/uploads\/2024\/06\/CWFR-Toolkit-Image-5-BICA-Community-1536x983.jpg 1536w, https:\/\/static.coral.org\/uploads\/2024\/06\/CWFR-Toolkit-Image-5-BICA-Community-2048x1311.jpg 2048w\" sizes=\"auto, (max-width: 1024px) 100vw, 1024px\" \/><figcaption class=\"wp-element-caption\">Fotograf\u00eda de Antonio Busiello <\/figcaption><\/figure>\n\n<h3 class=\"wp-block-heading\">Asegurar un apoyo integral y sostenibilidad<\/h3>\n\n<p>Al integrar la colaboraci\u00f3n inclusiva de la comunidad y las alianzas en cada fase de los proyectos de tratamiento de aguas residuales, podemos lograr un apoyo global y la sostenibilidad financiera. Involucrar a todo tipo de miembros de la comunidad -desde los que viven cerca del agua hasta los que participan en actividades sobre el terreno- garantiza que el proyecto reciba un amplio respaldo y participaci\u00f3n. <\/p>\n\n<p>Esto es vital para el \u00e9xito y la sostenibilidad de las plantas de tratamiento de aguas residuales en las comunidades costeras. Mediante la planificaci\u00f3n integradora, la educaci\u00f3n, el financiamiento comunitario y el compromiso continuo, podemos proteger los arrecifes de coral y mejorar la calidad de vida de las poblaciones locales. <\/p>\n\n<h3 class=\"wp-block-heading has-blue-color has-text-color\"><strong><a href=\"https:\/\/coral.org\/es\/?page_id=7579\">Continuar con la sostenibilidad a largo plazo &gt;<\/a><\/strong><\/h3>\n\n<p><\/p>\n\n<div style=\"height:100px\" aria-hidden=\"true\" class=\"wp-block-spacer is-style-large\"><\/div>\n","protected":false},"excerpt":{"rendered":"<p>Construir apoyo y sostenibilidad La colaboraci\u00f3n inclusiva de la comunidad y las alianzas es la piedra angular del \u00e9xito de los proyectos de tratamiento de aguas residuales, especialmente en comunidades costeras subdesarrolladas y con recursos insuficientes. La participaci\u00f3n de un amplio abanico de socios garantiza que los proyectos reciban el apoyo, la participaci\u00f3n y el&hellip; <a href=\"https:\/\/coral.org\/es\/que-hacemos\/compromiso-local\/agua-limpia-para-los-arrecifes\/colaboracion-comunitaria-inclusiva-y-de-alianzas\/\" class=\"more-link\">Sigue Leyendo &#8594;<\/a><\/p>\n","protected":false},"author":8,"featured_media":7701,"parent":4441,"menu_order":0,"comment_status":"closed","ping_status":"closed","template":"","meta":{"_acf_changed":false,"inline_featured_image":false,"_genesis_hide_title":false,"_genesis_hide_breadcrumbs":true,"_genesis_hide_singular_image":false,"_genesis_hide_footer_widgets":false,"_genesis_custom_body_class":"","_genesis_custom_post_class":"","_genesis_layout":"sidebar-content","_genesis_transparent_header":false,"_genesis_hide_siblings_nav":true,"_genesis_hide_flyout":false,"_genesis_subtitle":"","_genesis_subheading":"","footnotes":""},"class_list":{"0":"post-7577","1":"page","2":"type-page","3":"status-publish","4":"has-post-thumbnail","6":"entry"},"acf":[],"template_part":"","featured_image_src":"https:\/\/static.coral.org\/uploads\/2024\/06\/CWFR-Toolkit-Header-Image-5-1-600x400.jpg","featured_image_src_square":"https:\/\/static.coral.org\/uploads\/2024\/06\/CWFR-Toolkit-Header-Image-5-1-600x600.jpg","_links":{"self":[{"href":"https:\/\/coral.org\/es\/wp-json\/wp\/v2\/pages\/7577","targetHints":{"allow":["GET"]}}],"collection":[{"href":"https:\/\/coral.org\/es\/wp-json\/wp\/v2\/pages"}],"about":[{"href":"https:\/\/coral.org\/es\/wp-json\/wp\/v2\/types\/page"}],"author":[{"embeddable":true,"href":"https:\/\/coral.org\/es\/wp-json\/wp\/v2\/users\/8"}],"replies":[{"embeddable":true,"href":"https:\/\/coral.org\/es\/wp-json\/wp\/v2\/comments?post=7577"}],"version-history":[{"count":0,"href":"https:\/\/coral.org\/es\/wp-json\/wp\/v2\/pages\/7577\/revisions"}],"up":[{"embeddable":true,"href":"https:\/\/coral.org\/es\/wp-json\/wp\/v2\/pages\/4441"}],"wp:featuredmedia":[{"embeddable":true,"href":"https:\/\/coral.org\/es\/wp-json\/wp\/v2\/media\/7701"}],"wp:attachment":[{"href":"https:\/\/coral.org\/es\/wp-json\/wp\/v2\/media?parent=7577"}],"curies":[{"name":"wp","href":"https:\/\/api.w.org\/{rel}","templated":true}]}}