{"id":7579,"date":"2024-10-22T08:39:36","date_gmt":"2024-10-22T15:39:36","guid":{"rendered":"https:\/\/coral.org\/?page_id=7579"},"modified":"2024-10-22T08:39:37","modified_gmt":"2024-10-22T15:39:37","slug":"sostenibilidad-a-largo-plazo","status":"publish","type":"page","link":"https:\/\/coral.org\/es\/que-hacemos\/compromiso-local\/agua-limpia-para-los-arrecifes\/sostenibilidad-a-largo-plazo\/","title":{"rendered":"Sostenibilidad a largo plazo"},"content":{"rendered":"\n<h3 class=\"wp-block-heading\">Asegurar el \u00e9xito y la protecci\u00f3n del medio ambiente<\/h3>\n\n\n\n<p>La sostenibilidad a largo plazo es crucial para el \u00e9xito continuado de los proyectos de tratamiento de aguas residuales, sobre todo en comunidades costeras que atraviesan dificultades financieras y de infraestructuras. Para que estos proyectos sigan siendo eficaces a lo largo del tiempo es necesario un planteamiento integral que aborde las dimensiones financiera, ambiental y social. Estos son los componentes clave para lograr la sostenibilidad a largo plazo:  <\/p>\n\n\n\n<h4 class=\"wp-block-heading\"><strong>Planificaci\u00f3n y gesti\u00f3n financiera s\u00f3lidas<\/strong><\/h4>\n\n\n\n<p>La sostenibilidad financiera a largo plazo garantiza que las instalaciones de tratamiento de aguas residuales puedan funcionar eficazmente sin interrupciones. Los elementos clave incluyen: <\/p>\n\n\n\n<ul class=\"wp-block-list\">\n<li><strong>Fuentes diversificadas de financiamiento<\/strong>: Asegurar una combinaci\u00f3n de fuentes de financiamiento, incluyendo subvenciones gubernamentales, asociaciones p\u00fablico-privadas, tarifas de usuarios y ayuda internacional, para crear una base financiera estable.<\/li>\n\n\n\n<li><strong>Generaci\u00f3n de ingresos<\/strong>: Establecimiento de cuotas de usuario y tarifas de servicio razonables para generar ingresos continuos, con hasta un 85% de los costos operativos cubiertos por los miembros de la comunidad conectados al sistema.<\/li>\n\n\n\n<li><strong>Reservas financieras<\/strong>: Establecimiento de fondos de reserva para cubrir gastos imprevistos y garantizar que el centro pueda seguir funcionando en caso de d\u00e9ficit financiero.<\/li>\n<\/ul>\n\n\n\n<h4 class=\"wp-block-heading\"><strong>Mantenimiento peri\u00f3dico y actualizaciones<\/strong><\/h4>\n\n\n\n<p>El mantenimiento continuo y las actualizaciones peri\u00f3dicas son esenciales para la funcionalidad y eficiencia a largo plazo de las instalaciones de tratamiento de aguas residuales. Esto implica: <\/p>\n\n\n\n<ul class=\"wp-block-list\">\n<li><strong>Mantenimiento preventivo<\/strong>: Realizaci\u00f3n de inspecciones y actividades de mantenimiento peri\u00f3dicas para evitar aver\u00edas en los equipos y prolongar la vida \u00fatil de las instalaciones.<\/li>\n\n\n\n<li><strong>Actualizaciones programadas<\/strong>: Planificaci\u00f3n y ejecuci\u00f3n de actualizaciones para incorporar nuevas tecnolog\u00edas, mejorar la eficiencia y cumplir las cambiantes normas ambientales.<\/li>\n\n\n\n<li><strong>Formaci\u00f3n y capacitaci\u00f3n<\/strong>: Proporcionar capacitaci\u00f3n continua al personal local para garantizar que disponga de las habilidades y los conocimientos necesarios para operar y mantener la planta con eficacia.<\/li>\n<\/ul>\n\n\n\n<figure class=\"wp-block-image size-large\"><img loading=\"lazy\" decoding=\"async\" width=\"1024\" height=\"655\" src=\"https:\/\/coral.org\/wp-content\/uploads\/2024\/06\/CWFR-Toolkit-Image-8-Polos-1024x655.jpg\" alt=\"\" class=\"wp-image-7650\" srcset=\"https:\/\/static.coral.org\/uploads\/2024\/06\/CWFR-Toolkit-Image-8-Polos-1024x655.jpg 1024w, https:\/\/static.coral.org\/uploads\/2024\/06\/CWFR-Toolkit-Image-8-Polos-796x509.jpg 796w, https:\/\/static.coral.org\/uploads\/2024\/06\/CWFR-Toolkit-Image-8-Polos-768x492.jpg 768w, https:\/\/static.coral.org\/uploads\/2024\/06\/CWFR-Toolkit-Image-8-Polos-1536x983.jpg 1536w, https:\/\/static.coral.org\/uploads\/2024\/06\/CWFR-Toolkit-Image-8-Polos-2048x1311.jpg 2048w\" sizes=\"auto, (max-width: 1024px) 100vw, 1024px\" \/><figcaption class=\"wp-element-caption\">Fotograf\u00eda de Antonio Busiello<\/figcaption><\/figure>\n\n\n\n<h4 class=\"wp-block-heading\"><strong>Monitoreo y adaptaci\u00f3n ambiental<\/strong><\/h4>\n\n\n\n<p>Para asegurar que las instalaciones sigan protegiendo el medio ambiente a largo plazo se requiere un monitoreo y una adaptaci\u00f3n continuos. Las acciones clave incluyen: <\/p>\n\n\n\n<ul class=\"wp-block-list\">\n<li><strong>Monitoreo continuo de la calidad del agua<\/strong>: Realizaci\u00f3n de un monitoreo continuo y peri\u00f3dico de la calidad del agua para asegurar que el efluente tratado cumple las normas ambientales y protege los ecosistemas aguas abajo, incluidos los arrecifes de coral.<\/li>\n\n\n\n<li><strong>Gesti\u00f3n adaptativa<\/strong>: Utilizaci\u00f3n de los datos de monitoreo para adaptar y optimizar los procesos de tratamiento, abordando con prontitud cualquier problema que surja.<\/li>\n\n\n\n<li><strong>Evaluaciones del impacto ambiental<\/strong>: Realizaci\u00f3n de evaluaciones peri\u00f3dicas para valorar el impacto de la planta en el medio ambiente local y hacer los ajustes necesarios para minimizar los efectos negativos.<\/li>\n<\/ul>\n\n\n\n<h4 class=\"wp-block-heading\"><strong>Participaci\u00f3n y apoyo comunitarios<\/strong><\/h4>\n\n\n\n<p>La participaci\u00f3n sostenida de la comunidad es vital para el \u00e9xito del proyecto a largo plazo. Esto incluye: <\/p>\n\n\n\n<ul class=\"wp-block-list\">\n<li><strong>Educaci\u00f3n y concienciaci\u00f3n continuas<\/strong>: Educar continuamente a la comunidad sobre la importancia del tratamiento de las aguas residuales y su papel en el mantenimiento del sistema.<\/li>\n\n\n\n<li><strong>Mecanismos de retroalimentaci\u00f3n<\/strong>: Establecer y mantener canales claros para la retroalimentaci\u00f3n y participaci\u00f3n de la comunidad, asegurando que los miembros de la comunidad puedan expresar sus preocupaciones y contribuir a los procesos de toma de decisiones.<\/li>\n\n\n\n<li><strong>Gobernanza inclusiva<\/strong>: Involucrar a representantes de la comunidad en la gobernanza y supervisi\u00f3n de la instalaci\u00f3n para fomentar un sentido de pertenencia y rendici\u00f3n de cuentas.<\/li>\n<\/ul>\n\n\n\n<h4 class=\"wp-block-heading\"><strong>Apoyo pol\u00edtico y normativo<\/strong><\/h4>\n\n\n\n<p>Las pol\u00edticas y normativas de apoyo son fundamentales para garantizar la sostenibilidad a largo plazo de los proyectos de tratamiento de aguas residuales. Esto implica: <\/p>\n\n\n\n<ul class=\"wp-block-list\">\n<li><strong>Cumplimiento de las normas<\/strong>: Garantizar que los gobiernos locales y nacionales hagan cumplir las normas y reglamentos ambientales que obligan a un tratamiento adecuado de las aguas residuales.<\/li>\n\n\n\n<li><strong>Incentivos para el cumplimiento<\/strong>: Ofrecer incentivos a las comunidades e industrias para que cumplan los requisitos de tratamiento de aguas residuales, como exenciones fiscales o subvenciones para pr\u00e1cticas que respeten el medio ambiente.<\/li>\n\n\n\n<li><strong>Promoci\u00f3n de pol\u00edticas<\/strong>: Participar en actividades de promoci\u00f3n de pol\u00edticas que favorezcan la gesti\u00f3n sostenible de las aguas residuales y la protecci\u00f3n del medio ambiente.<\/li>\n<\/ul>\n\n\n\n<h4 class=\"wp-block-heading\"><strong>Resiliencia ante el cambio clim\u00e1tico<\/strong><\/h4>\n\n\n\n<p>La lucha contra los efectos del cambio clim\u00e1tico es esencial para la sostenibilidad a largo plazo de las plantas de tratamiento de aguas residuales, sobre todo en las zonas costeras. Entre las estrategias clave se encuentran: <\/p>\n\n\n\n<ul class=\"wp-block-list\">\n<li><strong>Dise\u00f1o resistente al clima<\/strong>: Dise\u00f1o y construcci\u00f3n de instalaciones para resistir fen\u00f3menos meteorol\u00f3gicos extremos, la subida del nivel del mar y otros retos relacionados con el clima.<\/li>\n\n\n\n<li><strong>Preparaci\u00f3n para emergencias<\/strong>: Elaboraci\u00f3n e implementaci\u00f3n de planes de respuesta ante emergencias para garantizar que la planta pueda seguir funcionando durante y despu\u00e9s de desastres naturales.<\/li>\n\n\n\n<li><strong>Gesti\u00f3n sostenible del agua<\/strong>: Incorporaci\u00f3n de pr\u00e1cticas de conservaci\u00f3n y reutilizaci\u00f3n del agua para reducir la huella h\u00eddrica global de las plantas y mejorar su resistencia a la escasez de agua.<\/li>\n<\/ul>\n\n\n\n<h3 class=\"wp-block-heading\">Asegurar la sostenibilidad a largo plazo<\/h3>\n\n\n\n<p>Lograr la sostenibilidad a largo plazo de los proyectos de tratamiento de aguas residuales en las comunidades costeras exige un planteamiento hol\u00edstico que integre las dimensiones financiera, medioambiental, social y normativa. Al abordar estos componentes clave, podemos asegurar que las plantas de tratamiento de aguas residuales sigan protegiendo los arrecifes de coral y apoyando la salud y el bienestar de las poblaciones locales a largo plazo. <\/p>\n\n\n\n<p>En conclusi\u00f3n, la sostenibilidad a largo plazo es un reto polifac\u00e9tico que requiere una planificaci\u00f3n cuidadosa, una adaptaci\u00f3n continua y un amplio apoyo. Mediante una s\u00f3lida planificaci\u00f3n financiera, un mantenimiento regular, el monitoreo ambiental, el compromiso de la comunidad, el apoyo a las pol\u00edticas y la resiliencia clim\u00e1tica, podemos asegurar el \u00e9xito continuo y la protecci\u00f3n ambiental de los proyectos de tratamiento de aguas residuales en las comunidades costeras. <\/p>\n\n\n\n<div style=\"height:168px\" aria-hidden=\"true\" class=\"wp-block-spacer\"><\/div>\n\n\n\n<h3 class=\"wp-block-heading has-blue-color has-text-color\"><strong><a href=\"https:\/\/coral.org\/es\/?page_id=7622\">Contin\u00faa con la visita a la planta de tratamiento de aguas residuales ><\/a><\/strong><\/h3>\n\n\n\n<p><\/p>\n\n\n\n<div style=\"height:100px\" aria-hidden=\"true\" class=\"wp-block-spacer is-style-large\"><\/div>\n","protected":false},"excerpt":{"rendered":"<p>Asegurar el \u00e9xito y la protecci\u00f3n del medio ambiente La sostenibilidad a largo plazo es crucial para el \u00e9xito continuado de los proyectos de tratamiento de aguas residuales, sobre todo en comunidades costeras que atraviesan dificultades financieras y de infraestructuras. Para que estos proyectos sigan siendo eficaces a lo largo del tiempo es necesario un&hellip; <a href=\"https:\/\/coral.org\/es\/que-hacemos\/compromiso-local\/agua-limpia-para-los-arrecifes\/sostenibilidad-a-largo-plazo\/\" class=\"more-link\">Sigue Leyendo &#8594;<\/a><\/p>\n","protected":false},"author":8,"featured_media":7698,"parent":4441,"menu_order":0,"comment_status":"closed","ping_status":"closed","template":"","meta":{"_acf_changed":false,"inline_featured_image":false,"_genesis_hide_title":false,"_genesis_hide_breadcrumbs":true,"_genesis_hide_singular_image":false,"_genesis_hide_footer_widgets":false,"_genesis_custom_body_class":"","_genesis_custom_post_class":"","_genesis_layout":"sidebar-content","_genesis_transparent_header":false,"_genesis_hide_siblings_nav":true,"_genesis_hide_flyout":false,"_genesis_subtitle":"","_genesis_subheading":"","footnotes":""},"class_list":{"0":"post-7579","1":"page","2":"type-page","3":"status-publish","4":"has-post-thumbnail","6":"entry"},"acf":[],"template_part":"","featured_image_src":"https:\/\/static.coral.org\/uploads\/2024\/06\/CWFR-Toolkit-Header-Image-2-1-600x400.jpg","featured_image_src_square":"https:\/\/static.coral.org\/uploads\/2024\/06\/CWFR-Toolkit-Header-Image-2-1-600x600.jpg","_links":{"self":[{"href":"https:\/\/coral.org\/es\/wp-json\/wp\/v2\/pages\/7579","targetHints":{"allow":["GET"]}}],"collection":[{"href":"https:\/\/coral.org\/es\/wp-json\/wp\/v2\/pages"}],"about":[{"href":"https:\/\/coral.org\/es\/wp-json\/wp\/v2\/types\/page"}],"author":[{"embeddable":true,"href":"https:\/\/coral.org\/es\/wp-json\/wp\/v2\/users\/8"}],"replies":[{"embeddable":true,"href":"https:\/\/coral.org\/es\/wp-json\/wp\/v2\/comments?post=7579"}],"version-history":[{"count":0,"href":"https:\/\/coral.org\/es\/wp-json\/wp\/v2\/pages\/7579\/revisions"}],"up":[{"embeddable":true,"href":"https:\/\/coral.org\/es\/wp-json\/wp\/v2\/pages\/4441"}],"wp:featuredmedia":[{"embeddable":true,"href":"https:\/\/coral.org\/es\/wp-json\/wp\/v2\/media\/7698"}],"wp:attachment":[{"href":"https:\/\/coral.org\/es\/wp-json\/wp\/v2\/media?parent=7579"}],"curies":[{"name":"wp","href":"https:\/\/api.w.org\/{rel}","templated":true}]}}