{"id":7622,"date":"2024-10-22T08:57:35","date_gmt":"2024-10-22T15:57:35","guid":{"rendered":"https:\/\/coral.org\/?page_id=7622"},"modified":"2024-10-22T08:57:36","modified_gmt":"2024-10-22T15:57:36","slug":"visita-a-la-planta-de-tratamiento-de-aguas-residuales","status":"publish","type":"page","link":"https:\/\/coral.org\/es\/que-hacemos\/compromiso-local\/agua-limpia-para-los-arrecifes\/visita-a-la-planta-de-tratamiento-de-aguas-residuales\/","title":{"rendered":"Visita a la planta de tratamiento de aguas residuales"},"content":{"rendered":"\n<figure class=\"wp-block-embed is-type-video is-provider-youtube wp-block-embed-youtube wp-embed-aspect-16-9 wp-has-aspect-ratio\"><div class=\"wp-block-embed__wrapper\">\n<iframe loading=\"lazy\" title=\"Wastewater Treatment Tour - Roatan, Honduras\" width=\"500\" height=\"281\" src=\"https:\/\/www.youtube.com\/embed\/dOWRWxSHDIA?feature=oembed\" frameborder=\"0\" allow=\"accelerometer; autoplay; clipboard-write; encrypted-media; gyroscope; picture-in-picture; web-share\" referrerpolicy=\"strict-origin-when-cross-origin\" allowfullscreen><\/iframe>\n<\/div><\/figure>\n\n<h3 class=\"wp-block-heading\">Tratamiento primario<\/h3>\n\n<p>Esta etapa inicial implica la eliminaci\u00f3n de s\u00f3lidos grandes y sedimentos mediante cribado y sedimentaci\u00f3n. Es esencial para reducir la carga de materia org\u00e1nica y residuos que pueden obstruir los sistemas de tratamiento. <\/p>\n\n<h3 class=\"wp-block-heading\">Tratamiento secundario<\/h3>\n\n<p>En esta fase, se utilizan procesos biol\u00f3gicos para descomponer la materia org\u00e1nica y los nutrientes. Los procesos de lodos activados, los biofiltros y las lagunas de oxidaci\u00f3n son m\u00e9todos habituales. Estos procesos se basan en microorganismos que consumen los contaminantes org\u00e1nicos y los convierten en subproductos inocuos.  <\/p>\n\n<h3 class=\"wp-block-heading\">Tratamiento terciario<\/h3>\n\n<p>En esta fase avanzada se eliminan los nutrientes, pat\u00f3genos y contaminantes qu\u00edmicos restantes. Se emplean t\u00e9cnicas como la filtraci\u00f3n por membrana, la oxidaci\u00f3n avanzada y la absorci\u00f3n por carb\u00f3n activo. El tratamiento terciario garantiza que el agua cumpla las normas de alta calidad antes de su vertido.  <\/p>\n\n<h3 class=\"wp-block-heading\">Desinfecci\u00f3n<\/h3>\n\n<p>Para eliminar los agentes pat\u00f3genos, las aguas residuales tratadas se someten a desinfecci\u00f3n mediante m\u00e9todos como la cloraci\u00f3n, la radiaci\u00f3n UV o la ozonizaci\u00f3n. Este paso es crucial para prevenir la propagaci\u00f3n de enfermedades y proteger tanto la vida marina como la salud humana. <\/p>\n\n<div style=\"height:168px\" aria-hidden=\"true\" class=\"wp-block-spacer\"><\/div>\n\n<h3 class=\"wp-block-heading has-blue-color has-text-color\"><strong><a href=\"https:\/\/coral.org\/es\/?page_id=7625\">Contin\u00faa con c\u00f3mo puedes ayudar &gt;<\/a><\/strong><\/h3>\n\n<p><\/p>\n\n<div style=\"height:100px\" aria-hidden=\"true\" class=\"wp-block-spacer is-style-large\"><\/div>\n","protected":false},"excerpt":{"rendered":"<p>Tratamiento primario Esta etapa inicial implica la eliminaci\u00f3n de s\u00f3lidos grandes y sedimentos mediante cribado y sedimentaci\u00f3n. Es esencial para reducir la carga de materia org\u00e1nica y residuos que pueden obstruir los sistemas de tratamiento. Tratamiento secundario En esta fase, se utilizan procesos biol\u00f3gicos para descomponer la materia org\u00e1nica y los nutrientes. Los procesos de&hellip; <a href=\"https:\/\/coral.org\/es\/que-hacemos\/compromiso-local\/agua-limpia-para-los-arrecifes\/visita-a-la-planta-de-tratamiento-de-aguas-residuales\/\" class=\"more-link\">Sigue Leyendo &#8594;<\/a><\/p>\n","protected":false},"author":9,"featured_media":7747,"parent":4441,"menu_order":0,"comment_status":"closed","ping_status":"closed","template":"","meta":{"_acf_changed":false,"inline_featured_image":false,"_genesis_hide_title":false,"_genesis_hide_breadcrumbs":true,"_genesis_hide_singular_image":false,"_genesis_hide_footer_widgets":false,"_genesis_custom_body_class":"","_genesis_custom_post_class":"","_genesis_layout":"sidebar-content","_genesis_transparent_header":false,"_genesis_hide_siblings_nav":true,"_genesis_hide_flyout":false,"_genesis_subtitle":"","_genesis_subheading":"","footnotes":""},"class_list":{"0":"post-7622","1":"page","2":"type-page","3":"status-publish","4":"has-post-thumbnail","6":"entry"},"acf":[],"template_part":"","featured_image_src":"https:\/\/static.coral.org\/uploads\/2024\/07\/0022__polo-600x400.jpg","featured_image_src_square":"https:\/\/static.coral.org\/uploads\/2024\/07\/0022__polo-600x600.jpg","_links":{"self":[{"href":"https:\/\/coral.org\/es\/wp-json\/wp\/v2\/pages\/7622","targetHints":{"allow":["GET"]}}],"collection":[{"href":"https:\/\/coral.org\/es\/wp-json\/wp\/v2\/pages"}],"about":[{"href":"https:\/\/coral.org\/es\/wp-json\/wp\/v2\/types\/page"}],"author":[{"embeddable":true,"href":"https:\/\/coral.org\/es\/wp-json\/wp\/v2\/users\/9"}],"replies":[{"embeddable":true,"href":"https:\/\/coral.org\/es\/wp-json\/wp\/v2\/comments?post=7622"}],"version-history":[{"count":0,"href":"https:\/\/coral.org\/es\/wp-json\/wp\/v2\/pages\/7622\/revisions"}],"up":[{"embeddable":true,"href":"https:\/\/coral.org\/es\/wp-json\/wp\/v2\/pages\/4441"}],"wp:featuredmedia":[{"embeddable":true,"href":"https:\/\/coral.org\/es\/wp-json\/wp\/v2\/media\/7747"}],"wp:attachment":[{"href":"https:\/\/coral.org\/es\/wp-json\/wp\/v2\/media?parent=7622"}],"curies":[{"name":"wp","href":"https:\/\/api.w.org\/{rel}","templated":true}]}}