{"id":7625,"date":"2024-10-22T09:13:48","date_gmt":"2024-10-22T16:13:48","guid":{"rendered":"https:\/\/coral.org\/?page_id=7625"},"modified":"2024-10-22T09:16:01","modified_gmt":"2024-10-22T16:16:01","slug":"como-puedes-ayudar","status":"publish","type":"page","link":"https:\/\/coral.org\/es\/que-hacemos\/compromiso-local\/agua-limpia-para-los-arrecifes\/como-puedes-ayudar\/","title":{"rendered":"C\u00f3mo puedes ayudar"},"content":{"rendered":"\n<p>Tu apoyo es vital para proteger los arrecifes de coral y asegurar el \u00e9xito de los proyectos de tratamiento de aguas residuales en las comunidades costeras. Hay varias formas impactantes de contribuir a esta importante causa. <\/p>\n\n<h2 class=\"wp-block-heading\">Financiamiento<\/h2>\n\n<h5 class=\"wp-block-heading\"><strong>Proporcionar apoyo financiero<\/strong><\/h5>\n\n<p>Las contribuciones financieras son cruciales para la instalaci\u00f3n inicial, el mantenimiento continuo y las mejoras necesarias de las plantas de tratamiento de aguas residuales. Tus donaciones pueden apoyar directamente proyectos que evitan que las aguas residuales no tratadas da\u00f1en los arrecifes de coral y los ecosistemas marinos. Considera la posibilidad de hacer un donativo \u00fanico o de convertirte en colaborador habitual para ayudarnos a mantener y ampliar estos servicios vitales.  <\/p>\n\n<figure class=\"wp-block-image size-large\"><a href=\"https:\/\/give.coral.org\/give\/406853\/#!\/donation\/checkout?c_src=toolkit\"><img loading=\"lazy\" decoding=\"async\" width=\"1024\" height=\"291\" src=\"https:\/\/coral.org\/wp-content\/uploads\/2024\/06\/CORAL-Donate-CTA-Clean-Water-for-Reefs-1024x291.jpg\" alt=\"\" class=\"wp-image-7662\" srcset=\"https:\/\/static.coral.org\/uploads\/2024\/06\/CORAL-Donate-CTA-Clean-Water-for-Reefs-1024x291.jpg 1024w, https:\/\/static.coral.org\/uploads\/2024\/06\/CORAL-Donate-CTA-Clean-Water-for-Reefs-796x226.jpg 796w, https:\/\/static.coral.org\/uploads\/2024\/06\/CORAL-Donate-CTA-Clean-Water-for-Reefs-768x218.jpg 768w, https:\/\/static.coral.org\/uploads\/2024\/06\/CORAL-Donate-CTA-Clean-Water-for-Reefs.jpg 1274w\" sizes=\"auto, (max-width: 1024px) 100vw, 1024px\" \/><\/a><\/figure>\n\n<h5 class=\"wp-block-heading\"><strong>Participa en campa\u00f1as de recaudaci\u00f3n de fondos<\/strong><\/h5>\n\n<p>Participa u organiza eventos y campa\u00f1as de recaudaci\u00f3n de fondos para crear conciencia y recaudar fondos para iniciativas de tratamiento de aguas residuales. Desde eventos comunitarios hasta iniciativas de crowdfunding en l\u00ednea, tu participaci\u00f3n puede marcar una diferencia significativa. <\/p>\n\n<p><a href=\"https:\/\/give.coral.org\/campaign\/saving-the-worlds-coral-reefs\/c479062?_ga=2.212922772.1893547667.1718653521-1070372673.1699460811\"><strong>Crea una campa\u00f1a de recaudaci\u00f3n de fondos en l\u00ednea<\/strong> &gt;<\/a><\/p>\n\n<h2 class=\"wp-block-heading\">Expansi\u00f3n<\/h2>\n\n<h5 class=\"wp-block-heading\"><strong>Ayuda a la ampliaci\u00f3n de las plantas de tratamiento<\/strong><\/h5>\n\n<p>Defiende e invierte en la ampliaci\u00f3n de las plantas de tratamiento de aguas residuales para que lleguen a m\u00e1s comunidades. La ampliaci\u00f3n de estas plantas permite que m\u00e1s zonas costeras se beneficien de una mejor calidad del agua y de entornos marinos m\u00e1s saludables. <\/p>\n\n<p><a href=\"https:\/\/coral.org\/es\/contact\/\"><strong>Cont\u00e1ctanos<\/strong>&gt;<\/a><\/p>\n\n<h5 class=\"wp-block-heading\"><strong>Colabora con los socios<\/strong><\/h5>\n\n<p>Anima a las empresas, los organismos p\u00fablicos y las ONG a colaborar en la ampliaci\u00f3n de los proyectos de tratamiento de aguas residuales. Las alianzas pueden aportar recursos adicionales, experiencia y apoyo, facilitando el crecimiento y el \u00e9xito de estas iniciativas. <\/p>\n\n<p><a href=\"https:\/\/coral.org\/es\/contact\/\"><strong>Cont\u00e1ctanos<\/strong>&gt;<\/a><\/p>\n\n<h2 class=\"wp-block-heading\">Corre la Voz<\/h2>\n\n<h5 class=\"wp-block-heading\"><strong>Aumenta la concienciaci\u00f3n p\u00fablica<\/strong><\/h5>\n\n<p>Difunde la importancia del agua limpia para los arrecifes de coral. Utiliza las redes sociales, las reuniones comunitarias y los foros p\u00fablicos para informar sobre el impacto de las aguas residuales no tratadas y las soluciones que ofrecen los proyectos de tratamiento de aguas residuales. <\/p>\n\n<h5 class=\"wp-block-heading\"><strong>Divulgaci\u00f3n educativa<\/strong><\/h5>\n\n<p>Participa o apoya programas educativos que ense\u00f1en a ni\u00f1os y adultos la conservaci\u00f3n marina y el papel de la gesti\u00f3n de las aguas residuales. Las escuelas, los centros comunitarios y las organizaciones locales son lugares perfectos para poner en pr\u00e1ctica estas iniciativas. <\/p>\n\n<ul class=\"wp-block-social-links is-layout-flex wp-block-social-links-is-layout-flex\">\n\n\n\n\n\n<\/ul>\n\n<h2 class=\"wp-block-heading\">Otras formas de ayudar<\/h2>\n\n<h5 class=\"wp-block-heading\"><strong>Abogar por cambios de pol\u00edtica<\/strong><\/h5>\n\n<p>Colaborar con los responsables de las pol\u00edticas locales y nacionales para abogar por una normativa m\u00e1s estricta y por el apoyo a los proyectos de tratamiento de aguas residuales. Los cambios en las pol\u00edticas pueden generar m\u00e1s financiamiento, mejores infraestructuras y una mayor protecci\u00f3n del medio marino. <\/p>\n\n<h5 class=\"wp-block-heading\"><strong>Participar en proyectos locales<\/strong><\/h5>\n\n<p>Invol\u00facrate en proyectos locales destinados a mejorar la calidad del agua y proteger los ecosistemas costeros. Participa en campa\u00f1as de limpieza, programas de monitoreo y esfuerzos de conservaci\u00f3n para tener un impacto tangible en tu comunidad. <\/p>\n\n<h5 class=\"wp-block-heading\"><strong>Promueve pr\u00e1cticas sostenibles<\/strong><\/h5>\n\n<p>Fomenta pr\u00e1cticas sostenibles en tu comunidad, como reducir la contaminaci\u00f3n del agua, conservarla y apoyar productos y empresas ecol\u00f3gicos. Peque\u00f1os cambios en el comportamiento cotidiano pueden generar importantes beneficios ambientales. <\/p>\n\n<p>Tu participaci\u00f3n, ya sea mediante aportaciones econ\u00f3micas, esfuerzos de expansi\u00f3n, creaci\u00f3n de conciencia o cualquier otro medio, es crucial para el \u00e9xito de los proyectos de tratamiento de aguas residuales y la protecci\u00f3n de los arrecifes de coral. Juntos podemos crear un futuro sostenible para nuestras comunidades costeras y ecosistemas marinos. <\/p>\n\n<h3 class=\"wp-block-heading has-blue-color has-text-color\"><\/h3>\n\n<p><\/p>\n\n<div style=\"height:100px\" aria-hidden=\"true\" class=\"wp-block-spacer is-style-large\"><\/div>\n","protected":false},"excerpt":{"rendered":"<p>Tu apoyo es vital para proteger los arrecifes de coral y asegurar el \u00e9xito de los proyectos de tratamiento de aguas residuales en las comunidades costeras. Hay varias formas impactantes de contribuir a esta importante causa. Financiamiento Proporcionar apoyo financiero Las contribuciones financieras son cruciales para la instalaci\u00f3n inicial, el mantenimiento continuo y las mejoras&hellip; <a href=\"https:\/\/coral.org\/es\/que-hacemos\/compromiso-local\/agua-limpia-para-los-arrecifes\/como-puedes-ayudar\/\" class=\"more-link\">Sigue Leyendo &#8594;<\/a><\/p>\n","protected":false},"author":9,"featured_media":7699,"parent":4441,"menu_order":0,"comment_status":"closed","ping_status":"closed","template":"","meta":{"_acf_changed":false,"inline_featured_image":false,"_genesis_hide_title":false,"_genesis_hide_breadcrumbs":true,"_genesis_hide_singular_image":false,"_genesis_hide_footer_widgets":false,"_genesis_custom_body_class":"","_genesis_custom_post_class":"","_genesis_layout":"sidebar-content","_genesis_transparent_header":false,"_genesis_hide_siblings_nav":true,"_genesis_hide_flyout":false,"_genesis_subtitle":"","_genesis_subheading":"","footnotes":""},"class_list":{"0":"post-7625","1":"page","2":"type-page","3":"status-publish","4":"has-post-thumbnail","6":"entry"},"acf":[],"template_part":"","featured_image_src":"https:\/\/static.coral.org\/uploads\/2024\/06\/CWFR-Toolkit-Header-Image-3-1-600x400.jpg","featured_image_src_square":"https:\/\/static.coral.org\/uploads\/2024\/06\/CWFR-Toolkit-Header-Image-3-1-600x600.jpg","_links":{"self":[{"href":"https:\/\/coral.org\/es\/wp-json\/wp\/v2\/pages\/7625","targetHints":{"allow":["GET"]}}],"collection":[{"href":"https:\/\/coral.org\/es\/wp-json\/wp\/v2\/pages"}],"about":[{"href":"https:\/\/coral.org\/es\/wp-json\/wp\/v2\/types\/page"}],"author":[{"embeddable":true,"href":"https:\/\/coral.org\/es\/wp-json\/wp\/v2\/users\/9"}],"replies":[{"embeddable":true,"href":"https:\/\/coral.org\/es\/wp-json\/wp\/v2\/comments?post=7625"}],"version-history":[{"count":0,"href":"https:\/\/coral.org\/es\/wp-json\/wp\/v2\/pages\/7625\/revisions"}],"up":[{"embeddable":true,"href":"https:\/\/coral.org\/es\/wp-json\/wp\/v2\/pages\/4441"}],"wp:featuredmedia":[{"embeddable":true,"href":"https:\/\/coral.org\/es\/wp-json\/wp\/v2\/media\/7699"}],"wp:attachment":[{"href":"https:\/\/coral.org\/es\/wp-json\/wp\/v2\/media?parent=7625"}],"curies":[{"name":"wp","href":"https:\/\/api.w.org\/{rel}","templated":true}]}}