{"id":7750,"date":"2025-10-31T03:44:34","date_gmt":"2025-10-31T10:44:34","guid":{"rendered":"https:\/\/coral.org\/?page_id=7750"},"modified":"2025-10-31T03:44:35","modified_gmt":"2025-10-31T10:44:35","slug":"el-triangulo-de-coral","status":"publish","type":"page","link":"https:\/\/coral.org\/es\/donde-trabajamos\/el-triangulo-de-coral\/","title":{"rendered":"El Tri\u00e1ngulo de Coral"},"content":{"rendered":"\n<div class=\"wp-block-columns is-layout-flex wp-container-core-columns-is-layout-9d6595d7 wp-block-columns-is-layout-flex\">\n<div class=\"wp-block-column is-layout-flow wp-block-column-is-layout-flow\" style=\"flex-basis:41.666%\">\n<figure class=\"wp-block-image size-full is-resized\"><img loading=\"lazy\" decoding=\"async\" width=\"900\" height=\"675\" src=\"https:\/\/coral.org\/wp-content\/uploads\/2024\/07\/CT-Landing-Page-Image-1.jpg\" alt=\"\" class=\"wp-image-7794\" style=\"width:487px;height:auto\" srcset=\"https:\/\/static.coral.org\/uploads\/2024\/07\/CT-Landing-Page-Image-1.jpg 900w, https:\/\/static.coral.org\/uploads\/2024\/07\/CT-Landing-Page-Image-1-796x597.jpg 796w, https:\/\/static.coral.org\/uploads\/2024\/07\/CT-Landing-Page-Image-1-768x576.jpg 768w\" sizes=\"auto, (max-width: 900px) 100vw, 900px\" \/><\/figure>\n<\/div>\n\n\n\n<div class=\"wp-block-column is-layout-flow wp-block-column-is-layout-flow\">\n<h2 class=\"wp-block-heading\">Salvar los Arrecifes del Tri\u00e1ngulo de Coral<\/h2>\n\n\n\n<p class=\"has-normal-font-size\">En 2023, ampliamos con orgullo nuestros esfuerzos de conservaci\u00f3n al Tri\u00e1ngulo de Coral, una regi\u00f3n marina vital que abarca seis pa\u00edses: Indonesia, Malasia, Filipinas, Pap\u00faa Nueva Guinea, Islas Salom\u00f3n y Timor Oriental. Este punto focal de biodiversidad alberga el 76% de las especies de coral del mundo y es el sustento de millones de personas gracias a la pesca, el turismo y los servicios de protecci\u00f3n costera.<\/p>\n\n\n\n<p class=\"has-normal-font-size\">Nuestras iniciativas en el Tri\u00e1ngulo de Coral se centran en combatir amenazas como las pr\u00e1cticas pesqueras destructivas, la degradaci\u00f3n del h\u00e1bitat y los efectos del cambio clim\u00e1tico. Trabajando en estrecha colaboraci\u00f3n con las comunidades locales, los gobiernos y nuestros socios, buscamos asegurar un futuro sostenible para estos ecosistemas de valor incalculable.<\/p>\n<\/div>\n<\/div>\n\n<div style=\"height:100px\" aria-hidden=\"true\" class=\"wp-block-spacer is-style-large\"><\/div>\n\n<div class=\"wp-block-columns is-layout-flex wp-container-core-columns-is-layout-9d6595d7 wp-block-columns-is-layout-flex\">\n<div class=\"wp-block-column is-layout-flow wp-block-column-is-layout-flow\" style=\"flex-basis:100%\">\n<div class=\"wp-block-group is-layout-constrained wp-block-group-is-layout-constrained\">\n<div class=\"wp-block-columns is-layout-flex wp-container-core-columns-is-layout-9d6595d7 wp-block-columns-is-layout-flex\">\n<div class=\"wp-block-column is-layout-flow wp-block-column-is-layout-flow\">\n<h2 class=\"wp-block-heading\">Un Punto Focal de Biodiversidad<\/h2>\n\n\n\n<p class=\"has-normal-font-size\">El Tri\u00e1ngulo de Coral, conocido como el \u00abAmazonas de los mares\u00bb, es crucial para la conservaci\u00f3n mundial de los arrecifes de coral, ya que alberga m\u00e1s del 76% de las especies de coral del mundo y el 37% de las especies de peces de arrecife. M\u00e1s de 120 millones de personas viven de la pesca y el turismo, y se calcula que aporta 2.300 millones de d\u00f3lares anuales a las econom\u00edas locales.<\/p>\n\n\n\n<p class=\"has-normal-font-size\">Estos arrecifes son parte integral de la cultura, las tradiciones y las ceremonias locales. Adem\u00e1s, proporcionan beneficios ambientales vitales, actuando como barreras naturales contra las marejadas cicl\u00f3nicas y las inundaciones y manteniendo la salud de los ecosistemas marinos.<\/p>\n<\/div>\n\n\n\n<div class=\"wp-block-column is-layout-flow wp-block-column-is-layout-flow\" style=\"flex-basis:41.666%\">\n<figure class=\"wp-block-image size-full is-resized\"><img loading=\"lazy\" decoding=\"async\" width=\"900\" height=\"675\" src=\"https:\/\/coral.org\/wp-content\/uploads\/2024\/07\/CT-Landing-Page-Image-2.jpg\" alt=\"\" class=\"wp-image-7792\" style=\"width:487px;height:auto\" srcset=\"https:\/\/static.coral.org\/uploads\/2024\/07\/CT-Landing-Page-Image-2.jpg 900w, https:\/\/static.coral.org\/uploads\/2024\/07\/CT-Landing-Page-Image-2-796x597.jpg 796w, https:\/\/static.coral.org\/uploads\/2024\/07\/CT-Landing-Page-Image-2-768x576.jpg 768w\" sizes=\"auto, (max-width: 900px) 100vw, 900px\" \/><\/figure>\n<\/div>\n<\/div>\n<\/div>\n<\/div>\n<\/div>\n\n<div style=\"height:100px\" aria-hidden=\"true\" class=\"wp-block-spacer is-style-large\"><\/div>\n\n<div class=\"wp-block-columns reverse-responsive is-layout-flex wp-container-core-columns-is-layout-9d6595d7 wp-block-columns-is-layout-flex\">\n<div class=\"wp-block-column is-layout-flow wp-block-column-is-layout-flow\" style=\"flex-basis:41.666%\">\n<figure class=\"wp-block-image size-full is-resized\"><img loading=\"lazy\" decoding=\"async\" width=\"900\" height=\"675\" src=\"https:\/\/coral.org\/wp-content\/uploads\/2024\/07\/CT-Landing-Page-Image-3.jpg\" alt=\"\" class=\"wp-image-7791\" style=\"aspect-ratio:1;width:487px;height:auto\" srcset=\"https:\/\/static.coral.org\/uploads\/2024\/07\/CT-Landing-Page-Image-3.jpg 900w, https:\/\/static.coral.org\/uploads\/2024\/07\/CT-Landing-Page-Image-3-796x597.jpg 796w, https:\/\/static.coral.org\/uploads\/2024\/07\/CT-Landing-Page-Image-3-768x576.jpg 768w\" sizes=\"auto, (max-width: 900px) 100vw, 900px\" \/><\/figure>\n<\/div>\n\n\n\n<div class=\"wp-block-column is-layout-flow wp-block-column-is-layout-flow\">\n<h2 class=\"wp-block-heading\">Un Ecosistema Amenazado<\/h2>\n\n\n\n<p class=\"is-style-default has-normal-font-size\">A pesar de su importancia ecol\u00f3gica y econ\u00f3mica, los arrecifes del Tri\u00e1ngulo de Coral se enfrentan a numerosas amenazas. Las pr\u00e1cticas pesqueras insostenibles, la contaminaci\u00f3n provocada por el desarrollo costero y el blanqueamiento del coral inducido por el cambio clim\u00e1tico representan importantes riesgos para la salud y la resistencia de estos ecosistemas.<\/p>\n\n\n\n<p class=\"has-normal-font-size\">En algunas zonas, las pr\u00e1cticas pesqueras insostenibles, como la pesca con explosivos y la pesca con cianuro, siguen devastando los arrecifes de coral y las poblaciones de peces. Mientras tanto, el desarrollo costero y la gesti\u00f3n inadecuada de las aguas residuales contribuyen a la sedimentaci\u00f3n y la contaminaci\u00f3n, comprometiendo a\u00fan m\u00e1s la salud de los arrecifes.<\/p>\n<\/div>\n<\/div>\n\n<div style=\"height:0px\" aria-hidden=\"true\" class=\"wp-block-spacer\"><\/div>\n\n<div style=\"height:78px\" aria-hidden=\"true\" class=\"wp-block-spacer\"><\/div>\n\n<h2 class=\"wp-block-heading has-text-align-center is-style-separator\">Nuestro Trabajo en el Tri\u00e1ngulo de Coral<\/h2>\n\n<div style=\"color:#ddd\" class=\"wp-block-genesis-blocks-gb-spacer gb-block-spacer gb-divider-solid gb-divider-size-1\"><hr style=\"height:10px\"><\/div>\n\n<div class=\"wp-block-columns is-layout-flex wp-container-core-columns-is-layout-9d6595d7 wp-block-columns-is-layout-flex\">\n<div class=\"wp-block-column is-layout-flow wp-block-column-is-layout-flow\" style=\"flex-basis:66.66%\">\n<figure class=\"wp-block-embed is-type-video is-provider-youtube wp-block-embed-youtube wp-embed-aspect-16-9 wp-has-aspect-ratio\"><div class=\"wp-block-embed__wrapper\"> \n<iframe loading=\"lazy\" title=\"Integrating Risks, Evolution, and socio-Economics for Fisheries Sustainability on Coral Reefs\" width=\"500\" height=\"281\" src=\"https:\/\/www.youtube.com\/embed\/LRaBSRXui4Q?feature=oembed\" frameborder=\"0\" allow=\"accelerometer; autoplay; clipboard-write; encrypted-media; gyroscope; picture-in-picture; web-share\" referrerpolicy=\"strict-origin-when-cross-origin\" allowfullscreen><\/iframe>\n <\/div><\/figure>\n\n\n\n<p><\/p>\n<\/div>\n\n\n\n<div class=\"wp-block-column is-layout-flow wp-block-column-is-layout-flow\" style=\"flex-basis:33.33%\">\n<h3 class=\"wp-block-heading\">Iniciativa Climate REEFS<\/h3>\n\n\n\n<p class=\"has-normal-font-size\">CORAL se ha unido a la iniciativa Climate REEFS, un esfuerzo de colaboraci\u00f3n en Filipinas e Indonesia dirigido a la adaptaci\u00f3n al cambio clim\u00e1tico de los arrecifes de coral y las comunidades costeras. Dirigido por un consorcio de organizaciones entre las que figuran la Universidad de Leeds, Rare y la Universidad de Pattimura, este proyecto integra la investigaci\u00f3n ecol\u00f3gica, social y gen\u00f3mica para identificar arrecifes adaptables y mejorar la resiliencia socioecon\u00f3mica.<\/p>\n<\/div>\n<\/div>\n\n<div style=\"height:100px\" aria-hidden=\"true\" class=\"wp-block-spacer is-style-medium\"><\/div>\n\n<div style=\"height:100px\" aria-hidden=\"true\" class=\"wp-block-spacer is-style-large\"><\/div>\n\n<h5 class=\"wp-block-heading has-text-align-center is-style-separator\">Historias del TRI\u00c1NGULO DE CORAL<\/h5>\n\n<div style=\"height:100px\" aria-hidden=\"true\" class=\"wp-block-spacer is-style-default\"><\/div>\n\n<div class=\"wp-block-query is-slider is-layout-flow wp-block-query-is-layout-flow\" data-paged=\"1\" data-attrs=\"{&quot;blockName&quot;:&quot;core\\\/query&quot;,&quot;attrs&quot;:{&quot;queryId&quot;:59,&quot;query&quot;:{&quot;perPage&quot;:&quot;10&quot;,&quot;pages&quot;:0,&quot;offset&quot;:0,&quot;postType&quot;:&quot;post&quot;,&quot;order&quot;:&quot;desc&quot;,&quot;orderBy&quot;:&quot;date&quot;,&quot;author&quot;:&quot;&quot;,&quot;search&quot;:&quot;Coral Triangle&quot;,&quot;exclude&quot;:[],&quot;sticky&quot;:&quot;&quot;,&quot;inherit&quot;:false,&quot;taxQuery&quot;:{&quot;post_tag&quot;:[]}},&quot;className&quot;:&quot;is-slider&quot;},&quot;innerBlocks&quot;:[{&quot;blockName&quot;:&quot;core\\\/post-template&quot;,&quot;attrs&quot;:{&quot;layout&quot;:{&quot;type&quot;:&quot;grid&quot;,&quot;columnCount&quot;:3}},&quot;innerBlocks&quot;:[{&quot;blockName&quot;:&quot;wpbtp\\\/template-part&quot;,&quot;attrs&quot;:{&quot;templatePart&quot;:&quot;template-parts\\\/content-post&quot;},&quot;innerBlocks&quot;:[],&quot;innerHTML&quot;:&quot;&quot;,&quot;innerContent&quot;:[]},{&quot;blockName&quot;:&quot;core\\\/paragraph&quot;,&quot;attrs&quot;:[],&quot;innerBlocks&quot;:[],&quot;innerHTML&quot;:&quot;\\n&lt;p&gt;&lt;\\\/p&gt;\\n&quot;,&quot;innerContent&quot;:[&quot;\\n&lt;p&gt;&lt;\\\/p&gt;\\n&quot;]}],&quot;innerHTML&quot;:&quot;\\n\\n\\n\\n&quot;,&quot;innerContent&quot;:[&quot;\\n&quot;,null,&quot;\\n\\n&quot;,null,&quot;\\n&quot;]}],&quot;innerHTML&quot;:&quot;\\n&lt;div class=\\&quot;wp-block-query is-slider\\&quot;&gt;&lt;\\\/div&gt;\\n&quot;,&quot;innerContent&quot;:[&quot;\\n&lt;div class=\\&quot;wp-block-query is-slider\\&quot;&gt;&quot;,null,&quot;&lt;\\\/div&gt;\\n&quot;]}\"><div class=\"wp-block-post-template is-layout-grid wp-container-core-post-template-is-layout-2fc57c17 wp-block-post-template-is-layout-grid\"><div class=\"wp-block-post post-7354 post type-post status-publish format-standard has-post-thumbnail category-en-las-noticias category-noticias tag-grants tag-hawaii tag-maui entry\">\n<div class=\"wp-block-wpbtp-template-part is-layout-grid wp-container-core-post-template-is-layout-2fc57c17 wp-block-post-template-is-layout-grid\">\n<article class=\"article article-post post-7354 post type-post status-publish format-standard has-post-thumbnail category-en-las-noticias category-noticias tag-grants tag-hawaii tag-maui entry\">\n\t<div class=\"entry-image\">\n\t\t<a href=\"https:\/\/coral.org\/es\/blog\/resumen-del-ano-2023-al-estilo-oceanico\/\">\n\t\t\t<img loading=\"lazy\" decoding=\"async\" width=\"740\" height=\"560\" src=\"https:\/\/static.coral.org\/uploads\/2023\/12\/Blog-Year-In-Review-Header-Image-740x560.jpg\" class=\"attachment-preview size-preview wp-post-image\" alt=\"\" \/>\t\t<\/a>\n\t<\/div>\n\t<div class=\"entry-meta\">\n\t\t<ul class=\"post-categories\">\n\t<li><a href=\"https:\/\/coral.org\/es\/blog\/category\/en-las-noticias\/\" rel=\"category tag\">En las noticias<\/a><\/li>\n\t<li><a href=\"https:\/\/coral.org\/es\/blog\/category\/noticias\/\" rel=\"category tag\">Noticias<\/a><\/li><\/ul>\t<\/div>\n\t<div class=\"entry-body\">\n\t\t<h2 class=\"entry-title\"><a href=\"https:\/\/coral.org\/es\/blog\/resumen-del-ano-2023-al-estilo-oceanico\/\" class=\"entry-title-link\">Resumen del A\u00f1o 2023, al Estilo Oce\u00e1nico<\/a><\/h2>\t\t<p>Al dar la bienvenida a 2024 y anticiparnos a los apasionantes acontecimientos que nos esperan, deteng\u00e1monos a reflexionar sobre el impacto que hemos tenido juntos en 2023. Ha sido un a\u00f1o repleto de logros importantes, art\u00edculos reveladores y algunas caras nuevas fant\u00e1sticas que se han unido a nuestro equipo. Le invitamos a repasar con nosotros&hellip; <a href=\"https:\/\/coral.org\/es\/blog\/resumen-del-ano-2023-al-estilo-oceanico\/\" class=\"more-link\">Sigue Leyendo &#8594;<\/a><\/p>\n\t<\/div>\n<\/article>\n<\/div>\n\n\n<p><\/p>\n\n<\/div><\/div><\/div>\n\n<div style=\"height:100px\" aria-hidden=\"true\" class=\"wp-block-spacer is-style-large\"><\/div>\n\n<!--HubSpot Call-to-Action Code --><span class=\"hs-cta-wrapper\" id=\"hs-cta-wrapper-26af0b59-029e-4273-a059-628200066eeb\"><span class=\"hs-cta-node hs-cta-26af0b59-029e-4273-a059-628200066eeb\" id=\"hs-cta-26af0b59-029e-4273-a059-628200066eeb\"><!--[if lte IE 8]><div id=\"hs-cta-ie-element\"><\/div><![endif]--><a href=\"https:\/\/cta-redirect.hubspot.com\/cta\/redirect\/39879831\/26af0b59-029e-4273-a059-628200066eeb\"><img decoding=\"async\" class=\"hs-cta-img\" id=\"hs-cta-img-26af0b59-029e-4273-a059-628200066eeb\" style=\"border-width:0px;\" src=\"https:\/\/no-cache.hubspot.com\/cta\/default\/39879831\/26af0b59-029e-4273-a059-628200066eeb.png\" alt=\"Protege el Tri\u00e1ngulo de Coral - Contribuye a un futuro largo y saludable para esta regi\u00f3n de gran biodiversidad\"\/><\/a><\/span><script charset=\"utf-8\" src=\"https:\/\/js.hscta.net\/cta\/current.js\"><\/script><script type=\"text\/javascript\"> hbspt.cta.load(39879831, '26af0b59-029e-4273-a059-628200066eeb', {\"useNewLoader\":\"true\",\"region\":\"na1\"}); <\/script><\/span><!-- end HubSpot Call-to-Action Code -->\n\n<div style=\"color:#ddd\" class=\"wp-block-genesis-blocks-gb-spacer gb-block-spacer gb-divider-solid gb-divider-size-1\"><hr style=\"height:134px\"><\/div>\n","protected":false},"excerpt":{"rendered":"<p>Salvar los Arrecifes del Tri\u00e1ngulo de Coral En 2023, ampliamos con orgullo nuestros esfuerzos de conservaci\u00f3n al Tri\u00e1ngulo de Coral, una regi\u00f3n marina vital que abarca seis pa\u00edses: Indonesia, Malasia, Filipinas, Pap\u00faa Nueva Guinea, Islas Salom\u00f3n y Timor Oriental. Este punto focal de biodiversidad alberga el 76% de las especies de coral del mundo y&hellip; <a href=\"https:\/\/coral.org\/es\/donde-trabajamos\/el-triangulo-de-coral\/\" class=\"more-link\">Sigue Leyendo &#8594;<\/a><\/p>\n","protected":false},"author":8,"featured_media":7795,"parent":4423,"menu_order":0,"comment_status":"closed","ping_status":"closed","template":"","meta":{"_acf_changed":false,"inline_featured_image":false,"_genesis_hide_title":false,"_genesis_hide_breadcrumbs":false,"_genesis_hide_singular_image":false,"_genesis_hide_footer_widgets":false,"_genesis_custom_body_class":"no-footer-gap","_genesis_custom_post_class":"","_genesis_layout":"","_genesis_transparent_header":false,"_genesis_hide_siblings_nav":false,"_genesis_hide_flyout":false,"_genesis_subtitle":"","_genesis_subheading":"","footnotes":""},"class_list":{"0":"post-7750","1":"page","2":"type-page","3":"status-publish","4":"has-post-thumbnail","6":"entry"},"acf":[],"template_part":"","featured_image_src":"https:\/\/static.coral.org\/uploads\/2024\/07\/Indonesia-coral-reefs-3_0-600x400.jpeg","featured_image_src_square":"https:\/\/static.coral.org\/uploads\/2024\/07\/Indonesia-coral-reefs-3_0-600x600.jpeg","_links":{"self":[{"href":"https:\/\/coral.org\/es\/wp-json\/wp\/v2\/pages\/7750","targetHints":{"allow":["GET"]}}],"collection":[{"href":"https:\/\/coral.org\/es\/wp-json\/wp\/v2\/pages"}],"about":[{"href":"https:\/\/coral.org\/es\/wp-json\/wp\/v2\/types\/page"}],"author":[{"embeddable":true,"href":"https:\/\/coral.org\/es\/wp-json\/wp\/v2\/users\/8"}],"replies":[{"embeddable":true,"href":"https:\/\/coral.org\/es\/wp-json\/wp\/v2\/comments?post=7750"}],"version-history":[{"count":0,"href":"https:\/\/coral.org\/es\/wp-json\/wp\/v2\/pages\/7750\/revisions"}],"up":[{"embeddable":true,"href":"https:\/\/coral.org\/es\/wp-json\/wp\/v2\/pages\/4423"}],"wp:featuredmedia":[{"embeddable":true,"href":"https:\/\/coral.org\/es\/wp-json\/wp\/v2\/media\/7795"}],"wp:attachment":[{"href":"https:\/\/coral.org\/es\/wp-json\/wp\/v2\/media?parent=7750"}],"curies":[{"name":"wp","href":"https:\/\/api.w.org\/{rel}","templated":true}]}}