{"id":7953,"date":"2024-10-15T19:57:16","date_gmt":"2024-10-16T02:57:16","guid":{"rendered":"https:\/\/coral.org\/el-consejo-coral\/"},"modified":"2024-10-15T19:57:17","modified_gmt":"2024-10-16T02:57:17","slug":"el-consejo-coral","status":"publish","type":"page","link":"https:\/\/coral.org\/es\/el-consejo-coral\/","title":{"rendered":"El Consejo CORAL"},"content":{"rendered":"\n<h2 class=\"wp-block-heading\">Tu voz, Tu arrecife, Tu impacto<\/h2>\n\n<p class=\"has-medium-font-size\">Se necesita un oc\u00e9ano de apoyo para salvar los arrecifes de coral. El Consejo CORAL es m\u00e1s que un grupo: es una comunidad apasionada de individuos dedicados a ayudar a preservar y proteger estos ecosistemas vitales. Cada miembro del Consejo est\u00e1 directamente relacionado con el futuro de los arrecifes de coral y contribuye a su longevidad mediante el poder de la acci\u00f3n colectiva.  <\/p>\n\n<div style=\"height:100px\" aria-hidden=\"true\" class=\"wp-block-spacer is-style-large\"><\/div>\n\n<div class=\"wp-block-columns is-layout-flex wp-container-core-columns-is-layout-9d6595d7 wp-block-columns-is-layout-flex\">\n<div class=\"wp-block-column is-layout-flow wp-block-column-is-layout-flow\" style=\"flex-basis:41.666%\">\n<figure class=\"wp-block-image size-thumbnail is-resized is-style-rounded\"><img loading=\"lazy\" decoding=\"async\" width=\"500\" height=\"500\" src=\"https:\/\/coral.org\/wp-content\/uploads\/2024\/07\/P4040677-500x500.jpg\" alt=\"\" class=\"wp-image-7817\" style=\"width:440px;height:auto\" srcset=\"https:\/\/static.coral.org\/uploads\/2024\/07\/P4040677-500x500.jpg 500w, https:\/\/static.coral.org\/uploads\/2024\/07\/P4040677-600x600.jpg 600w\" sizes=\"auto, (max-width: 500px) 100vw, 500px\" \/><\/figure>\n<\/div>\n\n\n\n<div class=\"wp-block-column is-layout-flow wp-block-column-is-layout-flow\">\n<h2 class=\"wp-block-heading\">\u00bfQu\u00e9 es el Consejo CORAL?<\/h2>\n\n\n\n<p class=\"has-medium-font-size\">Nos sentimos honrados de contar con un grupo tan din\u00e1mico que aporta una contribuci\u00f3n inestimable a nuestras estrategias e iniciativas. Formado por personas con diversas habilidades y conocimientos, nuestros miembros prestan su experiencia para crear un cambio duradero para nuestra organizaci\u00f3n, beneficiando en \u00faltima instancia a los arrecifes de todo el mundo. Los miembros del Consejo aprovechan activamente sus habilidades y redes para impulsar un impacto positivo y esfuerzos de conservaci\u00f3n.  <\/p>\n\n\n\n<p class=\"has-normal-font-size\">Desde profesionales de la empresa a expertos en comunicaci\u00f3n, pasando por conectores y personas con amplias redes de contactos, nuestros miembros aportan una gran experiencia y conocimientos. Tanto si eres un veterano defensor del medio ambiente como si quieres aportar tus conocimientos a una causa que lo merezca, hay un lugar para ti en la comunidad del Consejo CORAL. <\/p>\n<\/div>\n<\/div>\n\n<div style=\"height:53px\" aria-hidden=\"true\" class=\"wp-block-spacer is-style-large\"><\/div>\n\n<div class=\"wp-block-columns is-layout-flex wp-container-core-columns-is-layout-9d6595d7 wp-block-columns-is-layout-flex\">\n<div class=\"wp-block-column is-vertically-aligned-center is-layout-flow wp-block-column-is-layout-flow\">\n<h2 class=\"wp-block-heading has-text-align-center\">\u00bfPor qu\u00e9 formar parte del Consejo CORAL?<\/h2>\n<\/div>\n<\/div>\n\n<div style=\"height:13px\" aria-hidden=\"true\" class=\"wp-block-spacer is-style-large\"><\/div>\n\n<div class=\"wp-block-media-text alignwide is-stacked-on-mobile extra-padding is-style-default has-white-color has-rouge-to-dark-blue-gradient-background has-text-color has-background\"><figure class=\"wp-block-media-text__media\"><img loading=\"lazy\" decoding=\"async\" width=\"1200\" height=\"1600\" src=\"https:\/\/coral.org\/wp-content\/uploads\/2021\/07\/Honduras-Coast.png\" alt=\"Costa de Honduras\" class=\"wp-image-612 size-full\" srcset=\"https:\/\/static.coral.org\/uploads\/2021\/07\/Honduras-Coast.png 1200w, https:\/\/static.coral.org\/uploads\/2021\/07\/Honduras-Coast-597x796.png 597w, https:\/\/static.coral.org\/uploads\/2021\/07\/Honduras-Coast-768x1024.png 768w, https:\/\/static.coral.org\/uploads\/2021\/07\/Honduras-Coast-1152x1536.png 1152w\" sizes=\"auto, (max-width: 1200px) 100vw, 1200px\" \/><\/figure><div class=\"wp-block-media-text__content\">\n<h3 class=\"wp-block-heading has-white-color has-text-color\">Marca la diferencia<\/h3>\n\n\n\n<p class=\"has-white-color has-text-color has-normal-font-size\">Al unirte al Consejo CORAL, pasas a formar parte de un movimiento que trabaja activamente para preservar los arrecifes de coral de nuestro planeta&#8230; y todo ello sin dejar tu trabajo diario. Tu participaci\u00f3n contribuye directamente al cambio positivo y a los esfuerzos de conservaci\u00f3n. <\/p>\n<\/div><\/div>\n\n<div class=\"wp-block-media-text alignwide is-stacked-on-mobile extra-padding is-style-default has-white-color has-blue-to-light-sea-green-gradient-background has-text-color has-background\"><figure class=\"wp-block-media-text__media\"><img loading=\"lazy\" decoding=\"async\" width=\"1024\" height=\"806\" src=\"https:\/\/coral.org\/wp-content\/uploads\/2021\/09\/coral-meso-2-1024x806.jpg\" alt=\"Fotograf\u00eda: Antonio Busiello\" class=\"wp-image-3214 size-full\" srcset=\"https:\/\/static.coral.org\/uploads\/2021\/09\/coral-meso-2-1024x806.jpg 1024w, https:\/\/static.coral.org\/uploads\/2021\/09\/coral-meso-2-796x627.jpg 796w, https:\/\/static.coral.org\/uploads\/2021\/09\/coral-meso-2-768x605.jpg 768w, https:\/\/static.coral.org\/uploads\/2021\/09\/coral-meso-2.jpg 1200w\" sizes=\"auto, (max-width: 1024px) 100vw, 1024px\" \/><figcaption>Credit: Antonio Busiello<\/figcaption><\/figure><div class=\"wp-block-media-text__content\">\n<h3 class=\"wp-block-heading has-white-color has-text-color\">Involucrarse<\/h3>\n\n\n\n<p class=\"has-normal-font-size\">\u00bfAlguna vez has querido poner manos a la obra e implicarte directamente en la conservaci\u00f3n del medio ambiente? El Consejo CORAL te ofrece esa oportunidad.  <\/p>\n\n\n\n<p class=\"has-normal-font-size\">Nos reunimos virtualmente una vez al mes y tenemos la oportunidad de visitar en persona nuestros sitios de campo o apoyar eventos de recaudaci\u00f3n de fondos.<\/p>\n<\/div><\/div>\n\n<div class=\"wp-block-media-text alignwide is-stacked-on-mobile extra-padding is-style-default has-white-color has-salmon-to-rouge-gradient-background has-text-color has-background\"><figure class=\"wp-block-media-text__media\"><img loading=\"lazy\" decoding=\"async\" width=\"768\" height=\"1024\" src=\"https:\/\/coral.org\/wp-content\/uploads\/2021\/07\/Honduras-Coast-768x1024.png\" alt=\"Costa de Honduras\" class=\"wp-image-612 size-full\" srcset=\"https:\/\/static.coral.org\/uploads\/2021\/07\/Honduras-Coast-768x1024.png 768w, https:\/\/static.coral.org\/uploads\/2021\/07\/Honduras-Coast-597x796.png 597w, https:\/\/static.coral.org\/uploads\/2021\/07\/Honduras-Coast-1152x1536.png 1152w, https:\/\/static.coral.org\/uploads\/2021\/07\/Honduras-Coast.png 1200w\" sizes=\"auto, (max-width: 768px) 100vw, 768px\" \/><\/figure><div class=\"wp-block-media-text__content\">\n<h3 class=\"wp-block-heading has-white-color has-text-color\">Haz o\u00edr tu voz<\/h3>\n\n\n\n<p class=\"has-white-color has-text-color has-normal-font-size\">Los arrecifes de coral se enfrentan a numerosas amenazas, desde el cambio clim\u00e1tico hasta la contaminaci\u00f3n. Con el Consejo CORAL, dispones de una plataforma para expresar tus preocupaciones, ideas y soluciones. Juntos podemos abogar por pol\u00edticas, pr\u00e1cticas e iniciativas que protejan estos preciosos ecosistemas para las generaciones venideras.  <\/p>\n\n\n\n<blockquote class=\"wp-block-quote is-layout-flow wp-block-quote-is-layout-flow\"><\/blockquote>\n<\/div><\/div>\n\n<blockquote class=\"wp-block-quote is-layout-flow wp-block-quote-is-layout-flow\">\n<p><\/p>\n<\/blockquote>\n\n<div style=\"height:42px\" aria-hidden=\"true\" class=\"wp-block-spacer is-style-large\"><\/div>\n\n<div class=\"wp-block-columns is-layout-flex wp-container-core-columns-is-layout-9d6595d7 wp-block-columns-is-layout-flex\">\n<div class=\"wp-block-column is-vertically-aligned-center is-layout-flow wp-block-column-is-layout-flow\">\n<h2 class=\"wp-block-heading\">\u00bfPreparado para formar parte de algo m\u00e1s grande? Ponte en contacto <\/h2>\n\n\n\n<p class=\"has-medium-font-size\">Si te apasiona la protecci\u00f3n de los arrecifes de coral y quieres tener un impacto significativo, nos encantar\u00eda que formaras parte del Consejo CORAL. Actualmente tenemos 23 miembros activos en el consejo y planeamos ampliar el grupo hasta 30. Env\u00edanos un correo electr\u00f3nico y en breve te daremos todos los detalles sobre c\u00f3mo puedes participar.  <\/p>\n\n\n\n<p class=\"has-medium-font-size\">Juntos podemos asegurar un futuro m\u00e1s brillante y saludable para nuestros oc\u00e9anos y las innumerables especies que dependen de los arrecifes de coral.<\/p>\n\n\n\n<p class=\"has-blue-color has-text-color has-link-color has-medium-font-size wp-elements-2f00a15bbfd4ee04dc102de80ae10e58\">\u00bfTe interesa unirte? Env\u00eda un correo electr\u00f3nico a Mandy a <strong>mnorman@coral.org<\/strong>. <\/p>\n<\/div>\n\n\n\n<div class=\"wp-block-column is-layout-flow wp-block-column-is-layout-flow\" style=\"flex-basis:41.666%\">\n<figure class=\"wp-block-image alignright size-full is-style-rounded\"><img loading=\"lazy\" decoding=\"async\" width=\"1330\" height=\"1276\" src=\"https:\/\/coral.org\/wp-content\/uploads\/2024\/08\/Screen-Shot-2024-08-28-at-4.36.20-PM.png\" alt=\"\" class=\"wp-image-7876\" srcset=\"https:\/\/static.coral.org\/uploads\/2024\/08\/Screen-Shot-2024-08-28-at-4.36.20-PM.png 1330w, https:\/\/static.coral.org\/uploads\/2024\/08\/Screen-Shot-2024-08-28-at-4.36.20-PM-796x764.png 796w, https:\/\/static.coral.org\/uploads\/2024\/08\/Screen-Shot-2024-08-28-at-4.36.20-PM-1024x982.png 1024w, https:\/\/static.coral.org\/uploads\/2024\/08\/Screen-Shot-2024-08-28-at-4.36.20-PM-768x737.png 768w\" sizes=\"auto, (max-width: 1330px) 100vw, 1330px\" \/><\/figure>\n<\/div>\n<\/div>\n\n<div style=\"height:61px\" aria-hidden=\"true\" class=\"wp-block-spacer is-style-large\"><\/div>\n\n<blockquote class=\"wp-block-quote has-large-font-size is-layout-flow wp-block-quote-is-layout-flow\">\n<p>Es una oportunidad para participar en una organizaci\u00f3n internacional con un enfoque integral y basado en alianzas. Podr\u00e1s compartir ideas, aprender y tener un impacto real. <\/p>\n<cite>Bradley Mart, Miembro del Consejo de CORAL<\/cite><\/blockquote>\n\n<div style=\"height:61px\" aria-hidden=\"true\" class=\"wp-block-spacer is-style-large\"><\/div>\n\n<blockquote class=\"wp-block-quote is-layout-flow wp-block-quote-is-layout-flow\">\n<p><\/p>\n<\/blockquote>\n\n<div style=\"height:212px\" aria-hidden=\"true\" class=\"wp-block-spacer is-style-large\"><\/div>\n","protected":false},"excerpt":{"rendered":"<p>Tu voz, Tu arrecife, Tu impacto Se necesita un oc\u00e9ano de apoyo para salvar los arrecifes de coral. El Consejo CORAL es m\u00e1s que un grupo: es una comunidad apasionada de individuos dedicados a ayudar a preservar y proteger estos ecosistemas vitales. Cada miembro del Consejo est\u00e1 directamente relacionado con el futuro de los arrecifes&hellip; <a href=\"https:\/\/coral.org\/es\/el-consejo-coral\/\" class=\"more-link\">Sigue Leyendo &#8594;<\/a><\/p>\n","protected":false},"author":8,"featured_media":3929,"parent":0,"menu_order":0,"comment_status":"closed","ping_status":"closed","template":"","meta":{"_acf_changed":false,"inline_featured_image":false,"_genesis_hide_title":false,"_genesis_hide_breadcrumbs":false,"_genesis_hide_singular_image":false,"_genesis_hide_footer_widgets":false,"_genesis_custom_body_class":"no-footer-gap","_genesis_custom_post_class":"","_genesis_layout":"","_genesis_transparent_header":false,"_genesis_hide_siblings_nav":false,"_genesis_hide_flyout":false,"_genesis_subtitle":"","_genesis_subheading":"","footnotes":""},"class_list":{"0":"post-7953","1":"page","2":"type-page","3":"status-publish","4":"has-post-thumbnail","6":"entry"},"acf":[],"template_part":"","featured_image_src":"https:\/\/static.coral.org\/uploads\/2021\/09\/coral-reef-alliance-placeholder-600x400.png","featured_image_src_square":"https:\/\/static.coral.org\/uploads\/2021\/09\/coral-reef-alliance-placeholder-600x600.png","_links":{"self":[{"href":"https:\/\/coral.org\/es\/wp-json\/wp\/v2\/pages\/7953","targetHints":{"allow":["GET"]}}],"collection":[{"href":"https:\/\/coral.org\/es\/wp-json\/wp\/v2\/pages"}],"about":[{"href":"https:\/\/coral.org\/es\/wp-json\/wp\/v2\/types\/page"}],"author":[{"embeddable":true,"href":"https:\/\/coral.org\/es\/wp-json\/wp\/v2\/users\/8"}],"replies":[{"embeddable":true,"href":"https:\/\/coral.org\/es\/wp-json\/wp\/v2\/comments?post=7953"}],"version-history":[{"count":0,"href":"https:\/\/coral.org\/es\/wp-json\/wp\/v2\/pages\/7953\/revisions"}],"wp:featuredmedia":[{"embeddable":true,"href":"https:\/\/coral.org\/es\/wp-json\/wp\/v2\/media\/3929"}],"wp:attachment":[{"href":"https:\/\/coral.org\/es\/wp-json\/wp\/v2\/media?parent=7953"}],"curies":[{"name":"wp","href":"https:\/\/api.w.org\/{rel}","templated":true}]}}