{"id":7963,"date":"2024-10-23T14:17:32","date_gmt":"2024-10-23T21:17:32","guid":{"rendered":"https:\/\/coral.org\/kit-de-herramientas-agua-limpia-para-los-arrecifes\/"},"modified":"2024-10-23T14:17:32","modified_gmt":"2024-10-23T21:17:32","slug":"kit-de-herramientas-agua-limpia-para-los-arrecifes","status":"publish","type":"page","link":"https:\/\/coral.org\/es\/kit-de-herramientas-agua-limpia-para-los-arrecifes\/","title":{"rendered":"Kit de Herramientas Agua Limpia para los Arrecifes"},"content":{"rendered":"\n<h2 class=\"wp-block-heading\">Introducci\u00f3n de la Directora de Ciencias de la Conservaci\u00f3n de CORAL<\/h2>\n\n<figure class=\"wp-block-image alignright size-full is-resized is-style-rounded\"><img loading=\"lazy\" decoding=\"async\" width=\"2048\" height=\"2048\" src=\"https:\/\/coral.org\/wp-content\/uploads\/2021\/08\/Jenny-Myton-CORAL-Conservation-Programs-Director.jpg\" alt=\"\" class=\"wp-image-7405\" style=\"width:269px;height:269px\" srcset=\"https:\/\/static.coral.org\/uploads\/2021\/08\/Jenny-Myton-CORAL-Conservation-Programs-Director.jpg 2048w, https:\/\/static.coral.org\/uploads\/2021\/08\/Jenny-Myton-CORAL-Conservation-Programs-Director-796x796.jpg 796w, https:\/\/static.coral.org\/uploads\/2021\/08\/Jenny-Myton-CORAL-Conservation-Programs-Director-1024x1024.jpg 1024w, https:\/\/static.coral.org\/uploads\/2021\/08\/Jenny-Myton-CORAL-Conservation-Programs-Director-500x500.jpg 500w, https:\/\/static.coral.org\/uploads\/2021\/08\/Jenny-Myton-CORAL-Conservation-Programs-Director-768x768.jpg 768w, https:\/\/static.coral.org\/uploads\/2021\/08\/Jenny-Myton-CORAL-Conservation-Programs-Director-1536x1536.jpg 1536w, https:\/\/static.coral.org\/uploads\/2021\/08\/Jenny-Myton-CORAL-Conservation-Programs-Director-600x600.jpg 600w\" sizes=\"auto, (max-width: 2048px) 100vw, 2048px\" \/><\/figure>\n\n<p>\u00a1Hola!<\/p>\n\n<p>Estoy encantada de presentarles nuestro kit de herramientas Agua limpia para los arrecifes, un recurso integral dise\u00f1ado para capacitar a las personas y las comunidades en la misi\u00f3n cr\u00edtica de proteger los arrecifes de coral de nuestro planeta. Como Directora Cient\u00edfica de Conservaci\u00f3n de CORAL, <strong>tengo el privilegio y la responsabilidad de compartir con ustedes los conocimientos, las herramientas y las estrategias necesarias para reducir una de las mayores amenazas a las que se enfrentan los arrecifes hoy en d\u00eda: las aguas residuales no tratadas.<\/strong> <\/p>\n\n<p>Los arrecifes de coral son ejes vitales de biodiversidad, ya que albergan una cuarta parte de todas las especies marinas a pesar de ocupar menos del 1% del fondo oce\u00e1nico. Tambi\u00e9n sirven de sustento a las comunidades costeras que dependen del turismo y la pesca. Sin embargo, se enfrentan a amenazas sin precedentes derivadas del cambio clim\u00e1tico, la sobrepesca y la contaminaci\u00f3n, siendo las aguas residuales no tratadas uno de los retos m\u00e1s peligrosos.  <\/p>\n\n<p>Mediante este kit de herramientas, arrojamos luz sobre los efectos perjudiciales de la contaminaci\u00f3n por aguas residuales no tratadas en los arrecifes de coral e inspiramos la acci\u00f3n a todos los niveles. Desde la comprensi\u00f3n de las fuentes y las repercusiones de la contaminaci\u00f3n por aguas residuales hasta la aplicaci\u00f3n de soluciones pr\u00e1cticas, <strong>nuestro kit de herramientas ofrece una hoja de ruta para que los individuos, las comunidades y los formuladores de pol\u00edticas se conviertan en guardianes de nuestros oc\u00e9anos.<\/strong> <\/p>\n\n<p>En el centro de nuestros esfuerzos se encuentra una profunda apreciaci\u00f3n de la interconexi\u00f3n de toda la vida en la Tierra. Abordando las causas profundas de la contaminaci\u00f3n de las aguas residuales y abogando por pr\u00e1cticas sostenibles, podemos actuar para proteger los arrecifes de coral y la salud y el bienestar de innumerables especies marinas y de las comunidades que dependen de ellas. <\/p>\n\n<p>Les invito a que exploren los recursos de este kit de herramientas, se comprometan con la gu\u00eda de nuestros expertos y se unan a nosotros en el esfuerzo colectivo por preservar y restaurar los arrecifes de coral de nuestro planeta. <strong>Juntos podemos lograr que las cosas cambien: una gota de agua limpia cada vez.<\/strong><\/p>\n\n<p>Con gratitud y resoluci\u00f3n,<\/p>\n\n<p>Jenny Myton<br\/>Directora del Programa de Conservaci\u00f3n<br\/>Alianza para los Arrecifes de Coral<\/p>\n\n<p><\/p>\n\n<h3 class=\"wp-block-heading\"><strong><a href=\"https:\/\/coral.org\/es\/que-hacemos\/compromiso-local\/agua-limpia-para-los-arrecifes\/panorama-del-agua-limpia-para-los-arrecifes\/\">Contin\u00faa leyendo con una visi\u00f3n general de agua limpia para los arrecifes &gt;<\/a><\/strong><\/h3>\n\n<div style=\"height:100px\" aria-hidden=\"true\" class=\"wp-block-spacer is-style-large\"><\/div>\n","protected":false},"excerpt":{"rendered":"<p>Introducci\u00f3n de la Directora de Ciencias de la Conservaci\u00f3n de CORAL \u00a1Hola! Estoy encantada de presentarles nuestro kit de herramientas Agua limpia para los arrecifes, un recurso integral dise\u00f1ado para capacitar a las personas y las comunidades en la misi\u00f3n cr\u00edtica de proteger los arrecifes de coral de nuestro planeta. Como Directora Cient\u00edfica de Conservaci\u00f3n&hellip; <a href=\"https:\/\/coral.org\/es\/kit-de-herramientas-agua-limpia-para-los-arrecifes\/\" class=\"more-link\">Sigue Leyendo &#8594;<\/a><\/p>\n","protected":false},"author":8,"featured_media":3929,"parent":0,"menu_order":0,"comment_status":"closed","ping_status":"closed","template":"","meta":{"_acf_changed":false,"inline_featured_image":false,"_genesis_hide_title":false,"_genesis_hide_breadcrumbs":false,"_genesis_hide_singular_image":false,"_genesis_hide_footer_widgets":false,"_genesis_custom_body_class":"","_genesis_custom_post_class":"","_genesis_layout":"sidebar-content","_genesis_transparent_header":false,"_genesis_hide_siblings_nav":false,"_genesis_hide_flyout":false,"_genesis_subtitle":"","_genesis_subheading":"","footnotes":""},"class_list":{"0":"post-7963","1":"page","2":"type-page","3":"status-publish","4":"has-post-thumbnail","6":"entry"},"acf":[],"template_part":"","featured_image_src":"https:\/\/static.coral.org\/uploads\/2021\/09\/coral-reef-alliance-placeholder-600x400.png","featured_image_src_square":"https:\/\/static.coral.org\/uploads\/2021\/09\/coral-reef-alliance-placeholder-600x600.png","_links":{"self":[{"href":"https:\/\/coral.org\/es\/wp-json\/wp\/v2\/pages\/7963","targetHints":{"allow":["GET"]}}],"collection":[{"href":"https:\/\/coral.org\/es\/wp-json\/wp\/v2\/pages"}],"about":[{"href":"https:\/\/coral.org\/es\/wp-json\/wp\/v2\/types\/page"}],"author":[{"embeddable":true,"href":"https:\/\/coral.org\/es\/wp-json\/wp\/v2\/users\/8"}],"replies":[{"embeddable":true,"href":"https:\/\/coral.org\/es\/wp-json\/wp\/v2\/comments?post=7963"}],"version-history":[{"count":0,"href":"https:\/\/coral.org\/es\/wp-json\/wp\/v2\/pages\/7963\/revisions"}],"wp:featuredmedia":[{"embeddable":true,"href":"https:\/\/coral.org\/es\/wp-json\/wp\/v2\/media\/3929"}],"wp:attachment":[{"href":"https:\/\/coral.org\/es\/wp-json\/wp\/v2\/media?parent=7963"}],"curies":[{"name":"wp","href":"https:\/\/api.w.org\/{rel}","templated":true}]}}